{"id":17,"date":"2024-05-21T16:33:35","date_gmt":"2024-05-21T13:33:35","guid":{"rendered":"https:\/\/jugar-aviator.co\/?page_id=17"},"modified":"2024-06-16T04:57:39","modified_gmt":"2024-06-16T01:57:39","slug":"predicting-the-outcome-of-aviator","status":"publish","type":"page","link":"https:\/\/jugar-aviator.co\/de\/predicting-the-outcome-of-aviator\/","title":{"rendered":"Vorhersage des Ergebnisses von Aviator"},"content":{"rendered":"<p><span style=\"font-weight: 400;\">Das Spiel Aviator von Spribe hat aufgrund seiner Dynamik und Einfachheit an Beliebtheit gewonnen. Die Spieler versuchen, den besten Koeffizienten vorherzusagen, um die Gewinne zu maximieren. Das Vorhersagen des Ausgangs einer Runde in Aviator ist jedoch nicht einfach, da das Spiel auf Zufall und einem Zufallszahlengenerator basiert. Trotzdem nutzen erfahrene Spieler verschiedene Methoden und Strategien, um ihre Erfolgschancen zu erh\u00f6hen. Schauen wir uns 5 Wege an, die helfen k\u00f6nnen, den Ausgang einer Runde in Aviator vorherzusagen.<\/span><\/p>\n<ol>\n<li>\n<h2><b>Analyse fr\u00fcherer Runden<\/b><\/h2>\n<\/li>\n<\/ol>\n<p><span style=\"font-weight: 400;\">Eine M\u00f6glichkeit, den Ausgang einer Runde vorherzusagen, besteht darin, fr\u00fchere Spiele zu analysieren. Spieler k\u00f6nnen Statistiken der Koeffizienten f\u00fchren und versuchen, Muster zu erkennen. Wenn die Koeffizienten in den letzten Runden niedrig waren, k\u00f6nnte bald ein hoher Koeffizient erscheinen. Es ist jedoch wichtig zu bedenken, dass das Spiel zuf\u00e4llig ist und fr\u00fchere Ergebnisse keinen zuk\u00fcnftigen Erfolg garantieren.<\/span><br \/>\n<b>Beispiel:<\/b><\/p>\n<ul>\n<li style=\"font-weight: 400;\" aria-level=\"1\"><span style=\"font-weight: 400;\">F\u00fchren Sie Aufzeichnungen \u00fcber die Koeffizienten der letzten 50 Runden.<\/span><\/li>\n<li style=\"font-weight: 400;\" aria-level=\"1\"><span style=\"font-weight: 400;\">Bestimmen Sie, ob es Perioden gab, in denen die Koeffizienten h\u00f6her oder niedriger als der Durchschnitt waren.<\/span><\/li>\n<li style=\"font-weight: 400;\" aria-level=\"1\"><span style=\"font-weight: 400;\">Verwenden Sie diese Daten, um Entscheidungen in den folgenden Runden zu treffen.<\/span><\/li>\n<\/ul>\n<ol start=\"2\">\n<li>\n<h2><b>Verwendung mathematischer Modelle<\/b><\/h2>\n<\/li>\n<\/ol>\n<p><span style=\"font-weight: 400;\">Einige Spieler wenden mathematische Modelle und statistische Methoden an, um Spielergebnisse zu analysieren. Dazu geh\u00f6ren Wahrscheinlichkeitsberechnungen, mathematische Analysen und Wahrscheinlichkeitstheorie. Diese Modelle helfen, eine Wettstrategie zu entwickeln, die auf lange Sicht erfolgreicher sein kann.<\/span><br \/>\n<b>Beispiel:<\/b><\/p>\n<ul>\n<li style=\"font-weight: 400;\" aria-level=\"1\"><span style=\"font-weight: 400;\">Entwickeln Sie ein Modell basierend auf der Wahrscheinlichkeitstheorie, das die H\u00e4ufigkeit von hohen und niedrigen Koeffizienten ber\u00fccksichtigt.<\/span><\/li>\n<li style=\"font-weight: 400;\" aria-level=\"1\"><span style=\"font-weight: 400;\">Wenden Sie dieses Modell auf reale Spiele an, um optimale Momente zum Stoppen zu bestimmen.<\/span><\/li>\n<\/ul>\n<ol start=\"3\">\n<li>\n<h2><b>Lesen von Verhaltensmustern<\/b><\/h2>\n<\/li>\n<\/ol>\n<p><span style=\"font-weight: 400;\">Erfahrene Spieler behaupten, dass sie Ergebnisse basierend auf den Verhaltensmustern des Spiels vorhersagen k\u00f6nnen. Dies umfasst die Analyse der Zeitintervalle zwischen hohen Koeffizienten und das Einfangen der &#8222;Stimmung&#8220; des Spiels. W\u00e4hrend diese Methode nicht wissenschaftlich ist, finden einige Spieler sie n\u00fctzlich.<\/span><br \/>\n<b>Beispiel:<\/b><\/p>\n<ul>\n<li style=\"font-weight: 400;\" aria-level=\"1\"><span style=\"font-weight: 400;\">Beobachten Sie das Spiel mehrere Stunden lang, um wiederkehrende Muster zu erkennen.<\/span><\/li>\n<li style=\"font-weight: 400;\" aria-level=\"1\"><span style=\"font-weight: 400;\">Basiert Ihre zuk\u00fcnftigen Entscheidungen auf diesen Beobachtungen.<\/span><\/li>\n<\/ul>\n<ol start=\"4\">\n<li>\n<h2><b>Verwendung von Software<\/b><\/h2>\n<\/li>\n<\/ol>\n<p><span style=\"font-weight: 400;\">Es gibt spezielle Programme und Bots, die helfen, Spielergebnisse zu analysieren und Wetten zu platzieren. Diese Programme verwenden Algorithmen zur Analyse von Daten und k\u00f6nnen Wettempfehlungen geben. Es ist jedoch wichtig zu bedenken, dass die Verwendung solcher Programme von den Regeln des Casinos verboten sein kann und ihre Verwendung mit der Website-Verwaltung abgestimmt werden sollte.<\/span><br \/>\n<b>Beispiel:<\/b><\/p>\n<ul>\n<li style=\"font-weight: 400;\" aria-level=\"1\"><span style=\"font-weight: 400;\">Installieren und konfigurieren Sie das Programm zur Analyse von Koeffizienten.<\/span><\/li>\n<li style=\"font-weight: 400;\" aria-level=\"1\"><span style=\"font-weight: 400;\">Folgen Sie den Empfehlungen des Programms, seien Sie jedoch immer bereit, eigene Entscheidungen zu treffen.<\/span><\/li>\n<\/ul>\n<ol start=\"5\">\n<li>\n<h2><b>Intuition und Erfahrung<\/b><\/h2>\n<\/li>\n<\/ol>\n<p><span style=\"font-weight: 400;\">Intuition spielt eine wichtige Rolle im Aviator-Spiel. Erfahrene Spieler verlassen sich oft auf ihre Intuition und die im Laufe der Zeit gesammelten Erfahrungen. Mit der Zeit k\u00f6nnen Spieler besser verstehen, wann sie stoppen und ihre Gewinne einstreichen sollten, basierend auf ihren Gef\u00fchlen und intuitiven Vermutungen.<\/span><br \/>\n<b>Beispiel:<\/b><\/p>\n<ul>\n<li style=\"font-weight: 400;\" aria-level=\"1\"><span style=\"font-weight: 400;\">Spielen Sie regelm\u00e4\u00dfig und analysieren Sie Ihre Erfolge und Misserfolge.<\/span><\/li>\n<li style=\"font-weight: 400;\" aria-level=\"1\"><span style=\"font-weight: 400;\">Vertrauen Sie Ihrer Intuition, besonders wenn sie durch Erfahrung und Beobachtungen gest\u00fctzt wird.<\/span><\/li>\n<\/ul>\n<p><span style=\"font-weight: 400;\">Obwohl es unm\u00f6glich ist, den Ausgang einer Runde in Aviator genau vorherzusagen, k\u00f6nnen verschiedene Methoden und Strategien helfen, Ihre Erfolgschancen zu erh\u00f6hen. Die Analyse fr\u00fcherer Runden, mathematische Modelle, das Lesen von Verhaltensmustern, die Verwendung von Software und das Vertrauen in Ihre Intuition \u2013 all diese Methoden k\u00f6nnen Teil Ihrer Spielstrategie werden. Es ist wichtig zu bedenken, dass Aviator ein Gl\u00fccksspiel ist und das Hauptziel darin bestehen sollte, den Spielprozess zu genie\u00dfen.<\/span><\/p>\n","protected":false},"excerpt":{"rendered":"<p>Das Spiel Aviator von Spribe hat aufgrund seiner Dynamik und Einfachheit an Beliebtheit gewonnen. Die Spieler versuchen, den besten Koeffizienten vorherzusagen, um die Gewinne zu maximieren. Das Vorhersagen des Ausgangs einer Runde in Aviator ist jedoch nicht einfach, da das Spiel auf Zufall und einem Zufallszahlengenerator basiert. Trotzdem nutzen erfahrene Spieler verschiedene Methoden und Strategien,&#8230;<\/p>\n","protected":false},"author":1,"featured_media":0,"parent":0,"menu_order":0,"comment_status":"closed","ping_status":"closed","template":"","meta":{"footnotes":""},"class_list":["post-17","page","type-page","status-publish","hentry"],"yoast_head":"<!-- This site is optimized with the Yoast SEO plugin v27.2 - https:\/\/yoast.com\/product\/yoast-seo-wordpress\/ -->\n<title>\u041f\u0440\u0435\u0434\u0441\u043a\u0430\u0437\u0430\u0442\u044c \u0440\u0435\u0437\u0443\u043b\u044c\u0442\u0430\u0442 \u0440\u0430\u0443\u043d\u0434\u043e\u0432 \u043a\u0440\u0430\u0448 \u0438\u0433\u0440\u044b \u0410\u0432\u0438\u0430\u0442\u043e\u0440<\/title>\n<meta name=\"description\" content=\"Wie man die Ergebnisse von Aviator vorhersagt. Alle Methoden zur Vorhersage des Aviator-Spiels. Platzieren von Wetten basierend auf Vorhersagen im Aviator-Spiel.\" \/>\n<meta name=\"robots\" content=\"index, follow, max-snippet:-1, max-image-preview:large, max-video-preview:-1\" \/>\n<link rel=\"canonical\" href=\"https:\/\/jugar-aviator.co\/de\/predicting-the-outcome-of-aviator\/\" \/>\n<meta property=\"og:locale\" content=\"de_DE\" \/>\n<meta property=\"og:locale:alternate\" content=\"ru_RU\" \/>\n<meta property=\"og:locale:alternate\" content=\"en_US\" \/>\n<meta property=\"og:locale:alternate\" content=\"pt_PT\" \/>\n<meta property=\"og:locale:alternate\" content=\"es_ES\" \/>\n<meta property=\"og:locale:alternate\" content=\"fr_FR\" \/>\n<meta property=\"og:locale:alternate\" content=\"ro_RO\" \/>\n<meta property=\"og:locale:alternate\" content=\"sr_RS\" \/>\n<meta property=\"og:locale:alternate\" content=\"bg_BG\" \/>\n<meta property=\"og:locale:alternate\" content=\"pl_PL\" \/>\n<meta property=\"og:locale:alternate\" content=\"it_IT\" \/>\n<meta property=\"og:type\" content=\"article\" \/>\n<meta property=\"og:title\" content=\"\u041f\u0440\u0435\u0434\u0441\u043a\u0430\u0437\u0430\u0442\u044c \u0440\u0435\u0437\u0443\u043b\u044c\u0442\u0430\u0442 \u0440\u0430\u0443\u043d\u0434\u043e\u0432 \u043a\u0440\u0430\u0448 \u0438\u0433\u0440\u044b \u0410\u0432\u0438\u0430\u0442\u043e\u0440\" \/>\n<meta property=\"og:description\" content=\"\u041a\u0430\u043a \u043f\u0440\u0435\u0434\u0441\u043a\u0430\u0437\u0430\u0442\u044c \u0440\u0435\u0437\u0443\u043b\u044c\u0442\u0430\u0442\u044b \u0410\u0432\u0438\u0430\u0442\u043e\u0440\u0430. \u0412\u0441\u0435 \u0441\u043f\u043e\u0441\u043e\u0431\u044b \u043f\u0440\u0435\u0434\u0441\u043a\u0430\u0437\u0430\u043d\u0438\u044f \u0438\u0433\u0440\u044b \u0410\u0432\u0438\u0430\u0442\u043e\u0440. \u0414\u0435\u043b\u0430\u0442\u044c \u0441\u0442\u0430\u0432\u043a\u0443 \u0441\u043e\u0433\u043b\u0430\u0441\u043d\u043e \u043f\u0440\u0435\u0434\u0441\u043a\u0430\u0437\u0430\u043d\u0438\u044f\u043c \u0432 \u0438\u0433\u0440\u0435 \u0410\u0432\u0438\u0430\u0442\u043e\u0440.\" \/>\n<meta property=\"og:url\" content=\"https:\/\/jugar-aviator.co\/de\/predicting-the-outcome-of-aviator\/\" \/>\n<meta property=\"og:site_name\" content=\"Aviator\" \/>\n<meta property=\"article:modified_time\" content=\"2024-06-16T01:57:39+00:00\" \/>\n<meta name=\"twitter:card\" content=\"summary_large_image\" \/>\n<meta name=\"twitter:label1\" content=\"Gesch\u00e4tzte Lesezeit\" \/>\n\t<meta name=\"twitter:data1\" content=\"24\u00a0Minuten\" \/>\n<script type=\"application\/ld+json\" class=\"yoast-schema-graph\">{\"@context\":\"https:\/\/schema.org\",\"@graph\":[{\"@type\":\"WebPage\",\"@id\":\"https:\/\/jugar-aviator.co\/predicting-the-outcome-of-aviator\/\",\"url\":\"https:\/\/jugar-aviator.co\/predicting-the-outcome-of-aviator\/\",\"name\":\"\u041f\u0440\u0435\u0434\u0441\u043a\u0430\u0437\u0430\u0442\u044c \u0440\u0435\u0437\u0443\u043b\u044c\u0442\u0430\u0442 \u0440\u0430\u0443\u043d\u0434\u043e\u0432 \u043a\u0440\u0430\u0448 \u0438\u0433\u0440\u044b \u0410\u0432\u0438\u0430\u0442\u043e\u0440\",\"isPartOf\":{\"@id\":\"https:\/\/jugar-aviator.co\/#website\"},\"datePublished\":\"2024-05-21T13:33:35+00:00\",\"dateModified\":\"2024-06-16T01:57:39+00:00\",\"description\":\"\u041a\u0430\u043a \u043f\u0440\u0435\u0434\u0441\u043a\u0430\u0437\u0430\u0442\u044c \u0440\u0435\u0437\u0443\u043b\u044c\u0442\u0430\u0442\u044b \u0410\u0432\u0438\u0430\u0442\u043e\u0440\u0430. \u0412\u0441\u0435 \u0441\u043f\u043e\u0441\u043e\u0431\u044b \u043f\u0440\u0435\u0434\u0441\u043a\u0430\u0437\u0430\u043d\u0438\u044f \u0438\u0433\u0440\u044b \u0410\u0432\u0438\u0430\u0442\u043e\u0440. \u0414\u0435\u043b\u0430\u0442\u044c \u0441\u0442\u0430\u0432\u043a\u0443 \u0441\u043e\u0433\u043b\u0430\u0441\u043d\u043e \u043f\u0440\u0435\u0434\u0441\u043a\u0430\u0437\u0430\u043d\u0438\u044f\u043c \u0432 \u0438\u0433\u0440\u0435 \u0410\u0432\u0438\u0430\u0442\u043e\u0440.\",\"breadcrumb\":{\"@id\":\"https:\/\/jugar-aviator.co\/predicting-the-outcome-of-aviator\/#breadcrumb\"},\"inLanguage\":\"de-DE\",\"potentialAction\":[{\"@type\":\"ReadAction\",\"target\":[\"https:\/\/jugar-aviator.co\/predicting-the-outcome-of-aviator\/\"]}]},{\"@type\":\"BreadcrumbList\",\"@id\":\"https:\/\/jugar-aviator.co\/predicting-the-outcome-of-aviator\/#breadcrumb\",\"itemListElement\":[{\"@type\":\"ListItem\",\"position\":1,\"name\":\"Home\",\"item\":\"https:\/\/jugar-aviator.co\/\"},{\"@type\":\"ListItem\",\"position\":2,\"name\":\"\u041f\u0440\u0435\u0434\u0441\u043a\u0430\u0437\u0430\u0442\u044c \u0440\u0435\u0437\u0443\u043b\u044c\u0442\u0430\u0442 \u0410\u0432\u0438\u0430\u0442\u043e\u0440\u0430\"}]},{\"@type\":\"WebSite\",\"@id\":\"https:\/\/jugar-aviator.co\/#website\",\"url\":\"https:\/\/jugar-aviator.co\/\",\"name\":\"Aviator\",\"description\":\"\",\"publisher\":{\"@id\":\"https:\/\/jugar-aviator.co\/#organization\"},\"potentialAction\":[{\"@type\":\"SearchAction\",\"target\":{\"@type\":\"EntryPoint\",\"urlTemplate\":\"https:\/\/jugar-aviator.co\/?s={search_term_string}\"},\"query-input\":{\"@type\":\"PropertyValueSpecification\",\"valueRequired\":true,\"valueName\":\"search_term_string\"}}],\"inLanguage\":\"de-DE\"},{\"@type\":\"Organization\",\"@id\":\"https:\/\/jugar-aviator.co\/#organization\",\"name\":\"Aviator\",\"url\":\"https:\/\/jugar-aviator.co\/\",\"logo\":{\"@type\":\"ImageObject\",\"inLanguage\":\"de-DE\",\"@id\":\"https:\/\/jugar-aviator.co\/#\/schema\/logo\/image\/\",\"url\":\"https:\/\/jugar-aviator.co\/wp-content\/uploads\/aviator-game.png\",\"contentUrl\":\"https:\/\/jugar-aviator.co\/wp-content\/uploads\/aviator-game.png\",\"width\":310,\"height\":139,\"caption\":\"Aviator\"},\"image\":{\"@id\":\"https:\/\/jugar-aviator.co\/#\/schema\/logo\/image\/\"}}]}<\/script>\n<!-- \/ Yoast SEO plugin. -->","yoast_head_json":{"title":"\u041f\u0440\u0435\u0434\u0441\u043a\u0430\u0437\u0430\u0442\u044c \u0440\u0435\u0437\u0443\u043b\u044c\u0442\u0430\u0442 \u0440\u0430\u0443\u043d\u0434\u043e\u0432 \u043a\u0440\u0430\u0448 \u0438\u0433\u0440\u044b \u0410\u0432\u0438\u0430\u0442\u043e\u0440","description":"Wie man die Ergebnisse von Aviator vorhersagt. Alle Methoden zur Vorhersage des Aviator-Spiels. Platzieren von Wetten basierend auf Vorhersagen im Aviator-Spiel.","robots":{"index":"index","follow":"follow","max-snippet":"max-snippet:-1","max-image-preview":"max-image-preview:large","max-video-preview":"max-video-preview:-1"},"canonical":"https:\/\/jugar-aviator.co\/de\/predicting-the-outcome-of-aviator\/","og_locale":"de_DE","og_type":"article","og_title":"\u041f\u0440\u0435\u0434\u0441\u043a\u0430\u0437\u0430\u0442\u044c \u0440\u0435\u0437\u0443\u043b\u044c\u0442\u0430\u0442 \u0440\u0430\u0443\u043d\u0434\u043e\u0432 \u043a\u0440\u0430\u0448 \u0438\u0433\u0440\u044b \u0410\u0432\u0438\u0430\u0442\u043e\u0440","og_description":"\u041a\u0430\u043a \u043f\u0440\u0435\u0434\u0441\u043a\u0430\u0437\u0430\u0442\u044c \u0440\u0435\u0437\u0443\u043b\u044c\u0442\u0430\u0442\u044b \u0410\u0432\u0438\u0430\u0442\u043e\u0440\u0430. \u0412\u0441\u0435 \u0441\u043f\u043e\u0441\u043e\u0431\u044b \u043f\u0440\u0435\u0434\u0441\u043a\u0430\u0437\u0430\u043d\u0438\u044f \u0438\u0433\u0440\u044b \u0410\u0432\u0438\u0430\u0442\u043e\u0440. \u0414\u0435\u043b\u0430\u0442\u044c \u0441\u0442\u0430\u0432\u043a\u0443 \u0441\u043e\u0433\u043b\u0430\u0441\u043d\u043e \u043f\u0440\u0435\u0434\u0441\u043a\u0430\u0437\u0430\u043d\u0438\u044f\u043c \u0432 \u0438\u0433\u0440\u0435 \u0410\u0432\u0438\u0430\u0442\u043e\u0440.","og_url":"https:\/\/jugar-aviator.co\/de\/predicting-the-outcome-of-aviator\/","og_site_name":"Aviator","article_modified_time":"2024-06-16T01:57:39+00:00","twitter_card":"summary_large_image","twitter_misc":{"Gesch\u00e4tzte Lesezeit":"24\u00a0Minuten"},"schema":{"@context":"https:\/\/schema.org","@graph":[{"@type":"WebPage","@id":"https:\/\/jugar-aviator.co\/predicting-the-outcome-of-aviator\/","url":"https:\/\/jugar-aviator.co\/predicting-the-outcome-of-aviator\/","name":"\u041f\u0440\u0435\u0434\u0441\u043a\u0430\u0437\u0430\u0442\u044c \u0440\u0435\u0437\u0443\u043b\u044c\u0442\u0430\u0442 \u0440\u0430\u0443\u043d\u0434\u043e\u0432 \u043a\u0440\u0430\u0448 \u0438\u0433\u0440\u044b \u0410\u0432\u0438\u0430\u0442\u043e\u0440","isPartOf":{"@id":"https:\/\/jugar-aviator.co\/#website"},"datePublished":"2024-05-21T13:33:35+00:00","dateModified":"2024-06-16T01:57:39+00:00","description":"\u041a\u0430\u043a \u043f\u0440\u0435\u0434\u0441\u043a\u0430\u0437\u0430\u0442\u044c \u0440\u0435\u0437\u0443\u043b\u044c\u0442\u0430\u0442\u044b \u0410\u0432\u0438\u0430\u0442\u043e\u0440\u0430. \u0412\u0441\u0435 \u0441\u043f\u043e\u0441\u043e\u0431\u044b \u043f\u0440\u0435\u0434\u0441\u043a\u0430\u0437\u0430\u043d\u0438\u044f \u0438\u0433\u0440\u044b \u0410\u0432\u0438\u0430\u0442\u043e\u0440. \u0414\u0435\u043b\u0430\u0442\u044c \u0441\u0442\u0430\u0432\u043a\u0443 \u0441\u043e\u0433\u043b\u0430\u0441\u043d\u043e \u043f\u0440\u0435\u0434\u0441\u043a\u0430\u0437\u0430\u043d\u0438\u044f\u043c \u0432 \u0438\u0433\u0440\u0435 \u0410\u0432\u0438\u0430\u0442\u043e\u0440.","breadcrumb":{"@id":"https:\/\/jugar-aviator.co\/predicting-the-outcome-of-aviator\/#breadcrumb"},"inLanguage":"de-DE","potentialAction":[{"@type":"ReadAction","target":["https:\/\/jugar-aviator.co\/predicting-the-outcome-of-aviator\/"]}]},{"@type":"BreadcrumbList","@id":"https:\/\/jugar-aviator.co\/predicting-the-outcome-of-aviator\/#breadcrumb","itemListElement":[{"@type":"ListItem","position":1,"name":"Home","item":"https:\/\/jugar-aviator.co\/"},{"@type":"ListItem","position":2,"name":"\u041f\u0440\u0435\u0434\u0441\u043a\u0430\u0437\u0430\u0442\u044c \u0440\u0435\u0437\u0443\u043b\u044c\u0442\u0430\u0442 \u0410\u0432\u0438\u0430\u0442\u043e\u0440\u0430"}]},{"@type":"WebSite","@id":"https:\/\/jugar-aviator.co\/#website","url":"https:\/\/jugar-aviator.co\/","name":"Aviator","description":"","publisher":{"@id":"https:\/\/jugar-aviator.co\/#organization"},"potentialAction":[{"@type":"SearchAction","target":{"@type":"EntryPoint","urlTemplate":"https:\/\/jugar-aviator.co\/?s={search_term_string}"},"query-input":{"@type":"PropertyValueSpecification","valueRequired":true,"valueName":"search_term_string"}}],"inLanguage":"de-DE"},{"@type":"Organization","@id":"https:\/\/jugar-aviator.co\/#organization","name":"Aviator","url":"https:\/\/jugar-aviator.co\/","logo":{"@type":"ImageObject","inLanguage":"de-DE","@id":"https:\/\/jugar-aviator.co\/#\/schema\/logo\/image\/","url":"https:\/\/jugar-aviator.co\/wp-content\/uploads\/aviator-game.png","contentUrl":"https:\/\/jugar-aviator.co\/wp-content\/uploads\/aviator-game.png","width":310,"height":139,"caption":"Aviator"},"image":{"@id":"https:\/\/jugar-aviator.co\/#\/schema\/logo\/image\/"}}]}},"_links":{"self":[{"href":"https:\/\/jugar-aviator.co\/de\/wp-json\/wp\/v2\/pages\/17","targetHints":{"allow":["GET"]}}],"collection":[{"href":"https:\/\/jugar-aviator.co\/de\/wp-json\/wp\/v2\/pages"}],"about":[{"href":"https:\/\/jugar-aviator.co\/de\/wp-json\/wp\/v2\/types\/page"}],"author":[{"embeddable":true,"href":"https:\/\/jugar-aviator.co\/de\/wp-json\/wp\/v2\/users\/1"}],"replies":[{"embeddable":true,"href":"https:\/\/jugar-aviator.co\/de\/wp-json\/wp\/v2\/comments?post=17"}],"version-history":[{"count":22,"href":"https:\/\/jugar-aviator.co\/de\/wp-json\/wp\/v2\/pages\/17\/revisions"}],"predecessor-version":[{"id":225,"href":"https:\/\/jugar-aviator.co\/de\/wp-json\/wp\/v2\/pages\/17\/revisions\/225"}],"wp:attachment":[{"href":"https:\/\/jugar-aviator.co\/de\/wp-json\/wp\/v2\/media?parent=17"}],"curies":[{"name":"wp","href":"https:\/\/api.w.org\/{rel}","templated":true}]}}