{"id":19,"date":"2024-05-21T16:34:26","date_gmt":"2024-05-21T13:34:26","guid":{"rendered":"https:\/\/jugar-aviator.co\/?page_id=19"},"modified":"2024-06-16T04:49:23","modified_gmt":"2024-06-16T01:49:23","slug":"real-players-reviews-of-aviator-game","status":"publish","type":"page","link":"https:\/\/jugar-aviator.co\/de\/real-players-reviews-of-aviator-game\/","title":{"rendered":"Echte Spielerbewertungen zum Aviator-Spiel"},"content":{"rendered":"<ol>\n<li><b>Andres, 30 Jahre alt<\/b><\/li>\n<\/ol>\n<p><b>Bewertung:<\/b><span style=\"font-weight: 400;\"> &#8222;Aviator ist ein erstaunliches Spiel! Einfach, aber sehr fesselnd. Ich habe es geschafft, \u00fcber ein paar Monate hinweg mehrere bedeutende Betr\u00e4ge zu gewinnen. Sehr empfehlenswert!&#8220;<\/span><\/p>\n<ol start=\"2\">\n<li><b>Maria, 25 Jahre alt<\/b><\/li>\n<\/ol>\n<p><b>Bewertung:<\/b><span style=\"font-weight: 400;\"> &#8222;Ich spiele Aviator fast jeden Tag. Es ist eine gro\u00dfartige M\u00f6glichkeit, Zeit zu verbringen und ein wenig Geld zu verdienen. Die kostenlose Version hat mir geholfen, mich an das Spiel zu gew\u00f6hnen und meine Strategie zu entwickeln.&#8220;<\/span><\/p>\n<ol start=\"3\">\n<li><b>Carlos, 28 Jahre alt<\/b><\/li>\n<\/ol>\n<p><b>Bewertung:<\/b><span style=\"font-weight: 400;\"> &#8222;Das Spiel Aviator zieht durch seine Dynamik und Einfachheit an. Das Raten, wann man das Flugzeug stoppen soll, ist eine echte Pr\u00fcfung der Intuition. Dieses Spiel ist zu meiner Lieblingsbesch\u00e4ftigung geworden.&#8220;<\/span><\/p>\n<ol start=\"4\">\n<li><b>Laura, 32 Jahre alt<\/b><\/li>\n<\/ol>\n<p><b>Bewertung:<\/b><span style=\"font-weight: 400;\"> &#8222;Danke an die Entwickler f\u00fcr ein so wunderbares Spiel! Aviator ist nicht nur eine Gelegenheit, Geld zu gewinnen, sondern auch gro\u00dfartige Unterhaltung. Ich spiele besonders gerne auf meinem mobilen Ger\u00e4t.&#8220;<\/span><\/p>\n<ol start=\"5\">\n<li><b>Juan, 27 Jahre alt<\/b><\/li>\n<\/ol>\n<p><b>Bewertung:<\/b><span style=\"font-weight: 400;\"> &#8222;Das Spiel Aviator ist einzigartig in seinem Konzept. Ich liebe den Adrenalinschub, den ich beim Spielen bekomme. Ich bin auch zufrieden mit der Option, kostenlos zu spielen und zu \u00fcben.&#8220;<\/span><\/p>\n<ol start=\"6\">\n<li><b>Sofia, 29 Jahre alt<\/b><\/li>\n<\/ol>\n<p><b>Bewertung:<\/b><span style=\"font-weight: 400;\"> &#8222;Aviator war eine echte Entdeckung f\u00fcr mich. Anfangs war es schwer zu verstehen, wann man aufh\u00f6ren sollte, aber mit der Zeit habe ich meine eigene Strategie entwickelt. Sehr zufrieden mit den Ergebnissen!&#8220;<\/span><\/p>\n<ol start=\"7\">\n<li><b>Daniel, 35 Jahre alt<\/b><\/li>\n<\/ol>\n<p><b>Bewertung:<\/b><span style=\"font-weight: 400;\"> &#8222;Ich spiele Aviator jetzt schon seit mehreren Monaten und kann sagen, dass dieses Spiel wirklich Aufmerksamkeit verdient. Einfache Regeln und die M\u00f6glichkeit zu gewinnen machen es sehr attraktiv.&#8220;<\/span><\/p>\n<ol start=\"8\">\n<li><b>Valentina, 26 Jahre alt<\/b><\/li>\n<\/ol>\n<p><b>Bewertung:<\/b><span style=\"font-weight: 400;\"> &#8222;Aviator ist das perfekte Spiel f\u00fcr diejenigen, die Aufregung und Strategie lieben. Ich verwende oft eine Strategie mit kleinen Eins\u00e4tzen, und sie bringt mir stetige Gewinne. Empfehlenswert!&#8220;<\/span><\/p>\n<ol start=\"9\">\n<li><b>Miguel, 31 Jahre alt<\/b><\/li>\n<\/ol>\n<p><b>Bewertung:<\/b><span style=\"font-weight: 400;\"> &#8222;Das Spiel Aviator ist eine ausgezeichnete Kombination aus Einfachheit und Engagement. Es fesselt und l\u00e4sst einen nicht langweilen. Die Gewinne sind echt, was das Spiel noch interessanter macht.&#8220;<\/span><\/p>\n<ol start=\"10\">\n<li><b>Juliana, 24 Jahre alt<\/b><\/li>\n<\/ol>\n<p><b>Bewertung:<\/b><span style=\"font-weight: 400;\"> &#8222;Ich habe k\u00fcrzlich angefangen, Aviator zu spielen, und mich sofort in dieses Spiel verliebt. Seine Einfachheit und die M\u00f6glichkeit, gro\u00dfe Summen zu gewinnen, sind genau das, was ich brauche. Gro\u00dfartiges Spiel zum Entspannen nach der Arbeit.&#8220;<\/span><\/p>\n","protected":false},"excerpt":{"rendered":"<p>Andres, 30 Jahre alt Bewertung: &#8222;Aviator ist ein erstaunliches Spiel! Einfach, aber sehr fesselnd. Ich habe es geschafft, \u00fcber ein paar Monate hinweg mehrere bedeutende Betr\u00e4ge zu gewinnen. Sehr empfehlenswert!&#8220; Maria, 25 Jahre alt Bewertung: &#8222;Ich spiele Aviator fast jeden Tag. Es ist eine gro\u00dfartige M\u00f6glichkeit, Zeit zu verbringen und ein wenig Geld zu verdienen&#8230;.<\/p>\n","protected":false},"author":1,"featured_media":0,"parent":0,"menu_order":0,"comment_status":"closed","ping_status":"closed","template":"","meta":{"footnotes":""},"class_list":["post-19","page","type-page","status-publish","hentry"],"yoast_head":"<!-- This site is optimized with the Yoast SEO plugin v27.2 - https:\/\/yoast.com\/product\/yoast-seo-wordpress\/ -->\n<title>Rese\u00f1as de jugadores reales sobre el juego Aviator<\/title>\n<meta name=\"description\" content=\"Wir haben die beliebtesten Bewertungen \u00fcber das Spiel Aviator von echten Spielern gesammelt. Unten finden Sie Meinungen und eine Bewertung des Spiels Aviator.\" \/>\n<meta name=\"robots\" content=\"index, follow, max-snippet:-1, max-image-preview:large, max-video-preview:-1\" \/>\n<link rel=\"canonical\" href=\"https:\/\/jugar-aviator.co\/de\/real-players-reviews-of-aviator-game\/\" \/>\n<meta property=\"og:locale\" content=\"de_DE\" \/>\n<meta property=\"og:locale:alternate\" content=\"ru_RU\" \/>\n<meta property=\"og:locale:alternate\" content=\"en_US\" \/>\n<meta property=\"og:locale:alternate\" content=\"pt_PT\" \/>\n<meta property=\"og:locale:alternate\" content=\"es_ES\" \/>\n<meta property=\"og:locale:alternate\" content=\"fr_FR\" \/>\n<meta property=\"og:locale:alternate\" content=\"ro_RO\" \/>\n<meta property=\"og:locale:alternate\" content=\"sr_RS\" \/>\n<meta property=\"og:locale:alternate\" content=\"bg_BG\" \/>\n<meta property=\"og:locale:alternate\" content=\"pl_PL\" \/>\n<meta property=\"og:locale:alternate\" content=\"it_IT\" \/>\n<meta property=\"og:type\" content=\"article\" \/>\n<meta property=\"og:title\" content=\"Rese\u00f1as de jugadores reales sobre el juego Aviator\" \/>\n<meta property=\"og:description\" content=\"Hemos recopilado las rese\u00f1as m\u00e1s populares sobre el juego Aviator de jugadores reales. A continuaci\u00f3n, se presentan opiniones y una rese\u00f1a del juego Aviator.\" \/>\n<meta property=\"og:url\" content=\"https:\/\/jugar-aviator.co\/de\/real-players-reviews-of-aviator-game\/\" \/>\n<meta property=\"og:site_name\" content=\"Aviator\" \/>\n<meta property=\"article:modified_time\" content=\"2024-06-16T01:49:23+00:00\" \/>\n<meta name=\"twitter:card\" content=\"summary_large_image\" \/>\n<meta name=\"twitter:label1\" content=\"Gesch\u00e4tzte Lesezeit\" \/>\n\t<meta name=\"twitter:data1\" content=\"14\u00a0Minuten\" \/>\n<script type=\"application\/ld+json\" class=\"yoast-schema-graph\">{\"@context\":\"https:\/\/schema.org\",\"@graph\":[{\"@type\":\"WebPage\",\"@id\":\"https:\/\/jugar-aviator.co\/es\/real-players-reviews-of-aviator-game\/\",\"url\":\"https:\/\/jugar-aviator.co\/es\/real-players-reviews-of-aviator-game\/\",\"name\":\"Rese\u00f1as de jugadores reales sobre el juego Aviator\",\"isPartOf\":{\"@id\":\"https:\/\/jugar-aviator.co\/#website\"},\"datePublished\":\"2024-05-21T13:34:26+00:00\",\"dateModified\":\"2024-06-16T01:49:23+00:00\",\"description\":\"Hemos recopilado las rese\u00f1as m\u00e1s populares sobre el juego Aviator de jugadores reales. A continuaci\u00f3n, se presentan opiniones y una rese\u00f1a del juego Aviator.\",\"breadcrumb\":{\"@id\":\"https:\/\/jugar-aviator.co\/es\/real-players-reviews-of-aviator-game\/#breadcrumb\"},\"inLanguage\":\"de-DE\",\"potentialAction\":[{\"@type\":\"ReadAction\",\"target\":[\"https:\/\/jugar-aviator.co\/es\/real-players-reviews-of-aviator-game\/\"]}]},{\"@type\":\"BreadcrumbList\",\"@id\":\"https:\/\/jugar-aviator.co\/es\/real-players-reviews-of-aviator-game\/#breadcrumb\",\"itemListElement\":[{\"@type\":\"ListItem\",\"position\":1,\"name\":\"Home\",\"item\":\"https:\/\/jugar-aviator.co\/\"},{\"@type\":\"ListItem\",\"position\":2,\"name\":\"Rese\u00f1as de Jugadores Reales sobre el Juego Aviator\"}]},{\"@type\":\"WebSite\",\"@id\":\"https:\/\/jugar-aviator.co\/#website\",\"url\":\"https:\/\/jugar-aviator.co\/\",\"name\":\"Aviator\",\"description\":\"\",\"publisher\":{\"@id\":\"https:\/\/jugar-aviator.co\/#organization\"},\"potentialAction\":[{\"@type\":\"SearchAction\",\"target\":{\"@type\":\"EntryPoint\",\"urlTemplate\":\"https:\/\/jugar-aviator.co\/?s={search_term_string}\"},\"query-input\":{\"@type\":\"PropertyValueSpecification\",\"valueRequired\":true,\"valueName\":\"search_term_string\"}}],\"inLanguage\":\"de-DE\"},{\"@type\":\"Organization\",\"@id\":\"https:\/\/jugar-aviator.co\/#organization\",\"name\":\"Aviator\",\"url\":\"https:\/\/jugar-aviator.co\/\",\"logo\":{\"@type\":\"ImageObject\",\"inLanguage\":\"de-DE\",\"@id\":\"https:\/\/jugar-aviator.co\/#\/schema\/logo\/image\/\",\"url\":\"https:\/\/jugar-aviator.co\/wp-content\/uploads\/aviator-game.png\",\"contentUrl\":\"https:\/\/jugar-aviator.co\/wp-content\/uploads\/aviator-game.png\",\"width\":310,\"height\":139,\"caption\":\"Aviator\"},\"image\":{\"@id\":\"https:\/\/jugar-aviator.co\/#\/schema\/logo\/image\/\"}}]}<\/script>\n<!-- \/ Yoast SEO plugin. -->","yoast_head_json":{"title":"Rese\u00f1as de jugadores reales sobre el juego Aviator","description":"Wir haben die beliebtesten Bewertungen \u00fcber das Spiel Aviator von echten Spielern gesammelt. Unten finden Sie Meinungen und eine Bewertung des Spiels Aviator.","robots":{"index":"index","follow":"follow","max-snippet":"max-snippet:-1","max-image-preview":"max-image-preview:large","max-video-preview":"max-video-preview:-1"},"canonical":"https:\/\/jugar-aviator.co\/de\/real-players-reviews-of-aviator-game\/","og_locale":"de_DE","og_type":"article","og_title":"Rese\u00f1as de jugadores reales sobre el juego Aviator","og_description":"Hemos recopilado las rese\u00f1as m\u00e1s populares sobre el juego Aviator de jugadores reales. A continuaci\u00f3n, se presentan opiniones y una rese\u00f1a del juego Aviator.","og_url":"https:\/\/jugar-aviator.co\/de\/real-players-reviews-of-aviator-game\/","og_site_name":"Aviator","article_modified_time":"2024-06-16T01:49:23+00:00","twitter_card":"summary_large_image","twitter_misc":{"Gesch\u00e4tzte Lesezeit":"14\u00a0Minuten"},"schema":{"@context":"https:\/\/schema.org","@graph":[{"@type":"WebPage","@id":"https:\/\/jugar-aviator.co\/es\/real-players-reviews-of-aviator-game\/","url":"https:\/\/jugar-aviator.co\/es\/real-players-reviews-of-aviator-game\/","name":"Rese\u00f1as de jugadores reales sobre el juego Aviator","isPartOf":{"@id":"https:\/\/jugar-aviator.co\/#website"},"datePublished":"2024-05-21T13:34:26+00:00","dateModified":"2024-06-16T01:49:23+00:00","description":"Hemos recopilado las rese\u00f1as m\u00e1s populares sobre el juego Aviator de jugadores reales. A continuaci\u00f3n, se presentan opiniones y una rese\u00f1a del juego Aviator.","breadcrumb":{"@id":"https:\/\/jugar-aviator.co\/es\/real-players-reviews-of-aviator-game\/#breadcrumb"},"inLanguage":"de-DE","potentialAction":[{"@type":"ReadAction","target":["https:\/\/jugar-aviator.co\/es\/real-players-reviews-of-aviator-game\/"]}]},{"@type":"BreadcrumbList","@id":"https:\/\/jugar-aviator.co\/es\/real-players-reviews-of-aviator-game\/#breadcrumb","itemListElement":[{"@type":"ListItem","position":1,"name":"Home","item":"https:\/\/jugar-aviator.co\/"},{"@type":"ListItem","position":2,"name":"Rese\u00f1as de Jugadores Reales sobre el Juego Aviator"}]},{"@type":"WebSite","@id":"https:\/\/jugar-aviator.co\/#website","url":"https:\/\/jugar-aviator.co\/","name":"Aviator","description":"","publisher":{"@id":"https:\/\/jugar-aviator.co\/#organization"},"potentialAction":[{"@type":"SearchAction","target":{"@type":"EntryPoint","urlTemplate":"https:\/\/jugar-aviator.co\/?s={search_term_string}"},"query-input":{"@type":"PropertyValueSpecification","valueRequired":true,"valueName":"search_term_string"}}],"inLanguage":"de-DE"},{"@type":"Organization","@id":"https:\/\/jugar-aviator.co\/#organization","name":"Aviator","url":"https:\/\/jugar-aviator.co\/","logo":{"@type":"ImageObject","inLanguage":"de-DE","@id":"https:\/\/jugar-aviator.co\/#\/schema\/logo\/image\/","url":"https:\/\/jugar-aviator.co\/wp-content\/uploads\/aviator-game.png","contentUrl":"https:\/\/jugar-aviator.co\/wp-content\/uploads\/aviator-game.png","width":310,"height":139,"caption":"Aviator"},"image":{"@id":"https:\/\/jugar-aviator.co\/#\/schema\/logo\/image\/"}}]}},"_links":{"self":[{"href":"https:\/\/jugar-aviator.co\/de\/wp-json\/wp\/v2\/pages\/19","targetHints":{"allow":["GET"]}}],"collection":[{"href":"https:\/\/jugar-aviator.co\/de\/wp-json\/wp\/v2\/pages"}],"about":[{"href":"https:\/\/jugar-aviator.co\/de\/wp-json\/wp\/v2\/types\/page"}],"author":[{"embeddable":true,"href":"https:\/\/jugar-aviator.co\/de\/wp-json\/wp\/v2\/users\/1"}],"replies":[{"embeddable":true,"href":"https:\/\/jugar-aviator.co\/de\/wp-json\/wp\/v2\/comments?post=19"}],"version-history":[{"count":21,"href":"https:\/\/jugar-aviator.co\/de\/wp-json\/wp\/v2\/pages\/19\/revisions"}],"predecessor-version":[{"id":223,"href":"https:\/\/jugar-aviator.co\/de\/wp-json\/wp\/v2\/pages\/19\/revisions\/223"}],"wp:attachment":[{"href":"https:\/\/jugar-aviator.co\/de\/wp-json\/wp\/v2\/media?parent=19"}],"curies":[{"name":"wp","href":"https:\/\/api.w.org\/{rel}","templated":true}]}}