{"id":3,"date":"2024-05-21T16:10:39","date_gmt":"2024-05-21T13:10:39","guid":{"rendered":"https:\/\/jugar-aviator.co\/?page_id=3"},"modified":"2024-06-16T04:52:19","modified_gmt":"2024-06-16T01:52:19","slug":"privacy-policy","status":"publish","type":"page","link":"https:\/\/jugar-aviator.co\/de\/privacy-policy\/","title":{"rendered":"Datenschutzrichtlinie"},"content":{"rendered":"<ol>\n<li><b>Einleitung<\/b><\/li>\n<\/ol>\n<p><span style=\"font-weight: 400;\">Willkommen auf unserer Webseite, die dem Spiel Aviator gewidmet ist. Wir respektieren Ihre Privatsph\u00e4re und sind bestrebt, Ihre pers\u00f6nlichen Informationen zu sch\u00fctzen. Diese Datenschutzrichtlinie erkl\u00e4rt, welche Daten wir sammeln, wie wir sie verwenden und wie wir deren Sicherheit gew\u00e4hrleisten.<\/span><\/p>\n<ol start=\"2\">\n<li><b>Datensammlung<\/b><\/li>\n<\/ol>\n<p><b>Pers\u00f6nliche Informationen<\/b><\/p>\n<p><span style=\"font-weight: 400;\">Wir k\u00f6nnen die folgenden pers\u00f6nlichen Informationen sammeln:<\/span><\/p>\n<ul>\n<li style=\"font-weight: 400;\" aria-level=\"1\"><span style=\"font-weight: 400;\">Name und Nachname<\/span><\/li>\n<li style=\"font-weight: 400;\" aria-level=\"1\"><span style=\"font-weight: 400;\">E-Mail-Adresse<\/span><\/li>\n<li style=\"font-weight: 400;\" aria-level=\"1\"><span style=\"font-weight: 400;\">Telefonnummer<\/span><\/li>\n<li style=\"font-weight: 400;\" aria-level=\"1\"><span style=\"font-weight: 400;\">Andere Kontaktdetails, die Sie angeben<\/span><\/li>\n<\/ul>\n<p><b>Nicht-pers\u00f6nliche Informationen<\/b><\/p>\n<p><span style=\"font-weight: 400;\">Wir k\u00f6nnen auch nicht-pers\u00f6nliche Informationen sammeln wie:<\/span><\/p>\n<ul>\n<li style=\"font-weight: 400;\" aria-level=\"1\"><span style=\"font-weight: 400;\">Browser-Typ<\/span><\/li>\n<li style=\"font-weight: 400;\" aria-level=\"1\"><span style=\"font-weight: 400;\">Browser-Sprache<\/span><\/li>\n<li style=\"font-weight: 400;\" aria-level=\"1\"><span style=\"font-weight: 400;\">Zugriffszeit<\/span><\/li>\n<li style=\"font-weight: 400;\" aria-level=\"1\"><span style=\"font-weight: 400;\">Besuchte Seitenadressen<\/span><\/li>\n<\/ul>\n<ol start=\"3\">\n<li><b>Informationsnutzung<\/b><\/li>\n<\/ol>\n<p><span style=\"font-weight: 400;\">Wir verwenden die gesammelten Informationen, um:<\/span><\/p>\n<ul>\n<li style=\"font-weight: 400;\" aria-level=\"1\"><span style=\"font-weight: 400;\">Unsere Dienstleistungen bereitzustellen und zu verbessern<\/span><\/li>\n<li style=\"font-weight: 400;\" aria-level=\"1\"><span style=\"font-weight: 400;\">Ihre Anfragen und Anfragen zu bearbeiten<\/span><\/li>\n<li style=\"font-weight: 400;\" aria-level=\"1\"><span style=\"font-weight: 400;\">Ihre Erfahrung auf unserer Website zu personalisieren<\/span><\/li>\n<li style=\"font-weight: 400;\" aria-level=\"1\"><span style=\"font-weight: 400;\">Nachrichten, Updates und andere Informationen im Zusammenhang mit dem Aviator-Spiel zu senden<\/span><\/li>\n<\/ul>\n<ol start=\"4\">\n<li><b>Informationsschutz<\/b><\/li>\n<\/ol>\n<p><span style=\"font-weight: 400;\">Wir ergreifen alle notwendigen Ma\u00dfnahmen, um Ihre pers\u00f6nlichen Informationen vor unbefugtem Zugriff, \u00c4nderung, Offenlegung oder Zerst\u00f6rung zu sch\u00fctzen. Wir verwenden zuverl\u00e4ssige Verschl\u00fcsselungsmethoden und sichere Server, um Ihre Daten zu speichern.<\/span><\/p>\n<ol start=\"5\">\n<li><b>Cookie-Dateien<\/b><\/li>\n<\/ol>\n<p><span style=\"font-weight: 400;\">Unsere Website verwendet Cookie-Dateien, um Ihre Benutzererfahrung zu verbessern. Cookie-Dateien helfen uns:<\/span><\/p>\n<ul>\n<li style=\"font-weight: 400;\" aria-level=\"1\"><span style=\"font-weight: 400;\">Den Verkehr auf der Website zu analysieren<\/span><\/li>\n<li style=\"font-weight: 400;\" aria-level=\"1\"><span style=\"font-weight: 400;\">Ihre Pr\u00e4ferenzen und Einstellungen zu speichern<\/span><\/li>\n<li style=\"font-weight: 400;\" aria-level=\"1\"><span style=\"font-weight: 400;\">Die Sicherheit zu gew\u00e4hrleisten<\/span><\/li>\n<\/ul>\n<p><span style=\"font-weight: 400;\">Sie k\u00f6nnen Cookie-Dateien \u00fcber Ihre Browsereinstellungen verwalten.<\/span><\/p>\n<ol start=\"6\">\n<li><b>Daten\u00fcbertragung an Dritte<\/b><\/li>\n<\/ol>\n<p><span style=\"font-weight: 400;\">Wir verkaufen, tauschen oder \u00fcbertragen Ihre pers\u00f6nlichen Informationen nicht an Dritte ohne Ihre Zustimmung, au\u00dfer wenn es notwendig ist f\u00fcr:<\/span><\/p>\n<ul>\n<li style=\"font-weight: 400;\" aria-level=\"1\"><span style=\"font-weight: 400;\">Die Einhaltung von Gesetzen und Vorschriften<\/span><\/li>\n<li style=\"font-weight: 400;\" aria-level=\"1\"><span style=\"font-weight: 400;\">Den Schutz unserer Rechte und unseres Eigentums<\/span><\/li>\n<li style=\"font-weight: 400;\" aria-level=\"1\"><span style=\"font-weight: 400;\">Die Bereitstellung von Dienstleistungen \u00fcber vertrauensw\u00fcrdige Partner, die verpflichtet sind, unsere Datenschutzrichtlinie einzuhalten<\/span><\/li>\n<\/ul>\n<ol start=\"7\">\n<li><b>Links zu Drittanbieter-Websites<\/b><\/li>\n<\/ol>\n<p><span style=\"font-weight: 400;\">Unsere Website kann Links zu Drittanbieter-Websites enthalten. Wir sind nicht verantwortlich f\u00fcr die Datenschutzrichtlinien und Inhalte dieser Websites. Wir empfehlen, die Datenschutzrichtlinien jeder besuchten Website zu \u00fcberpr\u00fcfen.<\/span><\/p>\n<ol start=\"8\">\n<li><b>\u00c4nderungen der Datenschutzrichtlinie<\/b><\/li>\n<\/ol>\n<p><span style=\"font-weight: 400;\">Wir behalten uns das Recht vor, diese Datenschutzrichtlinie jederzeit zu aktualisieren. Wir werden Sie \u00fcber \u00c4nderungen informieren, indem wir eine neue Version auf unserer Website ver\u00f6ffentlichen. Wir empfehlen, diese Seite regelm\u00e4\u00dfig auf \u00c4nderungen zu \u00fcberpr\u00fcfen.<\/span><\/p>\n<p><span style=\"font-weight: 400;\">Vielen Dank, dass Sie unsere Website gew\u00e4hlt haben! Wir bem\u00fchen uns, Ihre Privatsph\u00e4re und Sicherheit zu gew\u00e4hrleisten.<\/span><\/p>\n","protected":false},"excerpt":{"rendered":"<p>Einleitung Willkommen auf unserer Webseite, die dem Spiel Aviator gewidmet ist. Wir respektieren Ihre Privatsph\u00e4re und sind bestrebt, Ihre pers\u00f6nlichen Informationen zu sch\u00fctzen. Diese Datenschutzrichtlinie erkl\u00e4rt, welche Daten wir sammeln, wie wir sie verwenden und wie wir deren Sicherheit gew\u00e4hrleisten. Datensammlung Pers\u00f6nliche Informationen Wir k\u00f6nnen die folgenden pers\u00f6nlichen Informationen sammeln: Name und Nachname E-Mail-Adresse Telefonnummer&#8230;<\/p>\n","protected":false},"author":1,"featured_media":0,"parent":0,"menu_order":0,"comment_status":"closed","ping_status":"closed","template":"","meta":{"footnotes":""},"class_list":["post-3","page","type-page","status-publish","hentry"],"yoast_head":"<!-- This site is optimized with the Yoast SEO plugin v27.2 - https:\/\/yoast.com\/product\/yoast-seo-wordpress\/ -->\n<title>Politique de confidentialit\u00e9 du site Aviator<\/title>\n<meta name=\"description\" content=\"Datenschutzrichtlinie\" \/>\n<meta name=\"robots\" content=\"index, follow, max-snippet:-1, max-image-preview:large, max-video-preview:-1\" \/>\n<link rel=\"canonical\" href=\"https:\/\/jugar-aviator.co\/de\/privacy-policy\/\" \/>\n<meta property=\"og:locale\" content=\"de_DE\" \/>\n<meta property=\"og:locale:alternate\" content=\"ru_RU\" \/>\n<meta property=\"og:locale:alternate\" content=\"en_US\" \/>\n<meta property=\"og:locale:alternate\" content=\"pt_PT\" \/>\n<meta property=\"og:locale:alternate\" content=\"es_ES\" \/>\n<meta property=\"og:locale:alternate\" content=\"fr_FR\" \/>\n<meta property=\"og:locale:alternate\" content=\"ro_RO\" \/>\n<meta property=\"og:locale:alternate\" content=\"sr_RS\" \/>\n<meta property=\"og:locale:alternate\" content=\"bg_BG\" \/>\n<meta property=\"og:locale:alternate\" content=\"pl_PL\" \/>\n<meta property=\"og:locale:alternate\" content=\"it_IT\" \/>\n<meta property=\"og:type\" content=\"article\" \/>\n<meta property=\"og:title\" content=\"Politique de confidentialit\u00e9 du site Aviator\" \/>\n<meta property=\"og:description\" content=\"Politique de confidentialit\u00e9\" \/>\n<meta property=\"og:url\" content=\"https:\/\/jugar-aviator.co\/de\/privacy-policy\/\" \/>\n<meta property=\"og:site_name\" content=\"Aviator\" \/>\n<meta property=\"article:modified_time\" content=\"2024-06-16T01:52:19+00:00\" \/>\n<meta name=\"twitter:card\" content=\"summary_large_image\" \/>\n<meta name=\"twitter:label1\" content=\"Gesch\u00e4tzte Lesezeit\" \/>\n\t<meta name=\"twitter:data1\" content=\"15\u00a0Minuten\" \/>\n<script type=\"application\/ld+json\" class=\"yoast-schema-graph\">{\"@context\":\"https:\/\/schema.org\",\"@graph\":[{\"@type\":\"WebPage\",\"@id\":\"https:\/\/jugar-aviator.co\/fr\/privacy-policy\/\",\"url\":\"https:\/\/jugar-aviator.co\/fr\/privacy-policy\/\",\"name\":\"Politique de confidentialit\u00e9 du site Aviator\",\"isPartOf\":{\"@id\":\"https:\/\/jugar-aviator.co\/#website\"},\"datePublished\":\"2024-05-21T13:10:39+00:00\",\"dateModified\":\"2024-06-16T01:52:19+00:00\",\"description\":\"Politique de confidentialit\u00e9\",\"breadcrumb\":{\"@id\":\"https:\/\/jugar-aviator.co\/fr\/privacy-policy\/#breadcrumb\"},\"inLanguage\":\"de-DE\",\"potentialAction\":[{\"@type\":\"ReadAction\",\"target\":[\"https:\/\/jugar-aviator.co\/fr\/privacy-policy\/\"]}]},{\"@type\":\"BreadcrumbList\",\"@id\":\"https:\/\/jugar-aviator.co\/fr\/privacy-policy\/#breadcrumb\",\"itemListElement\":[{\"@type\":\"ListItem\",\"position\":1,\"name\":\"Home\",\"item\":\"https:\/\/jugar-aviator.co\/\"},{\"@type\":\"ListItem\",\"position\":2,\"name\":\"Politique de confidentialit\u00e9\"}]},{\"@type\":\"WebSite\",\"@id\":\"https:\/\/jugar-aviator.co\/#website\",\"url\":\"https:\/\/jugar-aviator.co\/\",\"name\":\"Aviator\",\"description\":\"\",\"publisher\":{\"@id\":\"https:\/\/jugar-aviator.co\/#organization\"},\"potentialAction\":[{\"@type\":\"SearchAction\",\"target\":{\"@type\":\"EntryPoint\",\"urlTemplate\":\"https:\/\/jugar-aviator.co\/?s={search_term_string}\"},\"query-input\":{\"@type\":\"PropertyValueSpecification\",\"valueRequired\":true,\"valueName\":\"search_term_string\"}}],\"inLanguage\":\"de-DE\"},{\"@type\":\"Organization\",\"@id\":\"https:\/\/jugar-aviator.co\/#organization\",\"name\":\"Aviator\",\"url\":\"https:\/\/jugar-aviator.co\/\",\"logo\":{\"@type\":\"ImageObject\",\"inLanguage\":\"de-DE\",\"@id\":\"https:\/\/jugar-aviator.co\/#\/schema\/logo\/image\/\",\"url\":\"https:\/\/jugar-aviator.co\/wp-content\/uploads\/aviator-game.png\",\"contentUrl\":\"https:\/\/jugar-aviator.co\/wp-content\/uploads\/aviator-game.png\",\"width\":310,\"height\":139,\"caption\":\"Aviator\"},\"image\":{\"@id\":\"https:\/\/jugar-aviator.co\/#\/schema\/logo\/image\/\"}}]}<\/script>\n<!-- \/ Yoast SEO plugin. -->","yoast_head_json":{"title":"Politique de confidentialit\u00e9 du site Aviator","description":"Datenschutzrichtlinie","robots":{"index":"index","follow":"follow","max-snippet":"max-snippet:-1","max-image-preview":"max-image-preview:large","max-video-preview":"max-video-preview:-1"},"canonical":"https:\/\/jugar-aviator.co\/de\/privacy-policy\/","og_locale":"de_DE","og_type":"article","og_title":"Politique de confidentialit\u00e9 du site Aviator","og_description":"Politique de confidentialit\u00e9","og_url":"https:\/\/jugar-aviator.co\/de\/privacy-policy\/","og_site_name":"Aviator","article_modified_time":"2024-06-16T01:52:19+00:00","twitter_card":"summary_large_image","twitter_misc":{"Gesch\u00e4tzte Lesezeit":"15\u00a0Minuten"},"schema":{"@context":"https:\/\/schema.org","@graph":[{"@type":"WebPage","@id":"https:\/\/jugar-aviator.co\/fr\/privacy-policy\/","url":"https:\/\/jugar-aviator.co\/fr\/privacy-policy\/","name":"Politique de confidentialit\u00e9 du site Aviator","isPartOf":{"@id":"https:\/\/jugar-aviator.co\/#website"},"datePublished":"2024-05-21T13:10:39+00:00","dateModified":"2024-06-16T01:52:19+00:00","description":"Politique de confidentialit\u00e9","breadcrumb":{"@id":"https:\/\/jugar-aviator.co\/fr\/privacy-policy\/#breadcrumb"},"inLanguage":"de-DE","potentialAction":[{"@type":"ReadAction","target":["https:\/\/jugar-aviator.co\/fr\/privacy-policy\/"]}]},{"@type":"BreadcrumbList","@id":"https:\/\/jugar-aviator.co\/fr\/privacy-policy\/#breadcrumb","itemListElement":[{"@type":"ListItem","position":1,"name":"Home","item":"https:\/\/jugar-aviator.co\/"},{"@type":"ListItem","position":2,"name":"Politique de confidentialit\u00e9"}]},{"@type":"WebSite","@id":"https:\/\/jugar-aviator.co\/#website","url":"https:\/\/jugar-aviator.co\/","name":"Aviator","description":"","publisher":{"@id":"https:\/\/jugar-aviator.co\/#organization"},"potentialAction":[{"@type":"SearchAction","target":{"@type":"EntryPoint","urlTemplate":"https:\/\/jugar-aviator.co\/?s={search_term_string}"},"query-input":{"@type":"PropertyValueSpecification","valueRequired":true,"valueName":"search_term_string"}}],"inLanguage":"de-DE"},{"@type":"Organization","@id":"https:\/\/jugar-aviator.co\/#organization","name":"Aviator","url":"https:\/\/jugar-aviator.co\/","logo":{"@type":"ImageObject","inLanguage":"de-DE","@id":"https:\/\/jugar-aviator.co\/#\/schema\/logo\/image\/","url":"https:\/\/jugar-aviator.co\/wp-content\/uploads\/aviator-game.png","contentUrl":"https:\/\/jugar-aviator.co\/wp-content\/uploads\/aviator-game.png","width":310,"height":139,"caption":"Aviator"},"image":{"@id":"https:\/\/jugar-aviator.co\/#\/schema\/logo\/image\/"}}]}},"_links":{"self":[{"href":"https:\/\/jugar-aviator.co\/de\/wp-json\/wp\/v2\/pages\/3","targetHints":{"allow":["GET"]}}],"collection":[{"href":"https:\/\/jugar-aviator.co\/de\/wp-json\/wp\/v2\/pages"}],"about":[{"href":"https:\/\/jugar-aviator.co\/de\/wp-json\/wp\/v2\/types\/page"}],"author":[{"embeddable":true,"href":"https:\/\/jugar-aviator.co\/de\/wp-json\/wp\/v2\/users\/1"}],"replies":[{"embeddable":true,"href":"https:\/\/jugar-aviator.co\/de\/wp-json\/wp\/v2\/comments?post=3"}],"version-history":[{"count":22,"href":"https:\/\/jugar-aviator.co\/de\/wp-json\/wp\/v2\/pages\/3\/revisions"}],"predecessor-version":[{"id":224,"href":"https:\/\/jugar-aviator.co\/de\/wp-json\/wp\/v2\/pages\/3\/revisions\/224"}],"wp:attachment":[{"href":"https:\/\/jugar-aviator.co\/de\/wp-json\/wp\/v2\/media?parent=3"}],"curies":[{"name":"wp","href":"https:\/\/api.w.org\/{rel}","templated":true}]}}