{"id":17,"date":"2024-05-21T16:33:35","date_gmt":"2024-05-21T13:33:35","guid":{"rendered":"https:\/\/jugar-aviator.co\/?page_id=17"},"modified":"2024-06-16T04:57:39","modified_gmt":"2024-06-16T01:57:39","slug":"predicting-the-outcome-of-aviator","status":"publish","type":"page","link":"https:\/\/jugar-aviator.co\/es\/predicting-the-outcome-of-aviator\/","title":{"rendered":"Predicci\u00f3n del Resultado de Aviator"},"content":{"rendered":"<p><span style=\"font-weight: 400;\">El juego Aviator de Spribe ha ganado popularidad debido a su dinamismo y simplicidad. Los jugadores intentan predecir el mejor coeficiente en el que detenerse para maximizar sus ganancias. Sin embargo, predecir el resultado de una ronda en Aviator no es f\u00e1cil, ya que el juego se basa en la aleatoriedad y un generador de n\u00fameros aleatorios. No obstante, los jugadores experimentados utilizan varios m\u00e9todos y estrategias para aumentar sus posibilidades de \u00e9xito. Veamos 5 formas que pueden ayudar a predecir el resultado de una ronda en Aviator.<\/span><\/p>\n<ol>\n<li>\n<h2><b>An\u00e1lisis de Rondas Anteriores<\/b><\/h2>\n<\/li>\n<\/ol>\n<p><span style=\"font-weight: 400;\">Una forma de intentar predecir el resultado de una ronda es analizar los juegos anteriores. Los jugadores pueden llevar estad\u00edsticas de los coeficientes e intentar identificar patrones. Si los coeficientes han sido bajos en las \u00faltimas rondas, es posible que pronto aparezca un coeficiente alto. Sin embargo, es importante recordar que el juego es aleatorio, y los resultados anteriores no garantizan \u00e9xitos futuros.<\/span><br \/>\n<b>Ejemplo:<\/b><\/p>\n<ul>\n<li style=\"font-weight: 400;\" aria-level=\"1\"><span style=\"font-weight: 400;\">Lleve un registro de los coeficientes de las \u00faltimas 50 rondas.<\/span><\/li>\n<li style=\"font-weight: 400;\" aria-level=\"1\"><span style=\"font-weight: 400;\">Determine si ha habido per\u00edodos en los que los coeficientes fueron m\u00e1s altos o m\u00e1s bajos que el promedio.<\/span><\/li>\n<li style=\"font-weight: 400;\" aria-level=\"1\"><span style=\"font-weight: 400;\">Use estos datos para tomar decisiones en rondas posteriores.<\/span><\/li>\n<\/ul>\n<ol start=\"2\">\n<li>\n<h2><b>Uso de Modelos Matem\u00e1ticos<\/b><\/h2>\n<\/li>\n<\/ol>\n<p><span style=\"font-weight: 400;\">Algunos jugadores aplican modelos matem\u00e1ticos y m\u00e9todos estad\u00edsticos para analizar los resultados del juego. Esto puede incluir el uso de c\u00e1lculos de probabilidad, an\u00e1lisis matem\u00e1tico y teor\u00eda de probabilidades. Estos modelos ayudan a crear una estrategia de apuestas que puede ser m\u00e1s exitosa a largo plazo.<\/span><br \/>\n<b>Ejemplo:<\/b><\/p>\n<ul>\n<li style=\"font-weight: 400;\" aria-level=\"1\"><span style=\"font-weight: 400;\">Desarrolle un modelo basado en la teor\u00eda de probabilidades, teniendo en cuenta la frecuencia de coeficientes altos y bajos.<\/span><\/li>\n<li style=\"font-weight: 400;\" aria-level=\"1\"><span style=\"font-weight: 400;\">Aplique este modelo a juegos reales para determinar los momentos \u00f3ptimos para detenerse.<\/span><\/li>\n<\/ul>\n<ol start=\"3\">\n<li>\n<h2><b>Lectura de Patrones de Comportamiento<\/b><\/h2>\n<\/li>\n<\/ol>\n<p><span style=\"font-weight: 400;\">Los jugadores experimentados afirman que pueden predecir los resultados bas\u00e1ndose en los patrones de comportamiento del propio juego. Esto incluye analizar los intervalos de tiempo entre coeficientes altos e intentar captar el \u00abestado de \u00e1nimo\u00bb del juego. Aunque este m\u00e9todo no es cient\u00edfico, algunos jugadores lo encuentran \u00fatil.<\/span><br \/>\n<b>Ejemplo:<\/b><\/p>\n<ul>\n<li style=\"font-weight: 400;\" aria-level=\"1\"><span style=\"font-weight: 400;\">Observe el juego durante varias horas para notar cualquier patr\u00f3n recurrente.<\/span><\/li>\n<li style=\"font-weight: 400;\" aria-level=\"1\"><span style=\"font-weight: 400;\">Base sus decisiones futuras en estas observaciones.<\/span><\/li>\n<\/ul>\n<ol start=\"4\">\n<li>\n<h2><b>Uso de Software<\/b><\/h2>\n<\/li>\n<\/ol>\n<p><span style=\"font-weight: 400;\">Existen programas especiales y bots que ayudan a analizar los resultados del juego y hacer apuestas. Estos programas utilizan algoritmos para analizar datos y pueden proporcionar recomendaciones de apuestas. Sin embargo, es importante recordar que el uso de tales programas puede estar prohibido por las reglas del casino, y su uso debe coordinarse con la administraci\u00f3n del sitio.<\/span><br \/>\n<b>Ejemplo:<\/b><\/p>\n<ul>\n<li style=\"font-weight: 400;\" aria-level=\"1\"><span style=\"font-weight: 400;\">Instale y configure el programa para analizar los coeficientes.<\/span><\/li>\n<li style=\"font-weight: 400;\" aria-level=\"1\"><span style=\"font-weight: 400;\">Siga las recomendaciones del programa, pero siempre est\u00e9 preparado para tomar sus propias decisiones.<\/span><\/li>\n<\/ul>\n<ol start=\"5\">\n<li>\n<h2><b>Intuici\u00f3n y Experiencia<\/b><\/h2>\n<\/li>\n<\/ol>\n<p><span style=\"font-weight: 400;\">La intuici\u00f3n juega un papel importante en el juego Aviator. Los jugadores experimentados a menudo conf\u00edan en su intuici\u00f3n y en la experiencia que han acumulado con el tiempo. Con el tiempo, los jugadores pueden comprender mejor cu\u00e1ndo detenerse y retirar sus ganancias, bas\u00e1ndose en sus sentimientos y conjeturas intuitivas.<\/span><br \/>\n<b>Ejemplo:<\/b><\/p>\n<ul>\n<li style=\"font-weight: 400;\" aria-level=\"1\"><span style=\"font-weight: 400;\">Juegue regularmente y analice sus \u00e9xitos y fracasos.<\/span><\/li>\n<li style=\"font-weight: 400;\" aria-level=\"1\"><span style=\"font-weight: 400;\">Conf\u00ede en su intuici\u00f3n, especialmente si est\u00e1 respaldada por la experiencia y las observaciones.<\/span><\/li>\n<\/ul>\n<p><span style=\"font-weight: 400;\">Aunque es imposible predecir con precisi\u00f3n el resultado de una ronda en Aviator, el uso de varios m\u00e9todos y estrategias puede ayudar a aumentar sus posibilidades de \u00e9xito. Analizar rondas anteriores, modelos matem\u00e1ticos, lectura de patrones de comportamiento, uso de software y confiar en su intuici\u00f3n: todos estos m\u00e9todos pueden convertirse en parte de su estrategia de juego. Es importante recordar que Aviator es un juego de suerte, y el objetivo principal debe ser disfrutar del proceso de juego.<\/span><\/p>\n","protected":false},"excerpt":{"rendered":"<p>El juego Aviator de Spribe ha ganado popularidad debido a su dinamismo y simplicidad. Los jugadores intentan predecir el mejor coeficiente en el que detenerse para maximizar sus ganancias. Sin embargo, predecir el resultado de una ronda en Aviator no es f\u00e1cil, ya que el juego se basa en la aleatoriedad y un generador de&#8230;<\/p>\n","protected":false},"author":1,"featured_media":0,"parent":0,"menu_order":0,"comment_status":"closed","ping_status":"closed","template":"","meta":{"footnotes":""},"class_list":["post-17","page","type-page","status-publish","hentry"],"yoast_head":"<!-- This site is optimized with the Yoast SEO plugin v27.2 - https:\/\/yoast.com\/product\/yoast-seo-wordpress\/ -->\n<title>\u041f\u0440\u0435\u0434\u0441\u043a\u0430\u0437\u0430\u0442\u044c \u0440\u0435\u0437\u0443\u043b\u044c\u0442\u0430\u0442 \u0440\u0430\u0443\u043d\u0434\u043e\u0432 \u043a\u0440\u0430\u0448 \u0438\u0433\u0440\u044b \u0410\u0432\u0438\u0430\u0442\u043e\u0440<\/title>\n<meta name=\"description\" content=\"C\u00f3mo predecir los resultados de Aviator. Todos los m\u00e9todos de predicci\u00f3n del juego Aviator. Realizar apuestas seg\u00fan las predicciones en el juego Aviator.\" \/>\n<meta name=\"robots\" content=\"index, follow, max-snippet:-1, max-image-preview:large, max-video-preview:-1\" \/>\n<link rel=\"canonical\" href=\"https:\/\/jugar-aviator.co\/es\/predicting-the-outcome-of-aviator\/\" \/>\n<meta property=\"og:locale\" content=\"es_ES\" \/>\n<meta property=\"og:locale:alternate\" content=\"ru_RU\" \/>\n<meta property=\"og:locale:alternate\" content=\"en_US\" \/>\n<meta property=\"og:locale:alternate\" content=\"pt_PT\" \/>\n<meta property=\"og:locale:alternate\" content=\"fr_FR\" \/>\n<meta property=\"og:locale:alternate\" content=\"de_DE\" \/>\n<meta property=\"og:locale:alternate\" content=\"ro_RO\" \/>\n<meta property=\"og:locale:alternate\" content=\"sr_RS\" \/>\n<meta property=\"og:locale:alternate\" content=\"bg_BG\" \/>\n<meta property=\"og:locale:alternate\" content=\"pl_PL\" \/>\n<meta property=\"og:locale:alternate\" content=\"it_IT\" \/>\n<meta property=\"og:type\" content=\"article\" \/>\n<meta property=\"og:title\" content=\"\u041f\u0440\u0435\u0434\u0441\u043a\u0430\u0437\u0430\u0442\u044c \u0440\u0435\u0437\u0443\u043b\u044c\u0442\u0430\u0442 \u0440\u0430\u0443\u043d\u0434\u043e\u0432 \u043a\u0440\u0430\u0448 \u0438\u0433\u0440\u044b \u0410\u0432\u0438\u0430\u0442\u043e\u0440\" \/>\n<meta property=\"og:description\" content=\"\u041a\u0430\u043a \u043f\u0440\u0435\u0434\u0441\u043a\u0430\u0437\u0430\u0442\u044c \u0440\u0435\u0437\u0443\u043b\u044c\u0442\u0430\u0442\u044b \u0410\u0432\u0438\u0430\u0442\u043e\u0440\u0430. \u0412\u0441\u0435 \u0441\u043f\u043e\u0441\u043e\u0431\u044b \u043f\u0440\u0435\u0434\u0441\u043a\u0430\u0437\u0430\u043d\u0438\u044f \u0438\u0433\u0440\u044b \u0410\u0432\u0438\u0430\u0442\u043e\u0440. \u0414\u0435\u043b\u0430\u0442\u044c \u0441\u0442\u0430\u0432\u043a\u0443 \u0441\u043e\u0433\u043b\u0430\u0441\u043d\u043e \u043f\u0440\u0435\u0434\u0441\u043a\u0430\u0437\u0430\u043d\u0438\u044f\u043c \u0432 \u0438\u0433\u0440\u0435 \u0410\u0432\u0438\u0430\u0442\u043e\u0440.\" \/>\n<meta property=\"og:url\" content=\"https:\/\/jugar-aviator.co\/es\/predicting-the-outcome-of-aviator\/\" \/>\n<meta property=\"og:site_name\" content=\"Aviator\" \/>\n<meta property=\"article:modified_time\" content=\"2024-06-16T01:57:39+00:00\" \/>\n<meta name=\"twitter:card\" content=\"summary_large_image\" \/>\n<meta name=\"twitter:label1\" content=\"Tiempo de lectura\" \/>\n\t<meta name=\"twitter:data1\" content=\"24 minutos\" \/>\n<script type=\"application\/ld+json\" class=\"yoast-schema-graph\">{\"@context\":\"https:\/\/schema.org\",\"@graph\":[{\"@type\":\"WebPage\",\"@id\":\"https:\/\/jugar-aviator.co\/predicting-the-outcome-of-aviator\/\",\"url\":\"https:\/\/jugar-aviator.co\/predicting-the-outcome-of-aviator\/\",\"name\":\"\u041f\u0440\u0435\u0434\u0441\u043a\u0430\u0437\u0430\u0442\u044c \u0440\u0435\u0437\u0443\u043b\u044c\u0442\u0430\u0442 \u0440\u0430\u0443\u043d\u0434\u043e\u0432 \u043a\u0440\u0430\u0448 \u0438\u0433\u0440\u044b \u0410\u0432\u0438\u0430\u0442\u043e\u0440\",\"isPartOf\":{\"@id\":\"https:\/\/jugar-aviator.co\/#website\"},\"datePublished\":\"2024-05-21T13:33:35+00:00\",\"dateModified\":\"2024-06-16T01:57:39+00:00\",\"description\":\"\u041a\u0430\u043a \u043f\u0440\u0435\u0434\u0441\u043a\u0430\u0437\u0430\u0442\u044c \u0440\u0435\u0437\u0443\u043b\u044c\u0442\u0430\u0442\u044b \u0410\u0432\u0438\u0430\u0442\u043e\u0440\u0430. \u0412\u0441\u0435 \u0441\u043f\u043e\u0441\u043e\u0431\u044b \u043f\u0440\u0435\u0434\u0441\u043a\u0430\u0437\u0430\u043d\u0438\u044f \u0438\u0433\u0440\u044b \u0410\u0432\u0438\u0430\u0442\u043e\u0440. \u0414\u0435\u043b\u0430\u0442\u044c \u0441\u0442\u0430\u0432\u043a\u0443 \u0441\u043e\u0433\u043b\u0430\u0441\u043d\u043e \u043f\u0440\u0435\u0434\u0441\u043a\u0430\u0437\u0430\u043d\u0438\u044f\u043c \u0432 \u0438\u0433\u0440\u0435 \u0410\u0432\u0438\u0430\u0442\u043e\u0440.\",\"breadcrumb\":{\"@id\":\"https:\/\/jugar-aviator.co\/predicting-the-outcome-of-aviator\/#breadcrumb\"},\"inLanguage\":\"es-ES\",\"potentialAction\":[{\"@type\":\"ReadAction\",\"target\":[\"https:\/\/jugar-aviator.co\/predicting-the-outcome-of-aviator\/\"]}]},{\"@type\":\"BreadcrumbList\",\"@id\":\"https:\/\/jugar-aviator.co\/predicting-the-outcome-of-aviator\/#breadcrumb\",\"itemListElement\":[{\"@type\":\"ListItem\",\"position\":1,\"name\":\"Home\",\"item\":\"https:\/\/jugar-aviator.co\/\"},{\"@type\":\"ListItem\",\"position\":2,\"name\":\"\u041f\u0440\u0435\u0434\u0441\u043a\u0430\u0437\u0430\u0442\u044c \u0440\u0435\u0437\u0443\u043b\u044c\u0442\u0430\u0442 \u0410\u0432\u0438\u0430\u0442\u043e\u0440\u0430\"}]},{\"@type\":\"WebSite\",\"@id\":\"https:\/\/jugar-aviator.co\/#website\",\"url\":\"https:\/\/jugar-aviator.co\/\",\"name\":\"Aviator\",\"description\":\"\",\"publisher\":{\"@id\":\"https:\/\/jugar-aviator.co\/#organization\"},\"potentialAction\":[{\"@type\":\"SearchAction\",\"target\":{\"@type\":\"EntryPoint\",\"urlTemplate\":\"https:\/\/jugar-aviator.co\/?s={search_term_string}\"},\"query-input\":{\"@type\":\"PropertyValueSpecification\",\"valueRequired\":true,\"valueName\":\"search_term_string\"}}],\"inLanguage\":\"es-ES\"},{\"@type\":\"Organization\",\"@id\":\"https:\/\/jugar-aviator.co\/#organization\",\"name\":\"Aviator\",\"url\":\"https:\/\/jugar-aviator.co\/\",\"logo\":{\"@type\":\"ImageObject\",\"inLanguage\":\"es-ES\",\"@id\":\"https:\/\/jugar-aviator.co\/#\/schema\/logo\/image\/\",\"url\":\"https:\/\/jugar-aviator.co\/wp-content\/uploads\/aviator-game.png\",\"contentUrl\":\"https:\/\/jugar-aviator.co\/wp-content\/uploads\/aviator-game.png\",\"width\":310,\"height\":139,\"caption\":\"Aviator\"},\"image\":{\"@id\":\"https:\/\/jugar-aviator.co\/#\/schema\/logo\/image\/\"}}]}<\/script>\n<!-- \/ Yoast SEO plugin. -->","yoast_head_json":{"title":"\u041f\u0440\u0435\u0434\u0441\u043a\u0430\u0437\u0430\u0442\u044c \u0440\u0435\u0437\u0443\u043b\u044c\u0442\u0430\u0442 \u0440\u0430\u0443\u043d\u0434\u043e\u0432 \u043a\u0440\u0430\u0448 \u0438\u0433\u0440\u044b \u0410\u0432\u0438\u0430\u0442\u043e\u0440","description":"C\u00f3mo predecir los resultados de Aviator. Todos los m\u00e9todos de predicci\u00f3n del juego Aviator. Realizar apuestas seg\u00fan las predicciones en el juego Aviator.","robots":{"index":"index","follow":"follow","max-snippet":"max-snippet:-1","max-image-preview":"max-image-preview:large","max-video-preview":"max-video-preview:-1"},"canonical":"https:\/\/jugar-aviator.co\/es\/predicting-the-outcome-of-aviator\/","og_locale":"es_ES","og_type":"article","og_title":"\u041f\u0440\u0435\u0434\u0441\u043a\u0430\u0437\u0430\u0442\u044c \u0440\u0435\u0437\u0443\u043b\u044c\u0442\u0430\u0442 \u0440\u0430\u0443\u043d\u0434\u043e\u0432 \u043a\u0440\u0430\u0448 \u0438\u0433\u0440\u044b \u0410\u0432\u0438\u0430\u0442\u043e\u0440","og_description":"\u041a\u0430\u043a \u043f\u0440\u0435\u0434\u0441\u043a\u0430\u0437\u0430\u0442\u044c \u0440\u0435\u0437\u0443\u043b\u044c\u0442\u0430\u0442\u044b \u0410\u0432\u0438\u0430\u0442\u043e\u0440\u0430. \u0412\u0441\u0435 \u0441\u043f\u043e\u0441\u043e\u0431\u044b \u043f\u0440\u0435\u0434\u0441\u043a\u0430\u0437\u0430\u043d\u0438\u044f \u0438\u0433\u0440\u044b \u0410\u0432\u0438\u0430\u0442\u043e\u0440. \u0414\u0435\u043b\u0430\u0442\u044c \u0441\u0442\u0430\u0432\u043a\u0443 \u0441\u043e\u0433\u043b\u0430\u0441\u043d\u043e \u043f\u0440\u0435\u0434\u0441\u043a\u0430\u0437\u0430\u043d\u0438\u044f\u043c \u0432 \u0438\u0433\u0440\u0435 \u0410\u0432\u0438\u0430\u0442\u043e\u0440.","og_url":"https:\/\/jugar-aviator.co\/es\/predicting-the-outcome-of-aviator\/","og_site_name":"Aviator","article_modified_time":"2024-06-16T01:57:39+00:00","twitter_card":"summary_large_image","twitter_misc":{"Tiempo de lectura":"24 minutos"},"schema":{"@context":"https:\/\/schema.org","@graph":[{"@type":"WebPage","@id":"https:\/\/jugar-aviator.co\/predicting-the-outcome-of-aviator\/","url":"https:\/\/jugar-aviator.co\/predicting-the-outcome-of-aviator\/","name":"\u041f\u0440\u0435\u0434\u0441\u043a\u0430\u0437\u0430\u0442\u044c \u0440\u0435\u0437\u0443\u043b\u044c\u0442\u0430\u0442 \u0440\u0430\u0443\u043d\u0434\u043e\u0432 \u043a\u0440\u0430\u0448 \u0438\u0433\u0440\u044b \u0410\u0432\u0438\u0430\u0442\u043e\u0440","isPartOf":{"@id":"https:\/\/jugar-aviator.co\/#website"},"datePublished":"2024-05-21T13:33:35+00:00","dateModified":"2024-06-16T01:57:39+00:00","description":"\u041a\u0430\u043a \u043f\u0440\u0435\u0434\u0441\u043a\u0430\u0437\u0430\u0442\u044c \u0440\u0435\u0437\u0443\u043b\u044c\u0442\u0430\u0442\u044b \u0410\u0432\u0438\u0430\u0442\u043e\u0440\u0430. \u0412\u0441\u0435 \u0441\u043f\u043e\u0441\u043e\u0431\u044b \u043f\u0440\u0435\u0434\u0441\u043a\u0430\u0437\u0430\u043d\u0438\u044f \u0438\u0433\u0440\u044b \u0410\u0432\u0438\u0430\u0442\u043e\u0440. \u0414\u0435\u043b\u0430\u0442\u044c \u0441\u0442\u0430\u0432\u043a\u0443 \u0441\u043e\u0433\u043b\u0430\u0441\u043d\u043e \u043f\u0440\u0435\u0434\u0441\u043a\u0430\u0437\u0430\u043d\u0438\u044f\u043c \u0432 \u0438\u0433\u0440\u0435 \u0410\u0432\u0438\u0430\u0442\u043e\u0440.","breadcrumb":{"@id":"https:\/\/jugar-aviator.co\/predicting-the-outcome-of-aviator\/#breadcrumb"},"inLanguage":"es-ES","potentialAction":[{"@type":"ReadAction","target":["https:\/\/jugar-aviator.co\/predicting-the-outcome-of-aviator\/"]}]},{"@type":"BreadcrumbList","@id":"https:\/\/jugar-aviator.co\/predicting-the-outcome-of-aviator\/#breadcrumb","itemListElement":[{"@type":"ListItem","position":1,"name":"Home","item":"https:\/\/jugar-aviator.co\/"},{"@type":"ListItem","position":2,"name":"\u041f\u0440\u0435\u0434\u0441\u043a\u0430\u0437\u0430\u0442\u044c \u0440\u0435\u0437\u0443\u043b\u044c\u0442\u0430\u0442 \u0410\u0432\u0438\u0430\u0442\u043e\u0440\u0430"}]},{"@type":"WebSite","@id":"https:\/\/jugar-aviator.co\/#website","url":"https:\/\/jugar-aviator.co\/","name":"Aviator","description":"","publisher":{"@id":"https:\/\/jugar-aviator.co\/#organization"},"potentialAction":[{"@type":"SearchAction","target":{"@type":"EntryPoint","urlTemplate":"https:\/\/jugar-aviator.co\/?s={search_term_string}"},"query-input":{"@type":"PropertyValueSpecification","valueRequired":true,"valueName":"search_term_string"}}],"inLanguage":"es-ES"},{"@type":"Organization","@id":"https:\/\/jugar-aviator.co\/#organization","name":"Aviator","url":"https:\/\/jugar-aviator.co\/","logo":{"@type":"ImageObject","inLanguage":"es-ES","@id":"https:\/\/jugar-aviator.co\/#\/schema\/logo\/image\/","url":"https:\/\/jugar-aviator.co\/wp-content\/uploads\/aviator-game.png","contentUrl":"https:\/\/jugar-aviator.co\/wp-content\/uploads\/aviator-game.png","width":310,"height":139,"caption":"Aviator"},"image":{"@id":"https:\/\/jugar-aviator.co\/#\/schema\/logo\/image\/"}}]}},"_links":{"self":[{"href":"https:\/\/jugar-aviator.co\/es\/wp-json\/wp\/v2\/pages\/17","targetHints":{"allow":["GET"]}}],"collection":[{"href":"https:\/\/jugar-aviator.co\/es\/wp-json\/wp\/v2\/pages"}],"about":[{"href":"https:\/\/jugar-aviator.co\/es\/wp-json\/wp\/v2\/types\/page"}],"author":[{"embeddable":true,"href":"https:\/\/jugar-aviator.co\/es\/wp-json\/wp\/v2\/users\/1"}],"replies":[{"embeddable":true,"href":"https:\/\/jugar-aviator.co\/es\/wp-json\/wp\/v2\/comments?post=17"}],"version-history":[{"count":22,"href":"https:\/\/jugar-aviator.co\/es\/wp-json\/wp\/v2\/pages\/17\/revisions"}],"predecessor-version":[{"id":225,"href":"https:\/\/jugar-aviator.co\/es\/wp-json\/wp\/v2\/pages\/17\/revisions\/225"}],"wp:attachment":[{"href":"https:\/\/jugar-aviator.co\/es\/wp-json\/wp\/v2\/media?parent=17"}],"curies":[{"name":"wp","href":"https:\/\/api.w.org\/{rel}","templated":true}]}}