{"id":22,"date":"2024-05-21T16:43:37","date_gmt":"2024-05-21T13:43:37","guid":{"rendered":"https:\/\/jugar-aviator.co\/?page_id=22"},"modified":"2024-06-16T04:45:43","modified_gmt":"2024-06-16T01:45:43","slug":"about-aviator-website","status":"publish","type":"page","link":"https:\/\/jugar-aviator.co\/es\/about-aviator-website\/","title":{"rendered":"Acerca del Sitio Web de Aviator"},"content":{"rendered":"<p><span style=\"font-weight: 400;\">\u00a1Bienvenido a nuestro sitio dedicado al juego Aviator! Nuestro objetivo principal es hacer que tu aventura de juego sea a\u00fan mejor y m\u00e1s emocionante. Nos esforzamos por proporcionarte todos los recursos necesarios para que puedas disfrutar del juego al m\u00e1ximo.<\/span><\/p>\n<h2><b>Nuestra Misi\u00f3n<\/b><\/h2>\n<p><span style=\"font-weight: 400;\">Creamos este sitio para reunir toda la informaci\u00f3n importante sobre el juego Aviator. Aqu\u00ed encontrar\u00e1s:<\/span><\/p>\n<ul>\n<li style=\"font-weight: 400;\" aria-level=\"1\"><span style=\"font-weight: 400;\">Gu\u00edas detalladas y consejos para el juego<\/span><\/li>\n<li style=\"font-weight: 400;\" aria-level=\"1\"><span style=\"font-weight: 400;\">Rese\u00f1as de varias estrategias y t\u00e1cticas<\/span><\/li>\n<li style=\"font-weight: 400;\" aria-level=\"1\"><span style=\"font-weight: 400;\">Respuestas a preguntas frecuentes<\/span><\/li>\n<li style=\"font-weight: 400;\" aria-level=\"1\"><span style=\"font-weight: 400;\">Las \u00faltimas noticias y actualizaciones<\/span><\/li>\n<\/ul>\n<h2><b>Comunidad de Jugadores<\/b><\/h2>\n<p><span style=\"font-weight: 400;\">Tambi\u00e9n queremos crear una comunidad activa de jugadores donde puedas compartir tus impresiones, experiencias y estrategias. Tus comentarios y sugerencias nos ayudar\u00e1n a mejorar el sitio y a ofrecerte a\u00fan m\u00e1s informaci\u00f3n \u00fatil.<\/span><\/p>\n<h2><b>\u00bfPor Qu\u00e9 Elegirnos?<\/b><\/h2>\n<p><span style=\"font-weight: 400;\">Nuestro sitio es una fuente confiable de informaci\u00f3n sobre el juego Aviator. Actualizamos el contenido regularmente para que siempre est\u00e9s al tanto de las \u00faltimas noticias y cambios en el juego. Nos esforzamos por hacer que tu experiencia de juego sea lo m\u00e1s c\u00f3moda e interesante posible.<\/span><br \/>\n<span style=\"font-weight: 400;\">\u00a1\u00danete a nuestra comunidad y hagamos que el juego Aviator sea a\u00fan mejor juntos!<\/span><\/p>\n","protected":false},"excerpt":{"rendered":"<p>\u00a1Bienvenido a nuestro sitio dedicado al juego Aviator! Nuestro objetivo principal es hacer que tu aventura de juego sea a\u00fan mejor y m\u00e1s emocionante. Nos esforzamos por proporcionarte todos los recursos necesarios para que puedas disfrutar del juego al m\u00e1ximo. Nuestra Misi\u00f3n Creamos este sitio para reunir toda la informaci\u00f3n importante sobre el juego Aviator&#8230;.<\/p>\n","protected":false},"author":1,"featured_media":0,"parent":0,"menu_order":0,"comment_status":"closed","ping_status":"closed","template":"","meta":{"footnotes":""},"class_list":["post-22","page","type-page","status-publish","hentry"],"yoast_head":"<!-- This site is optimized with the Yoast SEO plugin v27.2 - https:\/\/yoast.com\/product\/yoast-seo-wordpress\/ -->\n<title>\u041e \u0441\u0430\u0439\u0442\u0435 \u0410\u0432\u0438\u0430\u0442\u043e\u0440<\/title>\n<meta name=\"description\" content=\"Hemos recopilado la mejor informaci\u00f3n sobre el juego Aviator. Bienvenido al sitio web de Aviator.\" \/>\n<meta name=\"robots\" content=\"index, follow, max-snippet:-1, max-image-preview:large, max-video-preview:-1\" \/>\n<link rel=\"canonical\" href=\"https:\/\/jugar-aviator.co\/es\/about-aviator-website\/\" \/>\n<meta property=\"og:locale\" content=\"es_ES\" \/>\n<meta property=\"og:locale:alternate\" content=\"ru_RU\" \/>\n<meta property=\"og:locale:alternate\" content=\"en_US\" \/>\n<meta property=\"og:locale:alternate\" content=\"pt_PT\" \/>\n<meta property=\"og:locale:alternate\" content=\"fr_FR\" \/>\n<meta property=\"og:locale:alternate\" content=\"de_DE\" \/>\n<meta property=\"og:locale:alternate\" content=\"ro_RO\" \/>\n<meta property=\"og:locale:alternate\" content=\"sr_RS\" \/>\n<meta property=\"og:locale:alternate\" content=\"bg_BG\" \/>\n<meta property=\"og:locale:alternate\" content=\"pl_PL\" \/>\n<meta property=\"og:locale:alternate\" content=\"it_IT\" \/>\n<meta property=\"og:type\" content=\"article\" \/>\n<meta property=\"og:title\" content=\"\u041e \u0441\u0430\u0439\u0442\u0435 \u0410\u0432\u0438\u0430\u0442\u043e\u0440\" \/>\n<meta property=\"og:description\" content=\"\u041c\u044b \u0441\u043e\u0431\u0440\u0430\u043b\u0438 \u0441\u0430\u043c\u0443\u044e \u043b\u0443\u0447\u0448\u0443\u044e \u0438\u043d\u0444\u043e\u0440\u043c\u0430\u0446\u0438\u044e \u043e\u0431 \u0438\u0433\u0440\u0435 \u0410\u0432\u0438\u0430\u0442\u043e\u0440. \u0414\u043e\u0431\u0440\u043e \u043f\u043e\u0436\u0430\u043b\u043e\u0432\u0430\u0442\u044c \u043d\u0430 \u0441\u0430\u0439\u0442 \u043e\u0431 \u0410\u0432\u0438\u0430\u0442\u043e\u0440\u0435\" \/>\n<meta property=\"og:url\" content=\"https:\/\/jugar-aviator.co\/es\/about-aviator-website\/\" \/>\n<meta property=\"og:site_name\" content=\"Aviator\" \/>\n<meta property=\"article:modified_time\" content=\"2024-06-16T01:45:43+00:00\" \/>\n<meta name=\"twitter:card\" content=\"summary_large_image\" \/>\n<meta name=\"twitter:label1\" content=\"Tiempo de lectura\" \/>\n\t<meta name=\"twitter:data1\" content=\"8 minutos\" \/>\n<script type=\"application\/ld+json\" class=\"yoast-schema-graph\">{\"@context\":\"https:\/\/schema.org\",\"@graph\":[{\"@type\":\"WebPage\",\"@id\":\"https:\/\/jugar-aviator.co\/about-aviator-website\/\",\"url\":\"https:\/\/jugar-aviator.co\/about-aviator-website\/\",\"name\":\"\u041e \u0441\u0430\u0439\u0442\u0435 \u0410\u0432\u0438\u0430\u0442\u043e\u0440\",\"isPartOf\":{\"@id\":\"https:\/\/jugar-aviator.co\/#website\"},\"datePublished\":\"2024-05-21T13:43:37+00:00\",\"dateModified\":\"2024-06-16T01:45:43+00:00\",\"description\":\"\u041c\u044b \u0441\u043e\u0431\u0440\u0430\u043b\u0438 \u0441\u0430\u043c\u0443\u044e \u043b\u0443\u0447\u0448\u0443\u044e \u0438\u043d\u0444\u043e\u0440\u043c\u0430\u0446\u0438\u044e \u043e\u0431 \u0438\u0433\u0440\u0435 \u0410\u0432\u0438\u0430\u0442\u043e\u0440. \u0414\u043e\u0431\u0440\u043e \u043f\u043e\u0436\u0430\u043b\u043e\u0432\u0430\u0442\u044c \u043d\u0430 \u0441\u0430\u0439\u0442 \u043e\u0431 \u0410\u0432\u0438\u0430\u0442\u043e\u0440\u0435\",\"breadcrumb\":{\"@id\":\"https:\/\/jugar-aviator.co\/about-aviator-website\/#breadcrumb\"},\"inLanguage\":\"es-ES\",\"potentialAction\":[{\"@type\":\"ReadAction\",\"target\":[\"https:\/\/jugar-aviator.co\/about-aviator-website\/\"]}]},{\"@type\":\"BreadcrumbList\",\"@id\":\"https:\/\/jugar-aviator.co\/about-aviator-website\/#breadcrumb\",\"itemListElement\":[{\"@type\":\"ListItem\",\"position\":1,\"name\":\"Home\",\"item\":\"https:\/\/jugar-aviator.co\/\"},{\"@type\":\"ListItem\",\"position\":2,\"name\":\"\u041e \u0441\u0430\u0439\u0442\u0435 \u0410\u0432\u0438\u0430\u0442\u043e\u0440\"}]},{\"@type\":\"WebSite\",\"@id\":\"https:\/\/jugar-aviator.co\/#website\",\"url\":\"https:\/\/jugar-aviator.co\/\",\"name\":\"Aviator\",\"description\":\"\",\"publisher\":{\"@id\":\"https:\/\/jugar-aviator.co\/#organization\"},\"potentialAction\":[{\"@type\":\"SearchAction\",\"target\":{\"@type\":\"EntryPoint\",\"urlTemplate\":\"https:\/\/jugar-aviator.co\/?s={search_term_string}\"},\"query-input\":{\"@type\":\"PropertyValueSpecification\",\"valueRequired\":true,\"valueName\":\"search_term_string\"}}],\"inLanguage\":\"es-ES\"},{\"@type\":\"Organization\",\"@id\":\"https:\/\/jugar-aviator.co\/#organization\",\"name\":\"Aviator\",\"url\":\"https:\/\/jugar-aviator.co\/\",\"logo\":{\"@type\":\"ImageObject\",\"inLanguage\":\"es-ES\",\"@id\":\"https:\/\/jugar-aviator.co\/#\/schema\/logo\/image\/\",\"url\":\"https:\/\/jugar-aviator.co\/wp-content\/uploads\/aviator-game.png\",\"contentUrl\":\"https:\/\/jugar-aviator.co\/wp-content\/uploads\/aviator-game.png\",\"width\":310,\"height\":139,\"caption\":\"Aviator\"},\"image\":{\"@id\":\"https:\/\/jugar-aviator.co\/#\/schema\/logo\/image\/\"}}]}<\/script>\n<!-- \/ Yoast SEO plugin. -->","yoast_head_json":{"title":"\u041e \u0441\u0430\u0439\u0442\u0435 \u0410\u0432\u0438\u0430\u0442\u043e\u0440","description":"Hemos recopilado la mejor informaci\u00f3n sobre el juego Aviator. Bienvenido al sitio web de Aviator.","robots":{"index":"index","follow":"follow","max-snippet":"max-snippet:-1","max-image-preview":"max-image-preview:large","max-video-preview":"max-video-preview:-1"},"canonical":"https:\/\/jugar-aviator.co\/es\/about-aviator-website\/","og_locale":"es_ES","og_type":"article","og_title":"\u041e \u0441\u0430\u0439\u0442\u0435 \u0410\u0432\u0438\u0430\u0442\u043e\u0440","og_description":"\u041c\u044b \u0441\u043e\u0431\u0440\u0430\u043b\u0438 \u0441\u0430\u043c\u0443\u044e \u043b\u0443\u0447\u0448\u0443\u044e \u0438\u043d\u0444\u043e\u0440\u043c\u0430\u0446\u0438\u044e \u043e\u0431 \u0438\u0433\u0440\u0435 \u0410\u0432\u0438\u0430\u0442\u043e\u0440. \u0414\u043e\u0431\u0440\u043e \u043f\u043e\u0436\u0430\u043b\u043e\u0432\u0430\u0442\u044c \u043d\u0430 \u0441\u0430\u0439\u0442 \u043e\u0431 \u0410\u0432\u0438\u0430\u0442\u043e\u0440\u0435","og_url":"https:\/\/jugar-aviator.co\/es\/about-aviator-website\/","og_site_name":"Aviator","article_modified_time":"2024-06-16T01:45:43+00:00","twitter_card":"summary_large_image","twitter_misc":{"Tiempo de lectura":"8 minutos"},"schema":{"@context":"https:\/\/schema.org","@graph":[{"@type":"WebPage","@id":"https:\/\/jugar-aviator.co\/about-aviator-website\/","url":"https:\/\/jugar-aviator.co\/about-aviator-website\/","name":"\u041e \u0441\u0430\u0439\u0442\u0435 \u0410\u0432\u0438\u0430\u0442\u043e\u0440","isPartOf":{"@id":"https:\/\/jugar-aviator.co\/#website"},"datePublished":"2024-05-21T13:43:37+00:00","dateModified":"2024-06-16T01:45:43+00:00","description":"\u041c\u044b \u0441\u043e\u0431\u0440\u0430\u043b\u0438 \u0441\u0430\u043c\u0443\u044e \u043b\u0443\u0447\u0448\u0443\u044e \u0438\u043d\u0444\u043e\u0440\u043c\u0430\u0446\u0438\u044e \u043e\u0431 \u0438\u0433\u0440\u0435 \u0410\u0432\u0438\u0430\u0442\u043e\u0440. \u0414\u043e\u0431\u0440\u043e \u043f\u043e\u0436\u0430\u043b\u043e\u0432\u0430\u0442\u044c \u043d\u0430 \u0441\u0430\u0439\u0442 \u043e\u0431 \u0410\u0432\u0438\u0430\u0442\u043e\u0440\u0435","breadcrumb":{"@id":"https:\/\/jugar-aviator.co\/about-aviator-website\/#breadcrumb"},"inLanguage":"es-ES","potentialAction":[{"@type":"ReadAction","target":["https:\/\/jugar-aviator.co\/about-aviator-website\/"]}]},{"@type":"BreadcrumbList","@id":"https:\/\/jugar-aviator.co\/about-aviator-website\/#breadcrumb","itemListElement":[{"@type":"ListItem","position":1,"name":"Home","item":"https:\/\/jugar-aviator.co\/"},{"@type":"ListItem","position":2,"name":"\u041e \u0441\u0430\u0439\u0442\u0435 \u0410\u0432\u0438\u0430\u0442\u043e\u0440"}]},{"@type":"WebSite","@id":"https:\/\/jugar-aviator.co\/#website","url":"https:\/\/jugar-aviator.co\/","name":"Aviator","description":"","publisher":{"@id":"https:\/\/jugar-aviator.co\/#organization"},"potentialAction":[{"@type":"SearchAction","target":{"@type":"EntryPoint","urlTemplate":"https:\/\/jugar-aviator.co\/?s={search_term_string}"},"query-input":{"@type":"PropertyValueSpecification","valueRequired":true,"valueName":"search_term_string"}}],"inLanguage":"es-ES"},{"@type":"Organization","@id":"https:\/\/jugar-aviator.co\/#organization","name":"Aviator","url":"https:\/\/jugar-aviator.co\/","logo":{"@type":"ImageObject","inLanguage":"es-ES","@id":"https:\/\/jugar-aviator.co\/#\/schema\/logo\/image\/","url":"https:\/\/jugar-aviator.co\/wp-content\/uploads\/aviator-game.png","contentUrl":"https:\/\/jugar-aviator.co\/wp-content\/uploads\/aviator-game.png","width":310,"height":139,"caption":"Aviator"},"image":{"@id":"https:\/\/jugar-aviator.co\/#\/schema\/logo\/image\/"}}]}},"_links":{"self":[{"href":"https:\/\/jugar-aviator.co\/es\/wp-json\/wp\/v2\/pages\/22","targetHints":{"allow":["GET"]}}],"collection":[{"href":"https:\/\/jugar-aviator.co\/es\/wp-json\/wp\/v2\/pages"}],"about":[{"href":"https:\/\/jugar-aviator.co\/es\/wp-json\/wp\/v2\/types\/page"}],"author":[{"embeddable":true,"href":"https:\/\/jugar-aviator.co\/es\/wp-json\/wp\/v2\/users\/1"}],"replies":[{"embeddable":true,"href":"https:\/\/jugar-aviator.co\/es\/wp-json\/wp\/v2\/comments?post=22"}],"version-history":[{"count":24,"href":"https:\/\/jugar-aviator.co\/es\/wp-json\/wp\/v2\/pages\/22\/revisions"}],"predecessor-version":[{"id":43,"href":"https:\/\/jugar-aviator.co\/es\/wp-json\/wp\/v2\/pages\/22\/revisions\/43"}],"wp:attachment":[{"href":"https:\/\/jugar-aviator.co\/es\/wp-json\/wp\/v2\/media?parent=22"}],"curies":[{"name":"wp","href":"https:\/\/api.w.org\/{rel}","templated":true}]}}