{"id":8,"date":"2024-05-21T16:16:23","date_gmt":"2024-05-21T13:16:23","guid":{"rendered":"https:\/\/jugar-aviator.co\/?page_id=8"},"modified":"2024-06-16T04:36:02","modified_gmt":"2024-06-16T01:36:02","slug":"aviator-thrilling-game-by-spribe","status":"publish","type":"page","link":"https:\/\/jugar-aviator.co\/es\/","title":{"rendered":"Aviator &#8211; Emocionante Juego de Spribe"},"content":{"rendered":"<h2><b>Historia del Juego Aviator<\/b><\/h2>\n<p><span style=\"font-weight: 400;\">Aviator es un juego crash innovador desarrollado por Spribe. El juego se lanz\u00f3 en 2019 y desde entonces ha ganado una inmensa popularidad entre los jugadores de todo el mundo. Aviator ofrece una experiencia de juego \u00fanica donde la adrenalina se combina con reglas simples y alta rentabilidad potencial. Este juego captur\u00f3 r\u00e1pidamente los corazones de los usuarios debido a su din\u00e1mica y la oportunidad de ganar grandes sumas.<\/span><\/p>\n<h2><b>Estudio Spribe<\/b><\/h2>\n<p><span style=\"font-weight: 400;\">Spribe es un desarrollador l\u00edder de juegos en l\u00ednea innovadores. Fundada en 2018, la empresa se especializa en la creaci\u00f3n de juegos de pr\u00f3xima generaci\u00f3n que combinan elementos de estrategia y azar. El equipo de Spribe est\u00e1 compuesto por profesionales experimentados en el desarrollo de juegos, lo que les permite producir productos de alta calidad. Aviator es una de las creaciones m\u00e1s conocidas de Spribe, que demuestra su compromiso con la innovaci\u00f3n y la satisfacci\u00f3n de las necesidades de los jugadores.<\/span><\/p>\n<h2><b>Reglas del Juego Aviator<\/b><\/h2>\n<p><span style=\"font-weight: 400;\">Las reglas de Aviator son sencillas. El juego comienza con el despegue de un avi\u00f3n, que asciende en altura. Tu tarea es elegir el momento adecuado para detenerte, cuando creas que el multiplicador ha alcanzado su punto m\u00e1ximo. Cuanto m\u00e1s alto asciende el avi\u00f3n, mayor se vuelve el multiplicador, aumentando las ganancias potenciales. Sin embargo, si no te detienes a tiempo y el avi\u00f3n se va volando, pierdes la apuesta. La clave es elegir el momento \u00f3ptimo para detenerte, lo que hace que el juego sea emocionante e impredecible.<\/span><\/p>\n<h2><b>\u00bfSe Puede Jugar a Aviator Gratis?<\/b><\/h2>\n<p><span style=\"font-weight: 400;\">S\u00ed, puedes jugar a Aviator gratis. Muchos casinos en l\u00ednea y plataformas de juegos ofrecen una versi\u00f3n demo de este juego. Esta es una gran oportunidad para que los principiantes se familiaricen con la jugabilidad y desarrollen su propia estrategia sin arriesgar dinero. El juego gratuito te permite explorar todas las caracter\u00edsticas de Aviator y prepararte para apuestas reales.<\/span><\/p>\n<h2><b>5 Preguntas M\u00e1s Frecuentes sobre el Juego Aviator<\/b><\/h2>\n<ol>\n<li style=\"font-weight: 400;\" aria-level=\"1\"><b>\u00bfC\u00f3mo empezar a jugar a Aviator?<\/b><span style=\"font-weight: 400;\"> Reg\u00edstrate en una plataforma que ofrezca el juego Aviator, financia tu cuenta y haz tu primera apuesta.<\/span><\/li>\n<li style=\"font-weight: 400;\" aria-level=\"1\"><b>\u00bfCu\u00e1l es la apuesta m\u00ednima en Aviator?<\/b><span style=\"font-weight: 400;\"> La apuesta m\u00ednima puede variar seg\u00fan la plataforma, pero generalmente comienza desde peque\u00f1as cantidades como $1 o el equivalente en otra moneda.<\/span><\/li>\n<li style=\"font-weight: 400;\" aria-level=\"1\"><b>\u00bfSe puede ganar dinero real en Aviator?<\/b><span style=\"font-weight: 400;\"> S\u00ed, puedes ganar dinero real en Aviator si juegas con apuestas reales y detienes el multiplicador a tiempo.<\/span><\/li>\n<li style=\"font-weight: 400;\" aria-level=\"1\"><b>\u00bfHay estrategias para ganar en Aviator?<\/b><span style=\"font-weight: 400;\"> Aunque Aviator se basa en el azar, algunos jugadores desarrollan sus estrategias basadas en el an\u00e1lisis de juegos y multiplicadores anteriores.<\/span><\/li>\n<li style=\"font-weight: 400;\" aria-level=\"1\"><b>\u00bfEs seguro jugar a Aviator?<\/b><span style=\"font-weight: 400;\"> S\u00ed, si juegas en plataformas licenciadas y verificadas. Spribe y las plataformas asociadas cumplen con los est\u00e1ndares de seguridad y equidad.<\/span><\/li>\n<\/ol>\n<h2><b>5 Rese\u00f1as del Juego Aviator<\/b><\/h2>\n<ol>\n<li style=\"font-weight: 400;\" aria-level=\"1\"><b>Aleksei P, 23 a\u00f1os:<\/b><span style=\"font-weight: 400;\"> \u00ab\u00a1Aviator es simplemente incre\u00edble! Un juego sencillo pero emocionante en el que he ganado varias grandes sumas. \u00a1Recomiendo a todos probarlo!\u00bb<\/span><\/li>\n<li style=\"font-weight: 400;\" aria-level=\"1\"><b>Maria K, 29 a\u00f1os:<\/b><span style=\"font-weight: 400;\"> \u00abLlevo unos meses jugando a Aviator. Es una excelente manera de pasar el tiempo y probar tu suerte. La versi\u00f3n gratuita me ayud\u00f3 a entender c\u00f3mo se juega.\u00bb<\/span><\/li>\n<li style=\"font-weight: 400;\" aria-level=\"1\"><b>Dmitri S, 34 a\u00f1os:<\/b><span style=\"font-weight: 400;\"> \u00abEl juego atrae con su din\u00e1mica y simplicidad. Siempre es emocionante adivinar cu\u00e1ndo detenerse. Es una verdadera joya entre los juegos crash.\u00bb<\/span><\/li>\n<li style=\"font-weight: 400;\" aria-level=\"1\"><b>Ekaterina L, 37 a\u00f1os:<\/b><span style=\"font-weight: 400;\"> \u00ab\u00a1Gracias, Spribe, por este juego! Aviator se ha convertido en mi pasatiempo favorito. Me gusta especialmente la opci\u00f3n de jugar gratis y practicar.\u00bb<\/span><\/li>\n<li style=\"font-weight: 400;\" aria-level=\"1\"><b>Ivan G, 28 a\u00f1os:<\/b><span style=\"font-weight: 400;\"> \u00abAviator es un juego \u00fanico lleno de adrenalina y emoci\u00f3n. Excelentes gr\u00e1ficos y la posibilidad de ganar dinero real. \u00a1Estoy muy satisfecho!\u00bb<\/span><\/li>\n<\/ol>\n<p><span style=\"font-weight: 400;\">Bienvenido al mundo de Aviator. Prueba tu suerte y habilidades en este emocionante juego de Spribe.<\/span><\/p>\n","protected":false},"excerpt":{"rendered":"<p>Historia del Juego Aviator Aviator es un juego crash innovador desarrollado por Spribe. El juego se lanz\u00f3 en 2019 y desde entonces ha ganado una inmensa popularidad entre los jugadores de todo el mundo. Aviator ofrece una experiencia de juego \u00fanica donde la adrenalina se combina con reglas simples y alta rentabilidad potencial. Este juego&#8230;<\/p>\n","protected":false},"author":1,"featured_media":0,"parent":0,"menu_order":0,"comment_status":"closed","ping_status":"closed","template":"","meta":{"footnotes":""},"class_list":["post-8","page","type-page","status-publish","hentry"],"yoast_head":"<!-- This site is optimized with the Yoast SEO plugin v27.2 - https:\/\/yoast.com\/product\/yoast-seo-wordpress\/ -->\n<title>\u041a\u0440\u0430\u0448 \u0438\u0433\u0440\u0430 \u0410\u0432\u0438\u0430\u0442\u043e\u0440 \u043e\u0442 \u0441\u0442\u0443\u0434\u0438\u0438 Spribe<\/title>\n<meta name=\"description\" content=\"Juega al juego en l\u00ednea Aviator gratis y por dinero real. Reglas del juego, mec\u00e1nica, descarga la aplicaci\u00f3n, preguntas frecuentes sobre el juego. Juega y gana ahora.\" \/>\n<meta name=\"robots\" content=\"index, follow, max-snippet:-1, max-image-preview:large, max-video-preview:-1\" \/>\n<link rel=\"canonical\" href=\"https:\/\/jugar-aviator.co\/es\/\" \/>\n<meta property=\"og:locale\" content=\"es_ES\" \/>\n<meta property=\"og:locale:alternate\" content=\"ru_RU\" \/>\n<meta property=\"og:locale:alternate\" content=\"en_US\" \/>\n<meta property=\"og:locale:alternate\" content=\"pt_PT\" \/>\n<meta property=\"og:locale:alternate\" content=\"fr_FR\" \/>\n<meta property=\"og:locale:alternate\" content=\"de_DE\" \/>\n<meta property=\"og:locale:alternate\" content=\"ro_RO\" \/>\n<meta property=\"og:locale:alternate\" content=\"sr_RS\" \/>\n<meta property=\"og:locale:alternate\" content=\"bg_BG\" \/>\n<meta property=\"og:locale:alternate\" content=\"pl_PL\" \/>\n<meta property=\"og:locale:alternate\" content=\"it_IT\" \/>\n<meta property=\"og:type\" content=\"article\" \/>\n<meta property=\"og:title\" content=\"\u041a\u0440\u0430\u0448 \u0438\u0433\u0440\u0430 \u0410\u0432\u0438\u0430\u0442\u043e\u0440 \u043e\u0442 \u0441\u0442\u0443\u0434\u0438\u0438 Spribe\" \/>\n<meta property=\"og:description\" content=\"\u0418\u0433\u0440\u0430\u0442\u044c \u0432 \u043e\u043d\u043b\u0430\u0439\u043d \u0438\u0433\u0440\u0443 \u0410\u0432\u0438\u0430\u0442\u043e\u0440 \u0431\u0435\u0441\u043f\u043b\u0430\u0442\u043d\u043e \u0438 \u043d\u0430 \u0434\u0435\u043d\u044c\u0433\u0438. \u041f\u0440\u0430\u0432\u0438\u043b\u0430 \u0438\u0433\u0440\u044b, \u043c\u0435\u0445\u0430\u043d\u0438\u043a\u0430, \u0441\u043a\u0430\u0447\u0430\u0442\u044c \u043f\u0440\u0438\u043b\u043e\u0436\u0435\u043d\u0438\u0435, \u0447\u0430\u0441\u0442\u043e \u0437\u0430\u0434\u0430\u0432\u0430\u0435\u043c\u044b\u0435 \u0432\u043e\u043f\u0440\u043e\u0441\u044b \u043e\u0431 \u0438\u0433\u0440\u0435. \u0418\u0433\u0440\u0430\u0442\u044c \u0438 \u043f\u043e\u0431\u0435\u0436\u0434\u0430\u0442\u044c \u0441\u0435\u0439\u0447\u0430\u0441\" \/>\n<meta property=\"og:url\" content=\"https:\/\/jugar-aviator.co\/es\/\" \/>\n<meta property=\"og:site_name\" content=\"Aviator\" \/>\n<meta property=\"article:modified_time\" content=\"2024-06-16T01:36:02+00:00\" \/>\n<meta name=\"twitter:card\" content=\"summary_large_image\" \/>\n<meta name=\"twitter:label1\" content=\"Tiempo de lectura\" \/>\n\t<meta name=\"twitter:data1\" content=\"25 minutos\" \/>\n<script type=\"application\/ld+json\" class=\"yoast-schema-graph\">{\"@context\":\"https:\/\/schema.org\",\"@graph\":[{\"@type\":\"WebPage\",\"@id\":\"https:\/\/jugar-aviator.co\/\",\"url\":\"https:\/\/jugar-aviator.co\/\",\"name\":\"\u041a\u0440\u0430\u0448 \u0438\u0433\u0440\u0430 \u0410\u0432\u0438\u0430\u0442\u043e\u0440 \u043e\u0442 \u0441\u0442\u0443\u0434\u0438\u0438 Spribe\",\"isPartOf\":{\"@id\":\"https:\/\/jugar-aviator.co\/#website\"},\"datePublished\":\"2024-05-21T13:16:23+00:00\",\"dateModified\":\"2024-06-16T01:36:02+00:00\",\"description\":\"\u0418\u0433\u0440\u0430\u0442\u044c \u0432 \u043e\u043d\u043b\u0430\u0439\u043d \u0438\u0433\u0440\u0443 \u0410\u0432\u0438\u0430\u0442\u043e\u0440 \u0431\u0435\u0441\u043f\u043b\u0430\u0442\u043d\u043e \u0438 \u043d\u0430 \u0434\u0435\u043d\u044c\u0433\u0438. \u041f\u0440\u0430\u0432\u0438\u043b\u0430 \u0438\u0433\u0440\u044b, \u043c\u0435\u0445\u0430\u043d\u0438\u043a\u0430, \u0441\u043a\u0430\u0447\u0430\u0442\u044c \u043f\u0440\u0438\u043b\u043e\u0436\u0435\u043d\u0438\u0435, \u0447\u0430\u0441\u0442\u043e \u0437\u0430\u0434\u0430\u0432\u0430\u0435\u043c\u044b\u0435 \u0432\u043e\u043f\u0440\u043e\u0441\u044b \u043e\u0431 \u0438\u0433\u0440\u0435. \u0418\u0433\u0440\u0430\u0442\u044c \u0438 \u043f\u043e\u0431\u0435\u0436\u0434\u0430\u0442\u044c \u0441\u0435\u0439\u0447\u0430\u0441\",\"breadcrumb\":{\"@id\":\"https:\/\/jugar-aviator.co\/#breadcrumb\"},\"inLanguage\":\"es-ES\",\"potentialAction\":[{\"@type\":\"ReadAction\",\"target\":[\"https:\/\/jugar-aviator.co\/\"]}]},{\"@type\":\"BreadcrumbList\",\"@id\":\"https:\/\/jugar-aviator.co\/#breadcrumb\",\"itemListElement\":[{\"@type\":\"ListItem\",\"position\":1,\"name\":\"Home\",\"item\":\"https:\/\/jugar-aviator.co\/\"},{\"@type\":\"ListItem\",\"position\":2,\"name\":\"\u0410\u0432\u0438\u0430\u0442\u043e\u0440 \u2014 \u0417\u0430\u0445\u0432\u0430\u0442\u044b\u0432\u0430\u044e\u0449\u0430\u044f \u0418\u0433\u0440\u0430 \u043e\u0442 Spribe\"}]},{\"@type\":\"WebSite\",\"@id\":\"https:\/\/jugar-aviator.co\/#website\",\"url\":\"https:\/\/jugar-aviator.co\/\",\"name\":\"Aviator\",\"description\":\"\",\"publisher\":{\"@id\":\"https:\/\/jugar-aviator.co\/#organization\"},\"potentialAction\":[{\"@type\":\"SearchAction\",\"target\":{\"@type\":\"EntryPoint\",\"urlTemplate\":\"https:\/\/jugar-aviator.co\/?s={search_term_string}\"},\"query-input\":{\"@type\":\"PropertyValueSpecification\",\"valueRequired\":true,\"valueName\":\"search_term_string\"}}],\"inLanguage\":\"es-ES\"},{\"@type\":\"Organization\",\"@id\":\"https:\/\/jugar-aviator.co\/#organization\",\"name\":\"Aviator\",\"url\":\"https:\/\/jugar-aviator.co\/\",\"logo\":{\"@type\":\"ImageObject\",\"inLanguage\":\"es-ES\",\"@id\":\"https:\/\/jugar-aviator.co\/#\/schema\/logo\/image\/\",\"url\":\"https:\/\/jugar-aviator.co\/wp-content\/uploads\/aviator-game.png\",\"contentUrl\":\"https:\/\/jugar-aviator.co\/wp-content\/uploads\/aviator-game.png\",\"width\":310,\"height\":139,\"caption\":\"Aviator\"},\"image\":{\"@id\":\"https:\/\/jugar-aviator.co\/#\/schema\/logo\/image\/\"}}]}<\/script>\n<!-- \/ Yoast SEO plugin. -->","yoast_head_json":{"title":"\u041a\u0440\u0430\u0448 \u0438\u0433\u0440\u0430 \u0410\u0432\u0438\u0430\u0442\u043e\u0440 \u043e\u0442 \u0441\u0442\u0443\u0434\u0438\u0438 Spribe","description":"Juega al juego en l\u00ednea Aviator gratis y por dinero real. Reglas del juego, mec\u00e1nica, descarga la aplicaci\u00f3n, preguntas frecuentes sobre el juego. Juega y gana ahora.","robots":{"index":"index","follow":"follow","max-snippet":"max-snippet:-1","max-image-preview":"max-image-preview:large","max-video-preview":"max-video-preview:-1"},"canonical":"https:\/\/jugar-aviator.co\/es\/","og_locale":"es_ES","og_type":"article","og_title":"\u041a\u0440\u0430\u0448 \u0438\u0433\u0440\u0430 \u0410\u0432\u0438\u0430\u0442\u043e\u0440 \u043e\u0442 \u0441\u0442\u0443\u0434\u0438\u0438 Spribe","og_description":"\u0418\u0433\u0440\u0430\u0442\u044c \u0432 \u043e\u043d\u043b\u0430\u0439\u043d \u0438\u0433\u0440\u0443 \u0410\u0432\u0438\u0430\u0442\u043e\u0440 \u0431\u0435\u0441\u043f\u043b\u0430\u0442\u043d\u043e \u0438 \u043d\u0430 \u0434\u0435\u043d\u044c\u0433\u0438. \u041f\u0440\u0430\u0432\u0438\u043b\u0430 \u0438\u0433\u0440\u044b, \u043c\u0435\u0445\u0430\u043d\u0438\u043a\u0430, \u0441\u043a\u0430\u0447\u0430\u0442\u044c \u043f\u0440\u0438\u043b\u043e\u0436\u0435\u043d\u0438\u0435, \u0447\u0430\u0441\u0442\u043e \u0437\u0430\u0434\u0430\u0432\u0430\u0435\u043c\u044b\u0435 \u0432\u043e\u043f\u0440\u043e\u0441\u044b \u043e\u0431 \u0438\u0433\u0440\u0435. \u0418\u0433\u0440\u0430\u0442\u044c \u0438 \u043f\u043e\u0431\u0435\u0436\u0434\u0430\u0442\u044c \u0441\u0435\u0439\u0447\u0430\u0441","og_url":"https:\/\/jugar-aviator.co\/es\/","og_site_name":"Aviator","article_modified_time":"2024-06-16T01:36:02+00:00","twitter_card":"summary_large_image","twitter_misc":{"Tiempo de lectura":"25 minutos"},"schema":{"@context":"https:\/\/schema.org","@graph":[{"@type":"WebPage","@id":"https:\/\/jugar-aviator.co\/","url":"https:\/\/jugar-aviator.co\/","name":"\u041a\u0440\u0430\u0448 \u0438\u0433\u0440\u0430 \u0410\u0432\u0438\u0430\u0442\u043e\u0440 \u043e\u0442 \u0441\u0442\u0443\u0434\u0438\u0438 Spribe","isPartOf":{"@id":"https:\/\/jugar-aviator.co\/#website"},"datePublished":"2024-05-21T13:16:23+00:00","dateModified":"2024-06-16T01:36:02+00:00","description":"\u0418\u0433\u0440\u0430\u0442\u044c \u0432 \u043e\u043d\u043b\u0430\u0439\u043d \u0438\u0433\u0440\u0443 \u0410\u0432\u0438\u0430\u0442\u043e\u0440 \u0431\u0435\u0441\u043f\u043b\u0430\u0442\u043d\u043e \u0438 \u043d\u0430 \u0434\u0435\u043d\u044c\u0433\u0438. \u041f\u0440\u0430\u0432\u0438\u043b\u0430 \u0438\u0433\u0440\u044b, \u043c\u0435\u0445\u0430\u043d\u0438\u043a\u0430, \u0441\u043a\u0430\u0447\u0430\u0442\u044c \u043f\u0440\u0438\u043b\u043e\u0436\u0435\u043d\u0438\u0435, \u0447\u0430\u0441\u0442\u043e \u0437\u0430\u0434\u0430\u0432\u0430\u0435\u043c\u044b\u0435 \u0432\u043e\u043f\u0440\u043e\u0441\u044b \u043e\u0431 \u0438\u0433\u0440\u0435. \u0418\u0433\u0440\u0430\u0442\u044c \u0438 \u043f\u043e\u0431\u0435\u0436\u0434\u0430\u0442\u044c \u0441\u0435\u0439\u0447\u0430\u0441","breadcrumb":{"@id":"https:\/\/jugar-aviator.co\/#breadcrumb"},"inLanguage":"es-ES","potentialAction":[{"@type":"ReadAction","target":["https:\/\/jugar-aviator.co\/"]}]},{"@type":"BreadcrumbList","@id":"https:\/\/jugar-aviator.co\/#breadcrumb","itemListElement":[{"@type":"ListItem","position":1,"name":"Home","item":"https:\/\/jugar-aviator.co\/"},{"@type":"ListItem","position":2,"name":"\u0410\u0432\u0438\u0430\u0442\u043e\u0440 \u2014 \u0417\u0430\u0445\u0432\u0430\u0442\u044b\u0432\u0430\u044e\u0449\u0430\u044f \u0418\u0433\u0440\u0430 \u043e\u0442 Spribe"}]},{"@type":"WebSite","@id":"https:\/\/jugar-aviator.co\/#website","url":"https:\/\/jugar-aviator.co\/","name":"Aviator","description":"","publisher":{"@id":"https:\/\/jugar-aviator.co\/#organization"},"potentialAction":[{"@type":"SearchAction","target":{"@type":"EntryPoint","urlTemplate":"https:\/\/jugar-aviator.co\/?s={search_term_string}"},"query-input":{"@type":"PropertyValueSpecification","valueRequired":true,"valueName":"search_term_string"}}],"inLanguage":"es-ES"},{"@type":"Organization","@id":"https:\/\/jugar-aviator.co\/#organization","name":"Aviator","url":"https:\/\/jugar-aviator.co\/","logo":{"@type":"ImageObject","inLanguage":"es-ES","@id":"https:\/\/jugar-aviator.co\/#\/schema\/logo\/image\/","url":"https:\/\/jugar-aviator.co\/wp-content\/uploads\/aviator-game.png","contentUrl":"https:\/\/jugar-aviator.co\/wp-content\/uploads\/aviator-game.png","width":310,"height":139,"caption":"Aviator"},"image":{"@id":"https:\/\/jugar-aviator.co\/#\/schema\/logo\/image\/"}}]}},"_links":{"self":[{"href":"https:\/\/jugar-aviator.co\/es\/wp-json\/wp\/v2\/pages\/8","targetHints":{"allow":["GET"]}}],"collection":[{"href":"https:\/\/jugar-aviator.co\/es\/wp-json\/wp\/v2\/pages"}],"about":[{"href":"https:\/\/jugar-aviator.co\/es\/wp-json\/wp\/v2\/types\/page"}],"author":[{"embeddable":true,"href":"https:\/\/jugar-aviator.co\/es\/wp-json\/wp\/v2\/users\/1"}],"replies":[{"embeddable":true,"href":"https:\/\/jugar-aviator.co\/es\/wp-json\/wp\/v2\/comments?post=8"}],"version-history":[{"count":22,"href":"https:\/\/jugar-aviator.co\/es\/wp-json\/wp\/v2\/pages\/8\/revisions"}],"predecessor-version":[{"id":228,"href":"https:\/\/jugar-aviator.co\/es\/wp-json\/wp\/v2\/pages\/8\/revisions\/228"}],"wp:attachment":[{"href":"https:\/\/jugar-aviator.co\/es\/wp-json\/wp\/v2\/media?parent=8"}],"curies":[{"name":"wp","href":"https:\/\/api.w.org\/{rel}","templated":true}]}}