{"id":15,"date":"2024-05-21T16:32:17","date_gmt":"2024-05-21T13:32:17","guid":{"rendered":"https:\/\/jugar-aviator.co\/?page_id=15"},"modified":"2024-06-16T05:00:54","modified_gmt":"2024-06-16T02:00:54","slug":"download-aviator-game","status":"publish","type":"page","link":"https:\/\/jugar-aviator.co\/fr\/download-aviator-game\/","title":{"rendered":"T\u00e9l\u00e9charger le jeu Aviator"},"content":{"rendered":"<p><span style=\"font-weight: 400;\">Aviator de Spribe a rapidement gagn\u00e9 en popularit\u00e9 gr\u00e2ce \u00e0 son gameplay captivant et aux opportunit\u00e9s de gain. Maintenant, vous avez la chance de profiter de ce jeu excitant sur divers appareils. Dans cette section, nous expliquerons comment t\u00e9l\u00e9charger Aviator sur Android, iPhone et ordinateur.<\/span><\/p>\n<h2><b>T\u00e9l\u00e9charger Aviator sur Android<\/b><\/h2>\n<p><span style=\"font-weight: 400;\">Pour les utilisateurs d&rsquo;appareils Android, Aviator est disponible au t\u00e9l\u00e9chargement et \u00e0 l&rsquo;installation. Suivez ces \u00e9tapes simples pour installer le jeu sur votre appareil :<\/span><\/p>\n<ol>\n<li style=\"font-weight: 400;\" aria-level=\"1\"><b>Acc\u00e9dez \u00e0 Google Play Store<\/b><span style=\"font-weight: 400;\"> :<\/span>\n<ul>\n<li style=\"font-weight: 400;\" aria-level=\"2\"><span style=\"font-weight: 400;\">Ouvrez l&rsquo;application Google Play Store sur votre appareil.<\/span><\/li>\n<li style=\"font-weight: 400;\" aria-level=\"2\"><span style=\"font-weight: 400;\">Dans la barre de recherche, tapez \u00ab\u00a0Aviator Spribe\u00a0\u00bb.<\/span><\/li>\n<\/ul>\n<\/li>\n<li style=\"font-weight: 400;\" aria-level=\"1\"><b>Recherchez le jeu<\/b><span style=\"font-weight: 400;\"> :<\/span>\n<ul>\n<li style=\"font-weight: 400;\" aria-level=\"2\"><span style=\"font-weight: 400;\">Dans la liste des r\u00e9sultats, s\u00e9lectionnez le jeu \u00ab\u00a0Aviator\u00a0\u00bb par le d\u00e9veloppeur Spribe.<\/span><\/li>\n<\/ul>\n<\/li>\n<li style=\"font-weight: 400;\" aria-level=\"1\"><b>Installez le jeu<\/b><span style=\"font-weight: 400;\"> :<\/span>\n<ul>\n<li style=\"font-weight: 400;\" aria-level=\"2\"><span style=\"font-weight: 400;\">Cliquez sur le bouton \u00ab\u00a0Installer\u00a0\u00bb.<\/span><\/li>\n<li style=\"font-weight: 400;\" aria-level=\"2\"><span style=\"font-weight: 400;\">Attendez que le t\u00e9l\u00e9chargement et l&rsquo;installation soient termin\u00e9s sur votre appareil.<\/span><\/li>\n<\/ul>\n<\/li>\n<li style=\"font-weight: 400;\" aria-level=\"1\"><b>Lancez le jeu<\/b><span style=\"font-weight: 400;\"> :<\/span>\n<ul>\n<li style=\"font-weight: 400;\" aria-level=\"2\"><span style=\"font-weight: 400;\">Apr\u00e8s l&rsquo;installation, ouvrez l&rsquo;application et commencez \u00e0 jouer \u00e0 Aviator sur votre appareil Android.<\/span><\/li>\n<\/ul>\n<\/li>\n<\/ol>\n<h2><b>T\u00e9l\u00e9charger Aviator sur iPhone<\/b><\/h2>\n<p><span style=\"font-weight: 400;\">Pour les propri\u00e9taires d&rsquo;appareils iOS, Aviator est \u00e9galement disponible au t\u00e9l\u00e9chargement. Suivez ces \u00e9tapes pour installer le jeu sur votre iPhone :<\/span><\/p>\n<ol>\n<li style=\"font-weight: 400;\" aria-level=\"1\"><b>Acc\u00e9dez \u00e0 l&rsquo;App Store<\/b><span style=\"font-weight: 400;\"> :<\/span>\n<ul>\n<li style=\"font-weight: 400;\" aria-level=\"2\"><span style=\"font-weight: 400;\">Ouvrez l&rsquo;application App Store sur votre iPhone.<\/span><\/li>\n<li style=\"font-weight: 400;\" aria-level=\"2\"><span style=\"font-weight: 400;\">Dans la barre de recherche, tapez \u00ab\u00a0Aviator Spribe\u00a0\u00bb.<\/span><\/li>\n<\/ul>\n<\/li>\n<li style=\"font-weight: 400;\" aria-level=\"1\"><b>Recherchez le jeu<\/b><span style=\"font-weight: 400;\"> :<\/span>\n<ul>\n<li style=\"font-weight: 400;\" aria-level=\"2\"><span style=\"font-weight: 400;\">Dans les r\u00e9sultats de recherche, s\u00e9lectionnez le jeu \u00ab\u00a0Aviator\u00a0\u00bb par le d\u00e9veloppeur Spribe.<\/span><\/li>\n<\/ul>\n<\/li>\n<li style=\"font-weight: 400;\" aria-level=\"1\"><b>Installez le jeu<\/b><span style=\"font-weight: 400;\"> :<\/span>\n<ul>\n<li style=\"font-weight: 400;\" aria-level=\"2\"><span style=\"font-weight: 400;\">Cliquez sur le bouton \u00ab\u00a0T\u00e9l\u00e9charger\u00a0\u00bb et confirmez l&rsquo;installation.<\/span><\/li>\n<li style=\"font-weight: 400;\" aria-level=\"2\"><span style=\"font-weight: 400;\">Attendez que le t\u00e9l\u00e9chargement et l&rsquo;installation soient termin\u00e9s.<\/span><\/li>\n<\/ul>\n<\/li>\n<li style=\"font-weight: 400;\" aria-level=\"1\"><b>Lancez le jeu<\/b><span style=\"font-weight: 400;\"> :<\/span>\n<ul>\n<li style=\"font-weight: 400;\" aria-level=\"2\"><span style=\"font-weight: 400;\">Ouvrez l&rsquo;application et commencez \u00e0 jouer \u00e0 Aviator sur votre iPhone.<\/span><\/li>\n<\/ul>\n<\/li>\n<\/ol>\n<h2><b>T\u00e9l\u00e9charger Aviator sur ordinateur<\/b><\/h2>\n<p><span style=\"font-weight: 400;\">Si vous pr\u00e9f\u00e9rez jouer \u00e0 Aviator sur un grand \u00e9cran, vous pouvez installer le jeu sur votre ordinateur. Voici comment proc\u00e9der :<\/span><\/p>\n<ol>\n<li style=\"font-weight: 400;\" aria-level=\"1\"><b>T\u00e9l\u00e9chargez un \u00e9mulateur Android<\/b><span style=\"font-weight: 400;\"> :<\/span>\n<ul>\n<li style=\"font-weight: 400;\" aria-level=\"2\"><span style=\"font-weight: 400;\">Pour ex\u00e9cuter le jeu sur votre ordinateur, vous aurez besoin d&rsquo;un \u00e9mulateur Android tel que BlueStacks ou NoxPlayer.<\/span><\/li>\n<li style=\"font-weight: 400;\" aria-level=\"2\"><span style=\"font-weight: 400;\">Allez sur le site officiel de l&rsquo;\u00e9mulateur choisi et t\u00e9l\u00e9chargez le fichier d&rsquo;installation.<\/span><\/li>\n<\/ul>\n<\/li>\n<li style=\"font-weight: 400;\" aria-level=\"1\"><b>Installez l&rsquo;\u00e9mulateur<\/b><span style=\"font-weight: 400;\"> :<\/span>\n<ul>\n<li style=\"font-weight: 400;\" aria-level=\"2\"><span style=\"font-weight: 400;\">Ex\u00e9cutez le fichier d&rsquo;installation et suivez les instructions \u00e0 l&rsquo;\u00e9cran pour installer l&rsquo;\u00e9mulateur sur votre ordinateur.<\/span><\/li>\n<\/ul>\n<\/li>\n<li style=\"font-weight: 400;\" aria-level=\"1\"><b>Configurez l&rsquo;\u00e9mulateur<\/b><span style=\"font-weight: 400;\"> :<\/span>\n<ul>\n<li style=\"font-weight: 400;\" aria-level=\"2\"><span style=\"font-weight: 400;\">Ouvrez l&rsquo;\u00e9mulateur et connectez-vous \u00e0 votre compte Google pour acc\u00e9der au Google Play Store.<\/span><\/li>\n<\/ul>\n<\/li>\n<li style=\"font-weight: 400;\" aria-level=\"1\"><b>T\u00e9l\u00e9chargez Aviator<\/b><span style=\"font-weight: 400;\"> :<\/span>\n<ul>\n<li style=\"font-weight: 400;\" aria-level=\"2\"><span style=\"font-weight: 400;\">Dans l&rsquo;\u00e9mulateur, ouvrez le Google Play Store et recherchez \u00ab\u00a0Aviator Spribe\u00a0\u00bb.<\/span><\/li>\n<li style=\"font-weight: 400;\" aria-level=\"2\"><span style=\"font-weight: 400;\">Trouvez le jeu et installez-le comme vous le feriez sur un appareil Android ordinaire.<\/span><\/li>\n<\/ul>\n<\/li>\n<li style=\"font-weight: 400;\" aria-level=\"1\"><b>Lancez le jeu<\/b><span style=\"font-weight: 400;\"> :<\/span>\n<ul>\n<li style=\"font-weight: 400;\" aria-level=\"2\"><span style=\"font-weight: 400;\">Apr\u00e8s l&rsquo;installation, ouvrez l&rsquo;application dans l&rsquo;\u00e9mulateur et profitez de jouer \u00e0 Aviator sur votre ordinateur.<\/span><\/li>\n<\/ul>\n<\/li>\n<\/ol>\n<p><span style=\"font-weight: 400;\">Maintenant, vous savez comment t\u00e9l\u00e9charger et installer Aviator sur Android, iPhone et ordinateur. Peu importe la plateforme que vous choisissez, vous pouvez profiter du gameplay captivant et tester votre chance dans ce populaire jeu de crash par Spribe. Bonne chance et amusez-vous bien!<\/span><\/p>\n","protected":false},"excerpt":{"rendered":"<p>Aviator de Spribe a rapidement gagn\u00e9 en popularit\u00e9 gr\u00e2ce \u00e0 son gameplay captivant et aux opportunit\u00e9s de gain. Maintenant, vous avez la chance de profiter de ce jeu excitant sur divers appareils. Dans cette section, nous expliquerons comment t\u00e9l\u00e9charger Aviator sur Android, iPhone et ordinateur. T\u00e9l\u00e9charger Aviator sur Android Pour les utilisateurs d&rsquo;appareils Android, Aviator&#8230;<\/p>\n","protected":false},"author":1,"featured_media":0,"parent":0,"menu_order":0,"comment_status":"closed","ping_status":"closed","template":"","meta":{"footnotes":""},"class_list":["post-15","page","type-page","status-publish","hentry"],"yoast_head":"<!-- This site is optimized with the Yoast SEO plugin v27.2 - https:\/\/yoast.com\/product\/yoast-seo-wordpress\/ -->\n<title>\u0421\u043a\u0430\u0447\u0430\u0442\u044c \u043f\u0440\u0438\u043b\u043e\u0436\u0435\u043d\u0438\u0435 \u0438\u0433\u0440\u044b \u0410\u0432\u0438\u0430\u0442\u043e\u0440<\/title>\n<meta name=\"description\" content=\"T\u00e9l\u00e9chargez le jeu Aviator sur Android, iPhone et ordinateur. T\u00e9l\u00e9chargez l&#039;application et jouez \u00e0 Aviator sur votre smartphone. Jouez dans l&#039;application de casino.\" \/>\n<meta name=\"robots\" content=\"index, follow, max-snippet:-1, max-image-preview:large, max-video-preview:-1\" \/>\n<link rel=\"canonical\" href=\"https:\/\/jugar-aviator.co\/fr\/download-aviator-game\/\" \/>\n<meta property=\"og:locale\" content=\"fr_FR\" \/>\n<meta property=\"og:locale:alternate\" content=\"ru_RU\" \/>\n<meta property=\"og:locale:alternate\" content=\"en_US\" \/>\n<meta property=\"og:locale:alternate\" content=\"pt_PT\" \/>\n<meta property=\"og:locale:alternate\" content=\"es_ES\" \/>\n<meta property=\"og:locale:alternate\" content=\"de_DE\" \/>\n<meta property=\"og:locale:alternate\" content=\"ro_RO\" \/>\n<meta property=\"og:locale:alternate\" content=\"sr_RS\" \/>\n<meta property=\"og:locale:alternate\" content=\"bg_BG\" \/>\n<meta property=\"og:locale:alternate\" content=\"pl_PL\" \/>\n<meta property=\"og:locale:alternate\" content=\"it_IT\" \/>\n<meta property=\"og:type\" content=\"article\" \/>\n<meta property=\"og:title\" content=\"\u0421\u043a\u0430\u0447\u0430\u0442\u044c \u043f\u0440\u0438\u043b\u043e\u0436\u0435\u043d\u0438\u0435 \u0438\u0433\u0440\u044b \u0410\u0432\u0438\u0430\u0442\u043e\u0440\" \/>\n<meta property=\"og:description\" content=\"\u0421\u043a\u0430\u0447\u0430\u0442\u044c \u0438\u0433\u0440\u0443 \u0410\u0432\u0438\u0430\u0442\u043e\u0440 \u043d\u0430 \u0430\u043d\u0434\u0440\u043e\u0438\u0434, \u0430\u0439\u0444\u043e\u043d \u0438 \u043a\u043e\u043c\u043f\u044c\u044e\u0442\u0435\u0440. \u0421\u043a\u0430\u0447\u0430\u0442\u044c \u043f\u0440\u0438\u043b\u043e\u0436\u0435\u043d\u0438\u0435 \u0438 \u0438\u0433\u0440\u0430\u0442\u044c \u0432 \u0410\u0432\u0438\u0430\u0442\u043e\u0440 \u043d\u0430 \u0441\u043c\u0430\u0440\u0442\u0444\u043e\u043d\u0435. \u0418\u0433\u0440\u0430\u0442\u044c \u0432 \u043f\u0440\u0438\u043b\u043e\u0436\u0435\u043d\u0438\u0438 \u043a\u0430\u0437\u0438\u043d\u043e\" \/>\n<meta property=\"og:url\" content=\"https:\/\/jugar-aviator.co\/fr\/download-aviator-game\/\" \/>\n<meta property=\"og:site_name\" content=\"Aviator\" \/>\n<meta property=\"article:modified_time\" content=\"2024-06-16T02:00:54+00:00\" \/>\n<meta name=\"twitter:card\" content=\"summary_large_image\" \/>\n<meta name=\"twitter:label1\" content=\"Dur\u00e9e de lecture estim\u00e9e\" \/>\n\t<meta name=\"twitter:data1\" content=\"19 minutes\" \/>\n<script type=\"application\/ld+json\" class=\"yoast-schema-graph\">{\"@context\":\"https:\/\/schema.org\",\"@graph\":[{\"@type\":\"WebPage\",\"@id\":\"https:\/\/jugar-aviator.co\/download-aviator-game\/\",\"url\":\"https:\/\/jugar-aviator.co\/download-aviator-game\/\",\"name\":\"\u0421\u043a\u0430\u0447\u0430\u0442\u044c \u043f\u0440\u0438\u043b\u043e\u0436\u0435\u043d\u0438\u0435 \u0438\u0433\u0440\u044b \u0410\u0432\u0438\u0430\u0442\u043e\u0440\",\"isPartOf\":{\"@id\":\"https:\/\/jugar-aviator.co\/#website\"},\"datePublished\":\"2024-05-21T13:32:17+00:00\",\"dateModified\":\"2024-06-16T02:00:54+00:00\",\"description\":\"\u0421\u043a\u0430\u0447\u0430\u0442\u044c \u0438\u0433\u0440\u0443 \u0410\u0432\u0438\u0430\u0442\u043e\u0440 \u043d\u0430 \u0430\u043d\u0434\u0440\u043e\u0438\u0434, \u0430\u0439\u0444\u043e\u043d \u0438 \u043a\u043e\u043c\u043f\u044c\u044e\u0442\u0435\u0440. \u0421\u043a\u0430\u0447\u0430\u0442\u044c \u043f\u0440\u0438\u043b\u043e\u0436\u0435\u043d\u0438\u0435 \u0438 \u0438\u0433\u0440\u0430\u0442\u044c \u0432 \u0410\u0432\u0438\u0430\u0442\u043e\u0440 \u043d\u0430 \u0441\u043c\u0430\u0440\u0442\u0444\u043e\u043d\u0435. \u0418\u0433\u0440\u0430\u0442\u044c \u0432 \u043f\u0440\u0438\u043b\u043e\u0436\u0435\u043d\u0438\u0438 \u043a\u0430\u0437\u0438\u043d\u043e\",\"breadcrumb\":{\"@id\":\"https:\/\/jugar-aviator.co\/download-aviator-game\/#breadcrumb\"},\"inLanguage\":\"fr-FR\",\"potentialAction\":[{\"@type\":\"ReadAction\",\"target\":[\"https:\/\/jugar-aviator.co\/download-aviator-game\/\"]}]},{\"@type\":\"BreadcrumbList\",\"@id\":\"https:\/\/jugar-aviator.co\/download-aviator-game\/#breadcrumb\",\"itemListElement\":[{\"@type\":\"ListItem\",\"position\":1,\"name\":\"Home\",\"item\":\"https:\/\/jugar-aviator.co\/\"},{\"@type\":\"ListItem\",\"position\":2,\"name\":\"\u0421\u043a\u0430\u0447\u0430\u0442\u044c \u0438\u0433\u0440\u0443 \u0410\u0432\u0438\u0430\u0442\u043e\u0440\"}]},{\"@type\":\"WebSite\",\"@id\":\"https:\/\/jugar-aviator.co\/#website\",\"url\":\"https:\/\/jugar-aviator.co\/\",\"name\":\"Aviator\",\"description\":\"\",\"publisher\":{\"@id\":\"https:\/\/jugar-aviator.co\/#organization\"},\"potentialAction\":[{\"@type\":\"SearchAction\",\"target\":{\"@type\":\"EntryPoint\",\"urlTemplate\":\"https:\/\/jugar-aviator.co\/?s={search_term_string}\"},\"query-input\":{\"@type\":\"PropertyValueSpecification\",\"valueRequired\":true,\"valueName\":\"search_term_string\"}}],\"inLanguage\":\"fr-FR\"},{\"@type\":\"Organization\",\"@id\":\"https:\/\/jugar-aviator.co\/#organization\",\"name\":\"Aviator\",\"url\":\"https:\/\/jugar-aviator.co\/\",\"logo\":{\"@type\":\"ImageObject\",\"inLanguage\":\"fr-FR\",\"@id\":\"https:\/\/jugar-aviator.co\/#\/schema\/logo\/image\/\",\"url\":\"https:\/\/jugar-aviator.co\/wp-content\/uploads\/aviator-game.png\",\"contentUrl\":\"https:\/\/jugar-aviator.co\/wp-content\/uploads\/aviator-game.png\",\"width\":310,\"height\":139,\"caption\":\"Aviator\"},\"image\":{\"@id\":\"https:\/\/jugar-aviator.co\/#\/schema\/logo\/image\/\"}}]}<\/script>\n<!-- \/ Yoast SEO plugin. -->","yoast_head_json":{"title":"\u0421\u043a\u0430\u0447\u0430\u0442\u044c \u043f\u0440\u0438\u043b\u043e\u0436\u0435\u043d\u0438\u0435 \u0438\u0433\u0440\u044b \u0410\u0432\u0438\u0430\u0442\u043e\u0440","description":"T\u00e9l\u00e9chargez le jeu Aviator sur Android, iPhone et ordinateur. T\u00e9l\u00e9chargez l'application et jouez \u00e0 Aviator sur votre smartphone. Jouez dans l'application de casino.","robots":{"index":"index","follow":"follow","max-snippet":"max-snippet:-1","max-image-preview":"max-image-preview:large","max-video-preview":"max-video-preview:-1"},"canonical":"https:\/\/jugar-aviator.co\/fr\/download-aviator-game\/","og_locale":"fr_FR","og_type":"article","og_title":"\u0421\u043a\u0430\u0447\u0430\u0442\u044c \u043f\u0440\u0438\u043b\u043e\u0436\u0435\u043d\u0438\u0435 \u0438\u0433\u0440\u044b \u0410\u0432\u0438\u0430\u0442\u043e\u0440","og_description":"\u0421\u043a\u0430\u0447\u0430\u0442\u044c \u0438\u0433\u0440\u0443 \u0410\u0432\u0438\u0430\u0442\u043e\u0440 \u043d\u0430 \u0430\u043d\u0434\u0440\u043e\u0438\u0434, \u0430\u0439\u0444\u043e\u043d \u0438 \u043a\u043e\u043c\u043f\u044c\u044e\u0442\u0435\u0440. \u0421\u043a\u0430\u0447\u0430\u0442\u044c \u043f\u0440\u0438\u043b\u043e\u0436\u0435\u043d\u0438\u0435 \u0438 \u0438\u0433\u0440\u0430\u0442\u044c \u0432 \u0410\u0432\u0438\u0430\u0442\u043e\u0440 \u043d\u0430 \u0441\u043c\u0430\u0440\u0442\u0444\u043e\u043d\u0435. \u0418\u0433\u0440\u0430\u0442\u044c \u0432 \u043f\u0440\u0438\u043b\u043e\u0436\u0435\u043d\u0438\u0438 \u043a\u0430\u0437\u0438\u043d\u043e","og_url":"https:\/\/jugar-aviator.co\/fr\/download-aviator-game\/","og_site_name":"Aviator","article_modified_time":"2024-06-16T02:00:54+00:00","twitter_card":"summary_large_image","twitter_misc":{"Dur\u00e9e de lecture estim\u00e9e":"19 minutes"},"schema":{"@context":"https:\/\/schema.org","@graph":[{"@type":"WebPage","@id":"https:\/\/jugar-aviator.co\/download-aviator-game\/","url":"https:\/\/jugar-aviator.co\/download-aviator-game\/","name":"\u0421\u043a\u0430\u0447\u0430\u0442\u044c \u043f\u0440\u0438\u043b\u043e\u0436\u0435\u043d\u0438\u0435 \u0438\u0433\u0440\u044b \u0410\u0432\u0438\u0430\u0442\u043e\u0440","isPartOf":{"@id":"https:\/\/jugar-aviator.co\/#website"},"datePublished":"2024-05-21T13:32:17+00:00","dateModified":"2024-06-16T02:00:54+00:00","description":"\u0421\u043a\u0430\u0447\u0430\u0442\u044c \u0438\u0433\u0440\u0443 \u0410\u0432\u0438\u0430\u0442\u043e\u0440 \u043d\u0430 \u0430\u043d\u0434\u0440\u043e\u0438\u0434, \u0430\u0439\u0444\u043e\u043d \u0438 \u043a\u043e\u043c\u043f\u044c\u044e\u0442\u0435\u0440. \u0421\u043a\u0430\u0447\u0430\u0442\u044c \u043f\u0440\u0438\u043b\u043e\u0436\u0435\u043d\u0438\u0435 \u0438 \u0438\u0433\u0440\u0430\u0442\u044c \u0432 \u0410\u0432\u0438\u0430\u0442\u043e\u0440 \u043d\u0430 \u0441\u043c\u0430\u0440\u0442\u0444\u043e\u043d\u0435. \u0418\u0433\u0440\u0430\u0442\u044c \u0432 \u043f\u0440\u0438\u043b\u043e\u0436\u0435\u043d\u0438\u0438 \u043a\u0430\u0437\u0438\u043d\u043e","breadcrumb":{"@id":"https:\/\/jugar-aviator.co\/download-aviator-game\/#breadcrumb"},"inLanguage":"fr-FR","potentialAction":[{"@type":"ReadAction","target":["https:\/\/jugar-aviator.co\/download-aviator-game\/"]}]},{"@type":"BreadcrumbList","@id":"https:\/\/jugar-aviator.co\/download-aviator-game\/#breadcrumb","itemListElement":[{"@type":"ListItem","position":1,"name":"Home","item":"https:\/\/jugar-aviator.co\/"},{"@type":"ListItem","position":2,"name":"\u0421\u043a\u0430\u0447\u0430\u0442\u044c \u0438\u0433\u0440\u0443 \u0410\u0432\u0438\u0430\u0442\u043e\u0440"}]},{"@type":"WebSite","@id":"https:\/\/jugar-aviator.co\/#website","url":"https:\/\/jugar-aviator.co\/","name":"Aviator","description":"","publisher":{"@id":"https:\/\/jugar-aviator.co\/#organization"},"potentialAction":[{"@type":"SearchAction","target":{"@type":"EntryPoint","urlTemplate":"https:\/\/jugar-aviator.co\/?s={search_term_string}"},"query-input":{"@type":"PropertyValueSpecification","valueRequired":true,"valueName":"search_term_string"}}],"inLanguage":"fr-FR"},{"@type":"Organization","@id":"https:\/\/jugar-aviator.co\/#organization","name":"Aviator","url":"https:\/\/jugar-aviator.co\/","logo":{"@type":"ImageObject","inLanguage":"fr-FR","@id":"https:\/\/jugar-aviator.co\/#\/schema\/logo\/image\/","url":"https:\/\/jugar-aviator.co\/wp-content\/uploads\/aviator-game.png","contentUrl":"https:\/\/jugar-aviator.co\/wp-content\/uploads\/aviator-game.png","width":310,"height":139,"caption":"Aviator"},"image":{"@id":"https:\/\/jugar-aviator.co\/#\/schema\/logo\/image\/"}}]}},"_links":{"self":[{"href":"https:\/\/jugar-aviator.co\/fr\/wp-json\/wp\/v2\/pages\/15","targetHints":{"allow":["GET"]}}],"collection":[{"href":"https:\/\/jugar-aviator.co\/fr\/wp-json\/wp\/v2\/pages"}],"about":[{"href":"https:\/\/jugar-aviator.co\/fr\/wp-json\/wp\/v2\/types\/page"}],"author":[{"embeddable":true,"href":"https:\/\/jugar-aviator.co\/fr\/wp-json\/wp\/v2\/users\/1"}],"replies":[{"embeddable":true,"href":"https:\/\/jugar-aviator.co\/fr\/wp-json\/wp\/v2\/comments?post=15"}],"version-history":[{"count":23,"href":"https:\/\/jugar-aviator.co\/fr\/wp-json\/wp\/v2\/pages\/15\/revisions"}],"predecessor-version":[{"id":226,"href":"https:\/\/jugar-aviator.co\/fr\/wp-json\/wp\/v2\/pages\/15\/revisions\/226"}],"wp:attachment":[{"href":"https:\/\/jugar-aviator.co\/fr\/wp-json\/wp\/v2\/media?parent=15"}],"curies":[{"name":"wp","href":"https:\/\/api.w.org\/{rel}","templated":true}]}}