{"id":22,"date":"2024-05-21T16:43:37","date_gmt":"2024-05-21T13:43:37","guid":{"rendered":"https:\/\/jugar-aviator.co\/?page_id=22"},"modified":"2024-06-16T04:45:43","modified_gmt":"2024-06-16T01:45:43","slug":"about-aviator-website","status":"publish","type":"page","link":"https:\/\/jugar-aviator.co\/fr\/about-aviator-website\/","title":{"rendered":"\u00c0 propos du site web Aviator"},"content":{"rendered":"<p><span style=\"font-weight: 400;\">Bienvenue sur notre site d\u00e9di\u00e9 au jeu Aviator ! Notre principal objectif est de rendre votre aventure de jeu encore meilleure et plus excitante. Nous nous effor\u00e7ons de vous fournir toutes les ressources n\u00e9cessaires pour que vous puissiez pleinement profiter du jeu.<\/span><\/p>\n<h2><b>Notre mission<\/b><\/h2>\n<p><span style=\"font-weight: 400;\">Nous avons cr\u00e9\u00e9 ce site pour rassembler toutes les informations importantes sur le jeu Aviator. Ici, vous trouverez :<\/span><\/p>\n<ul>\n<li style=\"font-weight: 400;\" aria-level=\"1\"><span style=\"font-weight: 400;\">Des guides d\u00e9taill\u00e9s et des conseils pour le jeu<\/span><\/li>\n<li style=\"font-weight: 400;\" aria-level=\"1\"><span style=\"font-weight: 400;\">Des avis sur diverses strat\u00e9gies et tactiques<\/span><\/li>\n<li style=\"font-weight: 400;\" aria-level=\"1\"><span style=\"font-weight: 400;\">Des r\u00e9ponses aux questions fr\u00e9quemment pos\u00e9es<\/span><\/li>\n<li style=\"font-weight: 400;\" aria-level=\"1\"><span style=\"font-weight: 400;\">Les derni\u00e8res nouvelles et mises \u00e0 jour<\/span><\/li>\n<\/ul>\n<h2><b>Communaut\u00e9 de joueurs<\/b><\/h2>\n<p><span style=\"font-weight: 400;\">Nous souhaitons \u00e9galement cr\u00e9er une communaut\u00e9 active de joueurs o\u00f9 vous pouvez partager vos impressions, exp\u00e9riences et strat\u00e9gies. Vos retours et suggestions nous aideront \u00e0 am\u00e9liorer le site et \u00e0 vous offrir encore plus d&rsquo;informations utiles.<\/span><\/p>\n<h2><b>Pourquoi nous choisir ?<\/b><\/h2>\n<p><span style=\"font-weight: 400;\">Notre site est une source fiable d&rsquo;informations sur le jeu Aviator. Nous mettons r\u00e9guli\u00e8rement \u00e0 jour le contenu pour que vous soyez toujours au courant des derni\u00e8res nouvelles et changements dans le jeu. Nous nous effor\u00e7ons de rendre votre exp\u00e9rience de jeu aussi confortable et int\u00e9ressante que possible.<\/span><br \/>\n<span style=\"font-weight: 400;\">Rejoignez notre communaut\u00e9 et rendons ensemble le jeu Aviator encore meilleur !<\/span><\/p>\n","protected":false},"excerpt":{"rendered":"<p>Bienvenue sur notre site d\u00e9di\u00e9 au jeu Aviator ! Notre principal objectif est de rendre votre aventure de jeu encore meilleure et plus excitante. Nous nous effor\u00e7ons de vous fournir toutes les ressources n\u00e9cessaires pour que vous puissiez pleinement profiter du jeu. Notre mission Nous avons cr\u00e9\u00e9 ce site pour rassembler toutes les informations importantes&#8230;<\/p>\n","protected":false},"author":1,"featured_media":0,"parent":0,"menu_order":0,"comment_status":"closed","ping_status":"closed","template":"","meta":{"footnotes":""},"class_list":["post-22","page","type-page","status-publish","hentry"],"yoast_head":"<!-- This site is optimized with the Yoast SEO plugin v27.2 - https:\/\/yoast.com\/product\/yoast-seo-wordpress\/ -->\n<title>\u041e \u0441\u0430\u0439\u0442\u0435 \u0410\u0432\u0438\u0430\u0442\u043e\u0440<\/title>\n<meta name=\"description\" content=\"Nous avons rassembl\u00e9 les meilleures informations sur le jeu Aviator. Bienvenue sur le site Aviator.\" \/>\n<meta name=\"robots\" content=\"index, follow, max-snippet:-1, max-image-preview:large, max-video-preview:-1\" \/>\n<link rel=\"canonical\" href=\"https:\/\/jugar-aviator.co\/fr\/about-aviator-website\/\" \/>\n<meta property=\"og:locale\" content=\"fr_FR\" \/>\n<meta property=\"og:locale:alternate\" content=\"ru_RU\" \/>\n<meta property=\"og:locale:alternate\" content=\"en_US\" \/>\n<meta property=\"og:locale:alternate\" content=\"pt_PT\" \/>\n<meta property=\"og:locale:alternate\" content=\"es_ES\" \/>\n<meta property=\"og:locale:alternate\" content=\"de_DE\" \/>\n<meta property=\"og:locale:alternate\" content=\"ro_RO\" \/>\n<meta property=\"og:locale:alternate\" content=\"sr_RS\" \/>\n<meta property=\"og:locale:alternate\" content=\"bg_BG\" \/>\n<meta property=\"og:locale:alternate\" content=\"pl_PL\" \/>\n<meta property=\"og:locale:alternate\" content=\"it_IT\" \/>\n<meta property=\"og:type\" content=\"article\" \/>\n<meta property=\"og:title\" content=\"\u041e \u0441\u0430\u0439\u0442\u0435 \u0410\u0432\u0438\u0430\u0442\u043e\u0440\" \/>\n<meta property=\"og:description\" content=\"\u041c\u044b \u0441\u043e\u0431\u0440\u0430\u043b\u0438 \u0441\u0430\u043c\u0443\u044e \u043b\u0443\u0447\u0448\u0443\u044e \u0438\u043d\u0444\u043e\u0440\u043c\u0430\u0446\u0438\u044e \u043e\u0431 \u0438\u0433\u0440\u0435 \u0410\u0432\u0438\u0430\u0442\u043e\u0440. \u0414\u043e\u0431\u0440\u043e \u043f\u043e\u0436\u0430\u043b\u043e\u0432\u0430\u0442\u044c \u043d\u0430 \u0441\u0430\u0439\u0442 \u043e\u0431 \u0410\u0432\u0438\u0430\u0442\u043e\u0440\u0435\" \/>\n<meta property=\"og:url\" content=\"https:\/\/jugar-aviator.co\/fr\/about-aviator-website\/\" \/>\n<meta property=\"og:site_name\" content=\"Aviator\" \/>\n<meta property=\"article:modified_time\" content=\"2024-06-16T01:45:43+00:00\" \/>\n<meta name=\"twitter:card\" content=\"summary_large_image\" \/>\n<meta name=\"twitter:label1\" content=\"Dur\u00e9e de lecture estim\u00e9e\" \/>\n\t<meta name=\"twitter:data1\" content=\"8 minutes\" \/>\n<script type=\"application\/ld+json\" class=\"yoast-schema-graph\">{\"@context\":\"https:\/\/schema.org\",\"@graph\":[{\"@type\":\"WebPage\",\"@id\":\"https:\/\/jugar-aviator.co\/about-aviator-website\/\",\"url\":\"https:\/\/jugar-aviator.co\/about-aviator-website\/\",\"name\":\"\u041e \u0441\u0430\u0439\u0442\u0435 \u0410\u0432\u0438\u0430\u0442\u043e\u0440\",\"isPartOf\":{\"@id\":\"https:\/\/jugar-aviator.co\/#website\"},\"datePublished\":\"2024-05-21T13:43:37+00:00\",\"dateModified\":\"2024-06-16T01:45:43+00:00\",\"description\":\"\u041c\u044b \u0441\u043e\u0431\u0440\u0430\u043b\u0438 \u0441\u0430\u043c\u0443\u044e \u043b\u0443\u0447\u0448\u0443\u044e \u0438\u043d\u0444\u043e\u0440\u043c\u0430\u0446\u0438\u044e \u043e\u0431 \u0438\u0433\u0440\u0435 \u0410\u0432\u0438\u0430\u0442\u043e\u0440. \u0414\u043e\u0431\u0440\u043e \u043f\u043e\u0436\u0430\u043b\u043e\u0432\u0430\u0442\u044c \u043d\u0430 \u0441\u0430\u0439\u0442 \u043e\u0431 \u0410\u0432\u0438\u0430\u0442\u043e\u0440\u0435\",\"breadcrumb\":{\"@id\":\"https:\/\/jugar-aviator.co\/about-aviator-website\/#breadcrumb\"},\"inLanguage\":\"fr-FR\",\"potentialAction\":[{\"@type\":\"ReadAction\",\"target\":[\"https:\/\/jugar-aviator.co\/about-aviator-website\/\"]}]},{\"@type\":\"BreadcrumbList\",\"@id\":\"https:\/\/jugar-aviator.co\/about-aviator-website\/#breadcrumb\",\"itemListElement\":[{\"@type\":\"ListItem\",\"position\":1,\"name\":\"Home\",\"item\":\"https:\/\/jugar-aviator.co\/\"},{\"@type\":\"ListItem\",\"position\":2,\"name\":\"\u041e \u0441\u0430\u0439\u0442\u0435 \u0410\u0432\u0438\u0430\u0442\u043e\u0440\"}]},{\"@type\":\"WebSite\",\"@id\":\"https:\/\/jugar-aviator.co\/#website\",\"url\":\"https:\/\/jugar-aviator.co\/\",\"name\":\"Aviator\",\"description\":\"\",\"publisher\":{\"@id\":\"https:\/\/jugar-aviator.co\/#organization\"},\"potentialAction\":[{\"@type\":\"SearchAction\",\"target\":{\"@type\":\"EntryPoint\",\"urlTemplate\":\"https:\/\/jugar-aviator.co\/?s={search_term_string}\"},\"query-input\":{\"@type\":\"PropertyValueSpecification\",\"valueRequired\":true,\"valueName\":\"search_term_string\"}}],\"inLanguage\":\"fr-FR\"},{\"@type\":\"Organization\",\"@id\":\"https:\/\/jugar-aviator.co\/#organization\",\"name\":\"Aviator\",\"url\":\"https:\/\/jugar-aviator.co\/\",\"logo\":{\"@type\":\"ImageObject\",\"inLanguage\":\"fr-FR\",\"@id\":\"https:\/\/jugar-aviator.co\/#\/schema\/logo\/image\/\",\"url\":\"https:\/\/jugar-aviator.co\/wp-content\/uploads\/aviator-game.png\",\"contentUrl\":\"https:\/\/jugar-aviator.co\/wp-content\/uploads\/aviator-game.png\",\"width\":310,\"height\":139,\"caption\":\"Aviator\"},\"image\":{\"@id\":\"https:\/\/jugar-aviator.co\/#\/schema\/logo\/image\/\"}}]}<\/script>\n<!-- \/ Yoast SEO plugin. -->","yoast_head_json":{"title":"\u041e \u0441\u0430\u0439\u0442\u0435 \u0410\u0432\u0438\u0430\u0442\u043e\u0440","description":"Nous avons rassembl\u00e9 les meilleures informations sur le jeu Aviator. Bienvenue sur le site Aviator.","robots":{"index":"index","follow":"follow","max-snippet":"max-snippet:-1","max-image-preview":"max-image-preview:large","max-video-preview":"max-video-preview:-1"},"canonical":"https:\/\/jugar-aviator.co\/fr\/about-aviator-website\/","og_locale":"fr_FR","og_type":"article","og_title":"\u041e \u0441\u0430\u0439\u0442\u0435 \u0410\u0432\u0438\u0430\u0442\u043e\u0440","og_description":"\u041c\u044b \u0441\u043e\u0431\u0440\u0430\u043b\u0438 \u0441\u0430\u043c\u0443\u044e \u043b\u0443\u0447\u0448\u0443\u044e \u0438\u043d\u0444\u043e\u0440\u043c\u0430\u0446\u0438\u044e \u043e\u0431 \u0438\u0433\u0440\u0435 \u0410\u0432\u0438\u0430\u0442\u043e\u0440. \u0414\u043e\u0431\u0440\u043e \u043f\u043e\u0436\u0430\u043b\u043e\u0432\u0430\u0442\u044c \u043d\u0430 \u0441\u0430\u0439\u0442 \u043e\u0431 \u0410\u0432\u0438\u0430\u0442\u043e\u0440\u0435","og_url":"https:\/\/jugar-aviator.co\/fr\/about-aviator-website\/","og_site_name":"Aviator","article_modified_time":"2024-06-16T01:45:43+00:00","twitter_card":"summary_large_image","twitter_misc":{"Dur\u00e9e de lecture estim\u00e9e":"8 minutes"},"schema":{"@context":"https:\/\/schema.org","@graph":[{"@type":"WebPage","@id":"https:\/\/jugar-aviator.co\/about-aviator-website\/","url":"https:\/\/jugar-aviator.co\/about-aviator-website\/","name":"\u041e \u0441\u0430\u0439\u0442\u0435 \u0410\u0432\u0438\u0430\u0442\u043e\u0440","isPartOf":{"@id":"https:\/\/jugar-aviator.co\/#website"},"datePublished":"2024-05-21T13:43:37+00:00","dateModified":"2024-06-16T01:45:43+00:00","description":"\u041c\u044b \u0441\u043e\u0431\u0440\u0430\u043b\u0438 \u0441\u0430\u043c\u0443\u044e \u043b\u0443\u0447\u0448\u0443\u044e \u0438\u043d\u0444\u043e\u0440\u043c\u0430\u0446\u0438\u044e \u043e\u0431 \u0438\u0433\u0440\u0435 \u0410\u0432\u0438\u0430\u0442\u043e\u0440. \u0414\u043e\u0431\u0440\u043e \u043f\u043e\u0436\u0430\u043b\u043e\u0432\u0430\u0442\u044c \u043d\u0430 \u0441\u0430\u0439\u0442 \u043e\u0431 \u0410\u0432\u0438\u0430\u0442\u043e\u0440\u0435","breadcrumb":{"@id":"https:\/\/jugar-aviator.co\/about-aviator-website\/#breadcrumb"},"inLanguage":"fr-FR","potentialAction":[{"@type":"ReadAction","target":["https:\/\/jugar-aviator.co\/about-aviator-website\/"]}]},{"@type":"BreadcrumbList","@id":"https:\/\/jugar-aviator.co\/about-aviator-website\/#breadcrumb","itemListElement":[{"@type":"ListItem","position":1,"name":"Home","item":"https:\/\/jugar-aviator.co\/"},{"@type":"ListItem","position":2,"name":"\u041e \u0441\u0430\u0439\u0442\u0435 \u0410\u0432\u0438\u0430\u0442\u043e\u0440"}]},{"@type":"WebSite","@id":"https:\/\/jugar-aviator.co\/#website","url":"https:\/\/jugar-aviator.co\/","name":"Aviator","description":"","publisher":{"@id":"https:\/\/jugar-aviator.co\/#organization"},"potentialAction":[{"@type":"SearchAction","target":{"@type":"EntryPoint","urlTemplate":"https:\/\/jugar-aviator.co\/?s={search_term_string}"},"query-input":{"@type":"PropertyValueSpecification","valueRequired":true,"valueName":"search_term_string"}}],"inLanguage":"fr-FR"},{"@type":"Organization","@id":"https:\/\/jugar-aviator.co\/#organization","name":"Aviator","url":"https:\/\/jugar-aviator.co\/","logo":{"@type":"ImageObject","inLanguage":"fr-FR","@id":"https:\/\/jugar-aviator.co\/#\/schema\/logo\/image\/","url":"https:\/\/jugar-aviator.co\/wp-content\/uploads\/aviator-game.png","contentUrl":"https:\/\/jugar-aviator.co\/wp-content\/uploads\/aviator-game.png","width":310,"height":139,"caption":"Aviator"},"image":{"@id":"https:\/\/jugar-aviator.co\/#\/schema\/logo\/image\/"}}]}},"_links":{"self":[{"href":"https:\/\/jugar-aviator.co\/fr\/wp-json\/wp\/v2\/pages\/22","targetHints":{"allow":["GET"]}}],"collection":[{"href":"https:\/\/jugar-aviator.co\/fr\/wp-json\/wp\/v2\/pages"}],"about":[{"href":"https:\/\/jugar-aviator.co\/fr\/wp-json\/wp\/v2\/types\/page"}],"author":[{"embeddable":true,"href":"https:\/\/jugar-aviator.co\/fr\/wp-json\/wp\/v2\/users\/1"}],"replies":[{"embeddable":true,"href":"https:\/\/jugar-aviator.co\/fr\/wp-json\/wp\/v2\/comments?post=22"}],"version-history":[{"count":24,"href":"https:\/\/jugar-aviator.co\/fr\/wp-json\/wp\/v2\/pages\/22\/revisions"}],"predecessor-version":[{"id":43,"href":"https:\/\/jugar-aviator.co\/fr\/wp-json\/wp\/v2\/pages\/22\/revisions\/43"}],"wp:attachment":[{"href":"https:\/\/jugar-aviator.co\/fr\/wp-json\/wp\/v2\/media?parent=22"}],"curies":[{"name":"wp","href":"https:\/\/api.w.org\/{rel}","templated":true}]}}