{"id":3,"date":"2024-05-21T16:10:39","date_gmt":"2024-05-21T13:10:39","guid":{"rendered":"https:\/\/jugar-aviator.co\/?page_id=3"},"modified":"2024-06-16T04:52:19","modified_gmt":"2024-06-16T01:52:19","slug":"privacy-policy","status":"publish","type":"page","link":"https:\/\/jugar-aviator.co\/fr\/privacy-policy\/","title":{"rendered":"Politique de confidentialit\u00e9"},"content":{"rendered":"<ol>\n<li><b>Introduction<\/b><\/li>\n<\/ol>\n<p><span style=\"font-weight: 400;\">Bienvenue sur notre site d\u00e9di\u00e9 au jeu Aviator. Nous respectons votre vie priv\u00e9e et nous nous engageons \u00e0 prot\u00e9ger vos informations personnelles. Cette politique de confidentialit\u00e9 explique quelles donn\u00e9es nous collectons, comment nous les utilisons et comment nous en assurons la s\u00e9curit\u00e9.<\/span><\/p>\n<ol start=\"2\">\n<li><b>Collecte d&rsquo;informations<\/b><\/li>\n<\/ol>\n<p><b>Informations personnelles<\/b><\/p>\n<p><span style=\"font-weight: 400;\">Nous pouvons collecter les informations personnelles suivantes :<\/span><\/p>\n<ul>\n<li style=\"font-weight: 400;\" aria-level=\"1\"><span style=\"font-weight: 400;\">Nom et pr\u00e9nom<\/span><\/li>\n<li style=\"font-weight: 400;\" aria-level=\"1\"><span style=\"font-weight: 400;\">Adresse e-mail<\/span><\/li>\n<li style=\"font-weight: 400;\" aria-level=\"1\"><span style=\"font-weight: 400;\">Num\u00e9ro de t\u00e9l\u00e9phone<\/span><\/li>\n<li style=\"font-weight: 400;\" aria-level=\"1\"><span style=\"font-weight: 400;\">Autres coordonn\u00e9es que vous fournissez<\/span><\/li>\n<\/ul>\n<p><b>Informations non personnelles<\/b><\/p>\n<p><span style=\"font-weight: 400;\">Nous pouvons \u00e9galement collecter des informations non personnelles telles que :<\/span><\/p>\n<ul>\n<li style=\"font-weight: 400;\" aria-level=\"1\"><span style=\"font-weight: 400;\">Type de navigateur<\/span><\/li>\n<li style=\"font-weight: 400;\" aria-level=\"1\"><span style=\"font-weight: 400;\">Langue du navigateur<\/span><\/li>\n<li style=\"font-weight: 400;\" aria-level=\"1\"><span style=\"font-weight: 400;\">Heure d&rsquo;acc\u00e8s<\/span><\/li>\n<li style=\"font-weight: 400;\" aria-level=\"1\"><span style=\"font-weight: 400;\">Adresses des pages visit\u00e9es<\/span><\/li>\n<\/ul>\n<ol start=\"3\">\n<li><b>Utilisation des informations<\/b><\/li>\n<\/ol>\n<p><span style=\"font-weight: 400;\">Nous utilisons les informations collect\u00e9es pour :<\/span><\/p>\n<ul>\n<li style=\"font-weight: 400;\" aria-level=\"1\"><span style=\"font-weight: 400;\">Fournir et am\u00e9liorer nos services<\/span><\/li>\n<li style=\"font-weight: 400;\" aria-level=\"1\"><span style=\"font-weight: 400;\">Traiter vos demandes et questions<\/span><\/li>\n<li style=\"font-weight: 400;\" aria-level=\"1\"><span style=\"font-weight: 400;\">Personnaliser votre exp\u00e9rience sur notre site<\/span><\/li>\n<li style=\"font-weight: 400;\" aria-level=\"1\"><span style=\"font-weight: 400;\">Envoyer des nouvelles, des mises \u00e0 jour et d&rsquo;autres informations li\u00e9es au jeu Aviator<\/span><\/li>\n<\/ul>\n<ol start=\"4\">\n<li><b>Protection des informations<\/b><\/li>\n<\/ol>\n<p><span style=\"font-weight: 400;\">Nous prenons toutes les mesures n\u00e9cessaires pour prot\u00e9ger vos informations personnelles contre tout acc\u00e8s non autoris\u00e9, modification, divulgation ou destruction. Nous utilisons des m\u00e9thodes de cryptage fiables et des serveurs s\u00e9curis\u00e9s pour stocker vos donn\u00e9es.<\/span><\/p>\n<ol start=\"5\">\n<li><b>Fichiers cookies<\/b><\/li>\n<\/ol>\n<p><span style=\"font-weight: 400;\">Notre site utilise des fichiers cookies pour am\u00e9liorer votre exp\u00e9rience utilisateur. Les fichiers cookies nous aident \u00e0 :<\/span><\/p>\n<ul>\n<li style=\"font-weight: 400;\" aria-level=\"1\"><span style=\"font-weight: 400;\">Analyser le trafic sur le site<\/span><\/li>\n<li style=\"font-weight: 400;\" aria-level=\"1\"><span style=\"font-weight: 400;\">M\u00e9moriser vos pr\u00e9f\u00e9rences et param\u00e8tres<\/span><\/li>\n<li style=\"font-weight: 400;\" aria-level=\"1\"><span style=\"font-weight: 400;\">Assurer la s\u00e9curit\u00e9<\/span><\/li>\n<\/ul>\n<p><span style=\"font-weight: 400;\">Vous pouvez g\u00e9rer les fichiers cookies via les param\u00e8tres de votre navigateur.<\/span><\/p>\n<ol start=\"6\">\n<li><b>Transmission des donn\u00e9es \u00e0 des tiers<\/b><\/li>\n<\/ol>\n<p><span style=\"font-weight: 400;\">Nous ne vendons, n&rsquo;\u00e9changeons ni ne transf\u00e9rons vos informations personnelles \u00e0 des tiers sans votre consentement, sauf si n\u00e9cessaire pour :<\/span><\/p>\n<ul>\n<li style=\"font-weight: 400;\" aria-level=\"1\"><span style=\"font-weight: 400;\">Se conformer aux lois et exigences r\u00e9glementaires<\/span><\/li>\n<li style=\"font-weight: 400;\" aria-level=\"1\"><span style=\"font-weight: 400;\">Prot\u00e9ger nos droits et biens<\/span><\/li>\n<li style=\"font-weight: 400;\" aria-level=\"1\"><span style=\"font-weight: 400;\">Fournir des services par l&rsquo;interm\u00e9diaire de partenaires de confiance qui sont tenus de respecter notre politique de confidentialit\u00e9<\/span><\/li>\n<\/ul>\n<ol start=\"7\">\n<li><b>Liens vers des sites tiers<\/b><\/li>\n<\/ol>\n<p><span style=\"font-weight: 400;\">Notre site peut contenir des liens vers des sites tiers. Nous ne sommes pas responsables de la politique de confidentialit\u00e9 et du contenu de ces sites. Nous vous recommandons de consulter la politique de confidentialit\u00e9 de chaque site que vous visitez.<\/span><\/p>\n<ol start=\"8\">\n<li><b>Modifications de la politique de confidentialit\u00e9<\/b><\/li>\n<\/ol>\n<p><span style=\"font-weight: 400;\">Nous nous r\u00e9servons le droit de mettre \u00e0 jour cette politique de confidentialit\u00e9 \u00e0 tout moment. Nous vous informerons de tout changement en publiant une nouvelle version sur notre site. Nous vous recommandons de v\u00e9rifier r\u00e9guli\u00e8rement cette page pour vous tenir inform\u00e9 des modifications.<\/span><\/p>\n<p><span style=\"font-weight: 400;\">Merci de choisir notre site ! Nous nous effor\u00e7ons d&rsquo;assurer votre vie priv\u00e9e et votre s\u00e9curit\u00e9.<\/span><\/p>\n","protected":false},"excerpt":{"rendered":"<p>Introduction Bienvenue sur notre site d\u00e9di\u00e9 au jeu Aviator. Nous respectons votre vie priv\u00e9e et nous nous engageons \u00e0 prot\u00e9ger vos informations personnelles. Cette politique de confidentialit\u00e9 explique quelles donn\u00e9es nous collectons, comment nous les utilisons et comment nous en assurons la s\u00e9curit\u00e9. Collecte d&rsquo;informations Informations personnelles Nous pouvons collecter les informations personnelles suivantes :&#8230;<\/p>\n","protected":false},"author":1,"featured_media":0,"parent":0,"menu_order":0,"comment_status":"closed","ping_status":"closed","template":"","meta":{"footnotes":""},"class_list":["post-3","page","type-page","status-publish","hentry"],"yoast_head":"<!-- This site is optimized with the Yoast SEO plugin v27.2 - https:\/\/yoast.com\/product\/yoast-seo-wordpress\/ -->\n<title>Politique de confidentialit\u00e9 du site Aviator<\/title>\n<meta name=\"description\" content=\"Politique de confidentialit\u00e9\" \/>\n<meta name=\"robots\" content=\"index, follow, max-snippet:-1, max-image-preview:large, max-video-preview:-1\" \/>\n<link rel=\"canonical\" href=\"https:\/\/jugar-aviator.co\/fr\/privacy-policy\/\" \/>\n<meta property=\"og:locale\" content=\"fr_FR\" \/>\n<meta property=\"og:locale:alternate\" content=\"ru_RU\" \/>\n<meta property=\"og:locale:alternate\" content=\"en_US\" \/>\n<meta property=\"og:locale:alternate\" content=\"pt_PT\" \/>\n<meta property=\"og:locale:alternate\" content=\"es_ES\" \/>\n<meta property=\"og:locale:alternate\" content=\"de_DE\" \/>\n<meta property=\"og:locale:alternate\" content=\"ro_RO\" \/>\n<meta property=\"og:locale:alternate\" content=\"sr_RS\" \/>\n<meta property=\"og:locale:alternate\" content=\"bg_BG\" \/>\n<meta property=\"og:locale:alternate\" content=\"pl_PL\" \/>\n<meta property=\"og:locale:alternate\" content=\"it_IT\" \/>\n<meta property=\"og:type\" content=\"article\" \/>\n<meta property=\"og:title\" content=\"Politique de confidentialit\u00e9 du site Aviator\" \/>\n<meta property=\"og:description\" content=\"Politique de confidentialit\u00e9\" \/>\n<meta property=\"og:url\" content=\"https:\/\/jugar-aviator.co\/fr\/privacy-policy\/\" \/>\n<meta property=\"og:site_name\" content=\"Aviator\" \/>\n<meta property=\"article:modified_time\" content=\"2024-06-16T01:52:19+00:00\" \/>\n<meta name=\"twitter:card\" content=\"summary_large_image\" \/>\n<meta name=\"twitter:label1\" content=\"Dur\u00e9e de lecture estim\u00e9e\" \/>\n\t<meta name=\"twitter:data1\" content=\"15 minutes\" \/>\n<script type=\"application\/ld+json\" class=\"yoast-schema-graph\">{\"@context\":\"https:\/\/schema.org\",\"@graph\":[{\"@type\":\"WebPage\",\"@id\":\"https:\/\/jugar-aviator.co\/fr\/privacy-policy\/\",\"url\":\"https:\/\/jugar-aviator.co\/fr\/privacy-policy\/\",\"name\":\"Politique de confidentialit\u00e9 du site Aviator\",\"isPartOf\":{\"@id\":\"https:\/\/jugar-aviator.co\/#website\"},\"datePublished\":\"2024-05-21T13:10:39+00:00\",\"dateModified\":\"2024-06-16T01:52:19+00:00\",\"description\":\"Politique de confidentialit\u00e9\",\"breadcrumb\":{\"@id\":\"https:\/\/jugar-aviator.co\/fr\/privacy-policy\/#breadcrumb\"},\"inLanguage\":\"fr-FR\",\"potentialAction\":[{\"@type\":\"ReadAction\",\"target\":[\"https:\/\/jugar-aviator.co\/fr\/privacy-policy\/\"]}]},{\"@type\":\"BreadcrumbList\",\"@id\":\"https:\/\/jugar-aviator.co\/fr\/privacy-policy\/#breadcrumb\",\"itemListElement\":[{\"@type\":\"ListItem\",\"position\":1,\"name\":\"Home\",\"item\":\"https:\/\/jugar-aviator.co\/\"},{\"@type\":\"ListItem\",\"position\":2,\"name\":\"Politique de confidentialit\u00e9\"}]},{\"@type\":\"WebSite\",\"@id\":\"https:\/\/jugar-aviator.co\/#website\",\"url\":\"https:\/\/jugar-aviator.co\/\",\"name\":\"Aviator\",\"description\":\"\",\"publisher\":{\"@id\":\"https:\/\/jugar-aviator.co\/#organization\"},\"potentialAction\":[{\"@type\":\"SearchAction\",\"target\":{\"@type\":\"EntryPoint\",\"urlTemplate\":\"https:\/\/jugar-aviator.co\/?s={search_term_string}\"},\"query-input\":{\"@type\":\"PropertyValueSpecification\",\"valueRequired\":true,\"valueName\":\"search_term_string\"}}],\"inLanguage\":\"fr-FR\"},{\"@type\":\"Organization\",\"@id\":\"https:\/\/jugar-aviator.co\/#organization\",\"name\":\"Aviator\",\"url\":\"https:\/\/jugar-aviator.co\/\",\"logo\":{\"@type\":\"ImageObject\",\"inLanguage\":\"fr-FR\",\"@id\":\"https:\/\/jugar-aviator.co\/#\/schema\/logo\/image\/\",\"url\":\"https:\/\/jugar-aviator.co\/wp-content\/uploads\/aviator-game.png\",\"contentUrl\":\"https:\/\/jugar-aviator.co\/wp-content\/uploads\/aviator-game.png\",\"width\":310,\"height\":139,\"caption\":\"Aviator\"},\"image\":{\"@id\":\"https:\/\/jugar-aviator.co\/#\/schema\/logo\/image\/\"}}]}<\/script>\n<!-- \/ Yoast SEO plugin. -->","yoast_head_json":{"title":"Politique de confidentialit\u00e9 du site Aviator","description":"Politique de confidentialit\u00e9","robots":{"index":"index","follow":"follow","max-snippet":"max-snippet:-1","max-image-preview":"max-image-preview:large","max-video-preview":"max-video-preview:-1"},"canonical":"https:\/\/jugar-aviator.co\/fr\/privacy-policy\/","og_locale":"fr_FR","og_type":"article","og_title":"Politique de confidentialit\u00e9 du site Aviator","og_description":"Politique de confidentialit\u00e9","og_url":"https:\/\/jugar-aviator.co\/fr\/privacy-policy\/","og_site_name":"Aviator","article_modified_time":"2024-06-16T01:52:19+00:00","twitter_card":"summary_large_image","twitter_misc":{"Dur\u00e9e de lecture estim\u00e9e":"15 minutes"},"schema":{"@context":"https:\/\/schema.org","@graph":[{"@type":"WebPage","@id":"https:\/\/jugar-aviator.co\/fr\/privacy-policy\/","url":"https:\/\/jugar-aviator.co\/fr\/privacy-policy\/","name":"Politique de confidentialit\u00e9 du site Aviator","isPartOf":{"@id":"https:\/\/jugar-aviator.co\/#website"},"datePublished":"2024-05-21T13:10:39+00:00","dateModified":"2024-06-16T01:52:19+00:00","description":"Politique de confidentialit\u00e9","breadcrumb":{"@id":"https:\/\/jugar-aviator.co\/fr\/privacy-policy\/#breadcrumb"},"inLanguage":"fr-FR","potentialAction":[{"@type":"ReadAction","target":["https:\/\/jugar-aviator.co\/fr\/privacy-policy\/"]}]},{"@type":"BreadcrumbList","@id":"https:\/\/jugar-aviator.co\/fr\/privacy-policy\/#breadcrumb","itemListElement":[{"@type":"ListItem","position":1,"name":"Home","item":"https:\/\/jugar-aviator.co\/"},{"@type":"ListItem","position":2,"name":"Politique de confidentialit\u00e9"}]},{"@type":"WebSite","@id":"https:\/\/jugar-aviator.co\/#website","url":"https:\/\/jugar-aviator.co\/","name":"Aviator","description":"","publisher":{"@id":"https:\/\/jugar-aviator.co\/#organization"},"potentialAction":[{"@type":"SearchAction","target":{"@type":"EntryPoint","urlTemplate":"https:\/\/jugar-aviator.co\/?s={search_term_string}"},"query-input":{"@type":"PropertyValueSpecification","valueRequired":true,"valueName":"search_term_string"}}],"inLanguage":"fr-FR"},{"@type":"Organization","@id":"https:\/\/jugar-aviator.co\/#organization","name":"Aviator","url":"https:\/\/jugar-aviator.co\/","logo":{"@type":"ImageObject","inLanguage":"fr-FR","@id":"https:\/\/jugar-aviator.co\/#\/schema\/logo\/image\/","url":"https:\/\/jugar-aviator.co\/wp-content\/uploads\/aviator-game.png","contentUrl":"https:\/\/jugar-aviator.co\/wp-content\/uploads\/aviator-game.png","width":310,"height":139,"caption":"Aviator"},"image":{"@id":"https:\/\/jugar-aviator.co\/#\/schema\/logo\/image\/"}}]}},"_links":{"self":[{"href":"https:\/\/jugar-aviator.co\/fr\/wp-json\/wp\/v2\/pages\/3","targetHints":{"allow":["GET"]}}],"collection":[{"href":"https:\/\/jugar-aviator.co\/fr\/wp-json\/wp\/v2\/pages"}],"about":[{"href":"https:\/\/jugar-aviator.co\/fr\/wp-json\/wp\/v2\/types\/page"}],"author":[{"embeddable":true,"href":"https:\/\/jugar-aviator.co\/fr\/wp-json\/wp\/v2\/users\/1"}],"replies":[{"embeddable":true,"href":"https:\/\/jugar-aviator.co\/fr\/wp-json\/wp\/v2\/comments?post=3"}],"version-history":[{"count":22,"href":"https:\/\/jugar-aviator.co\/fr\/wp-json\/wp\/v2\/pages\/3\/revisions"}],"predecessor-version":[{"id":224,"href":"https:\/\/jugar-aviator.co\/fr\/wp-json\/wp\/v2\/pages\/3\/revisions\/224"}],"wp:attachment":[{"href":"https:\/\/jugar-aviator.co\/fr\/wp-json\/wp\/v2\/media?parent=3"}],"curies":[{"name":"wp","href":"https:\/\/api.w.org\/{rel}","templated":true}]}}