{"id":8,"date":"2024-05-21T16:16:23","date_gmt":"2024-05-21T13:16:23","guid":{"rendered":"https:\/\/jugar-aviator.co\/?page_id=8"},"modified":"2024-06-16T04:36:02","modified_gmt":"2024-06-16T01:36:02","slug":"aviator-thrilling-game-by-spribe","status":"publish","type":"page","link":"https:\/\/jugar-aviator.co\/fr\/","title":{"rendered":"Aviator &#8211; jeu palpitant par Spribe"},"content":{"rendered":"<h2><b>Histoire du jeu Aviator<\/b><\/h2>\n<p><span style=\"font-weight: 400;\">Aviator est un jeu de crash innovant d\u00e9velopp\u00e9 par Spribe. Le jeu a \u00e9t\u00e9 lanc\u00e9 en 2019 et a depuis gagn\u00e9 une immense popularit\u00e9 parmi les joueurs du monde entier. Aviator offre une exp\u00e9rience de jeu unique o\u00f9 l&rsquo;adr\u00e9naline se combine avec des r\u00e8gles simples et une rentabilit\u00e9 potentielle \u00e9lev\u00e9e. Ce jeu a rapidement conquis le c\u0153ur des utilisateurs gr\u00e2ce \u00e0 sa dynamique et \u00e0 la possibilit\u00e9 de gagner de grosses sommes.<\/span><\/p>\n<h2><b>Studio Spribe<\/b><\/h2>\n<p><span style=\"font-weight: 400;\">Spribe est un d\u00e9veloppeur de jeux en ligne innovants. Fond\u00e9e en 2018, l&rsquo;entreprise se sp\u00e9cialise dans la cr\u00e9ation de jeux de nouvelle g\u00e9n\u00e9ration qui combinent des \u00e9l\u00e9ments de strat\u00e9gie et de hasard. L&rsquo;\u00e9quipe de Spribe est compos\u00e9e de professionnels exp\u00e9riment\u00e9s dans le d\u00e9veloppement de jeux, ce qui leur permet de produire des produits de haute qualit\u00e9. Aviator est l&rsquo;une des cr\u00e9ations les plus c\u00e9l\u00e8bres de Spribe, d\u00e9montrant leur engagement envers l&rsquo;innovation et la satisfaction des besoins des joueurs.<\/span><\/p>\n<h2><b>R\u00e8gles du jeu Aviator<\/b><\/h2>\n<p><span style=\"font-weight: 400;\">Les r\u00e8gles d&rsquo;Aviator sont simples. Le jeu commence avec le d\u00e9collage d&rsquo;un avion, qui monte en altitude. Votre t\u00e2che est de choisir le bon moment pour arr\u00eater, lorsque vous pensez que le multiplicateur a atteint son maximum. Plus l&rsquo;avion monte, plus le multiplicateur devient grand, augmentant les gains potentiels. Cependant, si vous ne vous arr\u00eatez pas \u00e0 temps et que l&rsquo;avion s&rsquo;envole, vous perdez la mise. La cl\u00e9 est de choisir le moment optimal pour s&rsquo;arr\u00eater, rendant le jeu excitant et impr\u00e9visible.<\/span><\/p>\n<h2><b>Peut-on jouer \u00e0 Aviator gratuitement ?<\/b><\/h2>\n<p><span style=\"font-weight: 400;\">Oui, vous pouvez jouer \u00e0 Aviator gratuitement. De nombreux casinos en ligne et plateformes de jeux offrent une version d\u00e9mo de ce jeu. C&rsquo;est une excellente occasion pour les d\u00e9butants de se familiariser avec le gameplay et de d\u00e9velopper leur propre strat\u00e9gie sans risquer de l&rsquo;argent. Le jeu gratuit vous permet d&rsquo;explorer toutes les fonctionnalit\u00e9s d&rsquo;Aviator et de vous pr\u00e9parer aux mises r\u00e9elles.<\/span><\/p>\n<h2><b>5 questions les plus fr\u00e9quentes sur le jeu Aviator<\/b><\/h2>\n<ol>\n<li style=\"font-weight: 400;\" aria-level=\"1\"><b>Comment commencer \u00e0 jouer \u00e0 Aviator ?<\/b><span style=\"font-weight: 400;\"> Inscrivez-vous sur une plateforme qui propose le jeu Aviator, alimentez votre compte et placez votre premi\u00e8re mise.<\/span><\/li>\n<li style=\"font-weight: 400;\" aria-level=\"1\"><b>Quelle est la mise minimale dans Aviator ?<\/b><span style=\"font-weight: 400;\"> La mise minimale peut varier en fonction de la plateforme mais commence g\u00e9n\u00e9ralement \u00e0 partir de petits montants comme 1 $ ou l&rsquo;\u00e9quivalent dans une autre devise.<\/span><\/li>\n<li style=\"font-weight: 400;\" aria-level=\"1\"><b>Peut-on gagner de l&rsquo;argent r\u00e9el dans Aviator ?<\/b><span style=\"font-weight: 400;\"> Oui, vous pouvez gagner de l&rsquo;argent r\u00e9el dans Aviator si vous jouez pour des enjeux r\u00e9els et arr\u00eatez le multiplicateur \u00e0 temps.<\/span><\/li>\n<li style=\"font-weight: 400;\" aria-level=\"1\"><b>Existe-t-il des strat\u00e9gies pour gagner dans Aviator ?<\/b><span style=\"font-weight: 400;\"> Bien qu&rsquo;Aviator soit bas\u00e9 sur la chance, certains joueurs d\u00e9veloppent leurs strat\u00e9gies en analysant les jeux et multiplicateurs pr\u00e9c\u00e9dents.<\/span><\/li>\n<li style=\"font-weight: 400;\" aria-level=\"1\"><b>Est-il s\u00fbr de jouer \u00e0 Aviator ?<\/b><span style=\"font-weight: 400;\"> Oui, si vous jouez sur des plateformes licenci\u00e9es et v\u00e9rifi\u00e9es. Spribe et ses plateformes partenaires respectent les normes de s\u00e9curit\u00e9 et d&rsquo;\u00e9quit\u00e9.<\/span><\/li>\n<\/ol>\n<h2><b>5 avis sur le jeu Aviator<\/b><\/h2>\n<ol>\n<li style=\"font-weight: 400;\" aria-level=\"1\"><b>Aleksei P, 23 ans :<\/b><span style=\"font-weight: 400;\"> \u00ab\u00a0Aviator est tout simplement incroyable ! Un jeu simple mais palpitant dans lequel j&rsquo;ai gagn\u00e9 plusieurs grosses sommes. Je recommande \u00e0 tout le monde d&rsquo;essayer !\u00a0\u00bb<\/span><\/li>\n<li style=\"font-weight: 400;\" aria-level=\"1\"><b>Maria K, 29 ans :<\/b><span style=\"font-weight: 400;\"> \u00ab\u00a0Je joue \u00e0 Aviator depuis quelques mois maintenant. C&rsquo;est un excellent moyen de passer le temps et de tester sa chance. La version gratuite m&rsquo;a aid\u00e9 \u00e0 comprendre le jeu.\u00a0\u00bb<\/span><\/li>\n<li style=\"font-weight: 400;\" aria-level=\"1\"><b>Dmitri S, 34 ans :<\/b><span style=\"font-weight: 400;\"> \u00ab\u00a0Le jeu s\u00e9duit par sa dynamique et sa simplicit\u00e9. C&rsquo;est toujours excitant de deviner quand s&rsquo;arr\u00eater. C&rsquo;est une v\u00e9ritable perle parmi les jeux de crash.\u00a0\u00bb<\/span><\/li>\n<li style=\"font-weight: 400;\" aria-level=\"1\"><b>Ekaterina L, 37 ans :<\/b><span style=\"font-weight: 400;\"> \u00ab\u00a0Merci, Spribe, pour un tel jeu ! Aviator est devenu mon passe-temps favori. J&rsquo;aime particuli\u00e8rement l&rsquo;option de jouer gratuitement et de s&rsquo;entra\u00eener.\u00a0\u00bb<\/span><\/li>\n<li style=\"font-weight: 400;\" aria-level=\"1\"><b>Ivan G, 28 ans :<\/b><span style=\"font-weight: 400;\"> \u00ab\u00a0Aviator est un jeu unique plein d&rsquo;adr\u00e9naline et d&rsquo;excitation. Superbes graphismes et possibilit\u00e9 de gagner de l&rsquo;argent r\u00e9el. Je suis tr\u00e8s satisfait !\u00a0\u00bb<\/span><\/li>\n<\/ol>\n<p><span style=\"font-weight: 400;\">Bienvenue dans le monde d&rsquo;Aviator ! Tentez votre chance et vos comp\u00e9tences dans ce jeu passionnant de Spribe.<\/span><\/p>\n","protected":false},"excerpt":{"rendered":"<p>Histoire du jeu Aviator Aviator est un jeu de crash innovant d\u00e9velopp\u00e9 par Spribe. Le jeu a \u00e9t\u00e9 lanc\u00e9 en 2019 et a depuis gagn\u00e9 une immense popularit\u00e9 parmi les joueurs du monde entier. Aviator offre une exp\u00e9rience de jeu unique o\u00f9 l&rsquo;adr\u00e9naline se combine avec des r\u00e8gles simples et une rentabilit\u00e9 potentielle \u00e9lev\u00e9e. Ce&#8230;<\/p>\n","protected":false},"author":1,"featured_media":0,"parent":0,"menu_order":0,"comment_status":"closed","ping_status":"closed","template":"","meta":{"footnotes":""},"class_list":["post-8","page","type-page","status-publish","hentry"],"yoast_head":"<!-- This site is optimized with the Yoast SEO plugin v27.2 - https:\/\/yoast.com\/product\/yoast-seo-wordpress\/ -->\n<title>\u041a\u0440\u0430\u0448 \u0438\u0433\u0440\u0430 \u0410\u0432\u0438\u0430\u0442\u043e\u0440 \u043e\u0442 \u0441\u0442\u0443\u0434\u0438\u0438 Spribe<\/title>\n<meta name=\"description\" content=\"Jouez au jeu en ligne Aviator gratuitement et pour de l&#039;argent r\u00e9el. R\u00e8gles du jeu, m\u00e9canique, t\u00e9l\u00e9chargez l&#039;application, questions fr\u00e9quemment pos\u00e9es sur le jeu. Jouez et gagnez d\u00e8s maintenant.\" \/>\n<meta name=\"robots\" content=\"index, follow, max-snippet:-1, max-image-preview:large, max-video-preview:-1\" \/>\n<link rel=\"canonical\" href=\"https:\/\/jugar-aviator.co\/fr\/\" \/>\n<meta property=\"og:locale\" content=\"fr_FR\" \/>\n<meta property=\"og:locale:alternate\" content=\"ru_RU\" \/>\n<meta property=\"og:locale:alternate\" content=\"en_US\" \/>\n<meta property=\"og:locale:alternate\" content=\"pt_PT\" \/>\n<meta property=\"og:locale:alternate\" content=\"es_ES\" \/>\n<meta property=\"og:locale:alternate\" content=\"de_DE\" \/>\n<meta property=\"og:locale:alternate\" content=\"ro_RO\" \/>\n<meta property=\"og:locale:alternate\" content=\"sr_RS\" \/>\n<meta property=\"og:locale:alternate\" content=\"bg_BG\" \/>\n<meta property=\"og:locale:alternate\" content=\"pl_PL\" \/>\n<meta property=\"og:locale:alternate\" content=\"it_IT\" \/>\n<meta property=\"og:type\" content=\"article\" \/>\n<meta property=\"og:title\" content=\"\u041a\u0440\u0430\u0448 \u0438\u0433\u0440\u0430 \u0410\u0432\u0438\u0430\u0442\u043e\u0440 \u043e\u0442 \u0441\u0442\u0443\u0434\u0438\u0438 Spribe\" \/>\n<meta property=\"og:description\" content=\"\u0418\u0433\u0440\u0430\u0442\u044c \u0432 \u043e\u043d\u043b\u0430\u0439\u043d \u0438\u0433\u0440\u0443 \u0410\u0432\u0438\u0430\u0442\u043e\u0440 \u0431\u0435\u0441\u043f\u043b\u0430\u0442\u043d\u043e \u0438 \u043d\u0430 \u0434\u0435\u043d\u044c\u0433\u0438. \u041f\u0440\u0430\u0432\u0438\u043b\u0430 \u0438\u0433\u0440\u044b, \u043c\u0435\u0445\u0430\u043d\u0438\u043a\u0430, \u0441\u043a\u0430\u0447\u0430\u0442\u044c \u043f\u0440\u0438\u043b\u043e\u0436\u0435\u043d\u0438\u0435, \u0447\u0430\u0441\u0442\u043e \u0437\u0430\u0434\u0430\u0432\u0430\u0435\u043c\u044b\u0435 \u0432\u043e\u043f\u0440\u043e\u0441\u044b \u043e\u0431 \u0438\u0433\u0440\u0435. \u0418\u0433\u0440\u0430\u0442\u044c \u0438 \u043f\u043e\u0431\u0435\u0436\u0434\u0430\u0442\u044c \u0441\u0435\u0439\u0447\u0430\u0441\" \/>\n<meta property=\"og:url\" content=\"https:\/\/jugar-aviator.co\/fr\/\" \/>\n<meta property=\"og:site_name\" content=\"Aviator\" \/>\n<meta property=\"article:modified_time\" content=\"2024-06-16T01:36:02+00:00\" \/>\n<meta name=\"twitter:card\" content=\"summary_large_image\" \/>\n<meta name=\"twitter:label1\" content=\"Dur\u00e9e de lecture estim\u00e9e\" \/>\n\t<meta name=\"twitter:data1\" content=\"25 minutes\" \/>\n<script type=\"application\/ld+json\" class=\"yoast-schema-graph\">{\"@context\":\"https:\/\/schema.org\",\"@graph\":[{\"@type\":\"WebPage\",\"@id\":\"https:\/\/jugar-aviator.co\/\",\"url\":\"https:\/\/jugar-aviator.co\/\",\"name\":\"\u041a\u0440\u0430\u0448 \u0438\u0433\u0440\u0430 \u0410\u0432\u0438\u0430\u0442\u043e\u0440 \u043e\u0442 \u0441\u0442\u0443\u0434\u0438\u0438 Spribe\",\"isPartOf\":{\"@id\":\"https:\/\/jugar-aviator.co\/#website\"},\"datePublished\":\"2024-05-21T13:16:23+00:00\",\"dateModified\":\"2024-06-16T01:36:02+00:00\",\"description\":\"\u0418\u0433\u0440\u0430\u0442\u044c \u0432 \u043e\u043d\u043b\u0430\u0439\u043d \u0438\u0433\u0440\u0443 \u0410\u0432\u0438\u0430\u0442\u043e\u0440 \u0431\u0435\u0441\u043f\u043b\u0430\u0442\u043d\u043e \u0438 \u043d\u0430 \u0434\u0435\u043d\u044c\u0433\u0438. \u041f\u0440\u0430\u0432\u0438\u043b\u0430 \u0438\u0433\u0440\u044b, \u043c\u0435\u0445\u0430\u043d\u0438\u043a\u0430, \u0441\u043a\u0430\u0447\u0430\u0442\u044c \u043f\u0440\u0438\u043b\u043e\u0436\u0435\u043d\u0438\u0435, \u0447\u0430\u0441\u0442\u043e \u0437\u0430\u0434\u0430\u0432\u0430\u0435\u043c\u044b\u0435 \u0432\u043e\u043f\u0440\u043e\u0441\u044b \u043e\u0431 \u0438\u0433\u0440\u0435. \u0418\u0433\u0440\u0430\u0442\u044c \u0438 \u043f\u043e\u0431\u0435\u0436\u0434\u0430\u0442\u044c \u0441\u0435\u0439\u0447\u0430\u0441\",\"breadcrumb\":{\"@id\":\"https:\/\/jugar-aviator.co\/#breadcrumb\"},\"inLanguage\":\"fr-FR\",\"potentialAction\":[{\"@type\":\"ReadAction\",\"target\":[\"https:\/\/jugar-aviator.co\/\"]}]},{\"@type\":\"BreadcrumbList\",\"@id\":\"https:\/\/jugar-aviator.co\/#breadcrumb\",\"itemListElement\":[{\"@type\":\"ListItem\",\"position\":1,\"name\":\"Home\",\"item\":\"https:\/\/jugar-aviator.co\/\"},{\"@type\":\"ListItem\",\"position\":2,\"name\":\"\u0410\u0432\u0438\u0430\u0442\u043e\u0440 \u2014 \u0417\u0430\u0445\u0432\u0430\u0442\u044b\u0432\u0430\u044e\u0449\u0430\u044f \u0418\u0433\u0440\u0430 \u043e\u0442 Spribe\"}]},{\"@type\":\"WebSite\",\"@id\":\"https:\/\/jugar-aviator.co\/#website\",\"url\":\"https:\/\/jugar-aviator.co\/\",\"name\":\"Aviator\",\"description\":\"\",\"publisher\":{\"@id\":\"https:\/\/jugar-aviator.co\/#organization\"},\"potentialAction\":[{\"@type\":\"SearchAction\",\"target\":{\"@type\":\"EntryPoint\",\"urlTemplate\":\"https:\/\/jugar-aviator.co\/?s={search_term_string}\"},\"query-input\":{\"@type\":\"PropertyValueSpecification\",\"valueRequired\":true,\"valueName\":\"search_term_string\"}}],\"inLanguage\":\"fr-FR\"},{\"@type\":\"Organization\",\"@id\":\"https:\/\/jugar-aviator.co\/#organization\",\"name\":\"Aviator\",\"url\":\"https:\/\/jugar-aviator.co\/\",\"logo\":{\"@type\":\"ImageObject\",\"inLanguage\":\"fr-FR\",\"@id\":\"https:\/\/jugar-aviator.co\/#\/schema\/logo\/image\/\",\"url\":\"https:\/\/jugar-aviator.co\/wp-content\/uploads\/aviator-game.png\",\"contentUrl\":\"https:\/\/jugar-aviator.co\/wp-content\/uploads\/aviator-game.png\",\"width\":310,\"height\":139,\"caption\":\"Aviator\"},\"image\":{\"@id\":\"https:\/\/jugar-aviator.co\/#\/schema\/logo\/image\/\"}}]}<\/script>\n<!-- \/ Yoast SEO plugin. -->","yoast_head_json":{"title":"\u041a\u0440\u0430\u0448 \u0438\u0433\u0440\u0430 \u0410\u0432\u0438\u0430\u0442\u043e\u0440 \u043e\u0442 \u0441\u0442\u0443\u0434\u0438\u0438 Spribe","description":"Jouez au jeu en ligne Aviator gratuitement et pour de l'argent r\u00e9el. R\u00e8gles du jeu, m\u00e9canique, t\u00e9l\u00e9chargez l'application, questions fr\u00e9quemment pos\u00e9es sur le jeu. Jouez et gagnez d\u00e8s maintenant.","robots":{"index":"index","follow":"follow","max-snippet":"max-snippet:-1","max-image-preview":"max-image-preview:large","max-video-preview":"max-video-preview:-1"},"canonical":"https:\/\/jugar-aviator.co\/fr\/","og_locale":"fr_FR","og_type":"article","og_title":"\u041a\u0440\u0430\u0448 \u0438\u0433\u0440\u0430 \u0410\u0432\u0438\u0430\u0442\u043e\u0440 \u043e\u0442 \u0441\u0442\u0443\u0434\u0438\u0438 Spribe","og_description":"\u0418\u0433\u0440\u0430\u0442\u044c \u0432 \u043e\u043d\u043b\u0430\u0439\u043d \u0438\u0433\u0440\u0443 \u0410\u0432\u0438\u0430\u0442\u043e\u0440 \u0431\u0435\u0441\u043f\u043b\u0430\u0442\u043d\u043e \u0438 \u043d\u0430 \u0434\u0435\u043d\u044c\u0433\u0438. \u041f\u0440\u0430\u0432\u0438\u043b\u0430 \u0438\u0433\u0440\u044b, \u043c\u0435\u0445\u0430\u043d\u0438\u043a\u0430, \u0441\u043a\u0430\u0447\u0430\u0442\u044c \u043f\u0440\u0438\u043b\u043e\u0436\u0435\u043d\u0438\u0435, \u0447\u0430\u0441\u0442\u043e \u0437\u0430\u0434\u0430\u0432\u0430\u0435\u043c\u044b\u0435 \u0432\u043e\u043f\u0440\u043e\u0441\u044b \u043e\u0431 \u0438\u0433\u0440\u0435. \u0418\u0433\u0440\u0430\u0442\u044c \u0438 \u043f\u043e\u0431\u0435\u0436\u0434\u0430\u0442\u044c \u0441\u0435\u0439\u0447\u0430\u0441","og_url":"https:\/\/jugar-aviator.co\/fr\/","og_site_name":"Aviator","article_modified_time":"2024-06-16T01:36:02+00:00","twitter_card":"summary_large_image","twitter_misc":{"Dur\u00e9e de lecture estim\u00e9e":"25 minutes"},"schema":{"@context":"https:\/\/schema.org","@graph":[{"@type":"WebPage","@id":"https:\/\/jugar-aviator.co\/","url":"https:\/\/jugar-aviator.co\/","name":"\u041a\u0440\u0430\u0448 \u0438\u0433\u0440\u0430 \u0410\u0432\u0438\u0430\u0442\u043e\u0440 \u043e\u0442 \u0441\u0442\u0443\u0434\u0438\u0438 Spribe","isPartOf":{"@id":"https:\/\/jugar-aviator.co\/#website"},"datePublished":"2024-05-21T13:16:23+00:00","dateModified":"2024-06-16T01:36:02+00:00","description":"\u0418\u0433\u0440\u0430\u0442\u044c \u0432 \u043e\u043d\u043b\u0430\u0439\u043d \u0438\u0433\u0440\u0443 \u0410\u0432\u0438\u0430\u0442\u043e\u0440 \u0431\u0435\u0441\u043f\u043b\u0430\u0442\u043d\u043e \u0438 \u043d\u0430 \u0434\u0435\u043d\u044c\u0433\u0438. \u041f\u0440\u0430\u0432\u0438\u043b\u0430 \u0438\u0433\u0440\u044b, \u043c\u0435\u0445\u0430\u043d\u0438\u043a\u0430, \u0441\u043a\u0430\u0447\u0430\u0442\u044c \u043f\u0440\u0438\u043b\u043e\u0436\u0435\u043d\u0438\u0435, \u0447\u0430\u0441\u0442\u043e \u0437\u0430\u0434\u0430\u0432\u0430\u0435\u043c\u044b\u0435 \u0432\u043e\u043f\u0440\u043e\u0441\u044b \u043e\u0431 \u0438\u0433\u0440\u0435. \u0418\u0433\u0440\u0430\u0442\u044c \u0438 \u043f\u043e\u0431\u0435\u0436\u0434\u0430\u0442\u044c \u0441\u0435\u0439\u0447\u0430\u0441","breadcrumb":{"@id":"https:\/\/jugar-aviator.co\/#breadcrumb"},"inLanguage":"fr-FR","potentialAction":[{"@type":"ReadAction","target":["https:\/\/jugar-aviator.co\/"]}]},{"@type":"BreadcrumbList","@id":"https:\/\/jugar-aviator.co\/#breadcrumb","itemListElement":[{"@type":"ListItem","position":1,"name":"Home","item":"https:\/\/jugar-aviator.co\/"},{"@type":"ListItem","position":2,"name":"\u0410\u0432\u0438\u0430\u0442\u043e\u0440 \u2014 \u0417\u0430\u0445\u0432\u0430\u0442\u044b\u0432\u0430\u044e\u0449\u0430\u044f \u0418\u0433\u0440\u0430 \u043e\u0442 Spribe"}]},{"@type":"WebSite","@id":"https:\/\/jugar-aviator.co\/#website","url":"https:\/\/jugar-aviator.co\/","name":"Aviator","description":"","publisher":{"@id":"https:\/\/jugar-aviator.co\/#organization"},"potentialAction":[{"@type":"SearchAction","target":{"@type":"EntryPoint","urlTemplate":"https:\/\/jugar-aviator.co\/?s={search_term_string}"},"query-input":{"@type":"PropertyValueSpecification","valueRequired":true,"valueName":"search_term_string"}}],"inLanguage":"fr-FR"},{"@type":"Organization","@id":"https:\/\/jugar-aviator.co\/#organization","name":"Aviator","url":"https:\/\/jugar-aviator.co\/","logo":{"@type":"ImageObject","inLanguage":"fr-FR","@id":"https:\/\/jugar-aviator.co\/#\/schema\/logo\/image\/","url":"https:\/\/jugar-aviator.co\/wp-content\/uploads\/aviator-game.png","contentUrl":"https:\/\/jugar-aviator.co\/wp-content\/uploads\/aviator-game.png","width":310,"height":139,"caption":"Aviator"},"image":{"@id":"https:\/\/jugar-aviator.co\/#\/schema\/logo\/image\/"}}]}},"_links":{"self":[{"href":"https:\/\/jugar-aviator.co\/fr\/wp-json\/wp\/v2\/pages\/8","targetHints":{"allow":["GET"]}}],"collection":[{"href":"https:\/\/jugar-aviator.co\/fr\/wp-json\/wp\/v2\/pages"}],"about":[{"href":"https:\/\/jugar-aviator.co\/fr\/wp-json\/wp\/v2\/types\/page"}],"author":[{"embeddable":true,"href":"https:\/\/jugar-aviator.co\/fr\/wp-json\/wp\/v2\/users\/1"}],"replies":[{"embeddable":true,"href":"https:\/\/jugar-aviator.co\/fr\/wp-json\/wp\/v2\/comments?post=8"}],"version-history":[{"count":22,"href":"https:\/\/jugar-aviator.co\/fr\/wp-json\/wp\/v2\/pages\/8\/revisions"}],"predecessor-version":[{"id":228,"href":"https:\/\/jugar-aviator.co\/fr\/wp-json\/wp\/v2\/pages\/8\/revisions\/228"}],"wp:attachment":[{"href":"https:\/\/jugar-aviator.co\/fr\/wp-json\/wp\/v2\/media?parent=8"}],"curies":[{"name":"wp","href":"https:\/\/api.w.org\/{rel}","templated":true}]}}