{"id":15,"date":"2024-05-21T16:32:17","date_gmt":"2024-05-21T13:32:17","guid":{"rendered":"https:\/\/jugar-aviator.co\/?page_id=15"},"modified":"2024-06-16T05:00:54","modified_gmt":"2024-06-16T02:00:54","slug":"download-aviator-game","status":"publish","type":"page","link":"https:\/\/jugar-aviator.co\/pl\/download-aviator-game\/","title":{"rendered":"Pobierz gr\u0119 Aviator"},"content":{"rendered":"<p><span style=\"font-weight: 400;\">Aviator od Spribe szybko zyska\u0142 popularno\u015b\u0107 dzi\u0119ki wci\u0105gaj\u0105cej rozgrywce i mo\u017cliwo\u015bciom wygrywania. Teraz masz szans\u0119 cieszy\u0107 si\u0119 t\u0105 ekscytuj\u0105c\u0105 gr\u0105 na r\u00f3\u017cnych urz\u0105dzeniach. W tej sekcji wyja\u015bnimy, jak pobra\u0107 Aviator na Androida, iPhone&#8217;a i komputer.<\/span><\/p>\n<h2><b>Pobierz Aviator na Androida<\/b><\/h2>\n<p><span style=\"font-weight: 400;\">Dla u\u017cytkownik\u00f3w urz\u0105dze\u0144 z systemem Android, Aviator jest dost\u0119pny do pobrania i instalacji. Post\u0119puj zgodnie z tymi prostymi krokami, aby zainstalowa\u0107 gr\u0119 na swoim urz\u0105dzeniu:<\/span><\/p>\n<ol>\n<li style=\"font-weight: 400;\" aria-level=\"1\"><b>Otw\u00f3rz Sklep Google Play<\/b><span style=\"font-weight: 400;\">:<\/span>\n<ul>\n<li style=\"font-weight: 400;\" aria-level=\"2\"><span style=\"font-weight: 400;\">Otw\u00f3rz aplikacj\u0119 Sklep Google Play na swoim urz\u0105dzeniu.<\/span><\/li>\n<li style=\"font-weight: 400;\" aria-level=\"2\"><span style=\"font-weight: 400;\">W pasku wyszukiwania wpisz &#8222;Aviator Spribe&#8221;.<\/span><\/li>\n<\/ul>\n<\/li>\n<li style=\"font-weight: 400;\" aria-level=\"1\"><b>Znajd\u017a gr\u0119<\/b><span style=\"font-weight: 400;\">:<\/span>\n<ul>\n<li style=\"font-weight: 400;\" aria-level=\"2\"><span style=\"font-weight: 400;\">W wynikach wyszukiwania wybierz gr\u0119 &#8222;Aviator&#8221; od dewelopera Spribe.<\/span><\/li>\n<\/ul>\n<\/li>\n<li style=\"font-weight: 400;\" aria-level=\"1\"><b>Zainstaluj gr\u0119<\/b><span style=\"font-weight: 400;\">:<\/span>\n<ul>\n<li style=\"font-weight: 400;\" aria-level=\"2\"><span style=\"font-weight: 400;\">Kliknij przycisk &#8222;Zainstaluj&#8221;.<\/span><\/li>\n<li style=\"font-weight: 400;\" aria-level=\"2\"><span style=\"font-weight: 400;\">Poczekaj, a\u017c pobieranie i instalacja zostan\u0105 uko\u0144czone na Twoim urz\u0105dzeniu.<\/span><\/li>\n<\/ul>\n<\/li>\n<li style=\"font-weight: 400;\" aria-level=\"1\"><b>Uruchom gr\u0119<\/b><span style=\"font-weight: 400;\">:<\/span>\n<ul>\n<li style=\"font-weight: 400;\" aria-level=\"2\"><span style=\"font-weight: 400;\">Po zainstalowaniu otw\u00f3rz aplikacj\u0119 i ciesz si\u0119 gr\u0105 Aviator na swoim urz\u0105dzeniu z Androidem.<\/span><\/li>\n<\/ul>\n<\/li>\n<\/ol>\n<h2><b>Pobierz Aviator na iPhone&#8217;a<\/b><\/h2>\n<p><span style=\"font-weight: 400;\">Dla w\u0142a\u015bcicieli urz\u0105dze\u0144 iOS, Aviator jest r\u00f3wnie\u017c dost\u0119pny do pobrania. Post\u0119puj zgodnie z tymi krokami, aby zainstalowa\u0107 gr\u0119 na swoim iPhone&#8217;ie:<\/span><\/p>\n<ol>\n<li style=\"font-weight: 400;\" aria-level=\"1\"><b>Otw\u00f3rz App Store<\/b><span style=\"font-weight: 400;\">:<\/span>\n<ul>\n<li style=\"font-weight: 400;\" aria-level=\"2\"><span style=\"font-weight: 400;\">Otw\u00f3rz aplikacj\u0119 App Store na swoim iPhone&#8217;ie.<\/span><\/li>\n<li style=\"font-weight: 400;\" aria-level=\"2\"><span style=\"font-weight: 400;\">W pasku wyszukiwania wpisz &#8222;Aviator Spribe&#8221;.<\/span><\/li>\n<\/ul>\n<\/li>\n<li style=\"font-weight: 400;\" aria-level=\"1\"><b>Znajd\u017a gr\u0119<\/b><span style=\"font-weight: 400;\">:<\/span>\n<ul>\n<li style=\"font-weight: 400;\" aria-level=\"2\"><span style=\"font-weight: 400;\">W wynikach wyszukiwania wybierz gr\u0119 &#8222;Aviator&#8221; od dewelopera Spribe.<\/span><\/li>\n<\/ul>\n<\/li>\n<li style=\"font-weight: 400;\" aria-level=\"1\"><b>Zainstaluj gr\u0119<\/b><span style=\"font-weight: 400;\">:<\/span>\n<ul>\n<li style=\"font-weight: 400;\" aria-level=\"2\"><span style=\"font-weight: 400;\">Kliknij przycisk &#8222;Pobierz&#8221; i potwierd\u017a instalacj\u0119.<\/span><\/li>\n<li style=\"font-weight: 400;\" aria-level=\"2\"><span style=\"font-weight: 400;\">Poczekaj, a\u017c pobieranie i instalacja zostan\u0105 uko\u0144czone.<\/span><\/li>\n<\/ul>\n<\/li>\n<li style=\"font-weight: 400;\" aria-level=\"1\"><b>Uruchom gr\u0119<\/b><span style=\"font-weight: 400;\">:<\/span>\n<ul>\n<li style=\"font-weight: 400;\" aria-level=\"2\"><span style=\"font-weight: 400;\">Otw\u00f3rz aplikacj\u0119 i rozpocznij gr\u0119 Aviator na swoim iPhone&#8217;ie.<\/span><\/li>\n<\/ul>\n<\/li>\n<\/ol>\n<h2><b>Pobierz Aviator na komputer<\/b><\/h2>\n<p><span style=\"font-weight: 400;\">Je\u015bli wolisz gra\u0107 w Aviator na wi\u0119kszym ekranie, mo\u017cesz zainstalowa\u0107 gr\u0119 na swoim komputerze. Oto jak to zrobi\u0107:<\/span><\/p>\n<ol>\n<li style=\"font-weight: 400;\" aria-level=\"1\"><b>Pobierz emulator Androida<\/b><span style=\"font-weight: 400;\">:<\/span>\n<ul>\n<li style=\"font-weight: 400;\" aria-level=\"2\"><span style=\"font-weight: 400;\">Aby uruchomi\u0107 gr\u0119 na komputerze, b\u0119dziesz potrzebowa\u0107 emulatora Androida, takiego jak BlueStacks lub NoxPlayer.<\/span><\/li>\n<li style=\"font-weight: 400;\" aria-level=\"2\"><span style=\"font-weight: 400;\">Przejd\u017a na oficjaln\u0105 stron\u0119 wybranego emulatora i pobierz plik instalacyjny.<\/span><\/li>\n<\/ul>\n<\/li>\n<li style=\"font-weight: 400;\" aria-level=\"1\"><b>Zainstaluj emulator<\/b><span style=\"font-weight: 400;\">:<\/span>\n<ul>\n<li style=\"font-weight: 400;\" aria-level=\"2\"><span style=\"font-weight: 400;\">Uruchom plik instalacyjny i post\u0119puj zgodnie z instrukcjami na ekranie, aby zainstalowa\u0107 emulator na swoim komputerze.<\/span><\/li>\n<\/ul>\n<\/li>\n<li style=\"font-weight: 400;\" aria-level=\"1\"><b>Skonfiguruj emulator<\/b><span style=\"font-weight: 400;\">:<\/span>\n<ul>\n<li style=\"font-weight: 400;\" aria-level=\"2\"><span style=\"font-weight: 400;\">Otw\u00f3rz emulator i zaloguj si\u0119 na swoje konto Google, aby uzyska\u0107 dost\u0119p do Sklepu Google Play.<\/span><\/li>\n<\/ul>\n<\/li>\n<li style=\"font-weight: 400;\" aria-level=\"1\"><b>Pobierz Aviator<\/b><span style=\"font-weight: 400;\">:<\/span>\n<ul>\n<li style=\"font-weight: 400;\" aria-level=\"2\"><span style=\"font-weight: 400;\">W emulatorze otw\u00f3rz Sklep Google Play i wyszukaj &#8222;Aviator Spribe&#8221;.<\/span><\/li>\n<li style=\"font-weight: 400;\" aria-level=\"2\"><span style=\"font-weight: 400;\">Znajd\u017a gr\u0119 i zainstaluj j\u0105 tak jak na zwyk\u0142ym urz\u0105dzeniu z Androidem.<\/span><\/li>\n<\/ul>\n<\/li>\n<li style=\"font-weight: 400;\" aria-level=\"1\"><b>Uruchom gr\u0119<\/b><span style=\"font-weight: 400;\">:<\/span>\n<ul>\n<li style=\"font-weight: 400;\" aria-level=\"2\"><span style=\"font-weight: 400;\">Po instalacji otw\u00f3rz aplikacj\u0119 w emulatorze i ciesz si\u0119 gr\u0105 Aviator na swoim komputerze.<\/span><\/li>\n<\/ul>\n<\/li>\n<\/ol>\n<p><span style=\"font-weight: 400;\">Teraz wiesz, jak pobra\u0107 i zainstalowa\u0107 Aviator na Androida, iPhone&#8217;a oraz komputer. Bez wzgl\u0119du na wybran\u0105 platform\u0119, mo\u017cesz cieszy\u0107 si\u0119 wci\u0105gaj\u0105c\u0105 rozgrywk\u0105 i przetestowa\u0107 swoje szcz\u0119\u015bcie w tej popularnej grze typu crash stworzonej przez Spribe. Powodzenia i mi\u0142ej zabawy!<\/span><\/p>\n","protected":false},"excerpt":{"rendered":"<p>Aviator od Spribe szybko zyska\u0142 popularno\u015b\u0107 dzi\u0119ki wci\u0105gaj\u0105cej rozgrywce i mo\u017cliwo\u015bciom wygrywania. Teraz masz szans\u0119 cieszy\u0107 si\u0119 t\u0105 ekscytuj\u0105c\u0105 gr\u0105 na r\u00f3\u017cnych urz\u0105dzeniach. W tej sekcji wyja\u015bnimy, jak pobra\u0107 Aviator na Androida, iPhone&#8217;a i komputer. Pobierz Aviator na Androida Dla u\u017cytkownik\u00f3w urz\u0105dze\u0144 z systemem Android, Aviator jest dost\u0119pny do pobrania i instalacji. Post\u0119puj zgodnie z&#8230;<\/p>\n","protected":false},"author":1,"featured_media":0,"parent":0,"menu_order":0,"comment_status":"closed","ping_status":"closed","template":"","meta":{"footnotes":""},"class_list":["post-15","page","type-page","status-publish","hentry"],"yoast_head":"<!-- This site is optimized with the Yoast SEO plugin v27.2 - https:\/\/yoast.com\/product\/yoast-seo-wordpress\/ -->\n<title>\u0421\u043a\u0430\u0447\u0430\u0442\u044c \u043f\u0440\u0438\u043b\u043e\u0436\u0435\u043d\u0438\u0435 \u0438\u0433\u0440\u044b \u0410\u0432\u0438\u0430\u0442\u043e\u0440<\/title>\n<meta name=\"description\" content=\"Pobierz gr\u0119 Aviator na Androida, iPhone&#039;a i komputer. Pobierz aplikacj\u0119 i graj w Aviator na swoim smartfonie. Graj w aplikacji kasyna.\" \/>\n<meta name=\"robots\" content=\"index, follow, max-snippet:-1, max-image-preview:large, max-video-preview:-1\" \/>\n<link rel=\"canonical\" href=\"https:\/\/jugar-aviator.co\/pl\/download-aviator-game\/\" \/>\n<meta property=\"og:locale\" content=\"pl_PL\" \/>\n<meta property=\"og:locale:alternate\" content=\"ru_RU\" \/>\n<meta property=\"og:locale:alternate\" content=\"en_US\" \/>\n<meta property=\"og:locale:alternate\" content=\"pt_PT\" \/>\n<meta property=\"og:locale:alternate\" content=\"es_ES\" \/>\n<meta property=\"og:locale:alternate\" content=\"fr_FR\" \/>\n<meta property=\"og:locale:alternate\" content=\"de_DE\" \/>\n<meta property=\"og:locale:alternate\" content=\"ro_RO\" \/>\n<meta property=\"og:locale:alternate\" content=\"sr_RS\" \/>\n<meta property=\"og:locale:alternate\" content=\"bg_BG\" \/>\n<meta property=\"og:locale:alternate\" content=\"it_IT\" \/>\n<meta property=\"og:type\" content=\"article\" \/>\n<meta property=\"og:title\" content=\"\u0421\u043a\u0430\u0447\u0430\u0442\u044c \u043f\u0440\u0438\u043b\u043e\u0436\u0435\u043d\u0438\u0435 \u0438\u0433\u0440\u044b \u0410\u0432\u0438\u0430\u0442\u043e\u0440\" \/>\n<meta property=\"og:description\" content=\"\u0421\u043a\u0430\u0447\u0430\u0442\u044c \u0438\u0433\u0440\u0443 \u0410\u0432\u0438\u0430\u0442\u043e\u0440 \u043d\u0430 \u0430\u043d\u0434\u0440\u043e\u0438\u0434, \u0430\u0439\u0444\u043e\u043d \u0438 \u043a\u043e\u043c\u043f\u044c\u044e\u0442\u0435\u0440. \u0421\u043a\u0430\u0447\u0430\u0442\u044c \u043f\u0440\u0438\u043b\u043e\u0436\u0435\u043d\u0438\u0435 \u0438 \u0438\u0433\u0440\u0430\u0442\u044c \u0432 \u0410\u0432\u0438\u0430\u0442\u043e\u0440 \u043d\u0430 \u0441\u043c\u0430\u0440\u0442\u0444\u043e\u043d\u0435. \u0418\u0433\u0440\u0430\u0442\u044c \u0432 \u043f\u0440\u0438\u043b\u043e\u0436\u0435\u043d\u0438\u0438 \u043a\u0430\u0437\u0438\u043d\u043e\" \/>\n<meta property=\"og:url\" content=\"https:\/\/jugar-aviator.co\/pl\/download-aviator-game\/\" \/>\n<meta property=\"og:site_name\" content=\"Aviator\" \/>\n<meta property=\"article:modified_time\" content=\"2024-06-16T02:00:54+00:00\" \/>\n<meta name=\"twitter:card\" content=\"summary_large_image\" \/>\n<meta name=\"twitter:label1\" content=\"Szacowany czas czytania\" \/>\n\t<meta name=\"twitter:data1\" content=\"19 minut\" \/>\n<script type=\"application\/ld+json\" class=\"yoast-schema-graph\">{\"@context\":\"https:\/\/schema.org\",\"@graph\":[{\"@type\":\"WebPage\",\"@id\":\"https:\/\/jugar-aviator.co\/download-aviator-game\/\",\"url\":\"https:\/\/jugar-aviator.co\/download-aviator-game\/\",\"name\":\"\u0421\u043a\u0430\u0447\u0430\u0442\u044c \u043f\u0440\u0438\u043b\u043e\u0436\u0435\u043d\u0438\u0435 \u0438\u0433\u0440\u044b \u0410\u0432\u0438\u0430\u0442\u043e\u0440\",\"isPartOf\":{\"@id\":\"https:\/\/jugar-aviator.co\/#website\"},\"datePublished\":\"2024-05-21T13:32:17+00:00\",\"dateModified\":\"2024-06-16T02:00:54+00:00\",\"description\":\"\u0421\u043a\u0430\u0447\u0430\u0442\u044c \u0438\u0433\u0440\u0443 \u0410\u0432\u0438\u0430\u0442\u043e\u0440 \u043d\u0430 \u0430\u043d\u0434\u0440\u043e\u0438\u0434, \u0430\u0439\u0444\u043e\u043d \u0438 \u043a\u043e\u043c\u043f\u044c\u044e\u0442\u0435\u0440. \u0421\u043a\u0430\u0447\u0430\u0442\u044c \u043f\u0440\u0438\u043b\u043e\u0436\u0435\u043d\u0438\u0435 \u0438 \u0438\u0433\u0440\u0430\u0442\u044c \u0432 \u0410\u0432\u0438\u0430\u0442\u043e\u0440 \u043d\u0430 \u0441\u043c\u0430\u0440\u0442\u0444\u043e\u043d\u0435. \u0418\u0433\u0440\u0430\u0442\u044c \u0432 \u043f\u0440\u0438\u043b\u043e\u0436\u0435\u043d\u0438\u0438 \u043a\u0430\u0437\u0438\u043d\u043e\",\"breadcrumb\":{\"@id\":\"https:\/\/jugar-aviator.co\/download-aviator-game\/#breadcrumb\"},\"inLanguage\":\"pl-PL\",\"potentialAction\":[{\"@type\":\"ReadAction\",\"target\":[\"https:\/\/jugar-aviator.co\/download-aviator-game\/\"]}]},{\"@type\":\"BreadcrumbList\",\"@id\":\"https:\/\/jugar-aviator.co\/download-aviator-game\/#breadcrumb\",\"itemListElement\":[{\"@type\":\"ListItem\",\"position\":1,\"name\":\"Home\",\"item\":\"https:\/\/jugar-aviator.co\/\"},{\"@type\":\"ListItem\",\"position\":2,\"name\":\"\u0421\u043a\u0430\u0447\u0430\u0442\u044c \u0438\u0433\u0440\u0443 \u0410\u0432\u0438\u0430\u0442\u043e\u0440\"}]},{\"@type\":\"WebSite\",\"@id\":\"https:\/\/jugar-aviator.co\/#website\",\"url\":\"https:\/\/jugar-aviator.co\/\",\"name\":\"Aviator\",\"description\":\"\",\"publisher\":{\"@id\":\"https:\/\/jugar-aviator.co\/#organization\"},\"potentialAction\":[{\"@type\":\"SearchAction\",\"target\":{\"@type\":\"EntryPoint\",\"urlTemplate\":\"https:\/\/jugar-aviator.co\/?s={search_term_string}\"},\"query-input\":{\"@type\":\"PropertyValueSpecification\",\"valueRequired\":true,\"valueName\":\"search_term_string\"}}],\"inLanguage\":\"pl-PL\"},{\"@type\":\"Organization\",\"@id\":\"https:\/\/jugar-aviator.co\/#organization\",\"name\":\"Aviator\",\"url\":\"https:\/\/jugar-aviator.co\/\",\"logo\":{\"@type\":\"ImageObject\",\"inLanguage\":\"pl-PL\",\"@id\":\"https:\/\/jugar-aviator.co\/#\/schema\/logo\/image\/\",\"url\":\"https:\/\/jugar-aviator.co\/wp-content\/uploads\/aviator-game.png\",\"contentUrl\":\"https:\/\/jugar-aviator.co\/wp-content\/uploads\/aviator-game.png\",\"width\":310,\"height\":139,\"caption\":\"Aviator\"},\"image\":{\"@id\":\"https:\/\/jugar-aviator.co\/#\/schema\/logo\/image\/\"}}]}<\/script>\n<!-- \/ Yoast SEO plugin. -->","yoast_head_json":{"title":"\u0421\u043a\u0430\u0447\u0430\u0442\u044c \u043f\u0440\u0438\u043b\u043e\u0436\u0435\u043d\u0438\u0435 \u0438\u0433\u0440\u044b \u0410\u0432\u0438\u0430\u0442\u043e\u0440","description":"Pobierz gr\u0119 Aviator na Androida, iPhone'a i komputer. Pobierz aplikacj\u0119 i graj w Aviator na swoim smartfonie. Graj w aplikacji kasyna.","robots":{"index":"index","follow":"follow","max-snippet":"max-snippet:-1","max-image-preview":"max-image-preview:large","max-video-preview":"max-video-preview:-1"},"canonical":"https:\/\/jugar-aviator.co\/pl\/download-aviator-game\/","og_locale":"pl_PL","og_type":"article","og_title":"\u0421\u043a\u0430\u0447\u0430\u0442\u044c \u043f\u0440\u0438\u043b\u043e\u0436\u0435\u043d\u0438\u0435 \u0438\u0433\u0440\u044b \u0410\u0432\u0438\u0430\u0442\u043e\u0440","og_description":"\u0421\u043a\u0430\u0447\u0430\u0442\u044c \u0438\u0433\u0440\u0443 \u0410\u0432\u0438\u0430\u0442\u043e\u0440 \u043d\u0430 \u0430\u043d\u0434\u0440\u043e\u0438\u0434, \u0430\u0439\u0444\u043e\u043d \u0438 \u043a\u043e\u043c\u043f\u044c\u044e\u0442\u0435\u0440. \u0421\u043a\u0430\u0447\u0430\u0442\u044c \u043f\u0440\u0438\u043b\u043e\u0436\u0435\u043d\u0438\u0435 \u0438 \u0438\u0433\u0440\u0430\u0442\u044c \u0432 \u0410\u0432\u0438\u0430\u0442\u043e\u0440 \u043d\u0430 \u0441\u043c\u0430\u0440\u0442\u0444\u043e\u043d\u0435. \u0418\u0433\u0440\u0430\u0442\u044c \u0432 \u043f\u0440\u0438\u043b\u043e\u0436\u0435\u043d\u0438\u0438 \u043a\u0430\u0437\u0438\u043d\u043e","og_url":"https:\/\/jugar-aviator.co\/pl\/download-aviator-game\/","og_site_name":"Aviator","article_modified_time":"2024-06-16T02:00:54+00:00","twitter_card":"summary_large_image","twitter_misc":{"Szacowany czas czytania":"19 minut"},"schema":{"@context":"https:\/\/schema.org","@graph":[{"@type":"WebPage","@id":"https:\/\/jugar-aviator.co\/download-aviator-game\/","url":"https:\/\/jugar-aviator.co\/download-aviator-game\/","name":"\u0421\u043a\u0430\u0447\u0430\u0442\u044c \u043f\u0440\u0438\u043b\u043e\u0436\u0435\u043d\u0438\u0435 \u0438\u0433\u0440\u044b \u0410\u0432\u0438\u0430\u0442\u043e\u0440","isPartOf":{"@id":"https:\/\/jugar-aviator.co\/#website"},"datePublished":"2024-05-21T13:32:17+00:00","dateModified":"2024-06-16T02:00:54+00:00","description":"\u0421\u043a\u0430\u0447\u0430\u0442\u044c \u0438\u0433\u0440\u0443 \u0410\u0432\u0438\u0430\u0442\u043e\u0440 \u043d\u0430 \u0430\u043d\u0434\u0440\u043e\u0438\u0434, \u0430\u0439\u0444\u043e\u043d \u0438 \u043a\u043e\u043c\u043f\u044c\u044e\u0442\u0435\u0440. \u0421\u043a\u0430\u0447\u0430\u0442\u044c \u043f\u0440\u0438\u043b\u043e\u0436\u0435\u043d\u0438\u0435 \u0438 \u0438\u0433\u0440\u0430\u0442\u044c \u0432 \u0410\u0432\u0438\u0430\u0442\u043e\u0440 \u043d\u0430 \u0441\u043c\u0430\u0440\u0442\u0444\u043e\u043d\u0435. \u0418\u0433\u0440\u0430\u0442\u044c \u0432 \u043f\u0440\u0438\u043b\u043e\u0436\u0435\u043d\u0438\u0438 \u043a\u0430\u0437\u0438\u043d\u043e","breadcrumb":{"@id":"https:\/\/jugar-aviator.co\/download-aviator-game\/#breadcrumb"},"inLanguage":"pl-PL","potentialAction":[{"@type":"ReadAction","target":["https:\/\/jugar-aviator.co\/download-aviator-game\/"]}]},{"@type":"BreadcrumbList","@id":"https:\/\/jugar-aviator.co\/download-aviator-game\/#breadcrumb","itemListElement":[{"@type":"ListItem","position":1,"name":"Home","item":"https:\/\/jugar-aviator.co\/"},{"@type":"ListItem","position":2,"name":"\u0421\u043a\u0430\u0447\u0430\u0442\u044c \u0438\u0433\u0440\u0443 \u0410\u0432\u0438\u0430\u0442\u043e\u0440"}]},{"@type":"WebSite","@id":"https:\/\/jugar-aviator.co\/#website","url":"https:\/\/jugar-aviator.co\/","name":"Aviator","description":"","publisher":{"@id":"https:\/\/jugar-aviator.co\/#organization"},"potentialAction":[{"@type":"SearchAction","target":{"@type":"EntryPoint","urlTemplate":"https:\/\/jugar-aviator.co\/?s={search_term_string}"},"query-input":{"@type":"PropertyValueSpecification","valueRequired":true,"valueName":"search_term_string"}}],"inLanguage":"pl-PL"},{"@type":"Organization","@id":"https:\/\/jugar-aviator.co\/#organization","name":"Aviator","url":"https:\/\/jugar-aviator.co\/","logo":{"@type":"ImageObject","inLanguage":"pl-PL","@id":"https:\/\/jugar-aviator.co\/#\/schema\/logo\/image\/","url":"https:\/\/jugar-aviator.co\/wp-content\/uploads\/aviator-game.png","contentUrl":"https:\/\/jugar-aviator.co\/wp-content\/uploads\/aviator-game.png","width":310,"height":139,"caption":"Aviator"},"image":{"@id":"https:\/\/jugar-aviator.co\/#\/schema\/logo\/image\/"}}]}},"_links":{"self":[{"href":"https:\/\/jugar-aviator.co\/pl\/wp-json\/wp\/v2\/pages\/15","targetHints":{"allow":["GET"]}}],"collection":[{"href":"https:\/\/jugar-aviator.co\/pl\/wp-json\/wp\/v2\/pages"}],"about":[{"href":"https:\/\/jugar-aviator.co\/pl\/wp-json\/wp\/v2\/types\/page"}],"author":[{"embeddable":true,"href":"https:\/\/jugar-aviator.co\/pl\/wp-json\/wp\/v2\/users\/1"}],"replies":[{"embeddable":true,"href":"https:\/\/jugar-aviator.co\/pl\/wp-json\/wp\/v2\/comments?post=15"}],"version-history":[{"count":23,"href":"https:\/\/jugar-aviator.co\/pl\/wp-json\/wp\/v2\/pages\/15\/revisions"}],"predecessor-version":[{"id":226,"href":"https:\/\/jugar-aviator.co\/pl\/wp-json\/wp\/v2\/pages\/15\/revisions\/226"}],"wp:attachment":[{"href":"https:\/\/jugar-aviator.co\/pl\/wp-json\/wp\/v2\/media?parent=15"}],"curies":[{"name":"wp","href":"https:\/\/api.w.org\/{rel}","templated":true}]}}