{"id":17,"date":"2024-05-21T16:33:35","date_gmt":"2024-05-21T13:33:35","guid":{"rendered":"https:\/\/jugar-aviator.co\/?page_id=17"},"modified":"2024-06-16T04:57:39","modified_gmt":"2024-06-16T01:57:39","slug":"predicting-the-outcome-of-aviator","status":"publish","type":"page","link":"https:\/\/jugar-aviator.co\/pl\/predicting-the-outcome-of-aviator\/","title":{"rendered":"Przewidywanie wyniku w grze Aviator"},"content":{"rendered":"<p><span style=\"font-weight: 400;\">Gra w Aviator autorstwa Spribe zdoby\u0142a popularno\u015b\u0107 dzi\u0119ki swojej dynamice i prostocie. Gracze pr\u00f3buj\u0105 przewidzie\u0107 najlepszy wsp\u00f3\u0142czynnik, na kt\u00f3rym powinni zatrzyma\u0107 si\u0119, aby zmaksymalizowa\u0107 swoje wygrane. Jednak przewidzenie wyniku rundy w Aviator nie jest \u0142atwe, poniewa\u017c gra opiera si\u0119 na losowo\u015bci i generatorze liczb losowych. Niemniej jednak, do\u015bwiadczeni gracze u\u017cywaj\u0105 r\u00f3\u017cnych metod i strategii, aby zwi\u0119kszy\u0107 swoje szanse na sukces. Przyjrzyjmy si\u0119 5 sposobom, kt\u00f3re mog\u0105 pom\u00f3c przewidzie\u0107 wynik rundy w Aviator.<\/span><\/p>\n<ol>\n<li>\n<h2><b>Analiza Poprzednich Rund<\/b><\/h2>\n<\/li>\n<\/ol>\n<p><span style=\"font-weight: 400;\">Jednym ze sposob\u00f3w na pr\u00f3b\u0119 przewidzenia wyniku rundy jest analiza poprzednich gier. Gracze mog\u0105 prowadzi\u0107 statystyki wsp\u00f3\u0142czynnik\u00f3w i pr\u00f3bowa\u0107 zidentyfikowa\u0107 wzorce. Je\u015bli wsp\u00f3\u0142czynniki by\u0142y niskie przez ostatnie kilka rund, mo\u017ce pojawi\u0107 si\u0119 wysoki wsp\u00f3\u0142czynnik. Jednak wa\u017cne jest, aby pami\u0119ta\u0107, \u017ce gra jest losowa, a poprzednie wyniki nie gwarantuj\u0105 przysz\u0142ego sukcesu.<\/span><br \/>\n<b>Przyk\u0142ad:<\/b><\/p>\n<ul>\n<li style=\"font-weight: 400;\" aria-level=\"1\"><span style=\"font-weight: 400;\">Prowad\u017a rejestr wsp\u00f3\u0142czynnik\u00f3w z ostatnich 50 rund.<\/span><\/li>\n<li style=\"font-weight: 400;\" aria-level=\"1\"><span style=\"font-weight: 400;\">Okre\u015bl, czy by\u0142y okresy, kiedy wsp\u00f3\u0142czynniki by\u0142y wy\u017csze lub ni\u017csze od \u015bredniej.<\/span><\/li>\n<li style=\"font-weight: 400;\" aria-level=\"1\"><span style=\"font-weight: 400;\">U\u017cyj tych danych do podejmowania decyzji w kolejnych rundach.<\/span><\/li>\n<\/ul>\n<ol start=\"2\">\n<li>\n<h2><b>U\u017cywanie Modeli Matematycznych<\/b><\/h2>\n<\/li>\n<\/ol>\n<p><span style=\"font-weight: 400;\">Niekt\u00f3rzy gracze stosuj\u0105 modele matematyczne i metody statystyczne do analizy wynik\u00f3w gry. Mo\u017ce to obejmowa\u0107 u\u017cycie oblicze\u0144 prawdopodobie\u0144stwa, analizy matematycznej i teorii prawdopodobie\u0144stwa. Te modele pomagaj\u0105 stworzy\u0107 strategi\u0119 zak\u0142ad\u00f3w, kt\u00f3ra mo\u017ce by\u0107 bardziej skuteczna w d\u0142u\u017cszym okresie.<\/span><br \/>\n<b>Przyk\u0142ad:<\/b><\/p>\n<ul>\n<li style=\"font-weight: 400;\" aria-level=\"1\"><span style=\"font-weight: 400;\">Opracuj model oparty na teorii prawdopodobie\u0144stwa, uwzgl\u0119dniaj\u0105c cz\u0119stotliwo\u015b\u0107 wysokich i niskich wsp\u00f3\u0142czynnik\u00f3w.<\/span><\/li>\n<li style=\"font-weight: 400;\" aria-level=\"1\"><span style=\"font-weight: 400;\">Zastosuj ten model do rzeczywistych gier, aby okre\u015bli\u0107 optymalne momenty na zatrzymanie si\u0119.<\/span><\/li>\n<\/ul>\n<ol start=\"3\">\n<li>\n<h2><b>Czytanie Wzor\u00f3w Zachowa\u0144<\/b><\/h2>\n<\/li>\n<\/ol>\n<p><span style=\"font-weight: 400;\">Do\u015bwiadczeni gracze twierdz\u0105, \u017ce mog\u0105 przewidzie\u0107 wyniki na podstawie wzor\u00f3w zachowa\u0144 gry. Obejmuje to analiz\u0119 odst\u0119p\u00f3w czasowych mi\u0119dzy wysokimi wsp\u00f3\u0142czynnikami i pr\u00f3b\u0119 uchwycenia &#8222;nastroju&#8221; gry. Cho\u0107 ta metoda nie jest naukowa, niekt\u00f3rzy gracze uwa\u017caj\u0105 j\u0105 za przydatn\u0105.<\/span><br \/>\n<b>Przyk\u0142ad:<\/b><\/p>\n<ul>\n<li style=\"font-weight: 400;\" aria-level=\"1\"><span style=\"font-weight: 400;\">Obserwuj gr\u0119 przez kilka godzin, aby zauwa\u017cy\u0107 wszelkie powtarzaj\u0105ce si\u0119 wzorce.<\/span><\/li>\n<li style=\"font-weight: 400;\" aria-level=\"1\"><span style=\"font-weight: 400;\">Oprzyj swoje przysz\u0142e decyzje na tych obserwacjach.<\/span><\/li>\n<\/ul>\n<ol start=\"4\">\n<li>\n<h2><b>U\u017cywanie Oprogramowania<\/b><\/h2>\n<\/li>\n<\/ol>\n<p><span style=\"font-weight: 400;\">Istniej\u0105 specjalne programy i boty, kt\u00f3re pomagaj\u0105 analizowa\u0107 wyniki gry i wykonywa\u0107 zak\u0142ady. Programy te u\u017cywaj\u0105 algorytm\u00f3w do analizy danych i mog\u0105 dostarcza\u0107 rekomendacje dotycz\u0105ce zak\u0142ad\u00f3w. Jednak wa\u017cne jest, aby pami\u0119ta\u0107, \u017ce u\u017cywanie takich program\u00f3w mo\u017ce by\u0107 zabronione przez zasady kasyna i ich u\u017cywanie powinno by\u0107 skoordynowane z administracj\u0105 strony.<\/span><br \/>\n<b>Przyk\u0142ad:<\/b><\/p>\n<ul>\n<li style=\"font-weight: 400;\" aria-level=\"1\"><span style=\"font-weight: 400;\">Zainstaluj i skonfiguruj program do analizy wsp\u00f3\u0142czynnik\u00f3w.<\/span><\/li>\n<li style=\"font-weight: 400;\" aria-level=\"1\"><span style=\"font-weight: 400;\">Post\u0119puj zgodnie z rekomendacjami programu, ale zawsze b\u0105d\u017a got\u00f3w podejmowa\u0107 w\u0142asne decyzje.<\/span><\/li>\n<\/ul>\n<ol start=\"5\">\n<li>\n<h2><b>Intuicja i Do\u015bwiadczenie<\/b><\/h2>\n<\/li>\n<\/ol>\n<p><span style=\"font-weight: 400;\">Intuicja odgrywa wa\u017cn\u0105 rol\u0119 w grze Aviator. Do\u015bwiadczeni gracze cz\u0119sto polegaj\u0105 na swojej intuicji i do\u015bwiadczeniu, kt\u00f3re zdobyli na przestrzeni czasu. Z czasem gracze mog\u0105 lepiej rozumie\u0107, kiedy zatrzyma\u0107 si\u0119 i wzi\u0105\u0107 swoje wygrane, opieraj\u0105c si\u0119 na swoich przeczuciach i intuicyjnych domys\u0142ach.<\/span><br \/>\n<b>Przyk\u0142ad:<\/b><\/p>\n<ul>\n<li style=\"font-weight: 400;\" aria-level=\"1\"><span style=\"font-weight: 400;\">Graj regularnie i analizuj swoje sukcesy i pora\u017cki.<\/span><\/li>\n<li style=\"font-weight: 400;\" aria-level=\"1\"><span style=\"font-weight: 400;\">Ufaj swojej intuicji, zw\u0142aszcza je\u015bli jest poparta do\u015bwiadczeniem i obserwacjami.<\/span><\/li>\n<\/ul>\n<p><span style=\"font-weight: 400;\">Chocia\u017c nie jest mo\u017cliwe dok\u0142adne przewidzenie wyniku rundy w Aviator, stosowanie r\u00f3\u017cnych metod i strategii mo\u017ce pom\u00f3c zwi\u0119kszy\u0107 swoje szanse na sukces. Analiza poprzednich rund, modele matematyczne, czytanie wzor\u00f3w zachowa\u0144, u\u017cywanie oprogramowania i zaufanie swojej intuicji \u2014 wszystkie te metody mog\u0105 sta\u0107 si\u0119 cz\u0119\u015bci\u0105 twojej strategii gry. Wa\u017cne jest, aby pami\u0119ta\u0107, \u017ce Aviator to gra szcz\u0119\u015bcia, a g\u0142\u00f3wnym celem powinno by\u0107 cieszenie si\u0119 procesem gry.<\/span><\/p>\n","protected":false},"excerpt":{"rendered":"<p>Gra w Aviator autorstwa Spribe zdoby\u0142a popularno\u015b\u0107 dzi\u0119ki swojej dynamice i prostocie. Gracze pr\u00f3buj\u0105 przewidzie\u0107 najlepszy wsp\u00f3\u0142czynnik, na kt\u00f3rym powinni zatrzyma\u0107 si\u0119, aby zmaksymalizowa\u0107 swoje wygrane. Jednak przewidzenie wyniku rundy w Aviator nie jest \u0142atwe, poniewa\u017c gra opiera si\u0119 na losowo\u015bci i generatorze liczb losowych. Niemniej jednak, do\u015bwiadczeni gracze u\u017cywaj\u0105 r\u00f3\u017cnych metod i strategii, aby&#8230;<\/p>\n","protected":false},"author":1,"featured_media":0,"parent":0,"menu_order":0,"comment_status":"closed","ping_status":"closed","template":"","meta":{"footnotes":""},"class_list":["post-17","page","type-page","status-publish","hentry"],"yoast_head":"<!-- This site is optimized with the Yoast SEO plugin v27.2 - https:\/\/yoast.com\/product\/yoast-seo-wordpress\/ -->\n<title>\u041f\u0440\u0435\u0434\u0441\u043a\u0430\u0437\u0430\u0442\u044c \u0440\u0435\u0437\u0443\u043b\u044c\u0442\u0430\u0442 \u0440\u0430\u0443\u043d\u0434\u043e\u0432 \u043a\u0440\u0430\u0448 \u0438\u0433\u0440\u044b \u0410\u0432\u0438\u0430\u0442\u043e\u0440<\/title>\n<meta name=\"description\" content=\"Jak przewidzie\u0107 wyniki w Aviator. Wszystkie metody przewidywania wynik\u00f3w w grze Aviator. Stawianie zak\u0142ad\u00f3w zgodnie z przewidywaniami w grze Aviator.\" \/>\n<meta name=\"robots\" content=\"index, follow, max-snippet:-1, max-image-preview:large, max-video-preview:-1\" \/>\n<link rel=\"canonical\" href=\"https:\/\/jugar-aviator.co\/pl\/predicting-the-outcome-of-aviator\/\" \/>\n<meta property=\"og:locale\" content=\"pl_PL\" \/>\n<meta property=\"og:locale:alternate\" content=\"ru_RU\" \/>\n<meta property=\"og:locale:alternate\" content=\"en_US\" \/>\n<meta property=\"og:locale:alternate\" content=\"pt_PT\" \/>\n<meta property=\"og:locale:alternate\" content=\"es_ES\" \/>\n<meta property=\"og:locale:alternate\" content=\"fr_FR\" \/>\n<meta property=\"og:locale:alternate\" content=\"de_DE\" \/>\n<meta property=\"og:locale:alternate\" content=\"ro_RO\" \/>\n<meta property=\"og:locale:alternate\" content=\"sr_RS\" \/>\n<meta property=\"og:locale:alternate\" content=\"bg_BG\" \/>\n<meta property=\"og:locale:alternate\" content=\"it_IT\" \/>\n<meta property=\"og:type\" content=\"article\" \/>\n<meta property=\"og:title\" content=\"\u041f\u0440\u0435\u0434\u0441\u043a\u0430\u0437\u0430\u0442\u044c \u0440\u0435\u0437\u0443\u043b\u044c\u0442\u0430\u0442 \u0440\u0430\u0443\u043d\u0434\u043e\u0432 \u043a\u0440\u0430\u0448 \u0438\u0433\u0440\u044b \u0410\u0432\u0438\u0430\u0442\u043e\u0440\" \/>\n<meta property=\"og:description\" content=\"\u041a\u0430\u043a \u043f\u0440\u0435\u0434\u0441\u043a\u0430\u0437\u0430\u0442\u044c \u0440\u0435\u0437\u0443\u043b\u044c\u0442\u0430\u0442\u044b \u0410\u0432\u0438\u0430\u0442\u043e\u0440\u0430. \u0412\u0441\u0435 \u0441\u043f\u043e\u0441\u043e\u0431\u044b \u043f\u0440\u0435\u0434\u0441\u043a\u0430\u0437\u0430\u043d\u0438\u044f \u0438\u0433\u0440\u044b \u0410\u0432\u0438\u0430\u0442\u043e\u0440. \u0414\u0435\u043b\u0430\u0442\u044c \u0441\u0442\u0430\u0432\u043a\u0443 \u0441\u043e\u0433\u043b\u0430\u0441\u043d\u043e \u043f\u0440\u0435\u0434\u0441\u043a\u0430\u0437\u0430\u043d\u0438\u044f\u043c \u0432 \u0438\u0433\u0440\u0435 \u0410\u0432\u0438\u0430\u0442\u043e\u0440.\" \/>\n<meta property=\"og:url\" content=\"https:\/\/jugar-aviator.co\/pl\/predicting-the-outcome-of-aviator\/\" \/>\n<meta property=\"og:site_name\" content=\"Aviator\" \/>\n<meta property=\"article:modified_time\" content=\"2024-06-16T01:57:39+00:00\" \/>\n<meta name=\"twitter:card\" content=\"summary_large_image\" \/>\n<meta name=\"twitter:label1\" content=\"Szacowany czas czytania\" \/>\n\t<meta name=\"twitter:data1\" content=\"24 minuty\" \/>\n<script type=\"application\/ld+json\" class=\"yoast-schema-graph\">{\"@context\":\"https:\/\/schema.org\",\"@graph\":[{\"@type\":\"WebPage\",\"@id\":\"https:\/\/jugar-aviator.co\/predicting-the-outcome-of-aviator\/\",\"url\":\"https:\/\/jugar-aviator.co\/predicting-the-outcome-of-aviator\/\",\"name\":\"\u041f\u0440\u0435\u0434\u0441\u043a\u0430\u0437\u0430\u0442\u044c \u0440\u0435\u0437\u0443\u043b\u044c\u0442\u0430\u0442 \u0440\u0430\u0443\u043d\u0434\u043e\u0432 \u043a\u0440\u0430\u0448 \u0438\u0433\u0440\u044b \u0410\u0432\u0438\u0430\u0442\u043e\u0440\",\"isPartOf\":{\"@id\":\"https:\/\/jugar-aviator.co\/#website\"},\"datePublished\":\"2024-05-21T13:33:35+00:00\",\"dateModified\":\"2024-06-16T01:57:39+00:00\",\"description\":\"\u041a\u0430\u043a \u043f\u0440\u0435\u0434\u0441\u043a\u0430\u0437\u0430\u0442\u044c \u0440\u0435\u0437\u0443\u043b\u044c\u0442\u0430\u0442\u044b \u0410\u0432\u0438\u0430\u0442\u043e\u0440\u0430. \u0412\u0441\u0435 \u0441\u043f\u043e\u0441\u043e\u0431\u044b \u043f\u0440\u0435\u0434\u0441\u043a\u0430\u0437\u0430\u043d\u0438\u044f \u0438\u0433\u0440\u044b \u0410\u0432\u0438\u0430\u0442\u043e\u0440. \u0414\u0435\u043b\u0430\u0442\u044c \u0441\u0442\u0430\u0432\u043a\u0443 \u0441\u043e\u0433\u043b\u0430\u0441\u043d\u043e \u043f\u0440\u0435\u0434\u0441\u043a\u0430\u0437\u0430\u043d\u0438\u044f\u043c \u0432 \u0438\u0433\u0440\u0435 \u0410\u0432\u0438\u0430\u0442\u043e\u0440.\",\"breadcrumb\":{\"@id\":\"https:\/\/jugar-aviator.co\/predicting-the-outcome-of-aviator\/#breadcrumb\"},\"inLanguage\":\"pl-PL\",\"potentialAction\":[{\"@type\":\"ReadAction\",\"target\":[\"https:\/\/jugar-aviator.co\/predicting-the-outcome-of-aviator\/\"]}]},{\"@type\":\"BreadcrumbList\",\"@id\":\"https:\/\/jugar-aviator.co\/predicting-the-outcome-of-aviator\/#breadcrumb\",\"itemListElement\":[{\"@type\":\"ListItem\",\"position\":1,\"name\":\"Home\",\"item\":\"https:\/\/jugar-aviator.co\/\"},{\"@type\":\"ListItem\",\"position\":2,\"name\":\"\u041f\u0440\u0435\u0434\u0441\u043a\u0430\u0437\u0430\u0442\u044c \u0440\u0435\u0437\u0443\u043b\u044c\u0442\u0430\u0442 \u0410\u0432\u0438\u0430\u0442\u043e\u0440\u0430\"}]},{\"@type\":\"WebSite\",\"@id\":\"https:\/\/jugar-aviator.co\/#website\",\"url\":\"https:\/\/jugar-aviator.co\/\",\"name\":\"Aviator\",\"description\":\"\",\"publisher\":{\"@id\":\"https:\/\/jugar-aviator.co\/#organization\"},\"potentialAction\":[{\"@type\":\"SearchAction\",\"target\":{\"@type\":\"EntryPoint\",\"urlTemplate\":\"https:\/\/jugar-aviator.co\/?s={search_term_string}\"},\"query-input\":{\"@type\":\"PropertyValueSpecification\",\"valueRequired\":true,\"valueName\":\"search_term_string\"}}],\"inLanguage\":\"pl-PL\"},{\"@type\":\"Organization\",\"@id\":\"https:\/\/jugar-aviator.co\/#organization\",\"name\":\"Aviator\",\"url\":\"https:\/\/jugar-aviator.co\/\",\"logo\":{\"@type\":\"ImageObject\",\"inLanguage\":\"pl-PL\",\"@id\":\"https:\/\/jugar-aviator.co\/#\/schema\/logo\/image\/\",\"url\":\"https:\/\/jugar-aviator.co\/wp-content\/uploads\/aviator-game.png\",\"contentUrl\":\"https:\/\/jugar-aviator.co\/wp-content\/uploads\/aviator-game.png\",\"width\":310,\"height\":139,\"caption\":\"Aviator\"},\"image\":{\"@id\":\"https:\/\/jugar-aviator.co\/#\/schema\/logo\/image\/\"}}]}<\/script>\n<!-- \/ Yoast SEO plugin. -->","yoast_head_json":{"title":"\u041f\u0440\u0435\u0434\u0441\u043a\u0430\u0437\u0430\u0442\u044c \u0440\u0435\u0437\u0443\u043b\u044c\u0442\u0430\u0442 \u0440\u0430\u0443\u043d\u0434\u043e\u0432 \u043a\u0440\u0430\u0448 \u0438\u0433\u0440\u044b \u0410\u0432\u0438\u0430\u0442\u043e\u0440","description":"Jak przewidzie\u0107 wyniki w Aviator. Wszystkie metody przewidywania wynik\u00f3w w grze Aviator. Stawianie zak\u0142ad\u00f3w zgodnie z przewidywaniami w grze Aviator.","robots":{"index":"index","follow":"follow","max-snippet":"max-snippet:-1","max-image-preview":"max-image-preview:large","max-video-preview":"max-video-preview:-1"},"canonical":"https:\/\/jugar-aviator.co\/pl\/predicting-the-outcome-of-aviator\/","og_locale":"pl_PL","og_type":"article","og_title":"\u041f\u0440\u0435\u0434\u0441\u043a\u0430\u0437\u0430\u0442\u044c \u0440\u0435\u0437\u0443\u043b\u044c\u0442\u0430\u0442 \u0440\u0430\u0443\u043d\u0434\u043e\u0432 \u043a\u0440\u0430\u0448 \u0438\u0433\u0440\u044b \u0410\u0432\u0438\u0430\u0442\u043e\u0440","og_description":"\u041a\u0430\u043a \u043f\u0440\u0435\u0434\u0441\u043a\u0430\u0437\u0430\u0442\u044c \u0440\u0435\u0437\u0443\u043b\u044c\u0442\u0430\u0442\u044b \u0410\u0432\u0438\u0430\u0442\u043e\u0440\u0430. \u0412\u0441\u0435 \u0441\u043f\u043e\u0441\u043e\u0431\u044b \u043f\u0440\u0435\u0434\u0441\u043a\u0430\u0437\u0430\u043d\u0438\u044f \u0438\u0433\u0440\u044b \u0410\u0432\u0438\u0430\u0442\u043e\u0440. \u0414\u0435\u043b\u0430\u0442\u044c \u0441\u0442\u0430\u0432\u043a\u0443 \u0441\u043e\u0433\u043b\u0430\u0441\u043d\u043e \u043f\u0440\u0435\u0434\u0441\u043a\u0430\u0437\u0430\u043d\u0438\u044f\u043c \u0432 \u0438\u0433\u0440\u0435 \u0410\u0432\u0438\u0430\u0442\u043e\u0440.","og_url":"https:\/\/jugar-aviator.co\/pl\/predicting-the-outcome-of-aviator\/","og_site_name":"Aviator","article_modified_time":"2024-06-16T01:57:39+00:00","twitter_card":"summary_large_image","twitter_misc":{"Szacowany czas czytania":"24 minuty"},"schema":{"@context":"https:\/\/schema.org","@graph":[{"@type":"WebPage","@id":"https:\/\/jugar-aviator.co\/predicting-the-outcome-of-aviator\/","url":"https:\/\/jugar-aviator.co\/predicting-the-outcome-of-aviator\/","name":"\u041f\u0440\u0435\u0434\u0441\u043a\u0430\u0437\u0430\u0442\u044c \u0440\u0435\u0437\u0443\u043b\u044c\u0442\u0430\u0442 \u0440\u0430\u0443\u043d\u0434\u043e\u0432 \u043a\u0440\u0430\u0448 \u0438\u0433\u0440\u044b \u0410\u0432\u0438\u0430\u0442\u043e\u0440","isPartOf":{"@id":"https:\/\/jugar-aviator.co\/#website"},"datePublished":"2024-05-21T13:33:35+00:00","dateModified":"2024-06-16T01:57:39+00:00","description":"\u041a\u0430\u043a \u043f\u0440\u0435\u0434\u0441\u043a\u0430\u0437\u0430\u0442\u044c \u0440\u0435\u0437\u0443\u043b\u044c\u0442\u0430\u0442\u044b \u0410\u0432\u0438\u0430\u0442\u043e\u0440\u0430. \u0412\u0441\u0435 \u0441\u043f\u043e\u0441\u043e\u0431\u044b \u043f\u0440\u0435\u0434\u0441\u043a\u0430\u0437\u0430\u043d\u0438\u044f \u0438\u0433\u0440\u044b \u0410\u0432\u0438\u0430\u0442\u043e\u0440. \u0414\u0435\u043b\u0430\u0442\u044c \u0441\u0442\u0430\u0432\u043a\u0443 \u0441\u043e\u0433\u043b\u0430\u0441\u043d\u043e \u043f\u0440\u0435\u0434\u0441\u043a\u0430\u0437\u0430\u043d\u0438\u044f\u043c \u0432 \u0438\u0433\u0440\u0435 \u0410\u0432\u0438\u0430\u0442\u043e\u0440.","breadcrumb":{"@id":"https:\/\/jugar-aviator.co\/predicting-the-outcome-of-aviator\/#breadcrumb"},"inLanguage":"pl-PL","potentialAction":[{"@type":"ReadAction","target":["https:\/\/jugar-aviator.co\/predicting-the-outcome-of-aviator\/"]}]},{"@type":"BreadcrumbList","@id":"https:\/\/jugar-aviator.co\/predicting-the-outcome-of-aviator\/#breadcrumb","itemListElement":[{"@type":"ListItem","position":1,"name":"Home","item":"https:\/\/jugar-aviator.co\/"},{"@type":"ListItem","position":2,"name":"\u041f\u0440\u0435\u0434\u0441\u043a\u0430\u0437\u0430\u0442\u044c \u0440\u0435\u0437\u0443\u043b\u044c\u0442\u0430\u0442 \u0410\u0432\u0438\u0430\u0442\u043e\u0440\u0430"}]},{"@type":"WebSite","@id":"https:\/\/jugar-aviator.co\/#website","url":"https:\/\/jugar-aviator.co\/","name":"Aviator","description":"","publisher":{"@id":"https:\/\/jugar-aviator.co\/#organization"},"potentialAction":[{"@type":"SearchAction","target":{"@type":"EntryPoint","urlTemplate":"https:\/\/jugar-aviator.co\/?s={search_term_string}"},"query-input":{"@type":"PropertyValueSpecification","valueRequired":true,"valueName":"search_term_string"}}],"inLanguage":"pl-PL"},{"@type":"Organization","@id":"https:\/\/jugar-aviator.co\/#organization","name":"Aviator","url":"https:\/\/jugar-aviator.co\/","logo":{"@type":"ImageObject","inLanguage":"pl-PL","@id":"https:\/\/jugar-aviator.co\/#\/schema\/logo\/image\/","url":"https:\/\/jugar-aviator.co\/wp-content\/uploads\/aviator-game.png","contentUrl":"https:\/\/jugar-aviator.co\/wp-content\/uploads\/aviator-game.png","width":310,"height":139,"caption":"Aviator"},"image":{"@id":"https:\/\/jugar-aviator.co\/#\/schema\/logo\/image\/"}}]}},"_links":{"self":[{"href":"https:\/\/jugar-aviator.co\/pl\/wp-json\/wp\/v2\/pages\/17","targetHints":{"allow":["GET"]}}],"collection":[{"href":"https:\/\/jugar-aviator.co\/pl\/wp-json\/wp\/v2\/pages"}],"about":[{"href":"https:\/\/jugar-aviator.co\/pl\/wp-json\/wp\/v2\/types\/page"}],"author":[{"embeddable":true,"href":"https:\/\/jugar-aviator.co\/pl\/wp-json\/wp\/v2\/users\/1"}],"replies":[{"embeddable":true,"href":"https:\/\/jugar-aviator.co\/pl\/wp-json\/wp\/v2\/comments?post=17"}],"version-history":[{"count":22,"href":"https:\/\/jugar-aviator.co\/pl\/wp-json\/wp\/v2\/pages\/17\/revisions"}],"predecessor-version":[{"id":225,"href":"https:\/\/jugar-aviator.co\/pl\/wp-json\/wp\/v2\/pages\/17\/revisions\/225"}],"wp:attachment":[{"href":"https:\/\/jugar-aviator.co\/pl\/wp-json\/wp\/v2\/media?parent=17"}],"curies":[{"name":"wp","href":"https:\/\/api.w.org\/{rel}","templated":true}]}}