{"id":3,"date":"2024-05-21T16:10:39","date_gmt":"2024-05-21T13:10:39","guid":{"rendered":"https:\/\/jugar-aviator.co\/?page_id=3"},"modified":"2024-06-16T04:52:19","modified_gmt":"2024-06-16T01:52:19","slug":"privacy-policy","status":"publish","type":"page","link":"https:\/\/jugar-aviator.co\/pl\/privacy-policy\/","title":{"rendered":"Polityka prywatno\u015bci"},"content":{"rendered":"<ol>\n<li><b>Wprowadzenie<\/b><\/li>\n<\/ol>\n<p><span style=\"font-weight: 400;\">Witamy na naszej stronie po\u015bwi\u0119conej grze Aviator. Szanujemy Twoj\u0105 prywatno\u015b\u0107 i zobowi\u0105zujemy si\u0119 do ochrony Twoich danych osobowych. Niniejsza Polityka Prywatno\u015bci wyja\u015bnia, jakie dane zbieramy, jak ich u\u017cywamy oraz jak zapewniamy ich bezpiecze\u0144stwo.<\/span><\/p>\n<ol start=\"2\">\n<li><b>Zbieranie informacji<\/b><\/li>\n<\/ol>\n<p><b>Dane osobowe<\/b><\/p>\n<p><span style=\"font-weight: 400;\">Mo\u017cemy zbiera\u0107 nast\u0119puj\u0105ce dane osobowe:<\/span><\/p>\n<ul>\n<li style=\"font-weight: 400;\" aria-level=\"1\"><span style=\"font-weight: 400;\">Imi\u0119 i nazwisko<\/span><\/li>\n<li style=\"font-weight: 400;\" aria-level=\"1\"><span style=\"font-weight: 400;\">Adres e-mail<\/span><\/li>\n<li style=\"font-weight: 400;\" aria-level=\"1\"><span style=\"font-weight: 400;\">Numer telefonu<\/span><\/li>\n<li style=\"font-weight: 400;\" aria-level=\"1\"><span style=\"font-weight: 400;\">Inne dane kontaktowe, kt\u00f3re podajesz<\/span><\/li>\n<\/ul>\n<p><b>Dane nieosobowe<\/b><\/p>\n<p><span style=\"font-weight: 400;\">Mo\u017cemy r\u00f3wnie\u017c zbiera\u0107 dane nieosobowe, takie jak:<\/span><\/p>\n<ul>\n<li style=\"font-weight: 400;\" aria-level=\"1\"><span style=\"font-weight: 400;\">Rodzaj przegl\u0105darki<\/span><\/li>\n<li style=\"font-weight: 400;\" aria-level=\"1\"><span style=\"font-weight: 400;\">J\u0119zyk przegl\u0105darki<\/span><\/li>\n<li style=\"font-weight: 400;\" aria-level=\"1\"><span style=\"font-weight: 400;\">Czas dost\u0119pu<\/span><\/li>\n<li style=\"font-weight: 400;\" aria-level=\"1\"><span style=\"font-weight: 400;\">Odwiedzane adresy stron<\/span><\/li>\n<\/ul>\n<ol start=\"3\">\n<li><b>Wykorzystanie informacji<\/b><\/li>\n<\/ol>\n<p><span style=\"font-weight: 400;\">Zebrane informacje wykorzystujemy do:<\/span><\/p>\n<ul>\n<li style=\"font-weight: 400;\" aria-level=\"1\"><span style=\"font-weight: 400;\">\u015awiadczenia i ulepszania naszych us\u0142ug<\/span><\/li>\n<li style=\"font-weight: 400;\" aria-level=\"1\"><span style=\"font-weight: 400;\">Przetwarzania Twoich pr\u00f3\u015bb i zapyta\u0144<\/span><\/li>\n<li style=\"font-weight: 400;\" aria-level=\"1\"><span style=\"font-weight: 400;\">Personalizacji Twojego do\u015bwiadczenia na naszej stronie<\/span><\/li>\n<li style=\"font-weight: 400;\" aria-level=\"1\"><span style=\"font-weight: 400;\">Wysy\u0142ania wiadomo\u015bci, aktualizacji i innych informacji zwi\u0105zanych z gr\u0105 Aviator<\/span><\/li>\n<\/ul>\n<ol start=\"4\">\n<li><b>Ochrona informacji<\/b><\/li>\n<\/ol>\n<p><span style=\"font-weight: 400;\">Podejmujemy wszelkie niezb\u0119dne \u015brodki w celu ochrony Twoich danych osobowych przed nieautoryzowanym dost\u0119pem, zmian\u0105, ujawnieniem lub zniszczeniem. Korzystamy z niezawodnych metod szyfrowania i bezpiecznych serwer\u00f3w do przechowywania Twoich danych.<\/span><\/p>\n<ol start=\"5\">\n<li><b>Pliki cookie<\/b><\/li>\n<\/ol>\n<p><span style=\"font-weight: 400;\">Nasza strona wykorzystuje pliki cookie, aby poprawi\u0107 Twoje do\u015bwiadczenia u\u017cytkownika. Pliki cookie pomagaj\u0105 nam:<\/span><\/p>\n<ul>\n<li style=\"font-weight: 400;\" aria-level=\"1\"><span style=\"font-weight: 400;\">Analizowa\u0107 ruch na stronie<\/span><\/li>\n<li style=\"font-weight: 400;\" aria-level=\"1\"><span style=\"font-weight: 400;\">Zapami\u0119tywa\u0107 Twoje preferencje i ustawienia<\/span><\/li>\n<li style=\"font-weight: 400;\" aria-level=\"1\"><span style=\"font-weight: 400;\">Zapewnia\u0107 bezpiecze\u0144stwo<\/span><\/li>\n<\/ul>\n<p><span style=\"font-weight: 400;\">Mo\u017cesz zarz\u0105dza\u0107 plikami cookie poprzez ustawienia swojej przegl\u0105darki.<\/span><\/p>\n<ol start=\"6\">\n<li><b>Przekazywanie danych stronom trzecim<\/b><\/li>\n<\/ol>\n<p><span style=\"font-weight: 400;\">Nie sprzedajemy, nie wymieniamy ani nie przekazujemy Twoich danych osobowych stronom trzecim bez Twojej zgody, chyba \u017ce jest to konieczne do:<\/span><\/p>\n<ul>\n<li style=\"font-weight: 400;\" aria-level=\"1\"><span style=\"font-weight: 400;\">Zachowania zgodno\u015bci z przepisami prawa i wymogami regulacyjnymi<\/span><\/li>\n<li style=\"font-weight: 400;\" aria-level=\"1\"><span style=\"font-weight: 400;\">Ochrony naszych praw i mienia<\/span><\/li>\n<li style=\"font-weight: 400;\" aria-level=\"1\"><span style=\"font-weight: 400;\">\u015awiadczenia us\u0142ug za po\u015brednictwem zaufanych partner\u00f3w, kt\u00f3rzy s\u0105 zobowi\u0105zani do przestrzegania naszej polityki prywatno\u015bci<\/span><\/li>\n<\/ul>\n<ol start=\"7\">\n<li><b>Linki do stron trzecich<\/b><\/li>\n<\/ol>\n<p><span style=\"font-weight: 400;\">Nasza strona mo\u017ce zawiera\u0107 linki do stron trzecich. Nie odpowiadamy za polityk\u0119 prywatno\u015bci i tre\u015bci tych stron. Zalecamy zapoznanie si\u0119 z polityk\u0105 prywatno\u015bci ka\u017cdej odwiedzanej strony.<\/span><\/p>\n<ol start=\"8\">\n<li><b>Zmiany w Polityce Prywatno\u015bci<\/b><\/li>\n<\/ol>\n<p><span style=\"font-weight: 400;\">Zastrzegamy sobie prawo do aktualizacji niniejszej Polityki Prywatno\u015bci w dowolnym momencie. Powiadomimy Ci\u0119 o wszelkich zmianach, publikuj\u0105c now\u0105 wersj\u0119 na naszej stronie. Zalecamy regularne sprawdzanie tej strony w celu zapoznania si\u0119 ze zmianami.<\/span><\/p>\n<p><span style=\"font-weight: 400;\">Dzi\u0119kujemy za wybranie naszej strony! D\u0105\u017cymy do zapewnienia Twojej prywatno\u015bci i bezpiecze\u0144stwa.<\/span><\/p>\n","protected":false},"excerpt":{"rendered":"<p>Wprowadzenie Witamy na naszej stronie po\u015bwi\u0119conej grze Aviator. Szanujemy Twoj\u0105 prywatno\u015b\u0107 i zobowi\u0105zujemy si\u0119 do ochrony Twoich danych osobowych. Niniejsza Polityka Prywatno\u015bci wyja\u015bnia, jakie dane zbieramy, jak ich u\u017cywamy oraz jak zapewniamy ich bezpiecze\u0144stwo. Zbieranie informacji Dane osobowe Mo\u017cemy zbiera\u0107 nast\u0119puj\u0105ce dane osobowe: Imi\u0119 i nazwisko Adres e-mail Numer telefonu Inne dane kontaktowe, kt\u00f3re podajesz&#8230;<\/p>\n","protected":false},"author":1,"featured_media":0,"parent":0,"menu_order":0,"comment_status":"closed","ping_status":"closed","template":"","meta":{"footnotes":""},"class_list":["post-3","page","type-page","status-publish","hentry"],"yoast_head":"<!-- This site is optimized with the Yoast SEO plugin v27.2 - https:\/\/yoast.com\/product\/yoast-seo-wordpress\/ -->\n<title>Politique de confidentialit\u00e9 du site Aviator<\/title>\n<meta name=\"description\" content=\"Polityka prywatno\u015bci\" \/>\n<meta name=\"robots\" content=\"index, follow, max-snippet:-1, max-image-preview:large, max-video-preview:-1\" \/>\n<link rel=\"canonical\" href=\"https:\/\/jugar-aviator.co\/pl\/privacy-policy\/\" \/>\n<meta property=\"og:locale\" content=\"pl_PL\" \/>\n<meta property=\"og:locale:alternate\" content=\"ru_RU\" \/>\n<meta property=\"og:locale:alternate\" content=\"en_US\" \/>\n<meta property=\"og:locale:alternate\" content=\"pt_PT\" \/>\n<meta property=\"og:locale:alternate\" content=\"es_ES\" \/>\n<meta property=\"og:locale:alternate\" content=\"fr_FR\" \/>\n<meta property=\"og:locale:alternate\" content=\"de_DE\" \/>\n<meta property=\"og:locale:alternate\" content=\"ro_RO\" \/>\n<meta property=\"og:locale:alternate\" content=\"sr_RS\" \/>\n<meta property=\"og:locale:alternate\" content=\"bg_BG\" \/>\n<meta property=\"og:locale:alternate\" content=\"it_IT\" \/>\n<meta property=\"og:type\" content=\"article\" \/>\n<meta property=\"og:title\" content=\"Politique de confidentialit\u00e9 du site Aviator\" \/>\n<meta property=\"og:description\" content=\"Politique de confidentialit\u00e9\" \/>\n<meta property=\"og:url\" content=\"https:\/\/jugar-aviator.co\/pl\/privacy-policy\/\" \/>\n<meta property=\"og:site_name\" content=\"Aviator\" \/>\n<meta property=\"article:modified_time\" content=\"2024-06-16T01:52:19+00:00\" \/>\n<meta name=\"twitter:card\" content=\"summary_large_image\" \/>\n<meta name=\"twitter:label1\" content=\"Szacowany czas czytania\" \/>\n\t<meta name=\"twitter:data1\" content=\"15 minut\" \/>\n<script type=\"application\/ld+json\" class=\"yoast-schema-graph\">{\"@context\":\"https:\/\/schema.org\",\"@graph\":[{\"@type\":\"WebPage\",\"@id\":\"https:\/\/jugar-aviator.co\/fr\/privacy-policy\/\",\"url\":\"https:\/\/jugar-aviator.co\/fr\/privacy-policy\/\",\"name\":\"Politique de confidentialit\u00e9 du site Aviator\",\"isPartOf\":{\"@id\":\"https:\/\/jugar-aviator.co\/#website\"},\"datePublished\":\"2024-05-21T13:10:39+00:00\",\"dateModified\":\"2024-06-16T01:52:19+00:00\",\"description\":\"Politique de confidentialit\u00e9\",\"breadcrumb\":{\"@id\":\"https:\/\/jugar-aviator.co\/fr\/privacy-policy\/#breadcrumb\"},\"inLanguage\":\"pl-PL\",\"potentialAction\":[{\"@type\":\"ReadAction\",\"target\":[\"https:\/\/jugar-aviator.co\/fr\/privacy-policy\/\"]}]},{\"@type\":\"BreadcrumbList\",\"@id\":\"https:\/\/jugar-aviator.co\/fr\/privacy-policy\/#breadcrumb\",\"itemListElement\":[{\"@type\":\"ListItem\",\"position\":1,\"name\":\"Home\",\"item\":\"https:\/\/jugar-aviator.co\/\"},{\"@type\":\"ListItem\",\"position\":2,\"name\":\"Politique de confidentialit\u00e9\"}]},{\"@type\":\"WebSite\",\"@id\":\"https:\/\/jugar-aviator.co\/#website\",\"url\":\"https:\/\/jugar-aviator.co\/\",\"name\":\"Aviator\",\"description\":\"\",\"publisher\":{\"@id\":\"https:\/\/jugar-aviator.co\/#organization\"},\"potentialAction\":[{\"@type\":\"SearchAction\",\"target\":{\"@type\":\"EntryPoint\",\"urlTemplate\":\"https:\/\/jugar-aviator.co\/?s={search_term_string}\"},\"query-input\":{\"@type\":\"PropertyValueSpecification\",\"valueRequired\":true,\"valueName\":\"search_term_string\"}}],\"inLanguage\":\"pl-PL\"},{\"@type\":\"Organization\",\"@id\":\"https:\/\/jugar-aviator.co\/#organization\",\"name\":\"Aviator\",\"url\":\"https:\/\/jugar-aviator.co\/\",\"logo\":{\"@type\":\"ImageObject\",\"inLanguage\":\"pl-PL\",\"@id\":\"https:\/\/jugar-aviator.co\/#\/schema\/logo\/image\/\",\"url\":\"https:\/\/jugar-aviator.co\/wp-content\/uploads\/aviator-game.png\",\"contentUrl\":\"https:\/\/jugar-aviator.co\/wp-content\/uploads\/aviator-game.png\",\"width\":310,\"height\":139,\"caption\":\"Aviator\"},\"image\":{\"@id\":\"https:\/\/jugar-aviator.co\/#\/schema\/logo\/image\/\"}}]}<\/script>\n<!-- \/ Yoast SEO plugin. -->","yoast_head_json":{"title":"Politique de confidentialit\u00e9 du site Aviator","description":"Polityka prywatno\u015bci","robots":{"index":"index","follow":"follow","max-snippet":"max-snippet:-1","max-image-preview":"max-image-preview:large","max-video-preview":"max-video-preview:-1"},"canonical":"https:\/\/jugar-aviator.co\/pl\/privacy-policy\/","og_locale":"pl_PL","og_type":"article","og_title":"Politique de confidentialit\u00e9 du site Aviator","og_description":"Politique de confidentialit\u00e9","og_url":"https:\/\/jugar-aviator.co\/pl\/privacy-policy\/","og_site_name":"Aviator","article_modified_time":"2024-06-16T01:52:19+00:00","twitter_card":"summary_large_image","twitter_misc":{"Szacowany czas czytania":"15 minut"},"schema":{"@context":"https:\/\/schema.org","@graph":[{"@type":"WebPage","@id":"https:\/\/jugar-aviator.co\/fr\/privacy-policy\/","url":"https:\/\/jugar-aviator.co\/fr\/privacy-policy\/","name":"Politique de confidentialit\u00e9 du site Aviator","isPartOf":{"@id":"https:\/\/jugar-aviator.co\/#website"},"datePublished":"2024-05-21T13:10:39+00:00","dateModified":"2024-06-16T01:52:19+00:00","description":"Politique de confidentialit\u00e9","breadcrumb":{"@id":"https:\/\/jugar-aviator.co\/fr\/privacy-policy\/#breadcrumb"},"inLanguage":"pl-PL","potentialAction":[{"@type":"ReadAction","target":["https:\/\/jugar-aviator.co\/fr\/privacy-policy\/"]}]},{"@type":"BreadcrumbList","@id":"https:\/\/jugar-aviator.co\/fr\/privacy-policy\/#breadcrumb","itemListElement":[{"@type":"ListItem","position":1,"name":"Home","item":"https:\/\/jugar-aviator.co\/"},{"@type":"ListItem","position":2,"name":"Politique de confidentialit\u00e9"}]},{"@type":"WebSite","@id":"https:\/\/jugar-aviator.co\/#website","url":"https:\/\/jugar-aviator.co\/","name":"Aviator","description":"","publisher":{"@id":"https:\/\/jugar-aviator.co\/#organization"},"potentialAction":[{"@type":"SearchAction","target":{"@type":"EntryPoint","urlTemplate":"https:\/\/jugar-aviator.co\/?s={search_term_string}"},"query-input":{"@type":"PropertyValueSpecification","valueRequired":true,"valueName":"search_term_string"}}],"inLanguage":"pl-PL"},{"@type":"Organization","@id":"https:\/\/jugar-aviator.co\/#organization","name":"Aviator","url":"https:\/\/jugar-aviator.co\/","logo":{"@type":"ImageObject","inLanguage":"pl-PL","@id":"https:\/\/jugar-aviator.co\/#\/schema\/logo\/image\/","url":"https:\/\/jugar-aviator.co\/wp-content\/uploads\/aviator-game.png","contentUrl":"https:\/\/jugar-aviator.co\/wp-content\/uploads\/aviator-game.png","width":310,"height":139,"caption":"Aviator"},"image":{"@id":"https:\/\/jugar-aviator.co\/#\/schema\/logo\/image\/"}}]}},"_links":{"self":[{"href":"https:\/\/jugar-aviator.co\/pl\/wp-json\/wp\/v2\/pages\/3","targetHints":{"allow":["GET"]}}],"collection":[{"href":"https:\/\/jugar-aviator.co\/pl\/wp-json\/wp\/v2\/pages"}],"about":[{"href":"https:\/\/jugar-aviator.co\/pl\/wp-json\/wp\/v2\/types\/page"}],"author":[{"embeddable":true,"href":"https:\/\/jugar-aviator.co\/pl\/wp-json\/wp\/v2\/users\/1"}],"replies":[{"embeddable":true,"href":"https:\/\/jugar-aviator.co\/pl\/wp-json\/wp\/v2\/comments?post=3"}],"version-history":[{"count":22,"href":"https:\/\/jugar-aviator.co\/pl\/wp-json\/wp\/v2\/pages\/3\/revisions"}],"predecessor-version":[{"id":224,"href":"https:\/\/jugar-aviator.co\/pl\/wp-json\/wp\/v2\/pages\/3\/revisions\/224"}],"wp:attachment":[{"href":"https:\/\/jugar-aviator.co\/pl\/wp-json\/wp\/v2\/media?parent=3"}],"curies":[{"name":"wp","href":"https:\/\/api.w.org\/{rel}","templated":true}]}}