{"id":8,"date":"2024-05-21T16:16:23","date_gmt":"2024-05-21T13:16:23","guid":{"rendered":"https:\/\/jugar-aviator.co\/?page_id=8"},"modified":"2024-06-16T04:36:02","modified_gmt":"2024-06-16T01:36:02","slug":"aviator-thrilling-game-by-spribe","status":"publish","type":"page","link":"https:\/\/jugar-aviator.co\/pl\/","title":{"rendered":"Aviator &#8211; ekscytuj\u0105ca gra od Spribe"},"content":{"rendered":"<h2><b>Historia gry Aviator<\/b><\/h2>\n<p><span style=\"font-weight: 400;\">Aviator to innowacyjna gra typu crash, stworzona przez firm\u0119 Spribe. Gra zosta\u0142a wprowadzona na rynek w 2019 roku i od tego czasu zyska\u0142a ogromn\u0105 popularno\u015b\u0107 w\u015br\u00f3d graczy na ca\u0142ym \u015bwiecie. Aviator oferuje unikalne do\u015bwiadczenia z gry, gdzie adrenalina \u0142\u0105czy si\u0119 z prostymi zasadami i wysokim potencja\u0142em zysk\u00f3w. Gra szybko zdoby\u0142a serca u\u017cytkownik\u00f3w dzi\u0119ki swojej dynamice i mo\u017cliwo\u015bci wygrania du\u017cych sum.<\/span><\/p>\n<h2><b>Studio Spribe<\/b><\/h2>\n<p><span style=\"font-weight: 400;\">Spribe to wiod\u0105cy deweloper innowacyjnych gier online. Za\u0142o\u017cona w 2018 roku firma specjalizuje si\u0119 w tworzeniu gier nowej generacji, kt\u00f3re \u0142\u0105cz\u0105 elementy strategii i przypadku. Zesp\u00f3\u0142 Spribe sk\u0142ada si\u0119 z do\u015bwiadczonych profesjonalist\u00f3w w dziedzinie tworzenia gier, co pozwala im tworzy\u0107 produkty najwy\u017cszej jako\u015bci. Aviator jest jednym z najbardziej znanych dzie\u0142 Spribe, pokazuj\u0105cym ich zaanga\u017cowanie w innowacje i spe\u0142nianie potrzeb graczy.<\/span><\/p>\n<h2><b>Zasady gry Aviator<\/b><\/h2>\n<p><span style=\"font-weight: 400;\">Zasady Aviatora s\u0105 proste. Gra zaczyna si\u0119 od startu samolotu, kt\u00f3ry wznosi si\u0119 na wysoko\u015b\u0107. Twoim zadaniem jest wybra\u0107 odpowiedni moment do zatrzymania, gdy uwa\u017casz, \u017ce mno\u017cnik osi\u0105gn\u0105\u0142 szczyt. Im wy\u017cej wznosi si\u0119 samolot, tym wi\u0119kszy staje si\u0119 mno\u017cnik, zwi\u0119kszaj\u0105c potencjalne wygrane. Jednak\u017ce, je\u015bli nie zatrzymasz go na czas i samolot odleci, tracisz zak\u0142ad. Kluczowe jest wybranie optymalnego momentu zatrzymania, co sprawia, \u017ce gra jest ekscytuj\u0105ca i nieprzewidywalna.<\/span><\/p>\n<h2><b>Czy mo\u017cna gra\u0107 w Aviatora za darmo?<\/b><\/h2>\n<p><span style=\"font-weight: 400;\">Tak, mo\u017cesz gra\u0107 w Aviatora za darmo. Wiele kasyn online i platform gamingowych oferuje wersj\u0119 demonstracyjn\u0105 tej gry. Jest to doskona\u0142a okazja dla pocz\u0105tkuj\u0105cych, aby zapozna\u0107 si\u0119 z rozgrywk\u0105 i opracowa\u0107 w\u0142asn\u0105 strategi\u0119 bez ryzyka finansowego. Darmowa gra pozwala na odkrycie wszystkich funkcji Aviatora i przygotowanie si\u0119 do zak\u0142ad\u00f3w na prawdziwe pieni\u0105dze.<\/span><\/p>\n<h2><b>5 najcz\u0119\u015bciej zadawanych pyta\u0144 dotycz\u0105cych gry Aviator<\/b><\/h2>\n<ol>\n<li style=\"font-weight: 400;\" aria-level=\"1\"><b>Jak zacz\u0105\u0107 gra\u0107 w Aviatora?<\/b><span style=\"font-weight: 400;\"> Zarejestruj si\u0119 na platformie oferuj\u0105cej gr\u0119 Aviator, zasil swoje konto i postaw sw\u00f3j pierwszy zak\u0142ad.<\/span><\/li>\n<li style=\"font-weight: 400;\" aria-level=\"1\"><b>Jaka jest minimalna stawka w Aviatorze?<\/b><span style=\"font-weight: 400;\"> Minimalna stawka mo\u017ce si\u0119 r\u00f3\u017cni\u0107 w zale\u017cno\u015bci od platformy, ale zazwyczaj zaczyna si\u0119 od niewielkich kwot, takich jak 1 USD lub r\u00f3wnowarto\u015b\u0107 w innej walucie.<\/span><\/li>\n<li style=\"font-weight: 400;\" aria-level=\"1\"><b>Czy mo\u017cna wygra\u0107 prawdziwe pieni\u0105dze w Aviatorze?<\/b><span style=\"font-weight: 400;\"> Tak, mo\u017cna wygra\u0107 prawdziwe pieni\u0105dze w Aviatorze, je\u015bli grasz na prawdziwe stawki i zatrzymasz mno\u017cnik na czas.<\/span><\/li>\n<li style=\"font-weight: 400;\" aria-level=\"1\"><b>Czy istniej\u0105 strategie wygrywania w Aviatorze?<\/b><span style=\"font-weight: 400;\"> Chocia\u017c Aviator opiera si\u0119 na przypadku, niekt\u00f3rzy gracze opracowuj\u0105 swoje strategie na podstawie analizy wcze\u015bniejszych gier i mno\u017cnik\u00f3w.<\/span><\/li>\n<li style=\"font-weight: 400;\" aria-level=\"1\"><b>Czy gra w Aviatora jest bezpieczna?<\/b><span style=\"font-weight: 400;\"> Tak, je\u015bli grasz na licencjonowanych i zweryfikowanych platformach. Spribe i partnerzy przestrzegaj\u0105 standard\u00f3w bezpiecze\u0144stwa i uczciwo\u015bci.<\/span><\/li>\n<\/ol>\n<h2><b>5 recenzji gry Aviator<\/b><\/h2>\n<ol>\n<li style=\"font-weight: 400;\" aria-level=\"1\"><b>Aleksei P, 23 lata:<\/b><span style=\"font-weight: 400;\"> &#8222;Aviator jest po prostu niesamowity! Prosta, ale ekscytuj\u0105ca gra, w kt\u00f3rej wygra\u0142em kilka du\u017cych sum. Polecam ka\u017cdemu spr\u00f3bowa\u0107!&#8221;<\/span><\/li>\n<li style=\"font-weight: 400;\" aria-level=\"1\"><b>Maria K, 29 lat:<\/b><span style=\"font-weight: 400;\"> &#8222;Gram w Aviatora od kilku miesi\u0119cy. To \u015bwietny spos\u00f3b na sp\u0119dzenie czasu i przetestowanie swojego szcz\u0119\u015bcia. Wersja darmowa pomog\u0142a mi si\u0119 zorientowa\u0107.&#8221;<\/span><\/li>\n<li style=\"font-weight: 400;\" aria-level=\"1\"><b>Dmitri S, 34 lata:<\/b><span style=\"font-weight: 400;\"> &#8222;Gra przyci\u0105ga swoj\u0105 dynamik\u0105 i prostot\u0105. Zawsze jest ekscytuj\u0105ce zgadywa\u0107, kiedy zatrzyma\u0107. To prawdziwy klejnot w\u015br\u00f3d gier crash.&#8221;<\/span><\/li>\n<li style=\"font-weight: 400;\" aria-level=\"1\"><b>Ekaterina L, 37 lat:<\/b><span style=\"font-weight: 400;\"> &#8222;Dzi\u0119kuj\u0119, Spribe, za tak\u0105 gr\u0119! Aviator sta\u0142 si\u0119 moim ulubionym zaj\u0119ciem. Szczeg\u00f3lnie podoba mi si\u0119 opcja grania za darmo i \u0107wiczenia.&#8221;<\/span><\/li>\n<li style=\"font-weight: 400;\" aria-level=\"1\"><b>Ivan G, 28 lat:<\/b><span style=\"font-weight: 400;\"> &#8222;Aviator to unikalna gra pe\u0142na adrenaliny i emocji. \u015awietna grafika i szansa na wygranie prawdziwych pieni\u0119dzy. Jestem bardzo zadowolony!&#8221;<\/span><\/li>\n<\/ol>\n<p><span style=\"font-weight: 400;\">Witamy w \u015bwiecie Aviatora! Wypr\u00f3buj swoje szcz\u0119\u015bcie i umiej\u0119tno\u015bci w tej ekscytuj\u0105cej grze od Spribe.<\/span><\/p>\n","protected":false},"excerpt":{"rendered":"<p>Historia gry Aviator Aviator to innowacyjna gra typu crash, stworzona przez firm\u0119 Spribe. Gra zosta\u0142a wprowadzona na rynek w 2019 roku i od tego czasu zyska\u0142a ogromn\u0105 popularno\u015b\u0107 w\u015br\u00f3d graczy na ca\u0142ym \u015bwiecie. Aviator oferuje unikalne do\u015bwiadczenia z gry, gdzie adrenalina \u0142\u0105czy si\u0119 z prostymi zasadami i wysokim potencja\u0142em zysk\u00f3w. Gra szybko zdoby\u0142a serca u\u017cytkownik\u00f3w&#8230;<\/p>\n","protected":false},"author":1,"featured_media":0,"parent":0,"menu_order":0,"comment_status":"closed","ping_status":"closed","template":"","meta":{"footnotes":""},"class_list":["post-8","page","type-page","status-publish","hentry"],"yoast_head":"<!-- This site is optimized with the Yoast SEO plugin v27.2 - https:\/\/yoast.com\/product\/yoast-seo-wordpress\/ -->\n<title>\u041a\u0440\u0430\u0448 \u0438\u0433\u0440\u0430 \u0410\u0432\u0438\u0430\u0442\u043e\u0440 \u043e\u0442 \u0441\u0442\u0443\u0434\u0438\u0438 Spribe<\/title>\n<meta name=\"description\" content=\"Graj w gr\u0119 online Aviator za darmo i na prawdziwe pieni\u0105dze. Zasady gry, mechanika, pobierz aplikacj\u0119, cz\u0119sto zadawane pytania o grze. Graj i wygrywaj teraz.\" \/>\n<meta name=\"robots\" content=\"index, follow, max-snippet:-1, max-image-preview:large, max-video-preview:-1\" \/>\n<link rel=\"canonical\" href=\"https:\/\/jugar-aviator.co\/pl\/\" \/>\n<meta property=\"og:locale\" content=\"pl_PL\" \/>\n<meta property=\"og:locale:alternate\" content=\"ru_RU\" \/>\n<meta property=\"og:locale:alternate\" content=\"en_US\" \/>\n<meta property=\"og:locale:alternate\" content=\"pt_PT\" \/>\n<meta property=\"og:locale:alternate\" content=\"es_ES\" \/>\n<meta property=\"og:locale:alternate\" content=\"fr_FR\" \/>\n<meta property=\"og:locale:alternate\" content=\"de_DE\" \/>\n<meta property=\"og:locale:alternate\" content=\"ro_RO\" \/>\n<meta property=\"og:locale:alternate\" content=\"sr_RS\" \/>\n<meta property=\"og:locale:alternate\" content=\"bg_BG\" \/>\n<meta property=\"og:locale:alternate\" content=\"it_IT\" \/>\n<meta property=\"og:type\" content=\"article\" \/>\n<meta property=\"og:title\" content=\"\u041a\u0440\u0430\u0448 \u0438\u0433\u0440\u0430 \u0410\u0432\u0438\u0430\u0442\u043e\u0440 \u043e\u0442 \u0441\u0442\u0443\u0434\u0438\u0438 Spribe\" \/>\n<meta property=\"og:description\" content=\"\u0418\u0433\u0440\u0430\u0442\u044c \u0432 \u043e\u043d\u043b\u0430\u0439\u043d \u0438\u0433\u0440\u0443 \u0410\u0432\u0438\u0430\u0442\u043e\u0440 \u0431\u0435\u0441\u043f\u043b\u0430\u0442\u043d\u043e \u0438 \u043d\u0430 \u0434\u0435\u043d\u044c\u0433\u0438. \u041f\u0440\u0430\u0432\u0438\u043b\u0430 \u0438\u0433\u0440\u044b, \u043c\u0435\u0445\u0430\u043d\u0438\u043a\u0430, \u0441\u043a\u0430\u0447\u0430\u0442\u044c \u043f\u0440\u0438\u043b\u043e\u0436\u0435\u043d\u0438\u0435, \u0447\u0430\u0441\u0442\u043e \u0437\u0430\u0434\u0430\u0432\u0430\u0435\u043c\u044b\u0435 \u0432\u043e\u043f\u0440\u043e\u0441\u044b \u043e\u0431 \u0438\u0433\u0440\u0435. \u0418\u0433\u0440\u0430\u0442\u044c \u0438 \u043f\u043e\u0431\u0435\u0436\u0434\u0430\u0442\u044c \u0441\u0435\u0439\u0447\u0430\u0441\" \/>\n<meta property=\"og:url\" content=\"https:\/\/jugar-aviator.co\/pl\/\" \/>\n<meta property=\"og:site_name\" content=\"Aviator\" \/>\n<meta property=\"article:modified_time\" content=\"2024-06-16T01:36:02+00:00\" \/>\n<meta name=\"twitter:card\" content=\"summary_large_image\" \/>\n<meta name=\"twitter:label1\" content=\"Szacowany czas czytania\" \/>\n\t<meta name=\"twitter:data1\" content=\"25 minut\" \/>\n<script type=\"application\/ld+json\" class=\"yoast-schema-graph\">{\"@context\":\"https:\/\/schema.org\",\"@graph\":[{\"@type\":\"WebPage\",\"@id\":\"https:\/\/jugar-aviator.co\/\",\"url\":\"https:\/\/jugar-aviator.co\/\",\"name\":\"\u041a\u0440\u0430\u0448 \u0438\u0433\u0440\u0430 \u0410\u0432\u0438\u0430\u0442\u043e\u0440 \u043e\u0442 \u0441\u0442\u0443\u0434\u0438\u0438 Spribe\",\"isPartOf\":{\"@id\":\"https:\/\/jugar-aviator.co\/#website\"},\"datePublished\":\"2024-05-21T13:16:23+00:00\",\"dateModified\":\"2024-06-16T01:36:02+00:00\",\"description\":\"\u0418\u0433\u0440\u0430\u0442\u044c \u0432 \u043e\u043d\u043b\u0430\u0439\u043d \u0438\u0433\u0440\u0443 \u0410\u0432\u0438\u0430\u0442\u043e\u0440 \u0431\u0435\u0441\u043f\u043b\u0430\u0442\u043d\u043e \u0438 \u043d\u0430 \u0434\u0435\u043d\u044c\u0433\u0438. \u041f\u0440\u0430\u0432\u0438\u043b\u0430 \u0438\u0433\u0440\u044b, \u043c\u0435\u0445\u0430\u043d\u0438\u043a\u0430, \u0441\u043a\u0430\u0447\u0430\u0442\u044c \u043f\u0440\u0438\u043b\u043e\u0436\u0435\u043d\u0438\u0435, \u0447\u0430\u0441\u0442\u043e \u0437\u0430\u0434\u0430\u0432\u0430\u0435\u043c\u044b\u0435 \u0432\u043e\u043f\u0440\u043e\u0441\u044b \u043e\u0431 \u0438\u0433\u0440\u0435. \u0418\u0433\u0440\u0430\u0442\u044c \u0438 \u043f\u043e\u0431\u0435\u0436\u0434\u0430\u0442\u044c \u0441\u0435\u0439\u0447\u0430\u0441\",\"breadcrumb\":{\"@id\":\"https:\/\/jugar-aviator.co\/#breadcrumb\"},\"inLanguage\":\"pl-PL\",\"potentialAction\":[{\"@type\":\"ReadAction\",\"target\":[\"https:\/\/jugar-aviator.co\/\"]}]},{\"@type\":\"BreadcrumbList\",\"@id\":\"https:\/\/jugar-aviator.co\/#breadcrumb\",\"itemListElement\":[{\"@type\":\"ListItem\",\"position\":1,\"name\":\"Home\",\"item\":\"https:\/\/jugar-aviator.co\/\"},{\"@type\":\"ListItem\",\"position\":2,\"name\":\"\u0410\u0432\u0438\u0430\u0442\u043e\u0440 \u2014 \u0417\u0430\u0445\u0432\u0430\u0442\u044b\u0432\u0430\u044e\u0449\u0430\u044f \u0418\u0433\u0440\u0430 \u043e\u0442 Spribe\"}]},{\"@type\":\"WebSite\",\"@id\":\"https:\/\/jugar-aviator.co\/#website\",\"url\":\"https:\/\/jugar-aviator.co\/\",\"name\":\"Aviator\",\"description\":\"\",\"publisher\":{\"@id\":\"https:\/\/jugar-aviator.co\/#organization\"},\"potentialAction\":[{\"@type\":\"SearchAction\",\"target\":{\"@type\":\"EntryPoint\",\"urlTemplate\":\"https:\/\/jugar-aviator.co\/?s={search_term_string}\"},\"query-input\":{\"@type\":\"PropertyValueSpecification\",\"valueRequired\":true,\"valueName\":\"search_term_string\"}}],\"inLanguage\":\"pl-PL\"},{\"@type\":\"Organization\",\"@id\":\"https:\/\/jugar-aviator.co\/#organization\",\"name\":\"Aviator\",\"url\":\"https:\/\/jugar-aviator.co\/\",\"logo\":{\"@type\":\"ImageObject\",\"inLanguage\":\"pl-PL\",\"@id\":\"https:\/\/jugar-aviator.co\/#\/schema\/logo\/image\/\",\"url\":\"https:\/\/jugar-aviator.co\/wp-content\/uploads\/aviator-game.png\",\"contentUrl\":\"https:\/\/jugar-aviator.co\/wp-content\/uploads\/aviator-game.png\",\"width\":310,\"height\":139,\"caption\":\"Aviator\"},\"image\":{\"@id\":\"https:\/\/jugar-aviator.co\/#\/schema\/logo\/image\/\"}}]}<\/script>\n<!-- \/ Yoast SEO plugin. -->","yoast_head_json":{"title":"\u041a\u0440\u0430\u0448 \u0438\u0433\u0440\u0430 \u0410\u0432\u0438\u0430\u0442\u043e\u0440 \u043e\u0442 \u0441\u0442\u0443\u0434\u0438\u0438 Spribe","description":"Graj w gr\u0119 online Aviator za darmo i na prawdziwe pieni\u0105dze. Zasady gry, mechanika, pobierz aplikacj\u0119, cz\u0119sto zadawane pytania o grze. Graj i wygrywaj teraz.","robots":{"index":"index","follow":"follow","max-snippet":"max-snippet:-1","max-image-preview":"max-image-preview:large","max-video-preview":"max-video-preview:-1"},"canonical":"https:\/\/jugar-aviator.co\/pl\/","og_locale":"pl_PL","og_type":"article","og_title":"\u041a\u0440\u0430\u0448 \u0438\u0433\u0440\u0430 \u0410\u0432\u0438\u0430\u0442\u043e\u0440 \u043e\u0442 \u0441\u0442\u0443\u0434\u0438\u0438 Spribe","og_description":"\u0418\u0433\u0440\u0430\u0442\u044c \u0432 \u043e\u043d\u043b\u0430\u0439\u043d \u0438\u0433\u0440\u0443 \u0410\u0432\u0438\u0430\u0442\u043e\u0440 \u0431\u0435\u0441\u043f\u043b\u0430\u0442\u043d\u043e \u0438 \u043d\u0430 \u0434\u0435\u043d\u044c\u0433\u0438. \u041f\u0440\u0430\u0432\u0438\u043b\u0430 \u0438\u0433\u0440\u044b, \u043c\u0435\u0445\u0430\u043d\u0438\u043a\u0430, \u0441\u043a\u0430\u0447\u0430\u0442\u044c \u043f\u0440\u0438\u043b\u043e\u0436\u0435\u043d\u0438\u0435, \u0447\u0430\u0441\u0442\u043e \u0437\u0430\u0434\u0430\u0432\u0430\u0435\u043c\u044b\u0435 \u0432\u043e\u043f\u0440\u043e\u0441\u044b \u043e\u0431 \u0438\u0433\u0440\u0435. \u0418\u0433\u0440\u0430\u0442\u044c \u0438 \u043f\u043e\u0431\u0435\u0436\u0434\u0430\u0442\u044c \u0441\u0435\u0439\u0447\u0430\u0441","og_url":"https:\/\/jugar-aviator.co\/pl\/","og_site_name":"Aviator","article_modified_time":"2024-06-16T01:36:02+00:00","twitter_card":"summary_large_image","twitter_misc":{"Szacowany czas czytania":"25 minut"},"schema":{"@context":"https:\/\/schema.org","@graph":[{"@type":"WebPage","@id":"https:\/\/jugar-aviator.co\/","url":"https:\/\/jugar-aviator.co\/","name":"\u041a\u0440\u0430\u0448 \u0438\u0433\u0440\u0430 \u0410\u0432\u0438\u0430\u0442\u043e\u0440 \u043e\u0442 \u0441\u0442\u0443\u0434\u0438\u0438 Spribe","isPartOf":{"@id":"https:\/\/jugar-aviator.co\/#website"},"datePublished":"2024-05-21T13:16:23+00:00","dateModified":"2024-06-16T01:36:02+00:00","description":"\u0418\u0433\u0440\u0430\u0442\u044c \u0432 \u043e\u043d\u043b\u0430\u0439\u043d \u0438\u0433\u0440\u0443 \u0410\u0432\u0438\u0430\u0442\u043e\u0440 \u0431\u0435\u0441\u043f\u043b\u0430\u0442\u043d\u043e \u0438 \u043d\u0430 \u0434\u0435\u043d\u044c\u0433\u0438. \u041f\u0440\u0430\u0432\u0438\u043b\u0430 \u0438\u0433\u0440\u044b, \u043c\u0435\u0445\u0430\u043d\u0438\u043a\u0430, \u0441\u043a\u0430\u0447\u0430\u0442\u044c \u043f\u0440\u0438\u043b\u043e\u0436\u0435\u043d\u0438\u0435, \u0447\u0430\u0441\u0442\u043e \u0437\u0430\u0434\u0430\u0432\u0430\u0435\u043c\u044b\u0435 \u0432\u043e\u043f\u0440\u043e\u0441\u044b \u043e\u0431 \u0438\u0433\u0440\u0435. \u0418\u0433\u0440\u0430\u0442\u044c \u0438 \u043f\u043e\u0431\u0435\u0436\u0434\u0430\u0442\u044c \u0441\u0435\u0439\u0447\u0430\u0441","breadcrumb":{"@id":"https:\/\/jugar-aviator.co\/#breadcrumb"},"inLanguage":"pl-PL","potentialAction":[{"@type":"ReadAction","target":["https:\/\/jugar-aviator.co\/"]}]},{"@type":"BreadcrumbList","@id":"https:\/\/jugar-aviator.co\/#breadcrumb","itemListElement":[{"@type":"ListItem","position":1,"name":"Home","item":"https:\/\/jugar-aviator.co\/"},{"@type":"ListItem","position":2,"name":"\u0410\u0432\u0438\u0430\u0442\u043e\u0440 \u2014 \u0417\u0430\u0445\u0432\u0430\u0442\u044b\u0432\u0430\u044e\u0449\u0430\u044f \u0418\u0433\u0440\u0430 \u043e\u0442 Spribe"}]},{"@type":"WebSite","@id":"https:\/\/jugar-aviator.co\/#website","url":"https:\/\/jugar-aviator.co\/","name":"Aviator","description":"","publisher":{"@id":"https:\/\/jugar-aviator.co\/#organization"},"potentialAction":[{"@type":"SearchAction","target":{"@type":"EntryPoint","urlTemplate":"https:\/\/jugar-aviator.co\/?s={search_term_string}"},"query-input":{"@type":"PropertyValueSpecification","valueRequired":true,"valueName":"search_term_string"}}],"inLanguage":"pl-PL"},{"@type":"Organization","@id":"https:\/\/jugar-aviator.co\/#organization","name":"Aviator","url":"https:\/\/jugar-aviator.co\/","logo":{"@type":"ImageObject","inLanguage":"pl-PL","@id":"https:\/\/jugar-aviator.co\/#\/schema\/logo\/image\/","url":"https:\/\/jugar-aviator.co\/wp-content\/uploads\/aviator-game.png","contentUrl":"https:\/\/jugar-aviator.co\/wp-content\/uploads\/aviator-game.png","width":310,"height":139,"caption":"Aviator"},"image":{"@id":"https:\/\/jugar-aviator.co\/#\/schema\/logo\/image\/"}}]}},"_links":{"self":[{"href":"https:\/\/jugar-aviator.co\/pl\/wp-json\/wp\/v2\/pages\/8","targetHints":{"allow":["GET"]}}],"collection":[{"href":"https:\/\/jugar-aviator.co\/pl\/wp-json\/wp\/v2\/pages"}],"about":[{"href":"https:\/\/jugar-aviator.co\/pl\/wp-json\/wp\/v2\/types\/page"}],"author":[{"embeddable":true,"href":"https:\/\/jugar-aviator.co\/pl\/wp-json\/wp\/v2\/users\/1"}],"replies":[{"embeddable":true,"href":"https:\/\/jugar-aviator.co\/pl\/wp-json\/wp\/v2\/comments?post=8"}],"version-history":[{"count":22,"href":"https:\/\/jugar-aviator.co\/pl\/wp-json\/wp\/v2\/pages\/8\/revisions"}],"predecessor-version":[{"id":228,"href":"https:\/\/jugar-aviator.co\/pl\/wp-json\/wp\/v2\/pages\/8\/revisions\/228"}],"wp:attachment":[{"href":"https:\/\/jugar-aviator.co\/pl\/wp-json\/wp\/v2\/media?parent=8"}],"curies":[{"name":"wp","href":"https:\/\/api.w.org\/{rel}","templated":true}]}}