{"id":15,"date":"2024-05-21T16:32:17","date_gmt":"2024-05-21T13:32:17","guid":{"rendered":"https:\/\/jugar-aviator.co\/?page_id=15"},"modified":"2024-06-16T05:00:54","modified_gmt":"2024-06-16T02:00:54","slug":"download-aviator-game","status":"publish","type":"page","link":"https:\/\/jugar-aviator.co\/pt\/download-aviator-game\/","title":{"rendered":"Baixar o Jogo Aviador"},"content":{"rendered":"<p><span style=\"font-weight: 400;\">O Aviator da Spribe rapidamente ganhou popularidade gra\u00e7as ao seu envolvente gameplay e oportunidades de ganhar. Agora voc\u00ea tem a chance de aproveitar este emocionante jogo em v\u00e1rios dispositivos. Nesta se\u00e7\u00e3o, explicaremos como baixar o Aviator no Android, iPhone e computador.<\/span><\/p>\n<h2><b>Baixar Aviator no Android<\/b><\/h2>\n<p><span style=\"font-weight: 400;\">Para os usu\u00e1rios de dispositivos Android, o Aviator est\u00e1 dispon\u00edvel para download e instala\u00e7\u00e3o. Siga estes passos simples para instalar o jogo no seu dispositivo:<\/span><\/p>\n<ol>\n<li style=\"font-weight: 400;\" aria-level=\"1\"><b>V\u00e1 para a Google Play Store<\/b><span style=\"font-weight: 400;\">:<\/span>\n<ul>\n<li style=\"font-weight: 400;\" aria-level=\"2\"><span style=\"font-weight: 400;\">Abra o aplicativo Google Play Store no seu dispositivo.<\/span><\/li>\n<li style=\"font-weight: 400;\" aria-level=\"2\"><span style=\"font-weight: 400;\">Na barra de pesquisa, digite &#8220;Aviator Spribe&#8221;.<\/span><\/li>\n<\/ul>\n<\/li>\n<li style=\"font-weight: 400;\" aria-level=\"1\"><b>Encontre o jogo<\/b><span style=\"font-weight: 400;\">:<\/span>\n<ul>\n<li style=\"font-weight: 400;\" aria-level=\"2\"><span style=\"font-weight: 400;\">Na lista de resultados, selecione o jogo &#8220;Aviator&#8221; do desenvolvedor Spribe.<\/span><\/li>\n<\/ul>\n<\/li>\n<li style=\"font-weight: 400;\" aria-level=\"1\"><b>Instale o jogo<\/b><span style=\"font-weight: 400;\">:<\/span>\n<ul>\n<li style=\"font-weight: 400;\" aria-level=\"2\"><span style=\"font-weight: 400;\">Clique no bot\u00e3o &#8220;Instalar&#8221;.<\/span><\/li>\n<li style=\"font-weight: 400;\" aria-level=\"2\"><span style=\"font-weight: 400;\">Aguarde a conclus\u00e3o do download e da instala\u00e7\u00e3o no seu dispositivo.<\/span><\/li>\n<\/ul>\n<\/li>\n<li style=\"font-weight: 400;\" aria-level=\"1\"><b>Inicie o jogo<\/b><span style=\"font-weight: 400;\">:<\/span>\n<ul>\n<li style=\"font-weight: 400;\" aria-level=\"2\"><span style=\"font-weight: 400;\">Ap\u00f3s a instala\u00e7\u00e3o, abra o aplicativo e aproveite o Aviator no seu dispositivo Android.<\/span><\/li>\n<\/ul>\n<\/li>\n<\/ol>\n<h2><b>Baixar Aviator no iPhone<\/b><\/h2>\n<p><span style=\"font-weight: 400;\">Para os propriet\u00e1rios de dispositivos iOS, o Aviator tamb\u00e9m est\u00e1 dispon\u00edvel para download. Siga estes passos para instalar o jogo no seu iPhone:<\/span><\/p>\n<ol>\n<li style=\"font-weight: 400;\" aria-level=\"1\"><b>V\u00e1 para a App Store<\/b><span style=\"font-weight: 400;\">:<\/span>\n<ul>\n<li style=\"font-weight: 400;\" aria-level=\"2\"><span style=\"font-weight: 400;\">Abra o aplicativo App Store no seu iPhone.<\/span><\/li>\n<li style=\"font-weight: 400;\" aria-level=\"2\"><span style=\"font-weight: 400;\">Na barra de pesquisa, digite &#8220;Aviator Spribe&#8221;.<\/span><\/li>\n<\/ul>\n<\/li>\n<li style=\"font-weight: 400;\" aria-level=\"1\"><b>Encontre o jogo<\/b><span style=\"font-weight: 400;\">:<\/span>\n<ul>\n<li style=\"font-weight: 400;\" aria-level=\"2\"><span style=\"font-weight: 400;\">Nos resultados da pesquisa, selecione o jogo &#8220;Aviator&#8221; do desenvolvedor Spribe.<\/span><\/li>\n<\/ul>\n<\/li>\n<li style=\"font-weight: 400;\" aria-level=\"1\"><b>Instale o jogo<\/b><span style=\"font-weight: 400;\">:<\/span>\n<ul>\n<li style=\"font-weight: 400;\" aria-level=\"2\"><span style=\"font-weight: 400;\">Clique no bot\u00e3o &#8220;Baixar&#8221; e confirme a instala\u00e7\u00e3o.<\/span><\/li>\n<li style=\"font-weight: 400;\" aria-level=\"2\"><span style=\"font-weight: 400;\">Aguarde a conclus\u00e3o do download e da instala\u00e7\u00e3o.<\/span><\/li>\n<\/ul>\n<\/li>\n<li style=\"font-weight: 400;\" aria-level=\"1\"><b>Inicie o jogo<\/b><span style=\"font-weight: 400;\">:<\/span>\n<ul>\n<li style=\"font-weight: 400;\" aria-level=\"2\"><span style=\"font-weight: 400;\">Abra o aplicativo e comece a jogar Aviator no seu iPhone.<\/span><\/li>\n<\/ul>\n<\/li>\n<\/ol>\n<h2><b>Baixar Aviator no Computador<\/b><\/h2>\n<p><span style=\"font-weight: 400;\">Se voc\u00ea prefere jogar Aviator em uma tela maior, pode instalar o jogo no seu computador. Veja como fazer isso:<\/span><\/p>\n<ol>\n<li style=\"font-weight: 400;\" aria-level=\"1\"><b>Baixe um emulador Android<\/b><span style=\"font-weight: 400;\">:<\/span>\n<ul>\n<li style=\"font-weight: 400;\" aria-level=\"2\"><span style=\"font-weight: 400;\">Para rodar o jogo no seu computador, voc\u00ea precisar\u00e1 de um emulador Android, como o BlueStacks ou NoxPlayer.<\/span><\/li>\n<li style=\"font-weight: 400;\" aria-level=\"2\"><span style=\"font-weight: 400;\">V\u00e1 para o site oficial do emulador escolhido e baixe o arquivo de instala\u00e7\u00e3o.<\/span><\/li>\n<\/ul>\n<\/li>\n<li style=\"font-weight: 400;\" aria-level=\"1\"><b>Instale o emulador<\/b><span style=\"font-weight: 400;\">:<\/span>\n<ul>\n<li style=\"font-weight: 400;\" aria-level=\"2\"><span style=\"font-weight: 400;\">Execute o arquivo de instala\u00e7\u00e3o e siga as instru\u00e7\u00f5es na tela para instalar o emulador no seu computador.<\/span><\/li>\n<\/ul>\n<\/li>\n<li style=\"font-weight: 400;\" aria-level=\"1\"><b>Configure o emulador<\/b><span style=\"font-weight: 400;\">:<\/span>\n<ul>\n<li style=\"font-weight: 400;\" aria-level=\"2\"><span style=\"font-weight: 400;\">Abra o emulador e fa\u00e7a login na sua conta do Google para acessar a Google Play Store.<\/span><\/li>\n<\/ul>\n<\/li>\n<li style=\"font-weight: 400;\" aria-level=\"1\"><b>Baixe o Aviator<\/b><span style=\"font-weight: 400;\">:<\/span>\n<ul>\n<li style=\"font-weight: 400;\" aria-level=\"2\"><span style=\"font-weight: 400;\">No emulador, abra a Google Play Store e pesquise por &#8220;Aviator Spribe&#8221;.<\/span><\/li>\n<li style=\"font-weight: 400;\" aria-level=\"2\"><span style=\"font-weight: 400;\">Encontre o jogo e instale-o como faria em um dispositivo Android normal.<\/span><\/li>\n<\/ul>\n<\/li>\n<li style=\"font-weight: 400;\" aria-level=\"1\"><b>Inicie o jogo<\/b><span style=\"font-weight: 400;\">:<\/span>\n<ul>\n<li style=\"font-weight: 400;\" aria-level=\"2\"><span style=\"font-weight: 400;\">Ap\u00f3s a instala\u00e7\u00e3o, abra o aplicativo no emulador e aproveite o Aviator no seu computador.<\/span><\/li>\n<\/ul>\n<\/li>\n<\/ol>\n<p><span style=\"font-weight: 400;\">Agora voc\u00ea sabe como baixar e instalar o Aviator no Android, iPhone e computador. Independentemente da plataforma que voc\u00ea escolher, voc\u00ea poder\u00e1 desfrutar do envolvente gameplay e testar sua sorte neste popular jogo de crash da Spribe. Boa sorte e divirta-se jogando!<\/span><\/p>\n","protected":false},"excerpt":{"rendered":"<p>O Aviator da Spribe rapidamente ganhou popularidade gra\u00e7as ao seu envolvente gameplay e oportunidades de ganhar. Agora voc\u00ea tem a chance de aproveitar este emocionante jogo em v\u00e1rios dispositivos. Nesta se\u00e7\u00e3o, explicaremos como baixar o Aviator no Android, iPhone e computador. Baixar Aviator no Android Para os usu\u00e1rios de dispositivos Android, o Aviator est\u00e1 dispon\u00edvel&#8230;<\/p>\n","protected":false},"author":1,"featured_media":0,"parent":0,"menu_order":0,"comment_status":"closed","ping_status":"closed","template":"","meta":{"footnotes":""},"class_list":["post-15","page","type-page","status-publish","hentry"],"yoast_head":"<!-- This site is optimized with the Yoast SEO plugin v27.2 - https:\/\/yoast.com\/product\/yoast-seo-wordpress\/ -->\n<title>\u0421\u043a\u0430\u0447\u0430\u0442\u044c \u043f\u0440\u0438\u043b\u043e\u0436\u0435\u043d\u0438\u0435 \u0438\u0433\u0440\u044b \u0410\u0432\u0438\u0430\u0442\u043e\u0440<\/title>\n<meta name=\"description\" content=\"Baixe o jogo Aviator no Android, iPhone e computador. Baixe o aplicativo e jogue Aviator no seu smartphone. Jogue no aplicativo do cassino.\" \/>\n<meta name=\"robots\" content=\"index, follow, max-snippet:-1, max-image-preview:large, max-video-preview:-1\" \/>\n<link rel=\"canonical\" href=\"https:\/\/jugar-aviator.co\/pt\/download-aviator-game\/\" \/>\n<meta property=\"og:locale\" content=\"pt_PT\" \/>\n<meta property=\"og:locale:alternate\" content=\"ru_RU\" \/>\n<meta property=\"og:locale:alternate\" content=\"en_US\" \/>\n<meta property=\"og:locale:alternate\" content=\"es_ES\" \/>\n<meta property=\"og:locale:alternate\" content=\"fr_FR\" \/>\n<meta property=\"og:locale:alternate\" content=\"de_DE\" \/>\n<meta property=\"og:locale:alternate\" content=\"ro_RO\" \/>\n<meta property=\"og:locale:alternate\" content=\"sr_RS\" \/>\n<meta property=\"og:locale:alternate\" content=\"bg_BG\" \/>\n<meta property=\"og:locale:alternate\" content=\"pl_PL\" \/>\n<meta property=\"og:locale:alternate\" content=\"it_IT\" \/>\n<meta property=\"og:type\" content=\"article\" \/>\n<meta property=\"og:title\" content=\"\u0421\u043a\u0430\u0447\u0430\u0442\u044c \u043f\u0440\u0438\u043b\u043e\u0436\u0435\u043d\u0438\u0435 \u0438\u0433\u0440\u044b \u0410\u0432\u0438\u0430\u0442\u043e\u0440\" \/>\n<meta property=\"og:description\" content=\"\u0421\u043a\u0430\u0447\u0430\u0442\u044c \u0438\u0433\u0440\u0443 \u0410\u0432\u0438\u0430\u0442\u043e\u0440 \u043d\u0430 \u0430\u043d\u0434\u0440\u043e\u0438\u0434, \u0430\u0439\u0444\u043e\u043d \u0438 \u043a\u043e\u043c\u043f\u044c\u044e\u0442\u0435\u0440. \u0421\u043a\u0430\u0447\u0430\u0442\u044c \u043f\u0440\u0438\u043b\u043e\u0436\u0435\u043d\u0438\u0435 \u0438 \u0438\u0433\u0440\u0430\u0442\u044c \u0432 \u0410\u0432\u0438\u0430\u0442\u043e\u0440 \u043d\u0430 \u0441\u043c\u0430\u0440\u0442\u0444\u043e\u043d\u0435. \u0418\u0433\u0440\u0430\u0442\u044c \u0432 \u043f\u0440\u0438\u043b\u043e\u0436\u0435\u043d\u0438\u0438 \u043a\u0430\u0437\u0438\u043d\u043e\" \/>\n<meta property=\"og:url\" content=\"https:\/\/jugar-aviator.co\/pt\/download-aviator-game\/\" \/>\n<meta property=\"og:site_name\" content=\"Aviator\" \/>\n<meta property=\"article:modified_time\" content=\"2024-06-16T02:00:54+00:00\" \/>\n<meta name=\"twitter:card\" content=\"summary_large_image\" \/>\n<meta name=\"twitter:label1\" content=\"Tempo estimado de leitura\" \/>\n\t<meta name=\"twitter:data1\" content=\"19 minutos\" \/>\n<script type=\"application\/ld+json\" class=\"yoast-schema-graph\">{\"@context\":\"https:\/\/schema.org\",\"@graph\":[{\"@type\":\"WebPage\",\"@id\":\"https:\/\/jugar-aviator.co\/download-aviator-game\/\",\"url\":\"https:\/\/jugar-aviator.co\/download-aviator-game\/\",\"name\":\"\u0421\u043a\u0430\u0447\u0430\u0442\u044c \u043f\u0440\u0438\u043b\u043e\u0436\u0435\u043d\u0438\u0435 \u0438\u0433\u0440\u044b \u0410\u0432\u0438\u0430\u0442\u043e\u0440\",\"isPartOf\":{\"@id\":\"https:\/\/jugar-aviator.co\/#website\"},\"datePublished\":\"2024-05-21T13:32:17+00:00\",\"dateModified\":\"2024-06-16T02:00:54+00:00\",\"description\":\"\u0421\u043a\u0430\u0447\u0430\u0442\u044c \u0438\u0433\u0440\u0443 \u0410\u0432\u0438\u0430\u0442\u043e\u0440 \u043d\u0430 \u0430\u043d\u0434\u0440\u043e\u0438\u0434, \u0430\u0439\u0444\u043e\u043d \u0438 \u043a\u043e\u043c\u043f\u044c\u044e\u0442\u0435\u0440. \u0421\u043a\u0430\u0447\u0430\u0442\u044c \u043f\u0440\u0438\u043b\u043e\u0436\u0435\u043d\u0438\u0435 \u0438 \u0438\u0433\u0440\u0430\u0442\u044c \u0432 \u0410\u0432\u0438\u0430\u0442\u043e\u0440 \u043d\u0430 \u0441\u043c\u0430\u0440\u0442\u0444\u043e\u043d\u0435. \u0418\u0433\u0440\u0430\u0442\u044c \u0432 \u043f\u0440\u0438\u043b\u043e\u0436\u0435\u043d\u0438\u0438 \u043a\u0430\u0437\u0438\u043d\u043e\",\"breadcrumb\":{\"@id\":\"https:\/\/jugar-aviator.co\/download-aviator-game\/#breadcrumb\"},\"inLanguage\":\"pt-PT\",\"potentialAction\":[{\"@type\":\"ReadAction\",\"target\":[\"https:\/\/jugar-aviator.co\/download-aviator-game\/\"]}]},{\"@type\":\"BreadcrumbList\",\"@id\":\"https:\/\/jugar-aviator.co\/download-aviator-game\/#breadcrumb\",\"itemListElement\":[{\"@type\":\"ListItem\",\"position\":1,\"name\":\"Home\",\"item\":\"https:\/\/jugar-aviator.co\/\"},{\"@type\":\"ListItem\",\"position\":2,\"name\":\"\u0421\u043a\u0430\u0447\u0430\u0442\u044c \u0438\u0433\u0440\u0443 \u0410\u0432\u0438\u0430\u0442\u043e\u0440\"}]},{\"@type\":\"WebSite\",\"@id\":\"https:\/\/jugar-aviator.co\/#website\",\"url\":\"https:\/\/jugar-aviator.co\/\",\"name\":\"Aviator\",\"description\":\"\",\"publisher\":{\"@id\":\"https:\/\/jugar-aviator.co\/#organization\"},\"potentialAction\":[{\"@type\":\"SearchAction\",\"target\":{\"@type\":\"EntryPoint\",\"urlTemplate\":\"https:\/\/jugar-aviator.co\/?s={search_term_string}\"},\"query-input\":{\"@type\":\"PropertyValueSpecification\",\"valueRequired\":true,\"valueName\":\"search_term_string\"}}],\"inLanguage\":\"pt-PT\"},{\"@type\":\"Organization\",\"@id\":\"https:\/\/jugar-aviator.co\/#organization\",\"name\":\"Aviator\",\"url\":\"https:\/\/jugar-aviator.co\/\",\"logo\":{\"@type\":\"ImageObject\",\"inLanguage\":\"pt-PT\",\"@id\":\"https:\/\/jugar-aviator.co\/#\/schema\/logo\/image\/\",\"url\":\"https:\/\/jugar-aviator.co\/wp-content\/uploads\/aviator-game.png\",\"contentUrl\":\"https:\/\/jugar-aviator.co\/wp-content\/uploads\/aviator-game.png\",\"width\":310,\"height\":139,\"caption\":\"Aviator\"},\"image\":{\"@id\":\"https:\/\/jugar-aviator.co\/#\/schema\/logo\/image\/\"}}]}<\/script>\n<!-- \/ Yoast SEO plugin. -->","yoast_head_json":{"title":"\u0421\u043a\u0430\u0447\u0430\u0442\u044c \u043f\u0440\u0438\u043b\u043e\u0436\u0435\u043d\u0438\u0435 \u0438\u0433\u0440\u044b \u0410\u0432\u0438\u0430\u0442\u043e\u0440","description":"Baixe o jogo Aviator no Android, iPhone e computador. Baixe o aplicativo e jogue Aviator no seu smartphone. Jogue no aplicativo do cassino.","robots":{"index":"index","follow":"follow","max-snippet":"max-snippet:-1","max-image-preview":"max-image-preview:large","max-video-preview":"max-video-preview:-1"},"canonical":"https:\/\/jugar-aviator.co\/pt\/download-aviator-game\/","og_locale":"pt_PT","og_type":"article","og_title":"\u0421\u043a\u0430\u0447\u0430\u0442\u044c \u043f\u0440\u0438\u043b\u043e\u0436\u0435\u043d\u0438\u0435 \u0438\u0433\u0440\u044b \u0410\u0432\u0438\u0430\u0442\u043e\u0440","og_description":"\u0421\u043a\u0430\u0447\u0430\u0442\u044c \u0438\u0433\u0440\u0443 \u0410\u0432\u0438\u0430\u0442\u043e\u0440 \u043d\u0430 \u0430\u043d\u0434\u0440\u043e\u0438\u0434, \u0430\u0439\u0444\u043e\u043d \u0438 \u043a\u043e\u043c\u043f\u044c\u044e\u0442\u0435\u0440. \u0421\u043a\u0430\u0447\u0430\u0442\u044c \u043f\u0440\u0438\u043b\u043e\u0436\u0435\u043d\u0438\u0435 \u0438 \u0438\u0433\u0440\u0430\u0442\u044c \u0432 \u0410\u0432\u0438\u0430\u0442\u043e\u0440 \u043d\u0430 \u0441\u043c\u0430\u0440\u0442\u0444\u043e\u043d\u0435. \u0418\u0433\u0440\u0430\u0442\u044c \u0432 \u043f\u0440\u0438\u043b\u043e\u0436\u0435\u043d\u0438\u0438 \u043a\u0430\u0437\u0438\u043d\u043e","og_url":"https:\/\/jugar-aviator.co\/pt\/download-aviator-game\/","og_site_name":"Aviator","article_modified_time":"2024-06-16T02:00:54+00:00","twitter_card":"summary_large_image","twitter_misc":{"Tempo estimado de leitura":"19 minutos"},"schema":{"@context":"https:\/\/schema.org","@graph":[{"@type":"WebPage","@id":"https:\/\/jugar-aviator.co\/download-aviator-game\/","url":"https:\/\/jugar-aviator.co\/download-aviator-game\/","name":"\u0421\u043a\u0430\u0447\u0430\u0442\u044c \u043f\u0440\u0438\u043b\u043e\u0436\u0435\u043d\u0438\u0435 \u0438\u0433\u0440\u044b \u0410\u0432\u0438\u0430\u0442\u043e\u0440","isPartOf":{"@id":"https:\/\/jugar-aviator.co\/#website"},"datePublished":"2024-05-21T13:32:17+00:00","dateModified":"2024-06-16T02:00:54+00:00","description":"\u0421\u043a\u0430\u0447\u0430\u0442\u044c \u0438\u0433\u0440\u0443 \u0410\u0432\u0438\u0430\u0442\u043e\u0440 \u043d\u0430 \u0430\u043d\u0434\u0440\u043e\u0438\u0434, \u0430\u0439\u0444\u043e\u043d \u0438 \u043a\u043e\u043c\u043f\u044c\u044e\u0442\u0435\u0440. \u0421\u043a\u0430\u0447\u0430\u0442\u044c \u043f\u0440\u0438\u043b\u043e\u0436\u0435\u043d\u0438\u0435 \u0438 \u0438\u0433\u0440\u0430\u0442\u044c \u0432 \u0410\u0432\u0438\u0430\u0442\u043e\u0440 \u043d\u0430 \u0441\u043c\u0430\u0440\u0442\u0444\u043e\u043d\u0435. \u0418\u0433\u0440\u0430\u0442\u044c \u0432 \u043f\u0440\u0438\u043b\u043e\u0436\u0435\u043d\u0438\u0438 \u043a\u0430\u0437\u0438\u043d\u043e","breadcrumb":{"@id":"https:\/\/jugar-aviator.co\/download-aviator-game\/#breadcrumb"},"inLanguage":"pt-PT","potentialAction":[{"@type":"ReadAction","target":["https:\/\/jugar-aviator.co\/download-aviator-game\/"]}]},{"@type":"BreadcrumbList","@id":"https:\/\/jugar-aviator.co\/download-aviator-game\/#breadcrumb","itemListElement":[{"@type":"ListItem","position":1,"name":"Home","item":"https:\/\/jugar-aviator.co\/"},{"@type":"ListItem","position":2,"name":"\u0421\u043a\u0430\u0447\u0430\u0442\u044c \u0438\u0433\u0440\u0443 \u0410\u0432\u0438\u0430\u0442\u043e\u0440"}]},{"@type":"WebSite","@id":"https:\/\/jugar-aviator.co\/#website","url":"https:\/\/jugar-aviator.co\/","name":"Aviator","description":"","publisher":{"@id":"https:\/\/jugar-aviator.co\/#organization"},"potentialAction":[{"@type":"SearchAction","target":{"@type":"EntryPoint","urlTemplate":"https:\/\/jugar-aviator.co\/?s={search_term_string}"},"query-input":{"@type":"PropertyValueSpecification","valueRequired":true,"valueName":"search_term_string"}}],"inLanguage":"pt-PT"},{"@type":"Organization","@id":"https:\/\/jugar-aviator.co\/#organization","name":"Aviator","url":"https:\/\/jugar-aviator.co\/","logo":{"@type":"ImageObject","inLanguage":"pt-PT","@id":"https:\/\/jugar-aviator.co\/#\/schema\/logo\/image\/","url":"https:\/\/jugar-aviator.co\/wp-content\/uploads\/aviator-game.png","contentUrl":"https:\/\/jugar-aviator.co\/wp-content\/uploads\/aviator-game.png","width":310,"height":139,"caption":"Aviator"},"image":{"@id":"https:\/\/jugar-aviator.co\/#\/schema\/logo\/image\/"}}]}},"_links":{"self":[{"href":"https:\/\/jugar-aviator.co\/pt\/wp-json\/wp\/v2\/pages\/15","targetHints":{"allow":["GET"]}}],"collection":[{"href":"https:\/\/jugar-aviator.co\/pt\/wp-json\/wp\/v2\/pages"}],"about":[{"href":"https:\/\/jugar-aviator.co\/pt\/wp-json\/wp\/v2\/types\/page"}],"author":[{"embeddable":true,"href":"https:\/\/jugar-aviator.co\/pt\/wp-json\/wp\/v2\/users\/1"}],"replies":[{"embeddable":true,"href":"https:\/\/jugar-aviator.co\/pt\/wp-json\/wp\/v2\/comments?post=15"}],"version-history":[{"count":23,"href":"https:\/\/jugar-aviator.co\/pt\/wp-json\/wp\/v2\/pages\/15\/revisions"}],"predecessor-version":[{"id":226,"href":"https:\/\/jugar-aviator.co\/pt\/wp-json\/wp\/v2\/pages\/15\/revisions\/226"}],"wp:attachment":[{"href":"https:\/\/jugar-aviator.co\/pt\/wp-json\/wp\/v2\/media?parent=15"}],"curies":[{"name":"wp","href":"https:\/\/api.w.org\/{rel}","templated":true}]}}