{"id":17,"date":"2024-05-21T16:33:35","date_gmt":"2024-05-21T13:33:35","guid":{"rendered":"https:\/\/jugar-aviator.co\/?page_id=17"},"modified":"2024-06-16T04:57:39","modified_gmt":"2024-06-16T01:57:39","slug":"predicting-the-outcome-of-aviator","status":"publish","type":"page","link":"https:\/\/jugar-aviator.co\/pt\/predicting-the-outcome-of-aviator\/","title":{"rendered":"Prever o Resultado do Aviador"},"content":{"rendered":"<p><span style=\"font-weight: 400;\">O jogo Aviator da Spribe ganhou popularidade devido ao seu dinamismo e simplicidade. Os jogadores tentam prever o melhor coeficiente para parar e maximizar seus ganhos. No entanto, prever o resultado de uma rodada no Aviator n\u00e3o \u00e9 f\u00e1cil, pois o jogo \u00e9 baseado em aleatoriedade e um gerador de n\u00fameros aleat\u00f3rios. No entanto, jogadores experientes usam v\u00e1rios m\u00e9todos e estrat\u00e9gias para aumentar suas chances de sucesso. Vamos olhar 5 maneiras que podem ajudar a prever o resultado de uma rodada no Aviator.<\/span><\/p>\n<ol>\n<li>\n<h2><b>An\u00e1lise de Rodadas Anteriores<\/b><\/h2>\n<\/li>\n<\/ol>\n<p><span style=\"font-weight: 400;\">Uma maneira de tentar prever o resultado de uma rodada \u00e9 analisar jogos anteriores. Os jogadores podem manter estat\u00edsticas dos coeficientes e tentar identificar padr\u00f5es. Se os coeficientes estiverem baixos nas \u00faltimas rodadas, um coeficiente alto pode aparecer em breve. No entanto, \u00e9 importante lembrar que o jogo \u00e9 aleat\u00f3rio e resultados anteriores n\u00e3o garantem sucesso futuro.<\/span><br \/>\n<b>Exemplo:<\/b><\/p>\n<ul>\n<li style=\"font-weight: 400;\" aria-level=\"1\"><span style=\"font-weight: 400;\">Mantenha um registro dos coeficientes das \u00faltimas 50 rodadas.<\/span><\/li>\n<li style=\"font-weight: 400;\" aria-level=\"1\"><span style=\"font-weight: 400;\">Determine se houve per\u00edodos em que os coeficientes foram mais altos ou mais baixos que a m\u00e9dia.<\/span><\/li>\n<li style=\"font-weight: 400;\" aria-level=\"1\"><span style=\"font-weight: 400;\">Use esses dados para tomar decis\u00f5es nas rodadas subsequentes.<\/span><\/li>\n<\/ul>\n<ol start=\"2\">\n<li>\n<h2><b>Uso de Modelos Matem\u00e1ticos<\/b><\/h2>\n<\/li>\n<\/ol>\n<p><span style=\"font-weight: 400;\">Alguns jogadores aplicam modelos matem\u00e1ticos e m\u00e9todos estat\u00edsticos para analisar os resultados do jogo. Isso pode incluir o uso de c\u00e1lculos de probabilidade, an\u00e1lise matem\u00e1tica e teoria das probabilidades. Esses modelos ajudam a criar uma estrat\u00e9gia de apostas que pode ser mais bem-sucedida a longo prazo.<\/span><br \/>\n<b>Exemplo:<\/b><\/p>\n<ul>\n<li style=\"font-weight: 400;\" aria-level=\"1\"><span style=\"font-weight: 400;\">Desenvolva um modelo baseado na teoria das probabilidades, levando em considera\u00e7\u00e3o a frequ\u00eancia de coeficientes altos e baixos.<\/span><\/li>\n<li style=\"font-weight: 400;\" aria-level=\"1\"><span style=\"font-weight: 400;\">Aplique esse modelo a jogos reais para determinar momentos \u00f3timos para parar.<\/span><\/li>\n<\/ul>\n<ol start=\"3\">\n<li>\n<h2><b>Leitura de Padr\u00f5es Comportamentais<\/b><\/h2>\n<\/li>\n<\/ol>\n<p><span style=\"font-weight: 400;\">Jogadores experientes afirmam que podem prever resultados com base nos padr\u00f5es comportamentais do pr\u00f3prio jogo. Isso inclui analisar os intervalos de tempo entre coeficientes altos e tentar captar o &#8220;humor&#8221; do jogo. Embora esse m\u00e9todo n\u00e3o seja cient\u00edfico, alguns jogadores o consideram \u00fatil.<\/span><br \/>\n<b>Exemplo:<\/b><\/p>\n<ul>\n<li style=\"font-weight: 400;\" aria-level=\"1\"><span style=\"font-weight: 400;\">Observe o jogo por v\u00e1rias horas para perceber qualquer padr\u00e3o recorrente.<\/span><\/li>\n<li style=\"font-weight: 400;\" aria-level=\"1\"><span style=\"font-weight: 400;\">Baseie suas decis\u00f5es futuras nessas observa\u00e7\u00f5es.<\/span><\/li>\n<\/ul>\n<ol start=\"4\">\n<li>\n<h2><b>Uso de Software<\/b><\/h2>\n<\/li>\n<\/ol>\n<p><span style=\"font-weight: 400;\">Existem programas e bots especiais que ajudam a analisar os resultados do jogo e fazer apostas. Esses programas usam algoritmos para analisar dados e podem fornecer recomenda\u00e7\u00f5es de apostas. No entanto, \u00e9 importante lembrar que o uso de tais programas pode ser proibido pelas regras do cassino, e seu uso deve ser coordenado com a administra\u00e7\u00e3o do site.<\/span><br \/>\n<b>Exemplo:<\/b><\/p>\n<ul>\n<li style=\"font-weight: 400;\" aria-level=\"1\"><span style=\"font-weight: 400;\">Instale e configure o programa para analisar os coeficientes.<\/span><\/li>\n<li style=\"font-weight: 400;\" aria-level=\"1\"><span style=\"font-weight: 400;\">Siga as recomenda\u00e7\u00f5es do programa, mas esteja sempre pronto para tomar suas pr\u00f3prias decis\u00f5es.<\/span><\/li>\n<\/ul>\n<ol start=\"5\">\n<li>\n<h2><b>Intui\u00e7\u00e3o e Experi\u00eancia<\/b><\/h2>\n<\/li>\n<\/ol>\n<p><span style=\"font-weight: 400;\">A intui\u00e7\u00e3o desempenha um papel importante no jogo Aviator. Jogadores experientes frequentemente confiam em sua intui\u00e7\u00e3o e na experi\u00eancia que adquiriram ao longo do tempo. Com o passar do tempo, os jogadores podem entender melhor quando parar e levar seus ganhos, baseando-se em seus sentimentos e palpites intuitivos.<\/span><br \/>\n<b>Exemplo:<\/b><\/p>\n<ul>\n<li style=\"font-weight: 400;\" aria-level=\"1\"><span style=\"font-weight: 400;\">Jogue regularmente e analise seus sucessos e fracassos.<\/span><\/li>\n<li style=\"font-weight: 400;\" aria-level=\"1\"><span style=\"font-weight: 400;\">Confie na sua intui\u00e7\u00e3o, especialmente se ela for apoiada por experi\u00eancia e observa\u00e7\u00f5es.<\/span><\/li>\n<\/ul>\n<p><span style=\"font-weight: 400;\">Embora seja imposs\u00edvel prever com precis\u00e3o o resultado de uma rodada no Aviator, o uso de v\u00e1rios m\u00e9todos e estrat\u00e9gias pode ajudar a aumentar suas chances de sucesso. Analisar rodadas anteriores, modelos matem\u00e1ticos, leitura de padr\u00f5es comportamentais, uso de software e confiar na sua intui\u00e7\u00e3o\u2014todos esses m\u00e9todos podem se tornar parte da sua estrat\u00e9gia de jogo. \u00c9 importante lembrar que Aviator \u00e9 um jogo de sorte, e o objetivo principal deve ser aproveitar o processo de jogo.<\/span><\/p>\n","protected":false},"excerpt":{"rendered":"<p>O jogo Aviator da Spribe ganhou popularidade devido ao seu dinamismo e simplicidade. Os jogadores tentam prever o melhor coeficiente para parar e maximizar seus ganhos. No entanto, prever o resultado de uma rodada no Aviator n\u00e3o \u00e9 f\u00e1cil, pois o jogo \u00e9 baseado em aleatoriedade e um gerador de n\u00fameros aleat\u00f3rios. No entanto, jogadores&#8230;<\/p>\n","protected":false},"author":1,"featured_media":0,"parent":0,"menu_order":0,"comment_status":"closed","ping_status":"closed","template":"","meta":{"footnotes":""},"class_list":["post-17","page","type-page","status-publish","hentry"],"yoast_head":"<!-- This site is optimized with the Yoast SEO plugin v27.2 - https:\/\/yoast.com\/product\/yoast-seo-wordpress\/ -->\n<title>\u041f\u0440\u0435\u0434\u0441\u043a\u0430\u0437\u0430\u0442\u044c \u0440\u0435\u0437\u0443\u043b\u044c\u0442\u0430\u0442 \u0440\u0430\u0443\u043d\u0434\u043e\u0432 \u043a\u0440\u0430\u0448 \u0438\u0433\u0440\u044b \u0410\u0432\u0438\u0430\u0442\u043e\u0440<\/title>\n<meta name=\"description\" content=\"Como prever os resultados do Aviator. Todos os m\u00e9todos de previs\u00e3o do jogo Aviator. Fazer apostas de acordo com as previs\u00f5es no jogo Aviator.\" \/>\n<meta name=\"robots\" content=\"index, follow, max-snippet:-1, max-image-preview:large, max-video-preview:-1\" \/>\n<link rel=\"canonical\" href=\"https:\/\/jugar-aviator.co\/pt\/predicting-the-outcome-of-aviator\/\" \/>\n<meta property=\"og:locale\" content=\"pt_PT\" \/>\n<meta property=\"og:locale:alternate\" content=\"ru_RU\" \/>\n<meta property=\"og:locale:alternate\" content=\"en_US\" \/>\n<meta property=\"og:locale:alternate\" content=\"es_ES\" \/>\n<meta property=\"og:locale:alternate\" content=\"fr_FR\" \/>\n<meta property=\"og:locale:alternate\" content=\"de_DE\" \/>\n<meta property=\"og:locale:alternate\" content=\"ro_RO\" \/>\n<meta property=\"og:locale:alternate\" content=\"sr_RS\" \/>\n<meta property=\"og:locale:alternate\" content=\"bg_BG\" \/>\n<meta property=\"og:locale:alternate\" content=\"pl_PL\" \/>\n<meta property=\"og:locale:alternate\" content=\"it_IT\" \/>\n<meta property=\"og:type\" content=\"article\" \/>\n<meta property=\"og:title\" content=\"\u041f\u0440\u0435\u0434\u0441\u043a\u0430\u0437\u0430\u0442\u044c \u0440\u0435\u0437\u0443\u043b\u044c\u0442\u0430\u0442 \u0440\u0430\u0443\u043d\u0434\u043e\u0432 \u043a\u0440\u0430\u0448 \u0438\u0433\u0440\u044b \u0410\u0432\u0438\u0430\u0442\u043e\u0440\" \/>\n<meta property=\"og:description\" content=\"\u041a\u0430\u043a \u043f\u0440\u0435\u0434\u0441\u043a\u0430\u0437\u0430\u0442\u044c \u0440\u0435\u0437\u0443\u043b\u044c\u0442\u0430\u0442\u044b \u0410\u0432\u0438\u0430\u0442\u043e\u0440\u0430. \u0412\u0441\u0435 \u0441\u043f\u043e\u0441\u043e\u0431\u044b \u043f\u0440\u0435\u0434\u0441\u043a\u0430\u0437\u0430\u043d\u0438\u044f \u0438\u0433\u0440\u044b \u0410\u0432\u0438\u0430\u0442\u043e\u0440. \u0414\u0435\u043b\u0430\u0442\u044c \u0441\u0442\u0430\u0432\u043a\u0443 \u0441\u043e\u0433\u043b\u0430\u0441\u043d\u043e \u043f\u0440\u0435\u0434\u0441\u043a\u0430\u0437\u0430\u043d\u0438\u044f\u043c \u0432 \u0438\u0433\u0440\u0435 \u0410\u0432\u0438\u0430\u0442\u043e\u0440.\" \/>\n<meta property=\"og:url\" content=\"https:\/\/jugar-aviator.co\/pt\/predicting-the-outcome-of-aviator\/\" \/>\n<meta property=\"og:site_name\" content=\"Aviator\" \/>\n<meta property=\"article:modified_time\" content=\"2024-06-16T01:57:39+00:00\" \/>\n<meta name=\"twitter:card\" content=\"summary_large_image\" \/>\n<meta name=\"twitter:label1\" content=\"Tempo estimado de leitura\" \/>\n\t<meta name=\"twitter:data1\" content=\"24 minutos\" \/>\n<script type=\"application\/ld+json\" class=\"yoast-schema-graph\">{\"@context\":\"https:\/\/schema.org\",\"@graph\":[{\"@type\":\"WebPage\",\"@id\":\"https:\/\/jugar-aviator.co\/predicting-the-outcome-of-aviator\/\",\"url\":\"https:\/\/jugar-aviator.co\/predicting-the-outcome-of-aviator\/\",\"name\":\"\u041f\u0440\u0435\u0434\u0441\u043a\u0430\u0437\u0430\u0442\u044c \u0440\u0435\u0437\u0443\u043b\u044c\u0442\u0430\u0442 \u0440\u0430\u0443\u043d\u0434\u043e\u0432 \u043a\u0440\u0430\u0448 \u0438\u0433\u0440\u044b \u0410\u0432\u0438\u0430\u0442\u043e\u0440\",\"isPartOf\":{\"@id\":\"https:\/\/jugar-aviator.co\/#website\"},\"datePublished\":\"2024-05-21T13:33:35+00:00\",\"dateModified\":\"2024-06-16T01:57:39+00:00\",\"description\":\"\u041a\u0430\u043a \u043f\u0440\u0435\u0434\u0441\u043a\u0430\u0437\u0430\u0442\u044c \u0440\u0435\u0437\u0443\u043b\u044c\u0442\u0430\u0442\u044b \u0410\u0432\u0438\u0430\u0442\u043e\u0440\u0430. \u0412\u0441\u0435 \u0441\u043f\u043e\u0441\u043e\u0431\u044b \u043f\u0440\u0435\u0434\u0441\u043a\u0430\u0437\u0430\u043d\u0438\u044f \u0438\u0433\u0440\u044b \u0410\u0432\u0438\u0430\u0442\u043e\u0440. \u0414\u0435\u043b\u0430\u0442\u044c \u0441\u0442\u0430\u0432\u043a\u0443 \u0441\u043e\u0433\u043b\u0430\u0441\u043d\u043e \u043f\u0440\u0435\u0434\u0441\u043a\u0430\u0437\u0430\u043d\u0438\u044f\u043c \u0432 \u0438\u0433\u0440\u0435 \u0410\u0432\u0438\u0430\u0442\u043e\u0440.\",\"breadcrumb\":{\"@id\":\"https:\/\/jugar-aviator.co\/predicting-the-outcome-of-aviator\/#breadcrumb\"},\"inLanguage\":\"pt-PT\",\"potentialAction\":[{\"@type\":\"ReadAction\",\"target\":[\"https:\/\/jugar-aviator.co\/predicting-the-outcome-of-aviator\/\"]}]},{\"@type\":\"BreadcrumbList\",\"@id\":\"https:\/\/jugar-aviator.co\/predicting-the-outcome-of-aviator\/#breadcrumb\",\"itemListElement\":[{\"@type\":\"ListItem\",\"position\":1,\"name\":\"Home\",\"item\":\"https:\/\/jugar-aviator.co\/\"},{\"@type\":\"ListItem\",\"position\":2,\"name\":\"\u041f\u0440\u0435\u0434\u0441\u043a\u0430\u0437\u0430\u0442\u044c \u0440\u0435\u0437\u0443\u043b\u044c\u0442\u0430\u0442 \u0410\u0432\u0438\u0430\u0442\u043e\u0440\u0430\"}]},{\"@type\":\"WebSite\",\"@id\":\"https:\/\/jugar-aviator.co\/#website\",\"url\":\"https:\/\/jugar-aviator.co\/\",\"name\":\"Aviator\",\"description\":\"\",\"publisher\":{\"@id\":\"https:\/\/jugar-aviator.co\/#organization\"},\"potentialAction\":[{\"@type\":\"SearchAction\",\"target\":{\"@type\":\"EntryPoint\",\"urlTemplate\":\"https:\/\/jugar-aviator.co\/?s={search_term_string}\"},\"query-input\":{\"@type\":\"PropertyValueSpecification\",\"valueRequired\":true,\"valueName\":\"search_term_string\"}}],\"inLanguage\":\"pt-PT\"},{\"@type\":\"Organization\",\"@id\":\"https:\/\/jugar-aviator.co\/#organization\",\"name\":\"Aviator\",\"url\":\"https:\/\/jugar-aviator.co\/\",\"logo\":{\"@type\":\"ImageObject\",\"inLanguage\":\"pt-PT\",\"@id\":\"https:\/\/jugar-aviator.co\/#\/schema\/logo\/image\/\",\"url\":\"https:\/\/jugar-aviator.co\/wp-content\/uploads\/aviator-game.png\",\"contentUrl\":\"https:\/\/jugar-aviator.co\/wp-content\/uploads\/aviator-game.png\",\"width\":310,\"height\":139,\"caption\":\"Aviator\"},\"image\":{\"@id\":\"https:\/\/jugar-aviator.co\/#\/schema\/logo\/image\/\"}}]}<\/script>\n<!-- \/ Yoast SEO plugin. -->","yoast_head_json":{"title":"\u041f\u0440\u0435\u0434\u0441\u043a\u0430\u0437\u0430\u0442\u044c \u0440\u0435\u0437\u0443\u043b\u044c\u0442\u0430\u0442 \u0440\u0430\u0443\u043d\u0434\u043e\u0432 \u043a\u0440\u0430\u0448 \u0438\u0433\u0440\u044b \u0410\u0432\u0438\u0430\u0442\u043e\u0440","description":"Como prever os resultados do Aviator. Todos os m\u00e9todos de previs\u00e3o do jogo Aviator. Fazer apostas de acordo com as previs\u00f5es no jogo Aviator.","robots":{"index":"index","follow":"follow","max-snippet":"max-snippet:-1","max-image-preview":"max-image-preview:large","max-video-preview":"max-video-preview:-1"},"canonical":"https:\/\/jugar-aviator.co\/pt\/predicting-the-outcome-of-aviator\/","og_locale":"pt_PT","og_type":"article","og_title":"\u041f\u0440\u0435\u0434\u0441\u043a\u0430\u0437\u0430\u0442\u044c \u0440\u0435\u0437\u0443\u043b\u044c\u0442\u0430\u0442 \u0440\u0430\u0443\u043d\u0434\u043e\u0432 \u043a\u0440\u0430\u0448 \u0438\u0433\u0440\u044b \u0410\u0432\u0438\u0430\u0442\u043e\u0440","og_description":"\u041a\u0430\u043a \u043f\u0440\u0435\u0434\u0441\u043a\u0430\u0437\u0430\u0442\u044c \u0440\u0435\u0437\u0443\u043b\u044c\u0442\u0430\u0442\u044b \u0410\u0432\u0438\u0430\u0442\u043e\u0440\u0430. \u0412\u0441\u0435 \u0441\u043f\u043e\u0441\u043e\u0431\u044b \u043f\u0440\u0435\u0434\u0441\u043a\u0430\u0437\u0430\u043d\u0438\u044f \u0438\u0433\u0440\u044b \u0410\u0432\u0438\u0430\u0442\u043e\u0440. \u0414\u0435\u043b\u0430\u0442\u044c \u0441\u0442\u0430\u0432\u043a\u0443 \u0441\u043e\u0433\u043b\u0430\u0441\u043d\u043e \u043f\u0440\u0435\u0434\u0441\u043a\u0430\u0437\u0430\u043d\u0438\u044f\u043c \u0432 \u0438\u0433\u0440\u0435 \u0410\u0432\u0438\u0430\u0442\u043e\u0440.","og_url":"https:\/\/jugar-aviator.co\/pt\/predicting-the-outcome-of-aviator\/","og_site_name":"Aviator","article_modified_time":"2024-06-16T01:57:39+00:00","twitter_card":"summary_large_image","twitter_misc":{"Tempo estimado de leitura":"24 minutos"},"schema":{"@context":"https:\/\/schema.org","@graph":[{"@type":"WebPage","@id":"https:\/\/jugar-aviator.co\/predicting-the-outcome-of-aviator\/","url":"https:\/\/jugar-aviator.co\/predicting-the-outcome-of-aviator\/","name":"\u041f\u0440\u0435\u0434\u0441\u043a\u0430\u0437\u0430\u0442\u044c \u0440\u0435\u0437\u0443\u043b\u044c\u0442\u0430\u0442 \u0440\u0430\u0443\u043d\u0434\u043e\u0432 \u043a\u0440\u0430\u0448 \u0438\u0433\u0440\u044b \u0410\u0432\u0438\u0430\u0442\u043e\u0440","isPartOf":{"@id":"https:\/\/jugar-aviator.co\/#website"},"datePublished":"2024-05-21T13:33:35+00:00","dateModified":"2024-06-16T01:57:39+00:00","description":"\u041a\u0430\u043a \u043f\u0440\u0435\u0434\u0441\u043a\u0430\u0437\u0430\u0442\u044c \u0440\u0435\u0437\u0443\u043b\u044c\u0442\u0430\u0442\u044b \u0410\u0432\u0438\u0430\u0442\u043e\u0440\u0430. \u0412\u0441\u0435 \u0441\u043f\u043e\u0441\u043e\u0431\u044b \u043f\u0440\u0435\u0434\u0441\u043a\u0430\u0437\u0430\u043d\u0438\u044f \u0438\u0433\u0440\u044b \u0410\u0432\u0438\u0430\u0442\u043e\u0440. \u0414\u0435\u043b\u0430\u0442\u044c \u0441\u0442\u0430\u0432\u043a\u0443 \u0441\u043e\u0433\u043b\u0430\u0441\u043d\u043e \u043f\u0440\u0435\u0434\u0441\u043a\u0430\u0437\u0430\u043d\u0438\u044f\u043c \u0432 \u0438\u0433\u0440\u0435 \u0410\u0432\u0438\u0430\u0442\u043e\u0440.","breadcrumb":{"@id":"https:\/\/jugar-aviator.co\/predicting-the-outcome-of-aviator\/#breadcrumb"},"inLanguage":"pt-PT","potentialAction":[{"@type":"ReadAction","target":["https:\/\/jugar-aviator.co\/predicting-the-outcome-of-aviator\/"]}]},{"@type":"BreadcrumbList","@id":"https:\/\/jugar-aviator.co\/predicting-the-outcome-of-aviator\/#breadcrumb","itemListElement":[{"@type":"ListItem","position":1,"name":"Home","item":"https:\/\/jugar-aviator.co\/"},{"@type":"ListItem","position":2,"name":"\u041f\u0440\u0435\u0434\u0441\u043a\u0430\u0437\u0430\u0442\u044c \u0440\u0435\u0437\u0443\u043b\u044c\u0442\u0430\u0442 \u0410\u0432\u0438\u0430\u0442\u043e\u0440\u0430"}]},{"@type":"WebSite","@id":"https:\/\/jugar-aviator.co\/#website","url":"https:\/\/jugar-aviator.co\/","name":"Aviator","description":"","publisher":{"@id":"https:\/\/jugar-aviator.co\/#organization"},"potentialAction":[{"@type":"SearchAction","target":{"@type":"EntryPoint","urlTemplate":"https:\/\/jugar-aviator.co\/?s={search_term_string}"},"query-input":{"@type":"PropertyValueSpecification","valueRequired":true,"valueName":"search_term_string"}}],"inLanguage":"pt-PT"},{"@type":"Organization","@id":"https:\/\/jugar-aviator.co\/#organization","name":"Aviator","url":"https:\/\/jugar-aviator.co\/","logo":{"@type":"ImageObject","inLanguage":"pt-PT","@id":"https:\/\/jugar-aviator.co\/#\/schema\/logo\/image\/","url":"https:\/\/jugar-aviator.co\/wp-content\/uploads\/aviator-game.png","contentUrl":"https:\/\/jugar-aviator.co\/wp-content\/uploads\/aviator-game.png","width":310,"height":139,"caption":"Aviator"},"image":{"@id":"https:\/\/jugar-aviator.co\/#\/schema\/logo\/image\/"}}]}},"_links":{"self":[{"href":"https:\/\/jugar-aviator.co\/pt\/wp-json\/wp\/v2\/pages\/17","targetHints":{"allow":["GET"]}}],"collection":[{"href":"https:\/\/jugar-aviator.co\/pt\/wp-json\/wp\/v2\/pages"}],"about":[{"href":"https:\/\/jugar-aviator.co\/pt\/wp-json\/wp\/v2\/types\/page"}],"author":[{"embeddable":true,"href":"https:\/\/jugar-aviator.co\/pt\/wp-json\/wp\/v2\/users\/1"}],"replies":[{"embeddable":true,"href":"https:\/\/jugar-aviator.co\/pt\/wp-json\/wp\/v2\/comments?post=17"}],"version-history":[{"count":22,"href":"https:\/\/jugar-aviator.co\/pt\/wp-json\/wp\/v2\/pages\/17\/revisions"}],"predecessor-version":[{"id":225,"href":"https:\/\/jugar-aviator.co\/pt\/wp-json\/wp\/v2\/pages\/17\/revisions\/225"}],"wp:attachment":[{"href":"https:\/\/jugar-aviator.co\/pt\/wp-json\/wp\/v2\/media?parent=17"}],"curies":[{"name":"wp","href":"https:\/\/api.w.org\/{rel}","templated":true}]}}