{"id":19,"date":"2024-05-21T16:34:26","date_gmt":"2024-05-21T13:34:26","guid":{"rendered":"https:\/\/jugar-aviator.co\/?page_id=19"},"modified":"2024-06-16T04:49:23","modified_gmt":"2024-06-16T01:49:23","slug":"real-players-reviews-of-aviator-game","status":"publish","type":"page","link":"https:\/\/jugar-aviator.co\/pt\/real-players-reviews-of-aviator-game\/","title":{"rendered":"Avalia\u00e7\u00f5es de Jogadores Reais do Jogo Aviador"},"content":{"rendered":"<ol>\n<li><b>Andres, 30 anos<\/b><\/li>\n<\/ol>\n<p><b>An\u00e1lise:<\/b><span style=\"font-weight: 400;\"> &#8220;Aviator \u00e9 um jogo incr\u00edvel! Simples, mas muito envolvente. Consegui ganhar v\u00e1rias quantias significativas ao longo de alguns meses de jogo. Altamente recomendado!&#8221;<\/span><\/p>\n<ol start=\"2\">\n<li><b>Maria, 25 anos<\/b><\/li>\n<\/ol>\n<p><b>An\u00e1lise:<\/b><span style=\"font-weight: 400;\"> &#8220;Eu jogo Aviator quase todos os dias. \u00c9 uma \u00f3tima maneira de passar o tempo e ganhar um pouco de dinheiro. A vers\u00e3o gratuita me ajudou a me acostumar com o jogo e desenvolver minha estrat\u00e9gia.&#8221;<\/span><\/p>\n<ol start=\"3\">\n<li><b>Carlos, 28 anos<\/b><\/li>\n<\/ol>\n<p><b>An\u00e1lise:<\/b><span style=\"font-weight: 400;\"> &#8220;O jogo Aviator atrai com sua din\u00e2mica e simplicidade. Adivinhar quando parar o avi\u00e3o \u00e9 um verdadeiro teste de intui\u00e7\u00e3o. Este jogo se tornou meu passatempo favorito.&#8221;<\/span><\/p>\n<ol start=\"4\">\n<li><b>Laura, 32 anos<\/b><\/li>\n<\/ol>\n<p><b>An\u00e1lise:<\/b><span style=\"font-weight: 400;\"> &#8220;Obrigado aos desenvolvedores por um jogo t\u00e3o maravilhoso! Aviator n\u00e3o \u00e9 apenas uma oportunidade de ganhar dinheiro, mas tamb\u00e9m uma \u00f3tima forma de entretenimento. Eu especialmente gosto de jogar no meu dispositivo m\u00f3vel.&#8221;<\/span><\/p>\n<ol start=\"5\">\n<li><b>Juan, 27 anos<\/b><\/li>\n<\/ol>\n<p><b>An\u00e1lise:<\/b><span style=\"font-weight: 400;\"> &#8220;O jogo Aviator \u00e9 \u00fanico em seu conceito. Eu adoro a adrenalina que sinto enquanto jogo. Tamb\u00e9m fico satisfeito com a op\u00e7\u00e3o de jogar de gra\u00e7a e praticar.&#8221;<\/span><\/p>\n<ol start=\"6\">\n<li><b>Sofia, 29 anos<\/b><\/li>\n<\/ol>\n<p><b>An\u00e1lise:<\/b><span style=\"font-weight: 400;\"> &#8220;Aviator foi uma verdadeira descoberta para mim. No in\u00edcio, era dif\u00edcil entender quando parar, mas com o tempo desenvolvi minha pr\u00f3pria estrat\u00e9gia. Muito feliz com os resultados!&#8221;<\/span><\/p>\n<ol start=\"7\">\n<li><b>Daniel, 35 anos<\/b><\/li>\n<\/ol>\n<p><b>An\u00e1lise:<\/b><span style=\"font-weight: 400;\"> &#8220;Tenho jogado Aviator h\u00e1 v\u00e1rios meses e posso dizer que este jogo realmente vale a pena ser jogado. Regras simples e a oportunidade de ganhar o tornam muito atraente.&#8221;<\/span><\/p>\n<ol start=\"8\">\n<li><b>Valentina, 26 anos<\/b><\/li>\n<\/ol>\n<p><b>An\u00e1lise:<\/b><span style=\"font-weight: 400;\"> &#8220;Aviator \u00e9 o jogo perfeito para quem gosta de emo\u00e7\u00e3o e estrat\u00e9gia. Muitas vezes uso uma estrat\u00e9gia de apostas pequenas, e isso me traz ganhos constantes. Recomendo!&#8221;<\/span><\/p>\n<ol start=\"9\">\n<li><b>Miguel, 31 anos<\/b><\/li>\n<\/ol>\n<p><b>An\u00e1lise:<\/b><span style=\"font-weight: 400;\"> &#8220;O jogo Aviator \u00e9 uma excelente combina\u00e7\u00e3o de simplicidade e envolvimento. Ele cativa e n\u00e3o deixa voc\u00ea ficar entediado. Os ganhos s\u00e3o reais, o que torna o jogo ainda mais interessante.&#8221;<\/span><\/p>\n<ol start=\"10\">\n<li><b>Juliana, 24 anos<\/b><\/li>\n<\/ol>\n<p><b>An\u00e1lise:<\/b><span style=\"font-weight: 400;\"> &#8220;Comecei a jogar Aviator recentemente e imediatamente me apaixonei por este jogo. Sua simplicidade e a possibilidade de ganhar grandes somas s\u00e3o exatamente o que eu preciso. \u00d3timo jogo para relaxar ap\u00f3s o trabalho.&#8221;<\/span><\/p>\n","protected":false},"excerpt":{"rendered":"<p>Andres, 30 anos An\u00e1lise: &#8220;Aviator \u00e9 um jogo incr\u00edvel! Simples, mas muito envolvente. Consegui ganhar v\u00e1rias quantias significativas ao longo de alguns meses de jogo. Altamente recomendado!&#8221; Maria, 25 anos An\u00e1lise: &#8220;Eu jogo Aviator quase todos os dias. \u00c9 uma \u00f3tima maneira de passar o tempo e ganhar um pouco de dinheiro. A vers\u00e3o gratuita&#8230;<\/p>\n","protected":false},"author":1,"featured_media":0,"parent":0,"menu_order":0,"comment_status":"closed","ping_status":"closed","template":"","meta":{"footnotes":""},"class_list":["post-19","page","type-page","status-publish","hentry"],"yoast_head":"<!-- This site is optimized with the Yoast SEO plugin v27.2 - https:\/\/yoast.com\/product\/yoast-seo-wordpress\/ -->\n<title>Rese\u00f1as de jugadores reales sobre el juego Aviator<\/title>\n<meta name=\"description\" content=\"Reunimos as avalia\u00e7\u00f5es mais populares sobre o jogo Aviator de jogadores reais. Abaixo est\u00e3o opini\u00f5es e uma avalia\u00e7\u00e3o do jogo Aviator.\" \/>\n<meta name=\"robots\" content=\"index, follow, max-snippet:-1, max-image-preview:large, max-video-preview:-1\" \/>\n<link rel=\"canonical\" href=\"https:\/\/jugar-aviator.co\/pt\/real-players-reviews-of-aviator-game\/\" \/>\n<meta property=\"og:locale\" content=\"pt_PT\" \/>\n<meta property=\"og:locale:alternate\" content=\"ru_RU\" \/>\n<meta property=\"og:locale:alternate\" content=\"en_US\" \/>\n<meta property=\"og:locale:alternate\" content=\"es_ES\" \/>\n<meta property=\"og:locale:alternate\" content=\"fr_FR\" \/>\n<meta property=\"og:locale:alternate\" content=\"de_DE\" \/>\n<meta property=\"og:locale:alternate\" content=\"ro_RO\" \/>\n<meta property=\"og:locale:alternate\" content=\"sr_RS\" \/>\n<meta property=\"og:locale:alternate\" content=\"bg_BG\" \/>\n<meta property=\"og:locale:alternate\" content=\"pl_PL\" \/>\n<meta property=\"og:locale:alternate\" content=\"it_IT\" \/>\n<meta property=\"og:type\" content=\"article\" \/>\n<meta property=\"og:title\" content=\"Rese\u00f1as de jugadores reales sobre el juego Aviator\" \/>\n<meta property=\"og:description\" content=\"Hemos recopilado las rese\u00f1as m\u00e1s populares sobre el juego Aviator de jugadores reales. A continuaci\u00f3n, se presentan opiniones y una rese\u00f1a del juego Aviator.\" \/>\n<meta property=\"og:url\" content=\"https:\/\/jugar-aviator.co\/pt\/real-players-reviews-of-aviator-game\/\" \/>\n<meta property=\"og:site_name\" content=\"Aviator\" \/>\n<meta property=\"article:modified_time\" content=\"2024-06-16T01:49:23+00:00\" \/>\n<meta name=\"twitter:card\" content=\"summary_large_image\" \/>\n<meta name=\"twitter:label1\" content=\"Tempo estimado de leitura\" \/>\n\t<meta name=\"twitter:data1\" content=\"14 minutos\" \/>\n<script type=\"application\/ld+json\" class=\"yoast-schema-graph\">{\"@context\":\"https:\/\/schema.org\",\"@graph\":[{\"@type\":\"WebPage\",\"@id\":\"https:\/\/jugar-aviator.co\/es\/real-players-reviews-of-aviator-game\/\",\"url\":\"https:\/\/jugar-aviator.co\/es\/real-players-reviews-of-aviator-game\/\",\"name\":\"Rese\u00f1as de jugadores reales sobre el juego Aviator\",\"isPartOf\":{\"@id\":\"https:\/\/jugar-aviator.co\/#website\"},\"datePublished\":\"2024-05-21T13:34:26+00:00\",\"dateModified\":\"2024-06-16T01:49:23+00:00\",\"description\":\"Hemos recopilado las rese\u00f1as m\u00e1s populares sobre el juego Aviator de jugadores reales. A continuaci\u00f3n, se presentan opiniones y una rese\u00f1a del juego Aviator.\",\"breadcrumb\":{\"@id\":\"https:\/\/jugar-aviator.co\/es\/real-players-reviews-of-aviator-game\/#breadcrumb\"},\"inLanguage\":\"pt-PT\",\"potentialAction\":[{\"@type\":\"ReadAction\",\"target\":[\"https:\/\/jugar-aviator.co\/es\/real-players-reviews-of-aviator-game\/\"]}]},{\"@type\":\"BreadcrumbList\",\"@id\":\"https:\/\/jugar-aviator.co\/es\/real-players-reviews-of-aviator-game\/#breadcrumb\",\"itemListElement\":[{\"@type\":\"ListItem\",\"position\":1,\"name\":\"Home\",\"item\":\"https:\/\/jugar-aviator.co\/\"},{\"@type\":\"ListItem\",\"position\":2,\"name\":\"Rese\u00f1as de Jugadores Reales sobre el Juego Aviator\"}]},{\"@type\":\"WebSite\",\"@id\":\"https:\/\/jugar-aviator.co\/#website\",\"url\":\"https:\/\/jugar-aviator.co\/\",\"name\":\"Aviator\",\"description\":\"\",\"publisher\":{\"@id\":\"https:\/\/jugar-aviator.co\/#organization\"},\"potentialAction\":[{\"@type\":\"SearchAction\",\"target\":{\"@type\":\"EntryPoint\",\"urlTemplate\":\"https:\/\/jugar-aviator.co\/?s={search_term_string}\"},\"query-input\":{\"@type\":\"PropertyValueSpecification\",\"valueRequired\":true,\"valueName\":\"search_term_string\"}}],\"inLanguage\":\"pt-PT\"},{\"@type\":\"Organization\",\"@id\":\"https:\/\/jugar-aviator.co\/#organization\",\"name\":\"Aviator\",\"url\":\"https:\/\/jugar-aviator.co\/\",\"logo\":{\"@type\":\"ImageObject\",\"inLanguage\":\"pt-PT\",\"@id\":\"https:\/\/jugar-aviator.co\/#\/schema\/logo\/image\/\",\"url\":\"https:\/\/jugar-aviator.co\/wp-content\/uploads\/aviator-game.png\",\"contentUrl\":\"https:\/\/jugar-aviator.co\/wp-content\/uploads\/aviator-game.png\",\"width\":310,\"height\":139,\"caption\":\"Aviator\"},\"image\":{\"@id\":\"https:\/\/jugar-aviator.co\/#\/schema\/logo\/image\/\"}}]}<\/script>\n<!-- \/ Yoast SEO plugin. -->","yoast_head_json":{"title":"Rese\u00f1as de jugadores reales sobre el juego Aviator","description":"Reunimos as avalia\u00e7\u00f5es mais populares sobre o jogo Aviator de jogadores reais. Abaixo est\u00e3o opini\u00f5es e uma avalia\u00e7\u00e3o do jogo Aviator.","robots":{"index":"index","follow":"follow","max-snippet":"max-snippet:-1","max-image-preview":"max-image-preview:large","max-video-preview":"max-video-preview:-1"},"canonical":"https:\/\/jugar-aviator.co\/pt\/real-players-reviews-of-aviator-game\/","og_locale":"pt_PT","og_type":"article","og_title":"Rese\u00f1as de jugadores reales sobre el juego Aviator","og_description":"Hemos recopilado las rese\u00f1as m\u00e1s populares sobre el juego Aviator de jugadores reales. A continuaci\u00f3n, se presentan opiniones y una rese\u00f1a del juego Aviator.","og_url":"https:\/\/jugar-aviator.co\/pt\/real-players-reviews-of-aviator-game\/","og_site_name":"Aviator","article_modified_time":"2024-06-16T01:49:23+00:00","twitter_card":"summary_large_image","twitter_misc":{"Tempo estimado de leitura":"14 minutos"},"schema":{"@context":"https:\/\/schema.org","@graph":[{"@type":"WebPage","@id":"https:\/\/jugar-aviator.co\/es\/real-players-reviews-of-aviator-game\/","url":"https:\/\/jugar-aviator.co\/es\/real-players-reviews-of-aviator-game\/","name":"Rese\u00f1as de jugadores reales sobre el juego Aviator","isPartOf":{"@id":"https:\/\/jugar-aviator.co\/#website"},"datePublished":"2024-05-21T13:34:26+00:00","dateModified":"2024-06-16T01:49:23+00:00","description":"Hemos recopilado las rese\u00f1as m\u00e1s populares sobre el juego Aviator de jugadores reales. A continuaci\u00f3n, se presentan opiniones y una rese\u00f1a del juego Aviator.","breadcrumb":{"@id":"https:\/\/jugar-aviator.co\/es\/real-players-reviews-of-aviator-game\/#breadcrumb"},"inLanguage":"pt-PT","potentialAction":[{"@type":"ReadAction","target":["https:\/\/jugar-aviator.co\/es\/real-players-reviews-of-aviator-game\/"]}]},{"@type":"BreadcrumbList","@id":"https:\/\/jugar-aviator.co\/es\/real-players-reviews-of-aviator-game\/#breadcrumb","itemListElement":[{"@type":"ListItem","position":1,"name":"Home","item":"https:\/\/jugar-aviator.co\/"},{"@type":"ListItem","position":2,"name":"Rese\u00f1as de Jugadores Reales sobre el Juego Aviator"}]},{"@type":"WebSite","@id":"https:\/\/jugar-aviator.co\/#website","url":"https:\/\/jugar-aviator.co\/","name":"Aviator","description":"","publisher":{"@id":"https:\/\/jugar-aviator.co\/#organization"},"potentialAction":[{"@type":"SearchAction","target":{"@type":"EntryPoint","urlTemplate":"https:\/\/jugar-aviator.co\/?s={search_term_string}"},"query-input":{"@type":"PropertyValueSpecification","valueRequired":true,"valueName":"search_term_string"}}],"inLanguage":"pt-PT"},{"@type":"Organization","@id":"https:\/\/jugar-aviator.co\/#organization","name":"Aviator","url":"https:\/\/jugar-aviator.co\/","logo":{"@type":"ImageObject","inLanguage":"pt-PT","@id":"https:\/\/jugar-aviator.co\/#\/schema\/logo\/image\/","url":"https:\/\/jugar-aviator.co\/wp-content\/uploads\/aviator-game.png","contentUrl":"https:\/\/jugar-aviator.co\/wp-content\/uploads\/aviator-game.png","width":310,"height":139,"caption":"Aviator"},"image":{"@id":"https:\/\/jugar-aviator.co\/#\/schema\/logo\/image\/"}}]}},"_links":{"self":[{"href":"https:\/\/jugar-aviator.co\/pt\/wp-json\/wp\/v2\/pages\/19","targetHints":{"allow":["GET"]}}],"collection":[{"href":"https:\/\/jugar-aviator.co\/pt\/wp-json\/wp\/v2\/pages"}],"about":[{"href":"https:\/\/jugar-aviator.co\/pt\/wp-json\/wp\/v2\/types\/page"}],"author":[{"embeddable":true,"href":"https:\/\/jugar-aviator.co\/pt\/wp-json\/wp\/v2\/users\/1"}],"replies":[{"embeddable":true,"href":"https:\/\/jugar-aviator.co\/pt\/wp-json\/wp\/v2\/comments?post=19"}],"version-history":[{"count":21,"href":"https:\/\/jugar-aviator.co\/pt\/wp-json\/wp\/v2\/pages\/19\/revisions"}],"predecessor-version":[{"id":223,"href":"https:\/\/jugar-aviator.co\/pt\/wp-json\/wp\/v2\/pages\/19\/revisions\/223"}],"wp:attachment":[{"href":"https:\/\/jugar-aviator.co\/pt\/wp-json\/wp\/v2\/media?parent=19"}],"curies":[{"name":"wp","href":"https:\/\/api.w.org\/{rel}","templated":true}]}}