{"id":22,"date":"2024-05-21T16:43:37","date_gmt":"2024-05-21T13:43:37","guid":{"rendered":"https:\/\/jugar-aviator.co\/?page_id=22"},"modified":"2024-06-16T04:45:43","modified_gmt":"2024-06-16T01:45:43","slug":"about-aviator-website","status":"publish","type":"page","link":"https:\/\/jugar-aviator.co\/pt\/about-aviator-website\/","title":{"rendered":"Sobre o Site do Aviador"},"content":{"rendered":"<p><span style=\"font-weight: 400;\">Bem-vindo ao nosso site dedicado ao jogo Aviator! Nosso principal objetivo \u00e9 tornar sua aventura de jogo ainda melhor e mais emocionante. N\u00f3s nos esfor\u00e7amos para fornecer todos os recursos necess\u00e1rios para que voc\u00ea possa aproveitar o jogo ao m\u00e1ximo.<\/span><\/p>\n<h2><b>Nossa Miss\u00e3o<\/b><\/h2>\n<p><span style=\"font-weight: 400;\">Criamos este site para reunir todas as informa\u00e7\u00f5es importantes sobre o jogo Aviator. Aqui voc\u00ea encontrar\u00e1:<\/span><\/p>\n<ul>\n<li style=\"font-weight: 400;\" aria-level=\"1\"><span style=\"font-weight: 400;\">Guias detalhados e dicas para o jogo<\/span><\/li>\n<li style=\"font-weight: 400;\" aria-level=\"1\"><span style=\"font-weight: 400;\">Revis\u00f5es de v\u00e1rias estrat\u00e9gias e t\u00e1ticas<\/span><\/li>\n<li style=\"font-weight: 400;\" aria-level=\"1\"><span style=\"font-weight: 400;\">Respostas \u00e0s perguntas frequentes<\/span><\/li>\n<li style=\"font-weight: 400;\" aria-level=\"1\"><span style=\"font-weight: 400;\">As \u00faltimas not\u00edcias e atualiza\u00e7\u00f5es<\/span><\/li>\n<\/ul>\n<h2><b>Comunidade de Jogadores<\/b><\/h2>\n<p><span style=\"font-weight: 400;\">Tamb\u00e9m queremos criar uma comunidade ativa de jogadores, onde voc\u00ea possa compartilhar suas impress\u00f5es, experi\u00eancias e estrat\u00e9gias. Seus coment\u00e1rios e sugest\u00f5es nos ajudar\u00e3o a melhorar o site e oferecer ainda mais informa\u00e7\u00f5es \u00fateis para voc\u00ea.<\/span><\/p>\n<h2><b>Por Que Escolher N\u00f3s?<\/b><\/h2>\n<p><span style=\"font-weight: 400;\">Nosso site \u00e9 uma fonte confi\u00e1vel de informa\u00e7\u00f5es sobre o jogo Aviator. Atualizamos regularmente o conte\u00fado para que voc\u00ea esteja sempre ciente das \u00faltimas not\u00edcias e mudan\u00e7as no jogo. N\u00f3s nos esfor\u00e7amos para tornar sua experi\u00eancia de jogo o mais confort\u00e1vel e interessante poss\u00edvel.<\/span><br \/>\n<span style=\"font-weight: 400;\">Junte-se \u00e0 nossa comunidade e vamos tornar o jogo Aviator ainda melhor juntos!<\/span><\/p>\n","protected":false},"excerpt":{"rendered":"<p>Bem-vindo ao nosso site dedicado ao jogo Aviator! Nosso principal objetivo \u00e9 tornar sua aventura de jogo ainda melhor e mais emocionante. N\u00f3s nos esfor\u00e7amos para fornecer todos os recursos necess\u00e1rios para que voc\u00ea possa aproveitar o jogo ao m\u00e1ximo. Nossa Miss\u00e3o Criamos este site para reunir todas as informa\u00e7\u00f5es importantes sobre o jogo Aviator&#8230;.<\/p>\n","protected":false},"author":1,"featured_media":0,"parent":0,"menu_order":0,"comment_status":"closed","ping_status":"closed","template":"","meta":{"footnotes":""},"class_list":["post-22","page","type-page","status-publish","hentry"],"yoast_head":"<!-- This site is optimized with the Yoast SEO plugin v27.2 - https:\/\/yoast.com\/product\/yoast-seo-wordpress\/ -->\n<title>\u041e \u0441\u0430\u0439\u0442\u0435 \u0410\u0432\u0438\u0430\u0442\u043e\u0440<\/title>\n<meta name=\"description\" content=\"Reunimos as melhores informa\u00e7\u00f5es sobre o jogo Aviador. Bem-vindo ao site do Aviador.\" \/>\n<meta name=\"robots\" content=\"index, follow, max-snippet:-1, max-image-preview:large, max-video-preview:-1\" \/>\n<link rel=\"canonical\" href=\"https:\/\/jugar-aviator.co\/pt\/about-aviator-website\/\" \/>\n<meta property=\"og:locale\" content=\"pt_PT\" \/>\n<meta property=\"og:locale:alternate\" content=\"ru_RU\" \/>\n<meta property=\"og:locale:alternate\" content=\"en_US\" \/>\n<meta property=\"og:locale:alternate\" content=\"es_ES\" \/>\n<meta property=\"og:locale:alternate\" content=\"fr_FR\" \/>\n<meta property=\"og:locale:alternate\" content=\"de_DE\" \/>\n<meta property=\"og:locale:alternate\" content=\"ro_RO\" \/>\n<meta property=\"og:locale:alternate\" content=\"sr_RS\" \/>\n<meta property=\"og:locale:alternate\" content=\"bg_BG\" \/>\n<meta property=\"og:locale:alternate\" content=\"pl_PL\" \/>\n<meta property=\"og:locale:alternate\" content=\"it_IT\" \/>\n<meta property=\"og:type\" content=\"article\" \/>\n<meta property=\"og:title\" content=\"\u041e \u0441\u0430\u0439\u0442\u0435 \u0410\u0432\u0438\u0430\u0442\u043e\u0440\" \/>\n<meta property=\"og:description\" content=\"\u041c\u044b \u0441\u043e\u0431\u0440\u0430\u043b\u0438 \u0441\u0430\u043c\u0443\u044e \u043b\u0443\u0447\u0448\u0443\u044e \u0438\u043d\u0444\u043e\u0440\u043c\u0430\u0446\u0438\u044e \u043e\u0431 \u0438\u0433\u0440\u0435 \u0410\u0432\u0438\u0430\u0442\u043e\u0440. \u0414\u043e\u0431\u0440\u043e \u043f\u043e\u0436\u0430\u043b\u043e\u0432\u0430\u0442\u044c \u043d\u0430 \u0441\u0430\u0439\u0442 \u043e\u0431 \u0410\u0432\u0438\u0430\u0442\u043e\u0440\u0435\" \/>\n<meta property=\"og:url\" content=\"https:\/\/jugar-aviator.co\/pt\/about-aviator-website\/\" \/>\n<meta property=\"og:site_name\" content=\"Aviator\" \/>\n<meta property=\"article:modified_time\" content=\"2024-06-16T01:45:43+00:00\" \/>\n<meta name=\"twitter:card\" content=\"summary_large_image\" \/>\n<meta name=\"twitter:label1\" content=\"Tempo estimado de leitura\" \/>\n\t<meta name=\"twitter:data1\" content=\"8 minutos\" \/>\n<script type=\"application\/ld+json\" class=\"yoast-schema-graph\">{\"@context\":\"https:\/\/schema.org\",\"@graph\":[{\"@type\":\"WebPage\",\"@id\":\"https:\/\/jugar-aviator.co\/about-aviator-website\/\",\"url\":\"https:\/\/jugar-aviator.co\/about-aviator-website\/\",\"name\":\"\u041e \u0441\u0430\u0439\u0442\u0435 \u0410\u0432\u0438\u0430\u0442\u043e\u0440\",\"isPartOf\":{\"@id\":\"https:\/\/jugar-aviator.co\/#website\"},\"datePublished\":\"2024-05-21T13:43:37+00:00\",\"dateModified\":\"2024-06-16T01:45:43+00:00\",\"description\":\"\u041c\u044b \u0441\u043e\u0431\u0440\u0430\u043b\u0438 \u0441\u0430\u043c\u0443\u044e \u043b\u0443\u0447\u0448\u0443\u044e \u0438\u043d\u0444\u043e\u0440\u043c\u0430\u0446\u0438\u044e \u043e\u0431 \u0438\u0433\u0440\u0435 \u0410\u0432\u0438\u0430\u0442\u043e\u0440. \u0414\u043e\u0431\u0440\u043e \u043f\u043e\u0436\u0430\u043b\u043e\u0432\u0430\u0442\u044c \u043d\u0430 \u0441\u0430\u0439\u0442 \u043e\u0431 \u0410\u0432\u0438\u0430\u0442\u043e\u0440\u0435\",\"breadcrumb\":{\"@id\":\"https:\/\/jugar-aviator.co\/about-aviator-website\/#breadcrumb\"},\"inLanguage\":\"pt-PT\",\"potentialAction\":[{\"@type\":\"ReadAction\",\"target\":[\"https:\/\/jugar-aviator.co\/about-aviator-website\/\"]}]},{\"@type\":\"BreadcrumbList\",\"@id\":\"https:\/\/jugar-aviator.co\/about-aviator-website\/#breadcrumb\",\"itemListElement\":[{\"@type\":\"ListItem\",\"position\":1,\"name\":\"Home\",\"item\":\"https:\/\/jugar-aviator.co\/\"},{\"@type\":\"ListItem\",\"position\":2,\"name\":\"\u041e \u0441\u0430\u0439\u0442\u0435 \u0410\u0432\u0438\u0430\u0442\u043e\u0440\"}]},{\"@type\":\"WebSite\",\"@id\":\"https:\/\/jugar-aviator.co\/#website\",\"url\":\"https:\/\/jugar-aviator.co\/\",\"name\":\"Aviator\",\"description\":\"\",\"publisher\":{\"@id\":\"https:\/\/jugar-aviator.co\/#organization\"},\"potentialAction\":[{\"@type\":\"SearchAction\",\"target\":{\"@type\":\"EntryPoint\",\"urlTemplate\":\"https:\/\/jugar-aviator.co\/?s={search_term_string}\"},\"query-input\":{\"@type\":\"PropertyValueSpecification\",\"valueRequired\":true,\"valueName\":\"search_term_string\"}}],\"inLanguage\":\"pt-PT\"},{\"@type\":\"Organization\",\"@id\":\"https:\/\/jugar-aviator.co\/#organization\",\"name\":\"Aviator\",\"url\":\"https:\/\/jugar-aviator.co\/\",\"logo\":{\"@type\":\"ImageObject\",\"inLanguage\":\"pt-PT\",\"@id\":\"https:\/\/jugar-aviator.co\/#\/schema\/logo\/image\/\",\"url\":\"https:\/\/jugar-aviator.co\/wp-content\/uploads\/aviator-game.png\",\"contentUrl\":\"https:\/\/jugar-aviator.co\/wp-content\/uploads\/aviator-game.png\",\"width\":310,\"height\":139,\"caption\":\"Aviator\"},\"image\":{\"@id\":\"https:\/\/jugar-aviator.co\/#\/schema\/logo\/image\/\"}}]}<\/script>\n<!-- \/ Yoast SEO plugin. -->","yoast_head_json":{"title":"\u041e \u0441\u0430\u0439\u0442\u0435 \u0410\u0432\u0438\u0430\u0442\u043e\u0440","description":"Reunimos as melhores informa\u00e7\u00f5es sobre o jogo Aviador. Bem-vindo ao site do Aviador.","robots":{"index":"index","follow":"follow","max-snippet":"max-snippet:-1","max-image-preview":"max-image-preview:large","max-video-preview":"max-video-preview:-1"},"canonical":"https:\/\/jugar-aviator.co\/pt\/about-aviator-website\/","og_locale":"pt_PT","og_type":"article","og_title":"\u041e \u0441\u0430\u0439\u0442\u0435 \u0410\u0432\u0438\u0430\u0442\u043e\u0440","og_description":"\u041c\u044b \u0441\u043e\u0431\u0440\u0430\u043b\u0438 \u0441\u0430\u043c\u0443\u044e \u043b\u0443\u0447\u0448\u0443\u044e \u0438\u043d\u0444\u043e\u0440\u043c\u0430\u0446\u0438\u044e \u043e\u0431 \u0438\u0433\u0440\u0435 \u0410\u0432\u0438\u0430\u0442\u043e\u0440. \u0414\u043e\u0431\u0440\u043e \u043f\u043e\u0436\u0430\u043b\u043e\u0432\u0430\u0442\u044c \u043d\u0430 \u0441\u0430\u0439\u0442 \u043e\u0431 \u0410\u0432\u0438\u0430\u0442\u043e\u0440\u0435","og_url":"https:\/\/jugar-aviator.co\/pt\/about-aviator-website\/","og_site_name":"Aviator","article_modified_time":"2024-06-16T01:45:43+00:00","twitter_card":"summary_large_image","twitter_misc":{"Tempo estimado de leitura":"8 minutos"},"schema":{"@context":"https:\/\/schema.org","@graph":[{"@type":"WebPage","@id":"https:\/\/jugar-aviator.co\/about-aviator-website\/","url":"https:\/\/jugar-aviator.co\/about-aviator-website\/","name":"\u041e \u0441\u0430\u0439\u0442\u0435 \u0410\u0432\u0438\u0430\u0442\u043e\u0440","isPartOf":{"@id":"https:\/\/jugar-aviator.co\/#website"},"datePublished":"2024-05-21T13:43:37+00:00","dateModified":"2024-06-16T01:45:43+00:00","description":"\u041c\u044b \u0441\u043e\u0431\u0440\u0430\u043b\u0438 \u0441\u0430\u043c\u0443\u044e \u043b\u0443\u0447\u0448\u0443\u044e \u0438\u043d\u0444\u043e\u0440\u043c\u0430\u0446\u0438\u044e \u043e\u0431 \u0438\u0433\u0440\u0435 \u0410\u0432\u0438\u0430\u0442\u043e\u0440. \u0414\u043e\u0431\u0440\u043e \u043f\u043e\u0436\u0430\u043b\u043e\u0432\u0430\u0442\u044c \u043d\u0430 \u0441\u0430\u0439\u0442 \u043e\u0431 \u0410\u0432\u0438\u0430\u0442\u043e\u0440\u0435","breadcrumb":{"@id":"https:\/\/jugar-aviator.co\/about-aviator-website\/#breadcrumb"},"inLanguage":"pt-PT","potentialAction":[{"@type":"ReadAction","target":["https:\/\/jugar-aviator.co\/about-aviator-website\/"]}]},{"@type":"BreadcrumbList","@id":"https:\/\/jugar-aviator.co\/about-aviator-website\/#breadcrumb","itemListElement":[{"@type":"ListItem","position":1,"name":"Home","item":"https:\/\/jugar-aviator.co\/"},{"@type":"ListItem","position":2,"name":"\u041e \u0441\u0430\u0439\u0442\u0435 \u0410\u0432\u0438\u0430\u0442\u043e\u0440"}]},{"@type":"WebSite","@id":"https:\/\/jugar-aviator.co\/#website","url":"https:\/\/jugar-aviator.co\/","name":"Aviator","description":"","publisher":{"@id":"https:\/\/jugar-aviator.co\/#organization"},"potentialAction":[{"@type":"SearchAction","target":{"@type":"EntryPoint","urlTemplate":"https:\/\/jugar-aviator.co\/?s={search_term_string}"},"query-input":{"@type":"PropertyValueSpecification","valueRequired":true,"valueName":"search_term_string"}}],"inLanguage":"pt-PT"},{"@type":"Organization","@id":"https:\/\/jugar-aviator.co\/#organization","name":"Aviator","url":"https:\/\/jugar-aviator.co\/","logo":{"@type":"ImageObject","inLanguage":"pt-PT","@id":"https:\/\/jugar-aviator.co\/#\/schema\/logo\/image\/","url":"https:\/\/jugar-aviator.co\/wp-content\/uploads\/aviator-game.png","contentUrl":"https:\/\/jugar-aviator.co\/wp-content\/uploads\/aviator-game.png","width":310,"height":139,"caption":"Aviator"},"image":{"@id":"https:\/\/jugar-aviator.co\/#\/schema\/logo\/image\/"}}]}},"_links":{"self":[{"href":"https:\/\/jugar-aviator.co\/pt\/wp-json\/wp\/v2\/pages\/22","targetHints":{"allow":["GET"]}}],"collection":[{"href":"https:\/\/jugar-aviator.co\/pt\/wp-json\/wp\/v2\/pages"}],"about":[{"href":"https:\/\/jugar-aviator.co\/pt\/wp-json\/wp\/v2\/types\/page"}],"author":[{"embeddable":true,"href":"https:\/\/jugar-aviator.co\/pt\/wp-json\/wp\/v2\/users\/1"}],"replies":[{"embeddable":true,"href":"https:\/\/jugar-aviator.co\/pt\/wp-json\/wp\/v2\/comments?post=22"}],"version-history":[{"count":24,"href":"https:\/\/jugar-aviator.co\/pt\/wp-json\/wp\/v2\/pages\/22\/revisions"}],"predecessor-version":[{"id":43,"href":"https:\/\/jugar-aviator.co\/pt\/wp-json\/wp\/v2\/pages\/22\/revisions\/43"}],"wp:attachment":[{"href":"https:\/\/jugar-aviator.co\/pt\/wp-json\/wp\/v2\/media?parent=22"}],"curies":[{"name":"wp","href":"https:\/\/api.w.org\/{rel}","templated":true}]}}