{"id":3,"date":"2024-05-21T16:10:39","date_gmt":"2024-05-21T13:10:39","guid":{"rendered":"https:\/\/jugar-aviator.co\/?page_id=3"},"modified":"2024-06-16T04:52:19","modified_gmt":"2024-06-16T01:52:19","slug":"privacy-policy","status":"publish","type":"page","link":"https:\/\/jugar-aviator.co\/pt\/privacy-policy\/","title":{"rendered":"Pol\u00edtica de Privacidade"},"content":{"rendered":"<ol>\n<li><b>Introdu\u00e7\u00e3o<\/b><\/li>\n<\/ol>\n<p><span style=\"font-weight: 400;\">Bem-vindo ao nosso site dedicado ao jogo Aviator. Respeitamos sua privacidade e estamos comprometidos em proteger suas informa\u00e7\u00f5es pessoais. Esta Pol\u00edtica de Privacidade explica quais dados coletamos, como os usamos e como garantimos sua seguran\u00e7a.<\/span><\/p>\n<ol start=\"2\">\n<li><b>Coleta de Informa\u00e7\u00f5es<\/b><\/li>\n<\/ol>\n<p><b>Informa\u00e7\u00f5es Pessoais<\/b><\/p>\n<p><span style=\"font-weight: 400;\">Podemos coletar as seguintes informa\u00e7\u00f5es pessoais:<\/span><\/p>\n<ul>\n<li style=\"font-weight: 400;\" aria-level=\"1\"><span style=\"font-weight: 400;\">Nome e sobrenome<\/span><\/li>\n<li style=\"font-weight: 400;\" aria-level=\"1\"><span style=\"font-weight: 400;\">Endere\u00e7o de e-mail<\/span><\/li>\n<li style=\"font-weight: 400;\" aria-level=\"1\"><span style=\"font-weight: 400;\">N\u00famero de telefone<\/span><\/li>\n<li style=\"font-weight: 400;\" aria-level=\"1\"><span style=\"font-weight: 400;\">Outros detalhes de contato que voc\u00ea fornecer<\/span><\/li>\n<\/ul>\n<p><b>Informa\u00e7\u00f5es N\u00e3o Pessoais<\/b><\/p>\n<p><span style=\"font-weight: 400;\">Tamb\u00e9m podemos coletar informa\u00e7\u00f5es n\u00e3o pessoais, como:<\/span><\/p>\n<ul>\n<li style=\"font-weight: 400;\" aria-level=\"1\"><span style=\"font-weight: 400;\">Tipo de navegador<\/span><\/li>\n<li style=\"font-weight: 400;\" aria-level=\"1\"><span style=\"font-weight: 400;\">Idioma do navegador<\/span><\/li>\n<li style=\"font-weight: 400;\" aria-level=\"1\"><span style=\"font-weight: 400;\">Hora de acesso<\/span><\/li>\n<li style=\"font-weight: 400;\" aria-level=\"1\"><span style=\"font-weight: 400;\">Endere\u00e7os de p\u00e1ginas visitadas<\/span><\/li>\n<\/ul>\n<ol start=\"3\">\n<li><b>Uso das Informa\u00e7\u00f5es<\/b><\/li>\n<\/ol>\n<p><span style=\"font-weight: 400;\">Usamos as informa\u00e7\u00f5es coletadas para:<\/span><\/p>\n<ul>\n<li style=\"font-weight: 400;\" aria-level=\"1\"><span style=\"font-weight: 400;\">Fornecer e melhorar nossos servi\u00e7os<\/span><\/li>\n<li style=\"font-weight: 400;\" aria-level=\"1\"><span style=\"font-weight: 400;\">Processar suas solicita\u00e7\u00f5es e perguntas<\/span><\/li>\n<li style=\"font-weight: 400;\" aria-level=\"1\"><span style=\"font-weight: 400;\">Personalizar sua experi\u00eancia em nosso site<\/span><\/li>\n<li style=\"font-weight: 400;\" aria-level=\"1\"><span style=\"font-weight: 400;\">Enviar not\u00edcias, atualiza\u00e7\u00f5es e outras informa\u00e7\u00f5es relacionadas ao jogo Aviator<\/span><\/li>\n<\/ul>\n<ol start=\"4\">\n<li><b>Prote\u00e7\u00e3o das Informa\u00e7\u00f5es<\/b><\/li>\n<\/ol>\n<p><span style=\"font-weight: 400;\">Tomamos todas as medidas necess\u00e1rias para proteger suas informa\u00e7\u00f5es pessoais contra acesso n\u00e3o autorizado, altera\u00e7\u00e3o, divulga\u00e7\u00e3o ou destrui\u00e7\u00e3o. Usamos m\u00e9todos de criptografia confi\u00e1veis e servidores seguros para armazenar seus dados.<\/span><\/p>\n<ol start=\"5\">\n<li><b>Arquivos de Cookie<\/b><\/li>\n<\/ol>\n<p><span style=\"font-weight: 400;\">Nosso site usa arquivos de cookie para aprimorar sua experi\u00eancia de usu\u00e1rio. Os arquivos de cookie nos ajudam a:<\/span><\/p>\n<ul>\n<li style=\"font-weight: 400;\" aria-level=\"1\"><span style=\"font-weight: 400;\">Analisar o tr\u00e1fego no site<\/span><\/li>\n<li style=\"font-weight: 400;\" aria-level=\"1\"><span style=\"font-weight: 400;\">Lembrar suas prefer\u00eancias e configura\u00e7\u00f5es<\/span><\/li>\n<li style=\"font-weight: 400;\" aria-level=\"1\"><span style=\"font-weight: 400;\">Garantir a seguran\u00e7a<\/span><\/li>\n<\/ul>\n<p><span style=\"font-weight: 400;\">Voc\u00ea pode gerenciar os arquivos de cookie por meio das configura\u00e7\u00f5es do seu navegador.<\/span><\/p>\n<ol start=\"6\">\n<li><b>Transmiss\u00e3o de Dados a Terceiros<\/b><\/li>\n<\/ol>\n<p><span style=\"font-weight: 400;\">N\u00e3o vendemos, trocamos ou transferimos suas informa\u00e7\u00f5es pessoais para terceiros sem seu consentimento, exceto quando necess\u00e1rio para:<\/span><\/p>\n<ul>\n<li style=\"font-weight: 400;\" aria-level=\"1\"><span style=\"font-weight: 400;\">Cumprir leis e requisitos regulat\u00f3rios<\/span><\/li>\n<li style=\"font-weight: 400;\" aria-level=\"1\"><span style=\"font-weight: 400;\">Proteger nossos direitos e propriedades<\/span><\/li>\n<li style=\"font-weight: 400;\" aria-level=\"1\"><span style=\"font-weight: 400;\">Fornecer servi\u00e7os por meio de parceiros confi\u00e1veis que s\u00e3o obrigados a cumprir nossa pol\u00edtica de privacidade<\/span><\/li>\n<\/ul>\n<ol start=\"7\">\n<li><b>Links para Sites de Terceiros<\/b><\/li>\n<\/ol>\n<p><span style=\"font-weight: 400;\">O nosso website pode conter links para websites de terceiros. N\u00e3o somos respons\u00e1veis pela pol\u00edtica de privacidade e conte\u00fado desses sites. Recomendamos que reveja a pol\u00edtica de privacidade de cada site que visita.<\/span><\/p>\n<ol start=\"8\">\n<li><b>Altera\u00e7\u00f5es \u00e0 Pol\u00edtica de Privacidade<\/b><\/li>\n<\/ol>\n<p><span style=\"font-weight: 400;\">Reservamo-nos o direito de atualizar esta Pol\u00edtica de Privacidade a qualquer momento. Iremos notific\u00e1-lo de quaisquer altera\u00e7\u00f5es ao publicar uma nova vers\u00e3o no nosso website. Recomendamos que verifique esta p\u00e1gina regularmente para ficar a par de altera\u00e7\u00f5es.<\/span><\/p>\n<p><span style=\"font-weight: 400;\">Obrigado por escolher o nosso website! Esfor\u00e7amo-nos por garantir a sua privacidade e seguran\u00e7a.<\/span><\/p>\n","protected":false},"excerpt":{"rendered":"<p>Introdu\u00e7\u00e3o Bem-vindo ao nosso site dedicado ao jogo Aviator. Respeitamos sua privacidade e estamos comprometidos em proteger suas informa\u00e7\u00f5es pessoais. Esta Pol\u00edtica de Privacidade explica quais dados coletamos, como os usamos e como garantimos sua seguran\u00e7a. Coleta de Informa\u00e7\u00f5es Informa\u00e7\u00f5es Pessoais Podemos coletar as seguintes informa\u00e7\u00f5es pessoais: Nome e sobrenome Endere\u00e7o de e-mail N\u00famero de&#8230;<\/p>\n","protected":false},"author":1,"featured_media":0,"parent":0,"menu_order":0,"comment_status":"closed","ping_status":"closed","template":"","meta":{"footnotes":""},"class_list":["post-3","page","type-page","status-publish","hentry"],"yoast_head":"<!-- This site is optimized with the Yoast SEO plugin v27.2 - https:\/\/yoast.com\/product\/yoast-seo-wordpress\/ -->\n<title>Politique de confidentialit\u00e9 du site Aviator<\/title>\n<meta name=\"description\" content=\"Pol\u00edtica de Privacidade\" \/>\n<meta name=\"robots\" content=\"index, follow, max-snippet:-1, max-image-preview:large, max-video-preview:-1\" \/>\n<link rel=\"canonical\" href=\"https:\/\/jugar-aviator.co\/pt\/privacy-policy\/\" \/>\n<meta property=\"og:locale\" content=\"pt_PT\" \/>\n<meta property=\"og:locale:alternate\" content=\"ru_RU\" \/>\n<meta property=\"og:locale:alternate\" content=\"en_US\" \/>\n<meta property=\"og:locale:alternate\" content=\"es_ES\" \/>\n<meta property=\"og:locale:alternate\" content=\"fr_FR\" \/>\n<meta property=\"og:locale:alternate\" content=\"de_DE\" \/>\n<meta property=\"og:locale:alternate\" content=\"ro_RO\" \/>\n<meta property=\"og:locale:alternate\" content=\"sr_RS\" \/>\n<meta property=\"og:locale:alternate\" content=\"bg_BG\" \/>\n<meta property=\"og:locale:alternate\" content=\"pl_PL\" \/>\n<meta property=\"og:locale:alternate\" content=\"it_IT\" \/>\n<meta property=\"og:type\" content=\"article\" \/>\n<meta property=\"og:title\" content=\"Politique de confidentialit\u00e9 du site Aviator\" \/>\n<meta property=\"og:description\" content=\"Politique de confidentialit\u00e9\" \/>\n<meta property=\"og:url\" content=\"https:\/\/jugar-aviator.co\/pt\/privacy-policy\/\" \/>\n<meta property=\"og:site_name\" content=\"Aviator\" \/>\n<meta property=\"article:modified_time\" content=\"2024-06-16T01:52:19+00:00\" \/>\n<meta name=\"twitter:card\" content=\"summary_large_image\" \/>\n<meta name=\"twitter:label1\" content=\"Tempo estimado de leitura\" \/>\n\t<meta name=\"twitter:data1\" content=\"15 minutos\" \/>\n<script type=\"application\/ld+json\" class=\"yoast-schema-graph\">{\"@context\":\"https:\/\/schema.org\",\"@graph\":[{\"@type\":\"WebPage\",\"@id\":\"https:\/\/jugar-aviator.co\/fr\/privacy-policy\/\",\"url\":\"https:\/\/jugar-aviator.co\/fr\/privacy-policy\/\",\"name\":\"Politique de confidentialit\u00e9 du site Aviator\",\"isPartOf\":{\"@id\":\"https:\/\/jugar-aviator.co\/#website\"},\"datePublished\":\"2024-05-21T13:10:39+00:00\",\"dateModified\":\"2024-06-16T01:52:19+00:00\",\"description\":\"Politique de confidentialit\u00e9\",\"breadcrumb\":{\"@id\":\"https:\/\/jugar-aviator.co\/fr\/privacy-policy\/#breadcrumb\"},\"inLanguage\":\"pt-PT\",\"potentialAction\":[{\"@type\":\"ReadAction\",\"target\":[\"https:\/\/jugar-aviator.co\/fr\/privacy-policy\/\"]}]},{\"@type\":\"BreadcrumbList\",\"@id\":\"https:\/\/jugar-aviator.co\/fr\/privacy-policy\/#breadcrumb\",\"itemListElement\":[{\"@type\":\"ListItem\",\"position\":1,\"name\":\"Home\",\"item\":\"https:\/\/jugar-aviator.co\/\"},{\"@type\":\"ListItem\",\"position\":2,\"name\":\"Politique de confidentialit\u00e9\"}]},{\"@type\":\"WebSite\",\"@id\":\"https:\/\/jugar-aviator.co\/#website\",\"url\":\"https:\/\/jugar-aviator.co\/\",\"name\":\"Aviator\",\"description\":\"\",\"publisher\":{\"@id\":\"https:\/\/jugar-aviator.co\/#organization\"},\"potentialAction\":[{\"@type\":\"SearchAction\",\"target\":{\"@type\":\"EntryPoint\",\"urlTemplate\":\"https:\/\/jugar-aviator.co\/?s={search_term_string}\"},\"query-input\":{\"@type\":\"PropertyValueSpecification\",\"valueRequired\":true,\"valueName\":\"search_term_string\"}}],\"inLanguage\":\"pt-PT\"},{\"@type\":\"Organization\",\"@id\":\"https:\/\/jugar-aviator.co\/#organization\",\"name\":\"Aviator\",\"url\":\"https:\/\/jugar-aviator.co\/\",\"logo\":{\"@type\":\"ImageObject\",\"inLanguage\":\"pt-PT\",\"@id\":\"https:\/\/jugar-aviator.co\/#\/schema\/logo\/image\/\",\"url\":\"https:\/\/jugar-aviator.co\/wp-content\/uploads\/aviator-game.png\",\"contentUrl\":\"https:\/\/jugar-aviator.co\/wp-content\/uploads\/aviator-game.png\",\"width\":310,\"height\":139,\"caption\":\"Aviator\"},\"image\":{\"@id\":\"https:\/\/jugar-aviator.co\/#\/schema\/logo\/image\/\"}}]}<\/script>\n<!-- \/ Yoast SEO plugin. -->","yoast_head_json":{"title":"Politique de confidentialit\u00e9 du site Aviator","description":"Pol\u00edtica de Privacidade","robots":{"index":"index","follow":"follow","max-snippet":"max-snippet:-1","max-image-preview":"max-image-preview:large","max-video-preview":"max-video-preview:-1"},"canonical":"https:\/\/jugar-aviator.co\/pt\/privacy-policy\/","og_locale":"pt_PT","og_type":"article","og_title":"Politique de confidentialit\u00e9 du site Aviator","og_description":"Politique de confidentialit\u00e9","og_url":"https:\/\/jugar-aviator.co\/pt\/privacy-policy\/","og_site_name":"Aviator","article_modified_time":"2024-06-16T01:52:19+00:00","twitter_card":"summary_large_image","twitter_misc":{"Tempo estimado de leitura":"15 minutos"},"schema":{"@context":"https:\/\/schema.org","@graph":[{"@type":"WebPage","@id":"https:\/\/jugar-aviator.co\/fr\/privacy-policy\/","url":"https:\/\/jugar-aviator.co\/fr\/privacy-policy\/","name":"Politique de confidentialit\u00e9 du site Aviator","isPartOf":{"@id":"https:\/\/jugar-aviator.co\/#website"},"datePublished":"2024-05-21T13:10:39+00:00","dateModified":"2024-06-16T01:52:19+00:00","description":"Politique de confidentialit\u00e9","breadcrumb":{"@id":"https:\/\/jugar-aviator.co\/fr\/privacy-policy\/#breadcrumb"},"inLanguage":"pt-PT","potentialAction":[{"@type":"ReadAction","target":["https:\/\/jugar-aviator.co\/fr\/privacy-policy\/"]}]},{"@type":"BreadcrumbList","@id":"https:\/\/jugar-aviator.co\/fr\/privacy-policy\/#breadcrumb","itemListElement":[{"@type":"ListItem","position":1,"name":"Home","item":"https:\/\/jugar-aviator.co\/"},{"@type":"ListItem","position":2,"name":"Politique de confidentialit\u00e9"}]},{"@type":"WebSite","@id":"https:\/\/jugar-aviator.co\/#website","url":"https:\/\/jugar-aviator.co\/","name":"Aviator","description":"","publisher":{"@id":"https:\/\/jugar-aviator.co\/#organization"},"potentialAction":[{"@type":"SearchAction","target":{"@type":"EntryPoint","urlTemplate":"https:\/\/jugar-aviator.co\/?s={search_term_string}"},"query-input":{"@type":"PropertyValueSpecification","valueRequired":true,"valueName":"search_term_string"}}],"inLanguage":"pt-PT"},{"@type":"Organization","@id":"https:\/\/jugar-aviator.co\/#organization","name":"Aviator","url":"https:\/\/jugar-aviator.co\/","logo":{"@type":"ImageObject","inLanguage":"pt-PT","@id":"https:\/\/jugar-aviator.co\/#\/schema\/logo\/image\/","url":"https:\/\/jugar-aviator.co\/wp-content\/uploads\/aviator-game.png","contentUrl":"https:\/\/jugar-aviator.co\/wp-content\/uploads\/aviator-game.png","width":310,"height":139,"caption":"Aviator"},"image":{"@id":"https:\/\/jugar-aviator.co\/#\/schema\/logo\/image\/"}}]}},"_links":{"self":[{"href":"https:\/\/jugar-aviator.co\/pt\/wp-json\/wp\/v2\/pages\/3","targetHints":{"allow":["GET"]}}],"collection":[{"href":"https:\/\/jugar-aviator.co\/pt\/wp-json\/wp\/v2\/pages"}],"about":[{"href":"https:\/\/jugar-aviator.co\/pt\/wp-json\/wp\/v2\/types\/page"}],"author":[{"embeddable":true,"href":"https:\/\/jugar-aviator.co\/pt\/wp-json\/wp\/v2\/users\/1"}],"replies":[{"embeddable":true,"href":"https:\/\/jugar-aviator.co\/pt\/wp-json\/wp\/v2\/comments?post=3"}],"version-history":[{"count":22,"href":"https:\/\/jugar-aviator.co\/pt\/wp-json\/wp\/v2\/pages\/3\/revisions"}],"predecessor-version":[{"id":224,"href":"https:\/\/jugar-aviator.co\/pt\/wp-json\/wp\/v2\/pages\/3\/revisions\/224"}],"wp:attachment":[{"href":"https:\/\/jugar-aviator.co\/pt\/wp-json\/wp\/v2\/media?parent=3"}],"curies":[{"name":"wp","href":"https:\/\/api.w.org\/{rel}","templated":true}]}}