{"id":8,"date":"2024-05-21T16:16:23","date_gmt":"2024-05-21T13:16:23","guid":{"rendered":"https:\/\/jugar-aviator.co\/?page_id=8"},"modified":"2024-06-16T04:36:02","modified_gmt":"2024-06-16T01:36:02","slug":"aviator-thrilling-game-by-spribe","status":"publish","type":"page","link":"https:\/\/jugar-aviator.co\/pt\/","title":{"rendered":"Aviador &#8211; Jogo Empolgante da Spribe"},"content":{"rendered":"<h2><b>Hist\u00f3ria do Jogo Aviator<\/b><\/h2>\n<p><span style=\"font-weight: 400;\">Aviator \u00e9 um jogo crash inovador desenvolvido pela Spribe. O jogo foi lan\u00e7ado em 2019 e, desde ent\u00e3o, ganhou imensa popularidade entre os jogadores de todo o mundo. Aviator oferece uma experi\u00eancia de jogo \u00fanica, onde adrenalina combina com regras simples e alta rentabilidade potencial. Este jogo rapidamente conquistou os cora\u00e7\u00f5es dos usu\u00e1rios devido \u00e0 sua din\u00e2mica e \u00e0 oportunidade de ganhar grandes somas.<\/span><\/p>\n<h2><b>Est\u00fadio Spribe<\/b><\/h2>\n<p><span style=\"font-weight: 400;\">Spribe \u00e9 um desenvolvedor l\u00edder de jogos online inovadores. Fundada em 2018, a empresa se especializa na cria\u00e7\u00e3o de jogos de pr\u00f3xima gera\u00e7\u00e3o que combinam elementos de estrat\u00e9gia e sorte. A equipe da Spribe \u00e9 composta por profissionais experientes em desenvolvimento de jogos, permitindo-lhes produzir produtos de alta qualidade. Aviator \u00e9 uma das cria\u00e7\u00f5es mais renomadas da Spribe, demonstrando seu compromisso com a inova\u00e7\u00e3o e a satisfa\u00e7\u00e3o das necessidades dos jogadores.<\/span><\/p>\n<h2><b>Regras do Jogo Aviator<\/b><\/h2>\n<p><span style=\"font-weight: 400;\">As regras de Aviator s\u00e3o simples. O jogo come\u00e7a com a decolagem de um avi\u00e3o, que sobe em altura. Sua tarefa \u00e9 escolher o momento certo para parar, quando voc\u00ea acredita que o multiplicador atingiu o pico. Quanto mais alto o avi\u00e3o sobe, maior se torna o multiplicador, aumentando os ganhos potenciais. No entanto, se voc\u00ea n\u00e3o parar a tempo e o avi\u00e3o voar embora, voc\u00ea perde a aposta. A chave \u00e9 escolher o momento ideal para parar, tornando o jogo emocionante e imprevis\u00edvel.<\/span><\/p>\n<h2><b>\u00c9 poss\u00edvel jogar Aviator gratuitamente?<\/b><\/h2>\n<p><span style=\"font-weight: 400;\">Sim, voc\u00ea pode jogar Aviator gratuitamente. Muitos cassinos online e plataformas de jogos oferecem uma vers\u00e3o demo deste jogo. Esta \u00e9 uma \u00f3tima oportunidade para os iniciantes se familiarizarem com a jogabilidade e desenvolverem sua pr\u00f3pria estrat\u00e9gia sem arriscar dinheiro. O jogo gratuito permite explorar todas as caracter\u00edsticas do Aviator e se preparar para apostas reais.<\/span><\/p>\n<h2><b>5 Perguntas Mais Frequentes sobre o Jogo Aviator<\/b><\/h2>\n<ol>\n<li style=\"font-weight: 400;\" aria-level=\"1\"><b>Como come\u00e7ar a jogar Aviator?<\/b><span style=\"font-weight: 400;\"> Registre-se em uma plataforma que oferece o jogo Aviator, financie sua conta e fa\u00e7a sua primeira aposta.<\/span><\/li>\n<li style=\"font-weight: 400;\" aria-level=\"1\"><b>Qual \u00e9 a aposta m\u00ednima no Aviator?<\/b><span style=\"font-weight: 400;\"> A aposta m\u00ednima pode variar dependendo da plataforma, mas geralmente come\u00e7a com pequenas quantias, como $1 ou o equivalente em outra moeda.<\/span><\/li>\n<li style=\"font-weight: 400;\" aria-level=\"1\"><b>\u00c9 poss\u00edvel ganhar dinheiro real no Aviator?<\/b><span style=\"font-weight: 400;\"> Sim, voc\u00ea pode ganhar dinheiro real no Aviator se jogar com apostas reais e parar o multiplicador a tempo.<\/span><\/li>\n<li style=\"font-weight: 400;\" aria-level=\"1\"><b>Existem estrat\u00e9gias para ganhar no Aviator?<\/b><span style=\"font-weight: 400;\"> Embora o Aviator seja baseado na sorte, alguns jogadores desenvolvem suas estrat\u00e9gias com base na an\u00e1lise de jogos e multiplicadores anteriores.<\/span><\/li>\n<li style=\"font-weight: 400;\" aria-level=\"1\"><b>\u00c9 seguro jogar Aviator?<\/b><span style=\"font-weight: 400;\"> Sim, se voc\u00ea jogar em plataformas licenciadas e verificadas. A Spribe e as plataformas parceiras aderem aos padr\u00f5es de seguran\u00e7a e justi\u00e7a.<\/span><\/li>\n<\/ol>\n<h2><b>5 Avalia\u00e7\u00f5es sobre o Jogo Aviator<\/b><\/h2>\n<ol>\n<li style=\"font-weight: 400;\" aria-level=\"1\"><b>Aleksei P, 23 anos:<\/b><span style=\"font-weight: 400;\"> &#8220;Aviator \u00e9 simplesmente incr\u00edvel! Um jogo simples, mas emocionante, no qual ganhei v\u00e1rias grandes somas. Recomendo a todos que experimentem!&#8221;<\/span><\/li>\n<li style=\"font-weight: 400;\" aria-level=\"1\"><b>Maria K, 29 anos:<\/b><span style=\"font-weight: 400;\"> &#8220;Estou jogando Aviator h\u00e1 alguns meses. \u00c9 uma \u00f3tima maneira de passar o tempo e testar a sorte. A vers\u00e3o gratuita me ajudou a entender o jogo.&#8221;<\/span><\/li>\n<li style=\"font-weight: 400;\" aria-level=\"1\"><b>Dmitri S, 34 anos:<\/b><span style=\"font-weight: 400;\"> &#8220;O jogo atrai com sua din\u00e2mica e simplicidade. \u00c9 sempre emocionante adivinhar quando parar. \u00c9 uma verdadeira joia entre os jogos crash.&#8221;<\/span><\/li>\n<li style=\"font-weight: 400;\" aria-level=\"1\"><b>Ekaterina L, 37 anos:<\/b><span style=\"font-weight: 400;\"> &#8220;Obrigado, Spribe, por este jogo! Aviator se tornou meu passatempo favorito. Gosto especialmente da op\u00e7\u00e3o de jogar gratuitamente e praticar.&#8221;<\/span><\/li>\n<li style=\"font-weight: 400;\" aria-level=\"1\"><b>Ivan G, 28 anos:<\/b><span style=\"font-weight: 400;\"> &#8220;Aviator \u00e9 um jogo \u00fanico cheio de adrenalina e emo\u00e7\u00e3o. \u00d3timos gr\u00e1ficos e a chance de ganhar dinheiro real. Estou muito satisfeito!&#8221;<\/span><\/li>\n<\/ol>\n<p><span style=\"font-weight: 400;\">Bem-vindo ao mundo de Aviator! Tente sua sorte e habilidades neste emocionante jogo da Spribe.<\/span><\/p>\n","protected":false},"excerpt":{"rendered":"<p>Hist\u00f3ria do Jogo Aviator Aviator \u00e9 um jogo crash inovador desenvolvido pela Spribe. O jogo foi lan\u00e7ado em 2019 e, desde ent\u00e3o, ganhou imensa popularidade entre os jogadores de todo o mundo. Aviator oferece uma experi\u00eancia de jogo \u00fanica, onde adrenalina combina com regras simples e alta rentabilidade potencial. Este jogo rapidamente conquistou os cora\u00e7\u00f5es&#8230;<\/p>\n","protected":false},"author":1,"featured_media":0,"parent":0,"menu_order":0,"comment_status":"closed","ping_status":"closed","template":"","meta":{"footnotes":""},"class_list":["post-8","page","type-page","status-publish","hentry"],"yoast_head":"<!-- This site is optimized with the Yoast SEO plugin v27.2 - https:\/\/yoast.com\/product\/yoast-seo-wordpress\/ -->\n<title>\u041a\u0440\u0430\u0448 \u0438\u0433\u0440\u0430 \u0410\u0432\u0438\u0430\u0442\u043e\u0440 \u043e\u0442 \u0441\u0442\u0443\u0434\u0438\u0438 Spribe<\/title>\n<meta name=\"description\" content=\"Jogue o jogo online Aviator gratuitamente e por dinheiro real. Regras do jogo, mec\u00e2nica, baixe o aplicativo, perguntas frequentes sobre o jogo. Jogue e ganhe agora.\" \/>\n<meta name=\"robots\" content=\"index, follow, max-snippet:-1, max-image-preview:large, max-video-preview:-1\" \/>\n<link rel=\"canonical\" href=\"https:\/\/jugar-aviator.co\/pt\/\" \/>\n<meta property=\"og:locale\" content=\"pt_PT\" \/>\n<meta property=\"og:locale:alternate\" content=\"ru_RU\" \/>\n<meta property=\"og:locale:alternate\" content=\"en_US\" \/>\n<meta property=\"og:locale:alternate\" content=\"es_ES\" \/>\n<meta property=\"og:locale:alternate\" content=\"fr_FR\" \/>\n<meta property=\"og:locale:alternate\" content=\"de_DE\" \/>\n<meta property=\"og:locale:alternate\" content=\"ro_RO\" \/>\n<meta property=\"og:locale:alternate\" content=\"sr_RS\" \/>\n<meta property=\"og:locale:alternate\" content=\"bg_BG\" \/>\n<meta property=\"og:locale:alternate\" content=\"pl_PL\" \/>\n<meta property=\"og:locale:alternate\" content=\"it_IT\" \/>\n<meta property=\"og:type\" content=\"article\" \/>\n<meta property=\"og:title\" content=\"\u041a\u0440\u0430\u0448 \u0438\u0433\u0440\u0430 \u0410\u0432\u0438\u0430\u0442\u043e\u0440 \u043e\u0442 \u0441\u0442\u0443\u0434\u0438\u0438 Spribe\" \/>\n<meta property=\"og:description\" content=\"\u0418\u0433\u0440\u0430\u0442\u044c \u0432 \u043e\u043d\u043b\u0430\u0439\u043d \u0438\u0433\u0440\u0443 \u0410\u0432\u0438\u0430\u0442\u043e\u0440 \u0431\u0435\u0441\u043f\u043b\u0430\u0442\u043d\u043e \u0438 \u043d\u0430 \u0434\u0435\u043d\u044c\u0433\u0438. \u041f\u0440\u0430\u0432\u0438\u043b\u0430 \u0438\u0433\u0440\u044b, \u043c\u0435\u0445\u0430\u043d\u0438\u043a\u0430, \u0441\u043a\u0430\u0447\u0430\u0442\u044c \u043f\u0440\u0438\u043b\u043e\u0436\u0435\u043d\u0438\u0435, \u0447\u0430\u0441\u0442\u043e \u0437\u0430\u0434\u0430\u0432\u0430\u0435\u043c\u044b\u0435 \u0432\u043e\u043f\u0440\u043e\u0441\u044b \u043e\u0431 \u0438\u0433\u0440\u0435. \u0418\u0433\u0440\u0430\u0442\u044c \u0438 \u043f\u043e\u0431\u0435\u0436\u0434\u0430\u0442\u044c \u0441\u0435\u0439\u0447\u0430\u0441\" \/>\n<meta property=\"og:url\" content=\"https:\/\/jugar-aviator.co\/pt\/\" \/>\n<meta property=\"og:site_name\" content=\"Aviator\" \/>\n<meta property=\"article:modified_time\" content=\"2024-06-16T01:36:02+00:00\" \/>\n<meta name=\"twitter:card\" content=\"summary_large_image\" \/>\n<meta name=\"twitter:label1\" content=\"Tempo estimado de leitura\" \/>\n\t<meta name=\"twitter:data1\" content=\"25 minutos\" \/>\n<script type=\"application\/ld+json\" class=\"yoast-schema-graph\">{\"@context\":\"https:\/\/schema.org\",\"@graph\":[{\"@type\":\"WebPage\",\"@id\":\"https:\/\/jugar-aviator.co\/\",\"url\":\"https:\/\/jugar-aviator.co\/\",\"name\":\"\u041a\u0440\u0430\u0448 \u0438\u0433\u0440\u0430 \u0410\u0432\u0438\u0430\u0442\u043e\u0440 \u043e\u0442 \u0441\u0442\u0443\u0434\u0438\u0438 Spribe\",\"isPartOf\":{\"@id\":\"https:\/\/jugar-aviator.co\/#website\"},\"datePublished\":\"2024-05-21T13:16:23+00:00\",\"dateModified\":\"2024-06-16T01:36:02+00:00\",\"description\":\"\u0418\u0433\u0440\u0430\u0442\u044c \u0432 \u043e\u043d\u043b\u0430\u0439\u043d \u0438\u0433\u0440\u0443 \u0410\u0432\u0438\u0430\u0442\u043e\u0440 \u0431\u0435\u0441\u043f\u043b\u0430\u0442\u043d\u043e \u0438 \u043d\u0430 \u0434\u0435\u043d\u044c\u0433\u0438. \u041f\u0440\u0430\u0432\u0438\u043b\u0430 \u0438\u0433\u0440\u044b, \u043c\u0435\u0445\u0430\u043d\u0438\u043a\u0430, \u0441\u043a\u0430\u0447\u0430\u0442\u044c \u043f\u0440\u0438\u043b\u043e\u0436\u0435\u043d\u0438\u0435, \u0447\u0430\u0441\u0442\u043e \u0437\u0430\u0434\u0430\u0432\u0430\u0435\u043c\u044b\u0435 \u0432\u043e\u043f\u0440\u043e\u0441\u044b \u043e\u0431 \u0438\u0433\u0440\u0435. \u0418\u0433\u0440\u0430\u0442\u044c \u0438 \u043f\u043e\u0431\u0435\u0436\u0434\u0430\u0442\u044c \u0441\u0435\u0439\u0447\u0430\u0441\",\"breadcrumb\":{\"@id\":\"https:\/\/jugar-aviator.co\/#breadcrumb\"},\"inLanguage\":\"pt-PT\",\"potentialAction\":[{\"@type\":\"ReadAction\",\"target\":[\"https:\/\/jugar-aviator.co\/\"]}]},{\"@type\":\"BreadcrumbList\",\"@id\":\"https:\/\/jugar-aviator.co\/#breadcrumb\",\"itemListElement\":[{\"@type\":\"ListItem\",\"position\":1,\"name\":\"Home\",\"item\":\"https:\/\/jugar-aviator.co\/\"},{\"@type\":\"ListItem\",\"position\":2,\"name\":\"\u0410\u0432\u0438\u0430\u0442\u043e\u0440 \u2014 \u0417\u0430\u0445\u0432\u0430\u0442\u044b\u0432\u0430\u044e\u0449\u0430\u044f \u0418\u0433\u0440\u0430 \u043e\u0442 Spribe\"}]},{\"@type\":\"WebSite\",\"@id\":\"https:\/\/jugar-aviator.co\/#website\",\"url\":\"https:\/\/jugar-aviator.co\/\",\"name\":\"Aviator\",\"description\":\"\",\"publisher\":{\"@id\":\"https:\/\/jugar-aviator.co\/#organization\"},\"potentialAction\":[{\"@type\":\"SearchAction\",\"target\":{\"@type\":\"EntryPoint\",\"urlTemplate\":\"https:\/\/jugar-aviator.co\/?s={search_term_string}\"},\"query-input\":{\"@type\":\"PropertyValueSpecification\",\"valueRequired\":true,\"valueName\":\"search_term_string\"}}],\"inLanguage\":\"pt-PT\"},{\"@type\":\"Organization\",\"@id\":\"https:\/\/jugar-aviator.co\/#organization\",\"name\":\"Aviator\",\"url\":\"https:\/\/jugar-aviator.co\/\",\"logo\":{\"@type\":\"ImageObject\",\"inLanguage\":\"pt-PT\",\"@id\":\"https:\/\/jugar-aviator.co\/#\/schema\/logo\/image\/\",\"url\":\"https:\/\/jugar-aviator.co\/wp-content\/uploads\/aviator-game.png\",\"contentUrl\":\"https:\/\/jugar-aviator.co\/wp-content\/uploads\/aviator-game.png\",\"width\":310,\"height\":139,\"caption\":\"Aviator\"},\"image\":{\"@id\":\"https:\/\/jugar-aviator.co\/#\/schema\/logo\/image\/\"}}]}<\/script>\n<!-- \/ Yoast SEO plugin. -->","yoast_head_json":{"title":"\u041a\u0440\u0430\u0448 \u0438\u0433\u0440\u0430 \u0410\u0432\u0438\u0430\u0442\u043e\u0440 \u043e\u0442 \u0441\u0442\u0443\u0434\u0438\u0438 Spribe","description":"Jogue o jogo online Aviator gratuitamente e por dinheiro real. Regras do jogo, mec\u00e2nica, baixe o aplicativo, perguntas frequentes sobre o jogo. Jogue e ganhe agora.","robots":{"index":"index","follow":"follow","max-snippet":"max-snippet:-1","max-image-preview":"max-image-preview:large","max-video-preview":"max-video-preview:-1"},"canonical":"https:\/\/jugar-aviator.co\/pt\/","og_locale":"pt_PT","og_type":"article","og_title":"\u041a\u0440\u0430\u0448 \u0438\u0433\u0440\u0430 \u0410\u0432\u0438\u0430\u0442\u043e\u0440 \u043e\u0442 \u0441\u0442\u0443\u0434\u0438\u0438 Spribe","og_description":"\u0418\u0433\u0440\u0430\u0442\u044c \u0432 \u043e\u043d\u043b\u0430\u0439\u043d \u0438\u0433\u0440\u0443 \u0410\u0432\u0438\u0430\u0442\u043e\u0440 \u0431\u0435\u0441\u043f\u043b\u0430\u0442\u043d\u043e \u0438 \u043d\u0430 \u0434\u0435\u043d\u044c\u0433\u0438. \u041f\u0440\u0430\u0432\u0438\u043b\u0430 \u0438\u0433\u0440\u044b, \u043c\u0435\u0445\u0430\u043d\u0438\u043a\u0430, \u0441\u043a\u0430\u0447\u0430\u0442\u044c \u043f\u0440\u0438\u043b\u043e\u0436\u0435\u043d\u0438\u0435, \u0447\u0430\u0441\u0442\u043e \u0437\u0430\u0434\u0430\u0432\u0430\u0435\u043c\u044b\u0435 \u0432\u043e\u043f\u0440\u043e\u0441\u044b \u043e\u0431 \u0438\u0433\u0440\u0435. \u0418\u0433\u0440\u0430\u0442\u044c \u0438 \u043f\u043e\u0431\u0435\u0436\u0434\u0430\u0442\u044c \u0441\u0435\u0439\u0447\u0430\u0441","og_url":"https:\/\/jugar-aviator.co\/pt\/","og_site_name":"Aviator","article_modified_time":"2024-06-16T01:36:02+00:00","twitter_card":"summary_large_image","twitter_misc":{"Tempo estimado de leitura":"25 minutos"},"schema":{"@context":"https:\/\/schema.org","@graph":[{"@type":"WebPage","@id":"https:\/\/jugar-aviator.co\/","url":"https:\/\/jugar-aviator.co\/","name":"\u041a\u0440\u0430\u0448 \u0438\u0433\u0440\u0430 \u0410\u0432\u0438\u0430\u0442\u043e\u0440 \u043e\u0442 \u0441\u0442\u0443\u0434\u0438\u0438 Spribe","isPartOf":{"@id":"https:\/\/jugar-aviator.co\/#website"},"datePublished":"2024-05-21T13:16:23+00:00","dateModified":"2024-06-16T01:36:02+00:00","description":"\u0418\u0433\u0440\u0430\u0442\u044c \u0432 \u043e\u043d\u043b\u0430\u0439\u043d \u0438\u0433\u0440\u0443 \u0410\u0432\u0438\u0430\u0442\u043e\u0440 \u0431\u0435\u0441\u043f\u043b\u0430\u0442\u043d\u043e \u0438 \u043d\u0430 \u0434\u0435\u043d\u044c\u0433\u0438. \u041f\u0440\u0430\u0432\u0438\u043b\u0430 \u0438\u0433\u0440\u044b, \u043c\u0435\u0445\u0430\u043d\u0438\u043a\u0430, \u0441\u043a\u0430\u0447\u0430\u0442\u044c \u043f\u0440\u0438\u043b\u043e\u0436\u0435\u043d\u0438\u0435, \u0447\u0430\u0441\u0442\u043e \u0437\u0430\u0434\u0430\u0432\u0430\u0435\u043c\u044b\u0435 \u0432\u043e\u043f\u0440\u043e\u0441\u044b \u043e\u0431 \u0438\u0433\u0440\u0435. \u0418\u0433\u0440\u0430\u0442\u044c \u0438 \u043f\u043e\u0431\u0435\u0436\u0434\u0430\u0442\u044c \u0441\u0435\u0439\u0447\u0430\u0441","breadcrumb":{"@id":"https:\/\/jugar-aviator.co\/#breadcrumb"},"inLanguage":"pt-PT","potentialAction":[{"@type":"ReadAction","target":["https:\/\/jugar-aviator.co\/"]}]},{"@type":"BreadcrumbList","@id":"https:\/\/jugar-aviator.co\/#breadcrumb","itemListElement":[{"@type":"ListItem","position":1,"name":"Home","item":"https:\/\/jugar-aviator.co\/"},{"@type":"ListItem","position":2,"name":"\u0410\u0432\u0438\u0430\u0442\u043e\u0440 \u2014 \u0417\u0430\u0445\u0432\u0430\u0442\u044b\u0432\u0430\u044e\u0449\u0430\u044f \u0418\u0433\u0440\u0430 \u043e\u0442 Spribe"}]},{"@type":"WebSite","@id":"https:\/\/jugar-aviator.co\/#website","url":"https:\/\/jugar-aviator.co\/","name":"Aviator","description":"","publisher":{"@id":"https:\/\/jugar-aviator.co\/#organization"},"potentialAction":[{"@type":"SearchAction","target":{"@type":"EntryPoint","urlTemplate":"https:\/\/jugar-aviator.co\/?s={search_term_string}"},"query-input":{"@type":"PropertyValueSpecification","valueRequired":true,"valueName":"search_term_string"}}],"inLanguage":"pt-PT"},{"@type":"Organization","@id":"https:\/\/jugar-aviator.co\/#organization","name":"Aviator","url":"https:\/\/jugar-aviator.co\/","logo":{"@type":"ImageObject","inLanguage":"pt-PT","@id":"https:\/\/jugar-aviator.co\/#\/schema\/logo\/image\/","url":"https:\/\/jugar-aviator.co\/wp-content\/uploads\/aviator-game.png","contentUrl":"https:\/\/jugar-aviator.co\/wp-content\/uploads\/aviator-game.png","width":310,"height":139,"caption":"Aviator"},"image":{"@id":"https:\/\/jugar-aviator.co\/#\/schema\/logo\/image\/"}}]}},"_links":{"self":[{"href":"https:\/\/jugar-aviator.co\/pt\/wp-json\/wp\/v2\/pages\/8","targetHints":{"allow":["GET"]}}],"collection":[{"href":"https:\/\/jugar-aviator.co\/pt\/wp-json\/wp\/v2\/pages"}],"about":[{"href":"https:\/\/jugar-aviator.co\/pt\/wp-json\/wp\/v2\/types\/page"}],"author":[{"embeddable":true,"href":"https:\/\/jugar-aviator.co\/pt\/wp-json\/wp\/v2\/users\/1"}],"replies":[{"embeddable":true,"href":"https:\/\/jugar-aviator.co\/pt\/wp-json\/wp\/v2\/comments?post=8"}],"version-history":[{"count":22,"href":"https:\/\/jugar-aviator.co\/pt\/wp-json\/wp\/v2\/pages\/8\/revisions"}],"predecessor-version":[{"id":228,"href":"https:\/\/jugar-aviator.co\/pt\/wp-json\/wp\/v2\/pages\/8\/revisions\/228"}],"wp:attachment":[{"href":"https:\/\/jugar-aviator.co\/pt\/wp-json\/wp\/v2\/media?parent=8"}],"curies":[{"name":"wp","href":"https:\/\/api.w.org\/{rel}","templated":true}]}}