{"id":17,"date":"2024-05-21T16:33:35","date_gmt":"2024-05-21T13:33:35","guid":{"rendered":"https:\/\/jugar-aviator.co\/?page_id=17"},"modified":"2024-06-16T04:57:39","modified_gmt":"2024-06-16T01:57:39","slug":"predicting-the-outcome-of-aviator","status":"publish","type":"page","link":"https:\/\/jugar-aviator.co\/ro\/predicting-the-outcome-of-aviator\/","title":{"rendered":"Cum s\u0103 prezici rezultatul \u00een Aviator"},"content":{"rendered":"<p><span style=\"font-weight: 400;\">Jocul Aviator de la Spribe a c\u00e2\u0219tigat popularitate datorit\u0103 dinamismului \u0219i simplit\u0103\u021bii sale. Juc\u0103torii \u00eencearc\u0103 s\u0103 prezic\u0103 cel mai bun coeficient la care s\u0103 se opreasc\u0103 pentru a maximiza c\u00e2\u0219tigurile. Totu\u0219i, prezicerea rezultatului unei runde \u00een Aviator nu este u\u0219oar\u0103, deoarece jocul se bazeaz\u0103 pe \u00eent\u00e2mplare \u0219i un generator de numere aleatorii. Cu toate acestea, juc\u0103torii experimenta\u021bi folosesc diverse metode \u0219i strategii pentru a-\u0219i cre\u0219te \u0219ansele de succes. S\u0103 analiz\u0103m 5 moduri care pot ajuta la prezicerea rezultatului unei runde \u00een Aviator.<\/span><\/p>\n<ol>\n<li>\n<h2><b>Analiza Rundelor Anterioare<\/b><\/h2>\n<\/li>\n<\/ol>\n<p><span style=\"font-weight: 400;\">Un mod de a \u00eencerca s\u0103 prezici rezultatul unei runde este s\u0103 analizezi jocurile anterioare. Juc\u0103torii pot \u021bine statistici ale coeficien\u021bilor \u0219i pot \u00eencerca s\u0103 identifice tipare. Dac\u0103 coeficien\u021bii au fost mici \u00een ultimele c\u00e2teva runde, un coeficient mare ar putea ap\u0103rea \u00een cur\u00e2nd. Totu\u0219i, este important s\u0103 re\u021binem c\u0103 jocul este aleatoriu \u0219i rezultatele anterioare nu garanteaz\u0103 succesul viitor.<\/span><br \/>\n<b>Exemplu:<\/b><\/p>\n<ul>\n<li style=\"font-weight: 400;\" aria-level=\"1\"><span style=\"font-weight: 400;\">\u021aine o eviden\u021b\u0103 a coeficien\u021bilor pentru ultimele 50 de runde.<\/span><\/li>\n<li style=\"font-weight: 400;\" aria-level=\"1\"><span style=\"font-weight: 400;\">Determin\u0103 dac\u0103 au existat perioade \u00een care coeficien\u021bii au fost mai mari sau mai mici dec\u00e2t media.<\/span><\/li>\n<li style=\"font-weight: 400;\" aria-level=\"1\"><span style=\"font-weight: 400;\">Folose\u0219te aceste date pentru a lua decizii \u00een rundele urm\u0103toare.<\/span><\/li>\n<\/ul>\n<ol start=\"2\">\n<li>\n<h2><b>Utilizarea Modelor Matematice<\/b><\/h2>\n<\/li>\n<\/ol>\n<p><span style=\"font-weight: 400;\">Unii juc\u0103tori aplic\u0103 modele matematice \u0219i metode statistice pentru a analiza rezultatele jocului. Aceasta poate include utilizarea calculelor probabilistice, analizei matematice \u0219i teoriei probabilit\u0103\u021bilor. Aceste modele ajut\u0103 la crearea unei strategii de pariere care poate fi mai de succes pe termen lung.<\/span><br \/>\n<b>Exemplu:<\/b><\/p>\n<ul>\n<li style=\"font-weight: 400;\" aria-level=\"1\"><span style=\"font-weight: 400;\">Dezvolt\u0103 un model bazat pe teoria probabilit\u0103\u021bilor, \u021bin\u00e2nd cont de frecven\u021ba coeficien\u021bilor mari \u0219i mici.<\/span><\/li>\n<li style=\"font-weight: 400;\" aria-level=\"1\"><span style=\"font-weight: 400;\">Aplic\u0103 acest model \u00een jocurile reale pentru a determina momentele optime de oprire.<\/span><\/li>\n<\/ul>\n<ol start=\"3\">\n<li>\n<h2><b>Citirea Tiparelor Comportamentale<\/b><\/h2>\n<\/li>\n<\/ol>\n<p><span style=\"font-weight: 400;\">Juc\u0103torii experimenta\u021bi sus\u021bin c\u0103 pot prezice rezultatele pe baza tiparelor comportamentale ale jocului. Aceasta include analizarea intervalelor de timp dintre coeficien\u021bii mari \u0219i \u00eencercarea de a prinde &#8222;dispozi\u021bia&#8221; jocului. De\u0219i aceast\u0103 metod\u0103 nu este \u0219tiin\u021bific\u0103, unii juc\u0103tori o g\u0103sesc util\u0103.<\/span><br \/>\n<b>Exemplu:<\/b><\/p>\n<ul>\n<li style=\"font-weight: 400;\" aria-level=\"1\"><span style=\"font-weight: 400;\">Observ\u0103 jocul pentru c\u00e2teva ore pentru a nota eventualele tipare recurente.<\/span><\/li>\n<li style=\"font-weight: 400;\" aria-level=\"1\"><span style=\"font-weight: 400;\">Bazeaz\u0103 deciziile viitoare pe aceste observa\u021bii.<\/span><\/li>\n<\/ul>\n<ol start=\"4\">\n<li>\n<h2><b>Utilizarea Software-ului<\/b><\/h2>\n<\/li>\n<\/ol>\n<p><span style=\"font-weight: 400;\">Exist\u0103 programe speciale \u0219i bo\u021bi care ajut\u0103 la analizarea rezultatelor jocului \u0219i la plasarea pariurilor. Aceste programe folosesc algoritmi pentru a analiza datele \u0219i pot oferi recomand\u0103ri de pariere. Totu\u0219i, este important s\u0103 re\u021binem c\u0103 utilizarea unor astfel de programe poate fi interzis\u0103 de regulile cazinoului, iar utilizarea lor ar trebui s\u0103 fie coordonat\u0103 cu administra\u021bia site-ului.<\/span><br \/>\n<b>Exemplu:<\/b><\/p>\n<ul>\n<li style=\"font-weight: 400;\" aria-level=\"1\"><span style=\"font-weight: 400;\">Instaleaz\u0103 \u0219i configureaz\u0103 programul pentru a analiza coeficien\u021bii.<\/span><\/li>\n<li style=\"font-weight: 400;\" aria-level=\"1\"><span style=\"font-weight: 400;\">Urmeaz\u0103 recomand\u0103rile programului, dar fii \u00eentotdeauna preg\u0103tit s\u0103 iei propriile decizii.<\/span><\/li>\n<\/ul>\n<ol start=\"5\">\n<li>\n<h2><b>Intui\u021bie \u0219i Experien\u021b\u0103<\/b><\/h2>\n<\/li>\n<\/ol>\n<p><span style=\"font-weight: 400;\">Intui\u021bia joac\u0103 un rol important \u00een jocul Aviator. Juc\u0103torii experimenta\u021bi se bazeaz\u0103 adesea pe intui\u021bia lor \u0219i pe experien\u021ba acumulat\u0103 \u00een timp. Pe m\u0103sur\u0103 ce timpul trece, juc\u0103torii pot \u00een\u021belege mai bine c\u00e2nd s\u0103 se opreasc\u0103 \u0219i s\u0103 \u00ee\u0219i ia c\u00e2\u0219tigurile, baz\u00e2ndu-se pe sentimentele \u0219i ghicirile lor intuitive.<\/span><br \/>\n<b>Exemplu:<\/b><\/p>\n<ul>\n<li style=\"font-weight: 400;\" aria-level=\"1\"><span style=\"font-weight: 400;\">Joac\u0103 regulat \u0219i analizeaz\u0103 succesele \u0219i e\u0219ecurile tale.<\/span><\/li>\n<li style=\"font-weight: 400;\" aria-level=\"1\"><span style=\"font-weight: 400;\">Ai \u00eencredere \u00een intui\u021bia ta, mai ales dac\u0103 este sus\u021binut\u0103 de experien\u021b\u0103 \u0219i observa\u021bii.<\/span><\/li>\n<\/ul>\n<p><span style=\"font-weight: 400;\">De\u0219i este imposibil s\u0103 prezici cu exactitate rezultatul unei runde \u00een Aviator, utilizarea diverselor metode \u0219i strategii poate ajuta la cre\u0219terea \u0219anselor de succes. Analizarea rundelor anterioare, modelele matematice, citirea tiparelor comportamentale, utilizarea software-ului \u0219i \u00eencrederea \u00een intui\u021bie \u2014 toate aceste metode pot deveni parte a strategiei tale de joc. Este important s\u0103 re\u021binem c\u0103 Aviator este un joc de noroc, iar scopul principal ar trebui s\u0103 fie bucuria procesului de joc.<\/span><\/p>\n","protected":false},"excerpt":{"rendered":"<p>Jocul Aviator de la Spribe a c\u00e2\u0219tigat popularitate datorit\u0103 dinamismului \u0219i simplit\u0103\u021bii sale. Juc\u0103torii \u00eencearc\u0103 s\u0103 prezic\u0103 cel mai bun coeficient la care s\u0103 se opreasc\u0103 pentru a maximiza c\u00e2\u0219tigurile. Totu\u0219i, prezicerea rezultatului unei runde \u00een Aviator nu este u\u0219oar\u0103, deoarece jocul se bazeaz\u0103 pe \u00eent\u00e2mplare \u0219i un generator de numere aleatorii. Cu toate acestea,&#8230;<\/p>\n","protected":false},"author":1,"featured_media":0,"parent":0,"menu_order":0,"comment_status":"closed","ping_status":"closed","template":"","meta":{"footnotes":""},"class_list":["post-17","page","type-page","status-publish","hentry"],"yoast_head":"<!-- This site is optimized with the Yoast SEO plugin v27.2 - https:\/\/yoast.com\/product\/yoast-seo-wordpress\/ -->\n<title>\u041f\u0440\u0435\u0434\u0441\u043a\u0430\u0437\u0430\u0442\u044c \u0440\u0435\u0437\u0443\u043b\u044c\u0442\u0430\u0442 \u0440\u0430\u0443\u043d\u0434\u043e\u0432 \u043a\u0440\u0430\u0448 \u0438\u0433\u0440\u044b \u0410\u0432\u0438\u0430\u0442\u043e\u0440<\/title>\n<meta name=\"description\" content=\"Cum s\u0103 prezici rezultatele jocului Aviator. Toate metodele de prezicere a jocului Aviator. Plasarea pariurilor conform previziunilor \u00een jocul Aviator.\" \/>\n<meta name=\"robots\" content=\"index, follow, max-snippet:-1, max-image-preview:large, max-video-preview:-1\" \/>\n<link rel=\"canonical\" href=\"https:\/\/jugar-aviator.co\/ro\/predicting-the-outcome-of-aviator\/\" \/>\n<meta property=\"og:locale\" content=\"ro_RO\" \/>\n<meta property=\"og:locale:alternate\" content=\"ru_RU\" \/>\n<meta property=\"og:locale:alternate\" content=\"en_US\" \/>\n<meta property=\"og:locale:alternate\" content=\"pt_PT\" \/>\n<meta property=\"og:locale:alternate\" content=\"es_ES\" \/>\n<meta property=\"og:locale:alternate\" content=\"fr_FR\" \/>\n<meta property=\"og:locale:alternate\" content=\"de_DE\" \/>\n<meta property=\"og:locale:alternate\" content=\"sr_RS\" \/>\n<meta property=\"og:locale:alternate\" content=\"bg_BG\" \/>\n<meta property=\"og:locale:alternate\" content=\"pl_PL\" \/>\n<meta property=\"og:locale:alternate\" content=\"it_IT\" \/>\n<meta property=\"og:type\" content=\"article\" \/>\n<meta property=\"og:title\" content=\"\u041f\u0440\u0435\u0434\u0441\u043a\u0430\u0437\u0430\u0442\u044c \u0440\u0435\u0437\u0443\u043b\u044c\u0442\u0430\u0442 \u0440\u0430\u0443\u043d\u0434\u043e\u0432 \u043a\u0440\u0430\u0448 \u0438\u0433\u0440\u044b \u0410\u0432\u0438\u0430\u0442\u043e\u0440\" \/>\n<meta property=\"og:description\" content=\"\u041a\u0430\u043a \u043f\u0440\u0435\u0434\u0441\u043a\u0430\u0437\u0430\u0442\u044c \u0440\u0435\u0437\u0443\u043b\u044c\u0442\u0430\u0442\u044b \u0410\u0432\u0438\u0430\u0442\u043e\u0440\u0430. \u0412\u0441\u0435 \u0441\u043f\u043e\u0441\u043e\u0431\u044b \u043f\u0440\u0435\u0434\u0441\u043a\u0430\u0437\u0430\u043d\u0438\u044f \u0438\u0433\u0440\u044b \u0410\u0432\u0438\u0430\u0442\u043e\u0440. \u0414\u0435\u043b\u0430\u0442\u044c \u0441\u0442\u0430\u0432\u043a\u0443 \u0441\u043e\u0433\u043b\u0430\u0441\u043d\u043e \u043f\u0440\u0435\u0434\u0441\u043a\u0430\u0437\u0430\u043d\u0438\u044f\u043c \u0432 \u0438\u0433\u0440\u0435 \u0410\u0432\u0438\u0430\u0442\u043e\u0440.\" \/>\n<meta property=\"og:url\" content=\"https:\/\/jugar-aviator.co\/ro\/predicting-the-outcome-of-aviator\/\" \/>\n<meta property=\"og:site_name\" content=\"Aviator\" \/>\n<meta property=\"article:modified_time\" content=\"2024-06-16T01:57:39+00:00\" \/>\n<meta name=\"twitter:card\" content=\"summary_large_image\" \/>\n<meta name=\"twitter:label1\" content=\"Timp estimat pentru citire\" \/>\n\t<meta name=\"twitter:data1\" content=\"24 de minute\" \/>\n<script type=\"application\/ld+json\" class=\"yoast-schema-graph\">{\"@context\":\"https:\/\/schema.org\",\"@graph\":[{\"@type\":\"WebPage\",\"@id\":\"https:\/\/jugar-aviator.co\/predicting-the-outcome-of-aviator\/\",\"url\":\"https:\/\/jugar-aviator.co\/predicting-the-outcome-of-aviator\/\",\"name\":\"\u041f\u0440\u0435\u0434\u0441\u043a\u0430\u0437\u0430\u0442\u044c \u0440\u0435\u0437\u0443\u043b\u044c\u0442\u0430\u0442 \u0440\u0430\u0443\u043d\u0434\u043e\u0432 \u043a\u0440\u0430\u0448 \u0438\u0433\u0440\u044b \u0410\u0432\u0438\u0430\u0442\u043e\u0440\",\"isPartOf\":{\"@id\":\"https:\/\/jugar-aviator.co\/#website\"},\"datePublished\":\"2024-05-21T13:33:35+00:00\",\"dateModified\":\"2024-06-16T01:57:39+00:00\",\"description\":\"\u041a\u0430\u043a \u043f\u0440\u0435\u0434\u0441\u043a\u0430\u0437\u0430\u0442\u044c \u0440\u0435\u0437\u0443\u043b\u044c\u0442\u0430\u0442\u044b \u0410\u0432\u0438\u0430\u0442\u043e\u0440\u0430. \u0412\u0441\u0435 \u0441\u043f\u043e\u0441\u043e\u0431\u044b \u043f\u0440\u0435\u0434\u0441\u043a\u0430\u0437\u0430\u043d\u0438\u044f \u0438\u0433\u0440\u044b \u0410\u0432\u0438\u0430\u0442\u043e\u0440. \u0414\u0435\u043b\u0430\u0442\u044c \u0441\u0442\u0430\u0432\u043a\u0443 \u0441\u043e\u0433\u043b\u0430\u0441\u043d\u043e \u043f\u0440\u0435\u0434\u0441\u043a\u0430\u0437\u0430\u043d\u0438\u044f\u043c \u0432 \u0438\u0433\u0440\u0435 \u0410\u0432\u0438\u0430\u0442\u043e\u0440.\",\"breadcrumb\":{\"@id\":\"https:\/\/jugar-aviator.co\/predicting-the-outcome-of-aviator\/#breadcrumb\"},\"inLanguage\":\"ro-RO\",\"potentialAction\":[{\"@type\":\"ReadAction\",\"target\":[\"https:\/\/jugar-aviator.co\/predicting-the-outcome-of-aviator\/\"]}]},{\"@type\":\"BreadcrumbList\",\"@id\":\"https:\/\/jugar-aviator.co\/predicting-the-outcome-of-aviator\/#breadcrumb\",\"itemListElement\":[{\"@type\":\"ListItem\",\"position\":1,\"name\":\"Home\",\"item\":\"https:\/\/jugar-aviator.co\/\"},{\"@type\":\"ListItem\",\"position\":2,\"name\":\"\u041f\u0440\u0435\u0434\u0441\u043a\u0430\u0437\u0430\u0442\u044c \u0440\u0435\u0437\u0443\u043b\u044c\u0442\u0430\u0442 \u0410\u0432\u0438\u0430\u0442\u043e\u0440\u0430\"}]},{\"@type\":\"WebSite\",\"@id\":\"https:\/\/jugar-aviator.co\/#website\",\"url\":\"https:\/\/jugar-aviator.co\/\",\"name\":\"Aviator\",\"description\":\"\",\"publisher\":{\"@id\":\"https:\/\/jugar-aviator.co\/#organization\"},\"potentialAction\":[{\"@type\":\"SearchAction\",\"target\":{\"@type\":\"EntryPoint\",\"urlTemplate\":\"https:\/\/jugar-aviator.co\/?s={search_term_string}\"},\"query-input\":{\"@type\":\"PropertyValueSpecification\",\"valueRequired\":true,\"valueName\":\"search_term_string\"}}],\"inLanguage\":\"ro-RO\"},{\"@type\":\"Organization\",\"@id\":\"https:\/\/jugar-aviator.co\/#organization\",\"name\":\"Aviator\",\"url\":\"https:\/\/jugar-aviator.co\/\",\"logo\":{\"@type\":\"ImageObject\",\"inLanguage\":\"ro-RO\",\"@id\":\"https:\/\/jugar-aviator.co\/#\/schema\/logo\/image\/\",\"url\":\"https:\/\/jugar-aviator.co\/wp-content\/uploads\/aviator-game.png\",\"contentUrl\":\"https:\/\/jugar-aviator.co\/wp-content\/uploads\/aviator-game.png\",\"width\":310,\"height\":139,\"caption\":\"Aviator\"},\"image\":{\"@id\":\"https:\/\/jugar-aviator.co\/#\/schema\/logo\/image\/\"}}]}<\/script>\n<!-- \/ Yoast SEO plugin. -->","yoast_head_json":{"title":"\u041f\u0440\u0435\u0434\u0441\u043a\u0430\u0437\u0430\u0442\u044c \u0440\u0435\u0437\u0443\u043b\u044c\u0442\u0430\u0442 \u0440\u0430\u0443\u043d\u0434\u043e\u0432 \u043a\u0440\u0430\u0448 \u0438\u0433\u0440\u044b \u0410\u0432\u0438\u0430\u0442\u043e\u0440","description":"Cum s\u0103 prezici rezultatele jocului Aviator. Toate metodele de prezicere a jocului Aviator. Plasarea pariurilor conform previziunilor \u00een jocul Aviator.","robots":{"index":"index","follow":"follow","max-snippet":"max-snippet:-1","max-image-preview":"max-image-preview:large","max-video-preview":"max-video-preview:-1"},"canonical":"https:\/\/jugar-aviator.co\/ro\/predicting-the-outcome-of-aviator\/","og_locale":"ro_RO","og_type":"article","og_title":"\u041f\u0440\u0435\u0434\u0441\u043a\u0430\u0437\u0430\u0442\u044c \u0440\u0435\u0437\u0443\u043b\u044c\u0442\u0430\u0442 \u0440\u0430\u0443\u043d\u0434\u043e\u0432 \u043a\u0440\u0430\u0448 \u0438\u0433\u0440\u044b \u0410\u0432\u0438\u0430\u0442\u043e\u0440","og_description":"\u041a\u0430\u043a \u043f\u0440\u0435\u0434\u0441\u043a\u0430\u0437\u0430\u0442\u044c \u0440\u0435\u0437\u0443\u043b\u044c\u0442\u0430\u0442\u044b \u0410\u0432\u0438\u0430\u0442\u043e\u0440\u0430. \u0412\u0441\u0435 \u0441\u043f\u043e\u0441\u043e\u0431\u044b \u043f\u0440\u0435\u0434\u0441\u043a\u0430\u0437\u0430\u043d\u0438\u044f \u0438\u0433\u0440\u044b \u0410\u0432\u0438\u0430\u0442\u043e\u0440. \u0414\u0435\u043b\u0430\u0442\u044c \u0441\u0442\u0430\u0432\u043a\u0443 \u0441\u043e\u0433\u043b\u0430\u0441\u043d\u043e \u043f\u0440\u0435\u0434\u0441\u043a\u0430\u0437\u0430\u043d\u0438\u044f\u043c \u0432 \u0438\u0433\u0440\u0435 \u0410\u0432\u0438\u0430\u0442\u043e\u0440.","og_url":"https:\/\/jugar-aviator.co\/ro\/predicting-the-outcome-of-aviator\/","og_site_name":"Aviator","article_modified_time":"2024-06-16T01:57:39+00:00","twitter_card":"summary_large_image","twitter_misc":{"Timp estimat pentru citire":"24 de minute"},"schema":{"@context":"https:\/\/schema.org","@graph":[{"@type":"WebPage","@id":"https:\/\/jugar-aviator.co\/predicting-the-outcome-of-aviator\/","url":"https:\/\/jugar-aviator.co\/predicting-the-outcome-of-aviator\/","name":"\u041f\u0440\u0435\u0434\u0441\u043a\u0430\u0437\u0430\u0442\u044c \u0440\u0435\u0437\u0443\u043b\u044c\u0442\u0430\u0442 \u0440\u0430\u0443\u043d\u0434\u043e\u0432 \u043a\u0440\u0430\u0448 \u0438\u0433\u0440\u044b \u0410\u0432\u0438\u0430\u0442\u043e\u0440","isPartOf":{"@id":"https:\/\/jugar-aviator.co\/#website"},"datePublished":"2024-05-21T13:33:35+00:00","dateModified":"2024-06-16T01:57:39+00:00","description":"\u041a\u0430\u043a \u043f\u0440\u0435\u0434\u0441\u043a\u0430\u0437\u0430\u0442\u044c \u0440\u0435\u0437\u0443\u043b\u044c\u0442\u0430\u0442\u044b \u0410\u0432\u0438\u0430\u0442\u043e\u0440\u0430. \u0412\u0441\u0435 \u0441\u043f\u043e\u0441\u043e\u0431\u044b \u043f\u0440\u0435\u0434\u0441\u043a\u0430\u0437\u0430\u043d\u0438\u044f \u0438\u0433\u0440\u044b \u0410\u0432\u0438\u0430\u0442\u043e\u0440. \u0414\u0435\u043b\u0430\u0442\u044c \u0441\u0442\u0430\u0432\u043a\u0443 \u0441\u043e\u0433\u043b\u0430\u0441\u043d\u043e \u043f\u0440\u0435\u0434\u0441\u043a\u0430\u0437\u0430\u043d\u0438\u044f\u043c \u0432 \u0438\u0433\u0440\u0435 \u0410\u0432\u0438\u0430\u0442\u043e\u0440.","breadcrumb":{"@id":"https:\/\/jugar-aviator.co\/predicting-the-outcome-of-aviator\/#breadcrumb"},"inLanguage":"ro-RO","potentialAction":[{"@type":"ReadAction","target":["https:\/\/jugar-aviator.co\/predicting-the-outcome-of-aviator\/"]}]},{"@type":"BreadcrumbList","@id":"https:\/\/jugar-aviator.co\/predicting-the-outcome-of-aviator\/#breadcrumb","itemListElement":[{"@type":"ListItem","position":1,"name":"Home","item":"https:\/\/jugar-aviator.co\/"},{"@type":"ListItem","position":2,"name":"\u041f\u0440\u0435\u0434\u0441\u043a\u0430\u0437\u0430\u0442\u044c \u0440\u0435\u0437\u0443\u043b\u044c\u0442\u0430\u0442 \u0410\u0432\u0438\u0430\u0442\u043e\u0440\u0430"}]},{"@type":"WebSite","@id":"https:\/\/jugar-aviator.co\/#website","url":"https:\/\/jugar-aviator.co\/","name":"Aviator","description":"","publisher":{"@id":"https:\/\/jugar-aviator.co\/#organization"},"potentialAction":[{"@type":"SearchAction","target":{"@type":"EntryPoint","urlTemplate":"https:\/\/jugar-aviator.co\/?s={search_term_string}"},"query-input":{"@type":"PropertyValueSpecification","valueRequired":true,"valueName":"search_term_string"}}],"inLanguage":"ro-RO"},{"@type":"Organization","@id":"https:\/\/jugar-aviator.co\/#organization","name":"Aviator","url":"https:\/\/jugar-aviator.co\/","logo":{"@type":"ImageObject","inLanguage":"ro-RO","@id":"https:\/\/jugar-aviator.co\/#\/schema\/logo\/image\/","url":"https:\/\/jugar-aviator.co\/wp-content\/uploads\/aviator-game.png","contentUrl":"https:\/\/jugar-aviator.co\/wp-content\/uploads\/aviator-game.png","width":310,"height":139,"caption":"Aviator"},"image":{"@id":"https:\/\/jugar-aviator.co\/#\/schema\/logo\/image\/"}}]}},"_links":{"self":[{"href":"https:\/\/jugar-aviator.co\/ro\/wp-json\/wp\/v2\/pages\/17","targetHints":{"allow":["GET"]}}],"collection":[{"href":"https:\/\/jugar-aviator.co\/ro\/wp-json\/wp\/v2\/pages"}],"about":[{"href":"https:\/\/jugar-aviator.co\/ro\/wp-json\/wp\/v2\/types\/page"}],"author":[{"embeddable":true,"href":"https:\/\/jugar-aviator.co\/ro\/wp-json\/wp\/v2\/users\/1"}],"replies":[{"embeddable":true,"href":"https:\/\/jugar-aviator.co\/ro\/wp-json\/wp\/v2\/comments?post=17"}],"version-history":[{"count":22,"href":"https:\/\/jugar-aviator.co\/ro\/wp-json\/wp\/v2\/pages\/17\/revisions"}],"predecessor-version":[{"id":225,"href":"https:\/\/jugar-aviator.co\/ro\/wp-json\/wp\/v2\/pages\/17\/revisions\/225"}],"wp:attachment":[{"href":"https:\/\/jugar-aviator.co\/ro\/wp-json\/wp\/v2\/media?parent=17"}],"curies":[{"name":"wp","href":"https:\/\/api.w.org\/{rel}","templated":true}]}}