{"id":22,"date":"2024-05-21T16:43:37","date_gmt":"2024-05-21T13:43:37","guid":{"rendered":"https:\/\/jugar-aviator.co\/?page_id=22"},"modified":"2024-06-16T04:45:43","modified_gmt":"2024-06-16T01:45:43","slug":"about-aviator-website","status":"publish","type":"page","link":"https:\/\/jugar-aviator.co\/ro\/about-aviator-website\/","title":{"rendered":"Despre site-ul Aviator"},"content":{"rendered":"<p><span style=\"font-weight: 400;\">Bun venit pe site-ul nostru dedicat jocului Aviator! Scopul nostru principal este s\u0103 facem aventura ta de joc \u0219i mai bun\u0103 \u0219i mai interesant\u0103. Ne str\u0103duim s\u0103-\u021bi oferim toate resursele necesare pentru a te bucura pe deplin de joc.<\/span><\/p>\n<h2><b>Misiunea Noastr\u0103<\/b><\/h2>\n<p><span style=\"font-weight: 400;\">Am creat acest site pentru a reuni toate informa\u021biile importante despre jocul Aviator. Aici vei g\u0103si:<\/span><\/p>\n<ul>\n<li style=\"font-weight: 400;\" aria-level=\"1\"><span style=\"font-weight: 400;\">Ghiduri detaliate \u0219i sfaturi pentru joc<\/span><\/li>\n<li style=\"font-weight: 400;\" aria-level=\"1\"><span style=\"font-weight: 400;\">Recenzii ale diverselor strategii \u0219i tactici<\/span><\/li>\n<li style=\"font-weight: 400;\" aria-level=\"1\"><span style=\"font-weight: 400;\">R\u0103spunsuri la \u00eentreb\u0103ri frecvente<\/span><\/li>\n<li style=\"font-weight: 400;\" aria-level=\"1\"><span style=\"font-weight: 400;\">Ultimele nout\u0103\u021bi \u0219i actualiz\u0103ri<\/span><\/li>\n<\/ul>\n<h2><b>Comunitatea Juc\u0103torilor<\/b><\/h2>\n<p><span style=\"font-weight: 400;\">De asemenea, dorim s\u0103 cre\u0103m o comunitate activ\u0103 de juc\u0103tori unde po\u021bi \u00eemp\u0103rt\u0103\u0219i impresiile, experien\u021bele \u0219i strategiile tale. Feedback-ul \u0219i sugestiile tale ne vor ajuta s\u0103 \u00eembun\u0103t\u0103\u021bim site-ul \u0219i s\u0103-\u021bi oferim \u0219i mai multe informa\u021bii utile.<\/span><\/p>\n<h2><b>De ce s\u0103 ne Alegi pe Noi?<\/b><\/h2>\n<p><span style=\"font-weight: 400;\">Site-ul nostru este o surs\u0103 de \u00eencredere de informa\u021bii despre jocul Aviator. Actualiz\u0103m con\u021binutul regulat pentru ca tu s\u0103 fii mereu la curent cu ultimele nout\u0103\u021bi \u0219i schimb\u0103ri din joc. Ne str\u0103duim s\u0103 facem experien\u021ba ta de joc c\u00e2t mai confortabil\u0103 \u0219i interesant\u0103.<\/span><br \/>\n<span style=\"font-weight: 400;\">Al\u0103tur\u0103-te comunit\u0103\u021bii noastre \u0219i s\u0103 facem \u00eempreun\u0103 jocul Aviator \u0219i mai bun!<\/span><\/p>\n","protected":false},"excerpt":{"rendered":"<p>Bun venit pe site-ul nostru dedicat jocului Aviator! Scopul nostru principal este s\u0103 facem aventura ta de joc \u0219i mai bun\u0103 \u0219i mai interesant\u0103. Ne str\u0103duim s\u0103-\u021bi oferim toate resursele necesare pentru a te bucura pe deplin de joc. Misiunea Noastr\u0103 Am creat acest site pentru a reuni toate informa\u021biile importante despre jocul Aviator. Aici&#8230;<\/p>\n","protected":false},"author":1,"featured_media":0,"parent":0,"menu_order":0,"comment_status":"closed","ping_status":"closed","template":"","meta":{"footnotes":""},"class_list":["post-22","page","type-page","status-publish","hentry"],"yoast_head":"<!-- This site is optimized with the Yoast SEO plugin v27.2 - https:\/\/yoast.com\/product\/yoast-seo-wordpress\/ -->\n<title>\u041e \u0441\u0430\u0439\u0442\u0435 \u0410\u0432\u0438\u0430\u0442\u043e\u0440<\/title>\n<meta name=\"description\" content=\"Am adunat cele mai bune informa\u021bii despre jocul Aviator. Bine a\u021bi venit pe site-ul Aviator.\" \/>\n<meta name=\"robots\" content=\"index, follow, max-snippet:-1, max-image-preview:large, max-video-preview:-1\" \/>\n<link rel=\"canonical\" href=\"https:\/\/jugar-aviator.co\/ro\/about-aviator-website\/\" \/>\n<meta property=\"og:locale\" content=\"ro_RO\" \/>\n<meta property=\"og:locale:alternate\" content=\"ru_RU\" \/>\n<meta property=\"og:locale:alternate\" content=\"en_US\" \/>\n<meta property=\"og:locale:alternate\" content=\"pt_PT\" \/>\n<meta property=\"og:locale:alternate\" content=\"es_ES\" \/>\n<meta property=\"og:locale:alternate\" content=\"fr_FR\" \/>\n<meta property=\"og:locale:alternate\" content=\"de_DE\" \/>\n<meta property=\"og:locale:alternate\" content=\"sr_RS\" \/>\n<meta property=\"og:locale:alternate\" content=\"bg_BG\" \/>\n<meta property=\"og:locale:alternate\" content=\"pl_PL\" \/>\n<meta property=\"og:locale:alternate\" content=\"it_IT\" \/>\n<meta property=\"og:type\" content=\"article\" \/>\n<meta property=\"og:title\" content=\"\u041e \u0441\u0430\u0439\u0442\u0435 \u0410\u0432\u0438\u0430\u0442\u043e\u0440\" \/>\n<meta property=\"og:description\" content=\"\u041c\u044b \u0441\u043e\u0431\u0440\u0430\u043b\u0438 \u0441\u0430\u043c\u0443\u044e \u043b\u0443\u0447\u0448\u0443\u044e \u0438\u043d\u0444\u043e\u0440\u043c\u0430\u0446\u0438\u044e \u043e\u0431 \u0438\u0433\u0440\u0435 \u0410\u0432\u0438\u0430\u0442\u043e\u0440. \u0414\u043e\u0431\u0440\u043e \u043f\u043e\u0436\u0430\u043b\u043e\u0432\u0430\u0442\u044c \u043d\u0430 \u0441\u0430\u0439\u0442 \u043e\u0431 \u0410\u0432\u0438\u0430\u0442\u043e\u0440\u0435\" \/>\n<meta property=\"og:url\" content=\"https:\/\/jugar-aviator.co\/ro\/about-aviator-website\/\" \/>\n<meta property=\"og:site_name\" content=\"Aviator\" \/>\n<meta property=\"article:modified_time\" content=\"2024-06-16T01:45:43+00:00\" \/>\n<meta name=\"twitter:card\" content=\"summary_large_image\" \/>\n<meta name=\"twitter:label1\" content=\"Timp estimat pentru citire\" \/>\n\t<meta name=\"twitter:data1\" content=\"8 minute\" \/>\n<script type=\"application\/ld+json\" class=\"yoast-schema-graph\">{\"@context\":\"https:\/\/schema.org\",\"@graph\":[{\"@type\":\"WebPage\",\"@id\":\"https:\/\/jugar-aviator.co\/about-aviator-website\/\",\"url\":\"https:\/\/jugar-aviator.co\/about-aviator-website\/\",\"name\":\"\u041e \u0441\u0430\u0439\u0442\u0435 \u0410\u0432\u0438\u0430\u0442\u043e\u0440\",\"isPartOf\":{\"@id\":\"https:\/\/jugar-aviator.co\/#website\"},\"datePublished\":\"2024-05-21T13:43:37+00:00\",\"dateModified\":\"2024-06-16T01:45:43+00:00\",\"description\":\"\u041c\u044b \u0441\u043e\u0431\u0440\u0430\u043b\u0438 \u0441\u0430\u043c\u0443\u044e \u043b\u0443\u0447\u0448\u0443\u044e \u0438\u043d\u0444\u043e\u0440\u043c\u0430\u0446\u0438\u044e \u043e\u0431 \u0438\u0433\u0440\u0435 \u0410\u0432\u0438\u0430\u0442\u043e\u0440. \u0414\u043e\u0431\u0440\u043e \u043f\u043e\u0436\u0430\u043b\u043e\u0432\u0430\u0442\u044c \u043d\u0430 \u0441\u0430\u0439\u0442 \u043e\u0431 \u0410\u0432\u0438\u0430\u0442\u043e\u0440\u0435\",\"breadcrumb\":{\"@id\":\"https:\/\/jugar-aviator.co\/about-aviator-website\/#breadcrumb\"},\"inLanguage\":\"ro-RO\",\"potentialAction\":[{\"@type\":\"ReadAction\",\"target\":[\"https:\/\/jugar-aviator.co\/about-aviator-website\/\"]}]},{\"@type\":\"BreadcrumbList\",\"@id\":\"https:\/\/jugar-aviator.co\/about-aviator-website\/#breadcrumb\",\"itemListElement\":[{\"@type\":\"ListItem\",\"position\":1,\"name\":\"Home\",\"item\":\"https:\/\/jugar-aviator.co\/\"},{\"@type\":\"ListItem\",\"position\":2,\"name\":\"\u041e \u0441\u0430\u0439\u0442\u0435 \u0410\u0432\u0438\u0430\u0442\u043e\u0440\"}]},{\"@type\":\"WebSite\",\"@id\":\"https:\/\/jugar-aviator.co\/#website\",\"url\":\"https:\/\/jugar-aviator.co\/\",\"name\":\"Aviator\",\"description\":\"\",\"publisher\":{\"@id\":\"https:\/\/jugar-aviator.co\/#organization\"},\"potentialAction\":[{\"@type\":\"SearchAction\",\"target\":{\"@type\":\"EntryPoint\",\"urlTemplate\":\"https:\/\/jugar-aviator.co\/?s={search_term_string}\"},\"query-input\":{\"@type\":\"PropertyValueSpecification\",\"valueRequired\":true,\"valueName\":\"search_term_string\"}}],\"inLanguage\":\"ro-RO\"},{\"@type\":\"Organization\",\"@id\":\"https:\/\/jugar-aviator.co\/#organization\",\"name\":\"Aviator\",\"url\":\"https:\/\/jugar-aviator.co\/\",\"logo\":{\"@type\":\"ImageObject\",\"inLanguage\":\"ro-RO\",\"@id\":\"https:\/\/jugar-aviator.co\/#\/schema\/logo\/image\/\",\"url\":\"https:\/\/jugar-aviator.co\/wp-content\/uploads\/aviator-game.png\",\"contentUrl\":\"https:\/\/jugar-aviator.co\/wp-content\/uploads\/aviator-game.png\",\"width\":310,\"height\":139,\"caption\":\"Aviator\"},\"image\":{\"@id\":\"https:\/\/jugar-aviator.co\/#\/schema\/logo\/image\/\"}}]}<\/script>\n<!-- \/ Yoast SEO plugin. -->","yoast_head_json":{"title":"\u041e \u0441\u0430\u0439\u0442\u0435 \u0410\u0432\u0438\u0430\u0442\u043e\u0440","description":"Am adunat cele mai bune informa\u021bii despre jocul Aviator. Bine a\u021bi venit pe site-ul Aviator.","robots":{"index":"index","follow":"follow","max-snippet":"max-snippet:-1","max-image-preview":"max-image-preview:large","max-video-preview":"max-video-preview:-1"},"canonical":"https:\/\/jugar-aviator.co\/ro\/about-aviator-website\/","og_locale":"ro_RO","og_type":"article","og_title":"\u041e \u0441\u0430\u0439\u0442\u0435 \u0410\u0432\u0438\u0430\u0442\u043e\u0440","og_description":"\u041c\u044b \u0441\u043e\u0431\u0440\u0430\u043b\u0438 \u0441\u0430\u043c\u0443\u044e \u043b\u0443\u0447\u0448\u0443\u044e \u0438\u043d\u0444\u043e\u0440\u043c\u0430\u0446\u0438\u044e \u043e\u0431 \u0438\u0433\u0440\u0435 \u0410\u0432\u0438\u0430\u0442\u043e\u0440. \u0414\u043e\u0431\u0440\u043e \u043f\u043e\u0436\u0430\u043b\u043e\u0432\u0430\u0442\u044c \u043d\u0430 \u0441\u0430\u0439\u0442 \u043e\u0431 \u0410\u0432\u0438\u0430\u0442\u043e\u0440\u0435","og_url":"https:\/\/jugar-aviator.co\/ro\/about-aviator-website\/","og_site_name":"Aviator","article_modified_time":"2024-06-16T01:45:43+00:00","twitter_card":"summary_large_image","twitter_misc":{"Timp estimat pentru citire":"8 minute"},"schema":{"@context":"https:\/\/schema.org","@graph":[{"@type":"WebPage","@id":"https:\/\/jugar-aviator.co\/about-aviator-website\/","url":"https:\/\/jugar-aviator.co\/about-aviator-website\/","name":"\u041e \u0441\u0430\u0439\u0442\u0435 \u0410\u0432\u0438\u0430\u0442\u043e\u0440","isPartOf":{"@id":"https:\/\/jugar-aviator.co\/#website"},"datePublished":"2024-05-21T13:43:37+00:00","dateModified":"2024-06-16T01:45:43+00:00","description":"\u041c\u044b \u0441\u043e\u0431\u0440\u0430\u043b\u0438 \u0441\u0430\u043c\u0443\u044e \u043b\u0443\u0447\u0448\u0443\u044e \u0438\u043d\u0444\u043e\u0440\u043c\u0430\u0446\u0438\u044e \u043e\u0431 \u0438\u0433\u0440\u0435 \u0410\u0432\u0438\u0430\u0442\u043e\u0440. \u0414\u043e\u0431\u0440\u043e \u043f\u043e\u0436\u0430\u043b\u043e\u0432\u0430\u0442\u044c \u043d\u0430 \u0441\u0430\u0439\u0442 \u043e\u0431 \u0410\u0432\u0438\u0430\u0442\u043e\u0440\u0435","breadcrumb":{"@id":"https:\/\/jugar-aviator.co\/about-aviator-website\/#breadcrumb"},"inLanguage":"ro-RO","potentialAction":[{"@type":"ReadAction","target":["https:\/\/jugar-aviator.co\/about-aviator-website\/"]}]},{"@type":"BreadcrumbList","@id":"https:\/\/jugar-aviator.co\/about-aviator-website\/#breadcrumb","itemListElement":[{"@type":"ListItem","position":1,"name":"Home","item":"https:\/\/jugar-aviator.co\/"},{"@type":"ListItem","position":2,"name":"\u041e \u0441\u0430\u0439\u0442\u0435 \u0410\u0432\u0438\u0430\u0442\u043e\u0440"}]},{"@type":"WebSite","@id":"https:\/\/jugar-aviator.co\/#website","url":"https:\/\/jugar-aviator.co\/","name":"Aviator","description":"","publisher":{"@id":"https:\/\/jugar-aviator.co\/#organization"},"potentialAction":[{"@type":"SearchAction","target":{"@type":"EntryPoint","urlTemplate":"https:\/\/jugar-aviator.co\/?s={search_term_string}"},"query-input":{"@type":"PropertyValueSpecification","valueRequired":true,"valueName":"search_term_string"}}],"inLanguage":"ro-RO"},{"@type":"Organization","@id":"https:\/\/jugar-aviator.co\/#organization","name":"Aviator","url":"https:\/\/jugar-aviator.co\/","logo":{"@type":"ImageObject","inLanguage":"ro-RO","@id":"https:\/\/jugar-aviator.co\/#\/schema\/logo\/image\/","url":"https:\/\/jugar-aviator.co\/wp-content\/uploads\/aviator-game.png","contentUrl":"https:\/\/jugar-aviator.co\/wp-content\/uploads\/aviator-game.png","width":310,"height":139,"caption":"Aviator"},"image":{"@id":"https:\/\/jugar-aviator.co\/#\/schema\/logo\/image\/"}}]}},"_links":{"self":[{"href":"https:\/\/jugar-aviator.co\/ro\/wp-json\/wp\/v2\/pages\/22","targetHints":{"allow":["GET"]}}],"collection":[{"href":"https:\/\/jugar-aviator.co\/ro\/wp-json\/wp\/v2\/pages"}],"about":[{"href":"https:\/\/jugar-aviator.co\/ro\/wp-json\/wp\/v2\/types\/page"}],"author":[{"embeddable":true,"href":"https:\/\/jugar-aviator.co\/ro\/wp-json\/wp\/v2\/users\/1"}],"replies":[{"embeddable":true,"href":"https:\/\/jugar-aviator.co\/ro\/wp-json\/wp\/v2\/comments?post=22"}],"version-history":[{"count":24,"href":"https:\/\/jugar-aviator.co\/ro\/wp-json\/wp\/v2\/pages\/22\/revisions"}],"predecessor-version":[{"id":43,"href":"https:\/\/jugar-aviator.co\/ro\/wp-json\/wp\/v2\/pages\/22\/revisions\/43"}],"wp:attachment":[{"href":"https:\/\/jugar-aviator.co\/ro\/wp-json\/wp\/v2\/media?parent=22"}],"curies":[{"name":"wp","href":"https:\/\/api.w.org\/{rel}","templated":true}]}}